{"id":184,"date":"2021-05-19T10:12:18","date_gmt":"2021-05-19T10:12:18","guid":{"rendered":"https:\/\/ws168.juntadeandalucia.es\/iaap\/codigo-conducta-tic\/?page_id=184"},"modified":"2026-04-15T11:31:03","modified_gmt":"2026-04-15T11:31:03","slug":"objetivo-ambito-aplicacion","status":"publish","type":"page","link":"https:\/\/ws168.juntadeandalucia.es\/iaap\/codigo-conducta-tic\/objetivo-ambito-aplicacion\/","title":{"rendered":"<!--Objeto y \u00e1mbito de aplicaci\u00f3n-->"},"content":{"rendered":"<h2>C\u00f3digo de Conducta<\/h2>\n<p>I. Objetivo y \u00e1mbito de aplicaci\u00f3n<\/p>\n<p><a>1. Objeto<\/a><\/p>\n<p><strong>1.1.<\/strong> Facilitar el uso adecuado de las tecnolog\u00edas de la informaci\u00f3n y la comunicaci\u00f3n (TIC) por los profesionales p\u00fablicos.<\/p>\n<p><strong>1.2.<\/strong> Asegurar la protecci\u00f3n de los derechos de la ciudadan\u00eda, de los profesionales p\u00fablicos de la Administraci\u00f3n de la Junta de Andaluc\u00eda y de la propia Junta de Andaluc\u00eda.<\/p>\n<p><strong>1.3.<\/strong> Mejorar los servicios que la Administraci\u00f3n de la Junta de Andaluc\u00eda presta a la ciudadan\u00eda.<\/p>\n<p><strong>1.4.<\/strong> Propiciar la seguridad de la informaci\u00f3n y de los sistemas frente a riesgos o actuaciones no adecuadas.<\/p>\n<p><strong>1.5.<\/strong> Fomentar el adecuado desarrollo de la sociedad de la informaci\u00f3n y facilitar el gobierno abierto<\/p>\n<p><a>2. Definiciones<\/a><\/p>\n<p><strong>2.1.<\/strong> A los efectos previstos en este C\u00f3digo de Conducta, las definiciones, palabras, expresiones, y t\u00e9rminos han de ser entendidos en el sentido indicado en la normativa de protecci\u00f3n de datos personales, la normativa en materia de procedimiento administrativo com\u00fan y la normativa de seguridad de las tecnolog\u00edas de la informaci\u00f3n y la comunicaci\u00f3n.<\/p>\n<p><strong>2.2.<\/strong> Por equipamiento TIC del puesto de trabajo se entienden todos los recursos que la Administraci\u00f3n haya puesto a disposici\u00f3n del profesional para el desempe\u00f1o de su trabajo (incluyendo ordenadores de sobremesa, pantallas, teclados, ratones, redes\u00a0de comunicaciones, port\u00e1tiles, tabletas, tel\u00e9fonos, impresoras y esc\u00e1neres \u2013ya sean dedicados en exclusiva o compartidos\u2013) as\u00ed como el software que est\u00e9 instalado en ellos (sistema operativo, navegador, paquete ofim\u00e1tico, utilidades como antivirus, lector de pdf, compresores, software de impresi\u00f3n, editor de texto y gr\u00e1ficos, etc).<\/p>\n<p><strong>2.3.<\/strong> Un tratamiento de datos personales es \u00abcualquier operaci\u00f3n o conjunto de operaciones realizadas sobre datos personales o conjuntos de datos personales, ya sea por procedimientos automatizados o no, como la recogida, registro, organizaci\u00f3n, estructuraci\u00f3n, conservaci\u00f3n, adaptaci\u00f3n o modificaci\u00f3n, extracci\u00f3n, consulta, utilizaci\u00f3n, comunicaci\u00f3n por transmisi\u00f3n, difusi\u00f3n o cualquier otra forma de habilitaci\u00f3n de acceso, cotejo o interconexi\u00f3n, limitaci\u00f3n, supresi\u00f3n o destrucci\u00f3n\u00bb.<\/p>\n<p><a>3. \u00c1mbito de aplicaci\u00f3n<\/a><\/p>\n<p><strong>3.1.<\/strong> El presente C\u00f3digo de Conducta resultar\u00e1 de aplicaci\u00f3n a todo el personal de la Administraci\u00f3n de la Junta de Andaluc\u00eda, entendida \u00e9sta como el conjunto de \u00f3rganos administrativos, unidades administrativas y servicios administrativos con gesti\u00f3n diferenciada de cada una de las Consejer\u00edas, Agencias Administrativas y Agencias de R\u00e9gimen Especial, incluyendo al personal no judicial al servicio de la Administraci\u00f3n de Justicia de la competencia de la Comunidad Aut\u00f3noma de Andaluc\u00eda. Asimismo, se considera incluido el personal de otras entidades instrumentales contempladas en el T\u00edtulo III de la Ley 9\/2007, de 22 de octubre, de la Administraci\u00f3n de la Junta de Andaluc\u00eda, cuando utilicen sistemas de informaci\u00f3n, equipamiento TIC y\/o redes de comunicaci\u00f3n propiedad o bajo supervisi\u00f3n de la Administraci\u00f3n de la Junta de Andaluc\u00eda.<\/p>\n<p><b>3.2.<\/b> En el \u00e1mbito del presente C\u00f3digo de Conducta, a dicho personal se le denominar\u00e1 los profesionales.<\/p>\n<p><b>3.3.<\/b> Los profesionales est\u00e1n obligados al conocimiento y cumplimiento del presente C\u00f3digo de Conducta en cualquier modalidad de prestaci\u00f3n de servicios, tanto presencial como de teletrabajo.<\/p>\n<p><b>3.4.<\/b> El uso de las tecnolog\u00edas de la informaci\u00f3n y la comunicaci\u00f3n por los profesionales cuando presten servicios en la modalidad de teletrabajo ser\u00e1 adem\u00e1s conforme a los t\u00e9rminos y condiciones que en cada caso se establezcan o acuerden.<\/p>\n<p><a>4. Principios de uso de las Tecnolog\u00edas de la Informaci\u00f3n y la Comunicaci\u00f3n<\/a><\/p>\n<p><strong>4.1.<\/strong> Los profesionales deber\u00e1n respetar, en el uso de las Tecnolog\u00edas de la Informaci\u00f3n y la Comunicaci\u00f3n, los siguientes principios:<\/p>\n<p style=\"padding-left: 40px;\"><strong>a)<\/strong> Servicio y proximidad a la ciudadan\u00eda.<\/p>\n<p style=\"padding-left: 40px;\"><strong>b)<\/strong> Responsabilidad, profesionalidad y cualificaci\u00f3n profesional.<\/p>\n<p style=\"padding-left: 40px;\"><strong>c)<\/strong> Seguridad.<\/p>\n<p style=\"padding-left: 40px;\"><strong>d)<\/strong> Protecci\u00f3n de datos personales, tanto de la ciudadan\u00eda como de los profesionales.<\/p>\n<p style=\"padding-left: 40px;\"><strong>e)<\/strong> Eficacia en el desempe\u00f1o de las funciones y eficiencia en la utilizaci\u00f3n de los recursos p\u00fablicos.<\/p>\n<p style=\"padding-left: 40px;\"><strong>f)<\/strong> Accesibilidad de las tecnolog\u00edas y contenidos, especialmente en la relaci\u00f3n con la ciudadan\u00eda.<\/p>\n<p><a href=\"https:\/\/ws168.juntadeandalucia.es\/iaap\/codigo-conducta-tic\/\"><br \/><img decoding=\"async\" title=\"logo web\" src=\"https:\/\/ws168.juntadeandalucia.es\/iaap\/codigo-conducta-tic\/wp-content\/uploads\/sites\/26\/elementor\/thumbs\/logo-web-p7c6qcr43z5r2brg7g9wubvdmilm2yqx841dpq7tog.png\" alt=\"logo web\" \/> <\/a><\/p>\n<p>\u00a0<\/p>\n\n\n<figure class=\"wp-block-image size-large\"><img loading=\"lazy\" decoding=\"async\" width=\"1024\" height=\"175\" src=\"https:\/\/ws168.juntadeandalucia.es\/iaap\/codigo-conducta-tic\/wp-content\/uploads\/sites\/26\/2026\/04\/Captura-de-pantalla-2026-04-15-a-las-13.23.07-1024x175.png\" alt=\"\" class=\"wp-image-771\" srcset=\"https:\/\/ws168.juntadeandalucia.es\/iaap\/codigo-conducta-tic\/wp-content\/uploads\/sites\/26\/2026\/04\/Captura-de-pantalla-2026-04-15-a-las-13.23.07-1024x175.png 1024w, https:\/\/ws168.juntadeandalucia.es\/iaap\/codigo-conducta-tic\/wp-content\/uploads\/sites\/26\/2026\/04\/Captura-de-pantalla-2026-04-15-a-las-13.23.07-300x51.png 300w, https:\/\/ws168.juntadeandalucia.es\/iaap\/codigo-conducta-tic\/wp-content\/uploads\/sites\/26\/2026\/04\/Captura-de-pantalla-2026-04-15-a-las-13.23.07-768x131.png 768w, https:\/\/ws168.juntadeandalucia.es\/iaap\/codigo-conducta-tic\/wp-content\/uploads\/sites\/26\/2026\/04\/Captura-de-pantalla-2026-04-15-a-las-13.23.07-1536x262.png 1536w, https:\/\/ws168.juntadeandalucia.es\/iaap\/codigo-conducta-tic\/wp-content\/uploads\/sites\/26\/2026\/04\/Captura-de-pantalla-2026-04-15-a-las-13.23.07-1320x225.png 1320w, https:\/\/ws168.juntadeandalucia.es\/iaap\/codigo-conducta-tic\/wp-content\/uploads\/sites\/26\/2026\/04\/Captura-de-pantalla-2026-04-15-a-las-13.23.07.png 1876w\" sizes=\"auto, (max-width: 1024px) 100vw, 1024px\" \/><\/figure>\n","protected":false},"excerpt":{"rendered":"<p>C\u00f3digo de Conducta I. Objetivo y \u00e1mbito de aplicaci\u00f3n 1. Objeto 1.1. Facilitar el uso adecuado de las tecnolog\u00edas de la informaci\u00f3n y la comunicaci\u00f3n (TIC) por los profesionales p\u00fablicos. 1.2. Asegurar la protecci\u00f3n de los derechos de la ciudadan\u00eda, de los profesionales p\u00fablicos de la Administraci\u00f3n de la Junta de Andaluc\u00eda y de la propia Junta de Andaluc\u00eda. 1.3. [&hellip;]<\/p>\n","protected":false},"author":48,"featured_media":0,"parent":0,"menu_order":0,"comment_status":"closed","ping_status":"closed","template":"","meta":{"footnotes":""},"class_list":["post-184","page","type-page","status-publish","hentry"],"_links":{"self":[{"href":"https:\/\/ws168.juntadeandalucia.es\/iaap\/codigo-conducta-tic\/wp-json\/wp\/v2\/pages\/184","targetHints":{"allow":["GET"]}}],"collection":[{"href":"https:\/\/ws168.juntadeandalucia.es\/iaap\/codigo-conducta-tic\/wp-json\/wp\/v2\/pages"}],"about":[{"href":"https:\/\/ws168.juntadeandalucia.es\/iaap\/codigo-conducta-tic\/wp-json\/wp\/v2\/types\/page"}],"author":[{"embeddable":true,"href":"https:\/\/ws168.juntadeandalucia.es\/iaap\/codigo-conducta-tic\/wp-json\/wp\/v2\/users\/48"}],"replies":[{"embeddable":true,"href":"https:\/\/ws168.juntadeandalucia.es\/iaap\/codigo-conducta-tic\/wp-json\/wp\/v2\/comments?post=184"}],"version-history":[{"count":43,"href":"https:\/\/ws168.juntadeandalucia.es\/iaap\/codigo-conducta-tic\/wp-json\/wp\/v2\/pages\/184\/revisions"}],"predecessor-version":[{"id":778,"href":"https:\/\/ws168.juntadeandalucia.es\/iaap\/codigo-conducta-tic\/wp-json\/wp\/v2\/pages\/184\/revisions\/778"}],"wp:attachment":[{"href":"https:\/\/ws168.juntadeandalucia.es\/iaap\/codigo-conducta-tic\/wp-json\/wp\/v2\/media?parent=184"}],"curies":[{"name":"wp","href":"https:\/\/api.w.org\/{rel}","templated":true}]}}