{"id":386,"date":"2021-05-19T11:33:02","date_gmt":"2021-05-19T11:33:02","guid":{"rendered":"https:\/\/ws168.juntadeandalucia.es\/iaap\/codigo-conducta-tic\/?page_id=386"},"modified":"2026-04-15T11:29:50","modified_gmt":"2026-04-15T11:29:50","slug":"responsabilidades-otras-conductas","status":"publish","type":"page","link":"https:\/\/ws168.juntadeandalucia.es\/iaap\/codigo-conducta-tic\/responsabilidades-otras-conductas\/","title":{"rendered":"<!--Responsabilidades y otras conductas-->"},"content":{"rendered":"<h2>C\u00f3digo de Conducta<\/h2>\n<p>VI. Responsabilidades y otras conductas<\/p>\n<p><a>19. Conductas prohibidas<\/a><\/p>\n<p><strong>19.1.<\/strong> Queda prohibida la instalaci\u00f3n, visualizaci\u00f3n, acceso o remisi\u00f3n de cualquier fichero o mensaje con contenidos de car\u00e1cter racista, xen\u00f3fobo, pornogr\u00e1fico, sexista, de apolog\u00eda del terrorismo, que atenten contra los derechos humanos o las libertades, o que act\u00faen en perjuicio de los derechos a la intimidad, al honor, a la propia imagen o contra la dignidad de las personas o los derechos y protecci\u00f3n de los menores as\u00ed como cualquier actuaci\u00f3n que pueda tener consideraci\u00f3n de provocadora o intimidatoria.<\/p>\n<p><strong>19.2.<\/strong> Queda prohibida la instalaci\u00f3n y el env\u00edo o reenv\u00edo deliberado de cualquier clase de programa o c\u00f3digo da\u00f1ino o malicioso que pueda causar perjuicios en los equipos y sistemas de informaci\u00f3n de la Administraci\u00f3n de la Junta de Andaluc\u00eda o a terceros.<\/p>\n<p><strong>19.3.<\/strong> Queda prohibida la instalaci\u00f3n, visualizaci\u00f3n, reproducci\u00f3n o descarga de cualquier fichero o contenido sujeto a propiedad industrial o intelectual sin que se disponga de la correspondiente licencia o derecho.<\/p>\n<p><strong>19.4.<\/strong> Queda prohibida la captaci\u00f3n y difusi\u00f3n, sin autorizaci\u00f3n, de im\u00e1genes o registros sonoros correspondientes a dependencias administrativas y de las personas que en ellas se encuentren.<\/p>\n<p><strong>19.5.<\/strong> Queda prohibida la utilizaci\u00f3n de herramientas de monitorizaci\u00f3n o captura de tr\u00e1fico de red, b\u00fasqueda de vulnerabilidades y penetraci\u00f3n de sistemas, salvo en el ejercicio de las funciones de las unidades de tecnolog\u00edas de la informaci\u00f3n y la comunicaci\u00f3n.<\/p>\n<p><a>20. Fin del desempe\u00f1o de las funciones<\/a><\/p>\n<p><strong>20.1.<\/strong> Cuando un profesional deje de desempe\u00f1ar las funciones que ven\u00eda realizando o en caso de baja temporal que suponga una interrupci\u00f3n prolongada del desempe\u00f1o de las mismas, para garantizar la continuidad del servicio, comunicar\u00e1 a la persona responsable de su unidad administrativa u \u00f3rgano al menos la siguiente informaci\u00f3n:<\/p>\n<p style=\"padding-left: 40px;\"><strong>a)<\/strong> Relaci\u00f3n de aplicaciones y sistemas que viniera utilizando, en especial aqu\u00e9llas de otras Administraciones P\u00fablicas.<\/p>\n<p style=\"padding-left: 40px;\"><strong>b)<\/strong> Relaci\u00f3n de espacios de trabajo colaborativo en los que participa y los que administra.<\/p>\n<p style=\"padding-left: 40px;\"><strong>c)<\/strong> Relaci\u00f3n de cuentas no personales que atendiera, en especial de correo electr\u00f3nico y de redes sociales, y, en su caso, la contrase\u00f1a cuando la hubiera creado \u00e9l o fuera su \u00fanico depositario.<\/p>\n<p style=\"padding-left: 40px;\"><strong>d)<\/strong> Relaci\u00f3n de certificados electr\u00f3nicos de representante de \u00f3rganos de la Administraci\u00f3n que tuviera otorgados.<\/p>\n<p style=\"padding-left: 40px;\"><strong>e)<\/strong> Relaci\u00f3n de recursos utilizados, en especial ficheros de herramientas ofim\u00e1ticas, cuyo acceso o modificaci\u00f3n est\u00e9 protegido por contrase\u00f1a cuando la hubiera creado \u00e9l o fuera su \u00fanico depositario, as\u00ed como en cada caso, dicha contrase\u00f1a.<\/p>\n<p><strong>20.2.<\/strong> Cuando por motivo de extinci\u00f3n de la relaci\u00f3n, una persona deje de estar incluida en el \u00e1mbito de aplicaci\u00f3n del presente C\u00f3digo de Conducta, devolver\u00e1 todos los dispositivos TIC que le hubieran sido asignados.<\/p>\n<p><a>21. Realizaci\u00f3n de comprobaciones y exigencia de responsabilidades<\/a><\/p>\n<p><strong>21.1.<\/strong> Los profesionales tendr\u00e1n en consideraci\u00f3n el hecho de que la Administraci\u00f3n de la Junta de Andaluc\u00eda, mediante los mecanismos formales y t\u00e9cnicos que considere oportunos, podr\u00e1 comprobar de forma peri\u00f3dica o cuando resulte conveniente por razones espec\u00edficas de seguridad o del servicio, la correcta utilizaci\u00f3n de todos los recursos comprendidos en el presente C\u00f3digo de Conducta.<\/p>\n<p><strong>21.2.<\/strong> La Administraci\u00f3n de la Junta de Andaluc\u00eda cuando detectare en el uso de dichos recursos actuaciones irregulares, il\u00edcitas o ilegales, proceder\u00e1 al ejercicio de las acciones pertinentes para las exigencias de las responsabilidades que correspondan.<\/p>\n<p><a href=\"https:\/\/ws168.juntadeandalucia.es\/iaap\/codigo-conducta-tic\/\"><br \/><img decoding=\"async\" title=\"logo web\" src=\"https:\/\/ws168.juntadeandalucia.es\/iaap\/codigo-conducta-tic\/wp-content\/uploads\/sites\/26\/elementor\/thumbs\/logo-web-p7c6qcr43z5r2brg7g9wubvdmilm2yqx841dpq7tog.png\" alt=\"logo web\" \/> <\/a><br \/><a href=\"http:\/\/www.juntadeandalucia.es\/institutodeadministracionpublica\/publico\/home.filter\" target=\"_blank\" rel=\"noopener\"><br \/><\/a><\/p>\n\n\n<figure class=\"wp-block-image size-large\"><img loading=\"lazy\" decoding=\"async\" width=\"1024\" height=\"175\" src=\"https:\/\/ws168.juntadeandalucia.es\/iaap\/codigo-conducta-tic\/wp-content\/uploads\/sites\/26\/2026\/04\/Captura-de-pantalla-2026-04-15-a-las-13.23.07-1024x175.png\" alt=\"\" class=\"wp-image-771\" srcset=\"https:\/\/ws168.juntadeandalucia.es\/iaap\/codigo-conducta-tic\/wp-content\/uploads\/sites\/26\/2026\/04\/Captura-de-pantalla-2026-04-15-a-las-13.23.07-1024x175.png 1024w, https:\/\/ws168.juntadeandalucia.es\/iaap\/codigo-conducta-tic\/wp-content\/uploads\/sites\/26\/2026\/04\/Captura-de-pantalla-2026-04-15-a-las-13.23.07-300x51.png 300w, https:\/\/ws168.juntadeandalucia.es\/iaap\/codigo-conducta-tic\/wp-content\/uploads\/sites\/26\/2026\/04\/Captura-de-pantalla-2026-04-15-a-las-13.23.07-768x131.png 768w, https:\/\/ws168.juntadeandalucia.es\/iaap\/codigo-conducta-tic\/wp-content\/uploads\/sites\/26\/2026\/04\/Captura-de-pantalla-2026-04-15-a-las-13.23.07-1536x262.png 1536w, https:\/\/ws168.juntadeandalucia.es\/iaap\/codigo-conducta-tic\/wp-content\/uploads\/sites\/26\/2026\/04\/Captura-de-pantalla-2026-04-15-a-las-13.23.07-1320x225.png 1320w, https:\/\/ws168.juntadeandalucia.es\/iaap\/codigo-conducta-tic\/wp-content\/uploads\/sites\/26\/2026\/04\/Captura-de-pantalla-2026-04-15-a-las-13.23.07.png 1876w\" sizes=\"auto, (max-width: 1024px) 100vw, 1024px\" \/><\/figure>\n","protected":false},"excerpt":{"rendered":"<p>C\u00f3digo de Conducta VI. Responsabilidades y otras conductas 19. Conductas prohibidas 19.1. Queda prohibida la instalaci\u00f3n, visualizaci\u00f3n, acceso o remisi\u00f3n de cualquier fichero o mensaje con contenidos de car\u00e1cter racista, xen\u00f3fobo, pornogr\u00e1fico, sexista, de apolog\u00eda del terrorismo, que atenten contra los derechos humanos o las libertades, o que act\u00faen en perjuicio de los derechos a la intimidad, al honor, a [&hellip;]<\/p>\n","protected":false},"author":48,"featured_media":0,"parent":0,"menu_order":0,"comment_status":"closed","ping_status":"closed","template":"","meta":{"footnotes":""},"class_list":["post-386","page","type-page","status-publish","hentry"],"_links":{"self":[{"href":"https:\/\/ws168.juntadeandalucia.es\/iaap\/codigo-conducta-tic\/wp-json\/wp\/v2\/pages\/386","targetHints":{"allow":["GET"]}}],"collection":[{"href":"https:\/\/ws168.juntadeandalucia.es\/iaap\/codigo-conducta-tic\/wp-json\/wp\/v2\/pages"}],"about":[{"href":"https:\/\/ws168.juntadeandalucia.es\/iaap\/codigo-conducta-tic\/wp-json\/wp\/v2\/types\/page"}],"author":[{"embeddable":true,"href":"https:\/\/ws168.juntadeandalucia.es\/iaap\/codigo-conducta-tic\/wp-json\/wp\/v2\/users\/48"}],"replies":[{"embeddable":true,"href":"https:\/\/ws168.juntadeandalucia.es\/iaap\/codigo-conducta-tic\/wp-json\/wp\/v2\/comments?post=386"}],"version-history":[{"count":24,"href":"https:\/\/ws168.juntadeandalucia.es\/iaap\/codigo-conducta-tic\/wp-json\/wp\/v2\/pages\/386\/revisions"}],"predecessor-version":[{"id":776,"href":"https:\/\/ws168.juntadeandalucia.es\/iaap\/codigo-conducta-tic\/wp-json\/wp\/v2\/pages\/386\/revisions\/776"}],"wp:attachment":[{"href":"https:\/\/ws168.juntadeandalucia.es\/iaap\/codigo-conducta-tic\/wp-json\/wp\/v2\/media?parent=386"}],"curies":[{"name":"wp","href":"https:\/\/api.w.org\/{rel}","templated":true}]}}