{"id":7,"date":"2021-05-18T06:50:34","date_gmt":"2021-05-18T06:50:34","guid":{"rendered":"https:\/\/ws168.juntadeandalucia.es\/iaap\/codigo-conducta-tic\/?page_id=7"},"modified":"2026-04-15T11:27:27","modified_gmt":"2026-04-15T11:27:27","slug":"home","status":"publish","type":"page","link":"https:\/\/ws168.juntadeandalucia.es\/iaap\/codigo-conducta-tic\/","title":{"rendered":"Inicio"},"content":{"rendered":"<p><img decoding=\"async\" title=\"\" src=\"https:\/\/ws168.juntadeandalucia.es\/iaap\/codigo-conducta-tic\/wp-content\/uploads\/sites\/26\/elementor\/thumbs\/home-slider-p7c9f3b5h5no09a4u3oqceb89etg01or7ltlw85hj4.png\" alt=\"\" \/><br \/><a role=\"button\" href=\"https:\/\/ws168.juntadeandalucia.es\/iaap\/codigo-conducta-tic\/normativa\/\"><br \/>Con\u00f3celo<br \/><\/a><br \/>https:\/\/www.youtube.com\/watch?v=cb0xDU6fYtc\u00bfQu\u00e9 es el C\u00f3digo de Conducta TIC?<\/p>\n<p>Considerando la evoluci\u00f3n tecnol\u00f3gica producida a lo largo de los \u00faltimos a\u00f1os, la Junta de Andaluc\u00eda actualiza las pautas y directrices de utilizaci\u00f3n de las Tecnolog\u00edas de la Informaci\u00f3n y la Comunicaci\u00f3n.\u00a0<\/p>\n<p>Este C\u00f3digo de Conducta est\u00e1 elaborado con una visi\u00f3n pr\u00e1ctica y con el prop\u00f3sito de resultar de utilidad a todo el colectivo de profesionales p\u00fablicos.<\/p>\n<p><a href=\"https:\/\/ws168.juntadeandalucia.es\/iaap\/codigo-conducta-tic\/objetivo-ambito-aplicacion\/\"><br \/><img loading=\"lazy\" decoding=\"async\" src=\"https:\/\/ws168.juntadeandalucia.es\/iaap\/codigo-conducta-tic\/wp-content\/uploads\/sites\/26\/2021\/05\/Bloque-I-928x1024.png\" sizes=\"auto, (max-width: 640px) 100vw, 640px\" srcset=\"https:\/\/ws168.juntadeandalucia.es\/iaap\/codigo-conducta-tic\/wp-content\/uploads\/sites\/26\/2021\/05\/Bloque-I-928x1024.png 928w, https:\/\/ws168.juntadeandalucia.es\/iaap\/codigo-conducta-tic\/wp-content\/uploads\/sites\/26\/2021\/05\/Bloque-I-272x300.png 272w, https:\/\/ws168.juntadeandalucia.es\/iaap\/codigo-conducta-tic\/wp-content\/uploads\/sites\/26\/2021\/05\/Bloque-I-768x848.png 768w, https:\/\/ws168.juntadeandalucia.es\/iaap\/codigo-conducta-tic\/wp-content\/uploads\/sites\/26\/2021\/05\/Bloque-I-600x662.png 600w, https:\/\/ws168.juntadeandalucia.es\/iaap\/codigo-conducta-tic\/wp-content\/uploads\/sites\/26\/2021\/05\/Bloque-I.png 1087w\" alt=\"\" width=\"640\" height=\"706\" \/> <\/a><br \/><a href=\"https:\/\/ws168.juntadeandalucia.es\/iaap\/codigo-conducta-tic\/equipamiento-aplicaciones-sistemas\/\"><br \/><img loading=\"lazy\" decoding=\"async\" src=\"https:\/\/ws168.juntadeandalucia.es\/iaap\/codigo-conducta-tic\/wp-content\/uploads\/sites\/26\/2021\/05\/Bloque-II-928x1024.png\" sizes=\"auto, (max-width: 640px) 100vw, 640px\" srcset=\"https:\/\/ws168.juntadeandalucia.es\/iaap\/codigo-conducta-tic\/wp-content\/uploads\/sites\/26\/2021\/05\/Bloque-II-928x1024.png 928w, https:\/\/ws168.juntadeandalucia.es\/iaap\/codigo-conducta-tic\/wp-content\/uploads\/sites\/26\/2021\/05\/Bloque-II-272x300.png 272w, https:\/\/ws168.juntadeandalucia.es\/iaap\/codigo-conducta-tic\/wp-content\/uploads\/sites\/26\/2021\/05\/Bloque-II-768x848.png 768w, https:\/\/ws168.juntadeandalucia.es\/iaap\/codigo-conducta-tic\/wp-content\/uploads\/sites\/26\/2021\/05\/Bloque-II-600x662.png 600w, https:\/\/ws168.juntadeandalucia.es\/iaap\/codigo-conducta-tic\/wp-content\/uploads\/sites\/26\/2021\/05\/Bloque-II.png 1087w\" alt=\"\" width=\"640\" height=\"706\" \/> <\/a><br \/><a href=\"https:\/\/ws168.juntadeandalucia.es\/iaap\/codigo-conducta-tic\/informacion-datos-personales\/\"><br \/><img loading=\"lazy\" decoding=\"async\" src=\"https:\/\/ws168.juntadeandalucia.es\/iaap\/codigo-conducta-tic\/wp-content\/uploads\/sites\/26\/2021\/05\/Bloque-III-928x1024.png\" sizes=\"auto, (max-width: 640px) 100vw, 640px\" srcset=\"https:\/\/ws168.juntadeandalucia.es\/iaap\/codigo-conducta-tic\/wp-content\/uploads\/sites\/26\/2021\/05\/Bloque-III-928x1024.png 928w, https:\/\/ws168.juntadeandalucia.es\/iaap\/codigo-conducta-tic\/wp-content\/uploads\/sites\/26\/2021\/05\/Bloque-III-272x300.png 272w, https:\/\/ws168.juntadeandalucia.es\/iaap\/codigo-conducta-tic\/wp-content\/uploads\/sites\/26\/2021\/05\/Bloque-III-768x848.png 768w, https:\/\/ws168.juntadeandalucia.es\/iaap\/codigo-conducta-tic\/wp-content\/uploads\/sites\/26\/2021\/05\/Bloque-III-600x662.png 600w, https:\/\/ws168.juntadeandalucia.es\/iaap\/codigo-conducta-tic\/wp-content\/uploads\/sites\/26\/2021\/05\/Bloque-III.png 1087w\" alt=\"\" width=\"640\" height=\"706\" \/> <\/a><br \/><a href=\"https:\/\/ws168.juntadeandalucia.es\/iaap\/codigo-conducta-tic\/internet-correo-electronico-herramientas-colaboracion-redes-sociales\/\"><br \/><img loading=\"lazy\" decoding=\"async\" src=\"https:\/\/ws168.juntadeandalucia.es\/iaap\/codigo-conducta-tic\/wp-content\/uploads\/sites\/26\/2021\/05\/Bloque-IV-928x1024.jpg\" sizes=\"auto, (max-width: 640px) 100vw, 640px\" srcset=\"https:\/\/ws168.juntadeandalucia.es\/iaap\/codigo-conducta-tic\/wp-content\/uploads\/sites\/26\/2021\/05\/Bloque-IV-928x1024.jpg 928w, https:\/\/ws168.juntadeandalucia.es\/iaap\/codigo-conducta-tic\/wp-content\/uploads\/sites\/26\/2021\/05\/Bloque-IV-272x300.jpg 272w, https:\/\/ws168.juntadeandalucia.es\/iaap\/codigo-conducta-tic\/wp-content\/uploads\/sites\/26\/2021\/05\/Bloque-IV-768x848.jpg 768w, https:\/\/ws168.juntadeandalucia.es\/iaap\/codigo-conducta-tic\/wp-content\/uploads\/sites\/26\/2021\/05\/Bloque-IV-600x662.jpg 600w, https:\/\/ws168.juntadeandalucia.es\/iaap\/codigo-conducta-tic\/wp-content\/uploads\/sites\/26\/2021\/05\/Bloque-IV.jpg 1087w\" alt=\"\" width=\"640\" height=\"706\" \/> <\/a><br \/><a href=\"https:\/\/ws168.juntadeandalucia.es\/iaap\/codigo-conducta-tic\/seguridad\/\"><br \/><img loading=\"lazy\" decoding=\"async\" src=\"https:\/\/ws168.juntadeandalucia.es\/iaap\/codigo-conducta-tic\/wp-content\/uploads\/sites\/26\/2021\/05\/Bloque-V-928x1024.png\" sizes=\"auto, (max-width: 640px) 100vw, 640px\" srcset=\"https:\/\/ws168.juntadeandalucia.es\/iaap\/codigo-conducta-tic\/wp-content\/uploads\/sites\/26\/2021\/05\/Bloque-V-928x1024.png 928w, https:\/\/ws168.juntadeandalucia.es\/iaap\/codigo-conducta-tic\/wp-content\/uploads\/sites\/26\/2021\/05\/Bloque-V-272x300.png 272w, https:\/\/ws168.juntadeandalucia.es\/iaap\/codigo-conducta-tic\/wp-content\/uploads\/sites\/26\/2021\/05\/Bloque-V-768x848.png 768w, https:\/\/ws168.juntadeandalucia.es\/iaap\/codigo-conducta-tic\/wp-content\/uploads\/sites\/26\/2021\/05\/Bloque-V-600x662.png 600w, https:\/\/ws168.juntadeandalucia.es\/iaap\/codigo-conducta-tic\/wp-content\/uploads\/sites\/26\/2021\/05\/Bloque-V.png 1087w\" alt=\"\" width=\"640\" height=\"706\" \/> <\/a><br \/><a href=\"https:\/\/ws168.juntadeandalucia.es\/iaap\/codigo-conducta-tic\/responsabilidades-otras-conductas\/\"><br \/><img loading=\"lazy\" decoding=\"async\" src=\"https:\/\/ws168.juntadeandalucia.es\/iaap\/codigo-conducta-tic\/wp-content\/uploads\/sites\/26\/2021\/05\/Bloque-VI-928x1024.png\" sizes=\"auto, (max-width: 640px) 100vw, 640px\" srcset=\"https:\/\/ws168.juntadeandalucia.es\/iaap\/codigo-conducta-tic\/wp-content\/uploads\/sites\/26\/2021\/05\/Bloque-VI-928x1024.png 928w, https:\/\/ws168.juntadeandalucia.es\/iaap\/codigo-conducta-tic\/wp-content\/uploads\/sites\/26\/2021\/05\/Bloque-VI-272x300.png 272w, https:\/\/ws168.juntadeandalucia.es\/iaap\/codigo-conducta-tic\/wp-content\/uploads\/sites\/26\/2021\/05\/Bloque-VI-768x848.png 768w, https:\/\/ws168.juntadeandalucia.es\/iaap\/codigo-conducta-tic\/wp-content\/uploads\/sites\/26\/2021\/05\/Bloque-VI-600x662.png 600w, https:\/\/ws168.juntadeandalucia.es\/iaap\/codigo-conducta-tic\/wp-content\/uploads\/sites\/26\/2021\/05\/Bloque-VI.png 1087w\" alt=\"\" width=\"640\" height=\"706\" \/> <\/a><br \/><a href=\"https:\/\/ws168.juntadeandalucia.es\/iaap\/codigo-conducta-tic\/\"><br \/><img decoding=\"async\" title=\"logo web\" src=\"https:\/\/ws168.juntadeandalucia.es\/iaap\/codigo-conducta-tic\/wp-content\/uploads\/sites\/26\/elementor\/thumbs\/logo-web-p7c6qcr43z5r2brg7g9wubvdmilm2yqx841dpq7tog.png\" alt=\"logo web\" \/> <\/a><br \/><a href=\"http:\/\/www.juntadeandalucia.es\/institutodeadministracionpublica\/publico\/home.filter\" target=\"_blank\" rel=\"noopener\"><br \/><\/a><\/p>\n\n\n<p class=\"has-x-large-font-size\"><img loading=\"lazy\" decoding=\"async\" width=\"2000\" height=\"341\" class=\"wp-image-771\" style=\"width: 2000px;\" src=\"https:\/\/ws168.juntadeandalucia.es\/iaap\/codigo-conducta-tic\/wp-content\/uploads\/sites\/26\/2026\/04\/Captura-de-pantalla-2026-04-15-a-las-13.23.07.png\" alt=\"\" srcset=\"https:\/\/ws168.juntadeandalucia.es\/iaap\/codigo-conducta-tic\/wp-content\/uploads\/sites\/26\/2026\/04\/Captura-de-pantalla-2026-04-15-a-las-13.23.07.png 1876w, https:\/\/ws168.juntadeandalucia.es\/iaap\/codigo-conducta-tic\/wp-content\/uploads\/sites\/26\/2026\/04\/Captura-de-pantalla-2026-04-15-a-las-13.23.07-300x51.png 300w, https:\/\/ws168.juntadeandalucia.es\/iaap\/codigo-conducta-tic\/wp-content\/uploads\/sites\/26\/2026\/04\/Captura-de-pantalla-2026-04-15-a-las-13.23.07-1024x175.png 1024w, https:\/\/ws168.juntadeandalucia.es\/iaap\/codigo-conducta-tic\/wp-content\/uploads\/sites\/26\/2026\/04\/Captura-de-pantalla-2026-04-15-a-las-13.23.07-768x131.png 768w, https:\/\/ws168.juntadeandalucia.es\/iaap\/codigo-conducta-tic\/wp-content\/uploads\/sites\/26\/2026\/04\/Captura-de-pantalla-2026-04-15-a-las-13.23.07-1536x262.png 1536w, https:\/\/ws168.juntadeandalucia.es\/iaap\/codigo-conducta-tic\/wp-content\/uploads\/sites\/26\/2026\/04\/Captura-de-pantalla-2026-04-15-a-las-13.23.07-1320x225.png 1320w\" sizes=\"auto, (max-width: 2000px) 100vw, 2000px\" \/><\/p>\n\n\n\n<p><\/p>\n","protected":false},"excerpt":{"rendered":"<p>Con\u00f3celohttps:\/\/www.youtube.com\/watch?v=cb0xDU6fYtc\u00bfQu\u00e9 es el C\u00f3digo de Conducta TIC? Considerando la evoluci\u00f3n tecnol\u00f3gica producida a lo largo de los \u00faltimos a\u00f1os, la Junta de Andaluc\u00eda actualiza las pautas y directrices de utilizaci\u00f3n de las Tecnolog\u00edas de la Informaci\u00f3n y la Comunicaci\u00f3n.\u00a0 Este C\u00f3digo de Conducta est\u00e1 elaborado con una visi\u00f3n pr\u00e1ctica y con el prop\u00f3sito de resultar de utilidad a todo el [&hellip;]<\/p>\n","protected":false},"author":48,"featured_media":0,"parent":0,"menu_order":0,"comment_status":"closed","ping_status":"closed","template":"","meta":{"footnotes":""},"class_list":["post-7","page","type-page","status-publish","hentry"],"_links":{"self":[{"href":"https:\/\/ws168.juntadeandalucia.es\/iaap\/codigo-conducta-tic\/wp-json\/wp\/v2\/pages\/7","targetHints":{"allow":["GET"]}}],"collection":[{"href":"https:\/\/ws168.juntadeandalucia.es\/iaap\/codigo-conducta-tic\/wp-json\/wp\/v2\/pages"}],"about":[{"href":"https:\/\/ws168.juntadeandalucia.es\/iaap\/codigo-conducta-tic\/wp-json\/wp\/v2\/types\/page"}],"author":[{"embeddable":true,"href":"https:\/\/ws168.juntadeandalucia.es\/iaap\/codigo-conducta-tic\/wp-json\/wp\/v2\/users\/48"}],"replies":[{"embeddable":true,"href":"https:\/\/ws168.juntadeandalucia.es\/iaap\/codigo-conducta-tic\/wp-json\/wp\/v2\/comments?post=7"}],"version-history":[{"count":173,"href":"https:\/\/ws168.juntadeandalucia.es\/iaap\/codigo-conducta-tic\/wp-json\/wp\/v2\/pages\/7\/revisions"}],"predecessor-version":[{"id":773,"href":"https:\/\/ws168.juntadeandalucia.es\/iaap\/codigo-conducta-tic\/wp-json\/wp\/v2\/pages\/7\/revisions\/773"}],"wp:attachment":[{"href":"https:\/\/ws168.juntadeandalucia.es\/iaap\/codigo-conducta-tic\/wp-json\/wp\/v2\/media?parent=7"}],"curies":[{"name":"wp","href":"https:\/\/api.w.org\/{rel}","templated":true}]}}