{"id":2011,"date":"2020-02-22T10:56:14","date_gmt":"2020-02-22T10:56:14","guid":{"rendered":"https:\/\/ws168.juntadeandalucia.es\/iaap\/gestiondelconocimiento\/?page_id=2011"},"modified":"2020-02-23T18:13:12","modified_gmt":"2020-02-23T18:13:12","slug":"edicion-2018-2019","status":"publish","type":"page","link":"https:\/\/ws168.juntadeandalucia.es\/iaap\/gestiondelconocimiento\/proyectos\/edicion-2018-2019\/","title":{"rendered":"EDICI\u00d3N 2018-2019"},"content":{"rendered":"<p><span style=\"font-family: georgia, palatino, serif;font-size: 12pt\">Proyectos llevados a cabo en la edici\u00f3n 2018-2019 del programa \u00abEmbajadores\/as del Conocimiento\u00bb:<\/span><\/p>\n<p><span style=\"font-size: 12pt\"><a href=\"https:\/\/ws168.juntadeandalucia.es\/iaap\/gestiondelconocimiento\/proyectos\/gc01\/\">GC01 \u2013 Cambio generacional<\/a><\/span><br \/>\n<span style=\"font-size: 12pt\"><a href=\"https:\/\/ws168.juntadeandalucia.es\/iaap\/gestiondelconocimiento\/proyectos\/gc02\/\">GC02 \u2013 Revista digital<\/a><\/span><br \/>\n<span style=\"font-size: 12pt\"><a href=\"https:\/\/ws168.juntadeandalucia.es\/iaap\/gestiondelconocimiento\/proyectos\/curacion-de-contenidos\/\">GC04 \u2013 Curaci\u00f3n de contenidos<\/a><\/span><br \/>\n<span style=\"font-size: 12pt\"><a href=\"https:\/\/wp.me\/P9W7Se-cr\" target=\"_blank\" rel=\"noopener\">GC06 \u2013 Identificaci\u00f3n del Conocimiento Cr\u00edtico<\/a><\/span><\/p>\n<p><span style=\"font-size: 12pt\"><a href=\"https:\/\/wp.me\/P9W7Se-co\" target=\"_blank\" rel=\"noopener\">GC07 \u2013 Biblioteca Humana<\/a><\/span><br \/>\n<a href=\"https:\/\/wp.me\/P9W7Se-cu\" target=\"_blank\" rel=\"noopener\"><span style=\"font-size: 12pt\">GC08 \u2013 Implantando la Cultura Audiovisual<\/span><\/a><br \/>\n<a href=\"https:\/\/wp.me\/P9W7Se-cw\" target=\"_blank\" rel=\"noopener\"><span style=\"font-size: 12pt\">GC09 \u2013 Pilotaje de Proyectos de Gesti\u00f3n del Conocimiento<\/span><\/a><\/p>\n","protected":false},"excerpt":{"rendered":"<p>Proyectos llevados a cabo en la edici\u00f3n 2018-2019 del programa \u00abEmbajadores\/as del Conocimiento\u00bb: GC01 \u2013 Cambio generacional GC02 \u2013 Revista digital GC04 \u2013 Curaci\u00f3n de contenidos GC06 \u2013 Identificaci\u00f3n del Conocimiento Cr\u00edtico GC07 \u2013 Biblioteca Humana GC08 \u2013 Implantando la Cultura Audiovisual GC09 \u2013 Pilotaje de Proyectos de Gesti\u00f3n del Conocimiento<\/p>\n","protected":false},"author":46,"featured_media":0,"parent":157,"menu_order":2,"comment_status":"closed","ping_status":"closed","template":"","meta":{"jetpack_post_was_ever_published":false,"footnotes":""},"class_list":["post-2011","page","type-page","status-publish","hentry"],"jetpack_sharing_enabled":true,"jetpack_shortlink":"https:\/\/wp.me\/P9W7Se-wr","jetpack-related-posts":[{"id":2053,"url":"https:\/\/ws168.juntadeandalucia.es\/iaap\/gestiondelconocimiento\/proyectos\/edicion-2019-2020-edicion-2019-2020\/gc06-identificacion-del-conocimiento-critico\/","url_meta":{"origin":2011,"position":0},"title":"GC06 &#8211; Identificaci\u00f3n del Conocimiento Cr\u00edtico (2019-20)","author":"beatrizsanchezgomez","date":"23 febrero, 2020","format":false,"excerpt":"DESCRIPCI\u00d3NSe trata de identificar el conocimiento cr\u00edtico existente en la Junta de Andaluc\u00eda, dando respuesta a las preguntas:\u2022 \u00bfQu\u00e9 es lo que sabe la organizaci\u00f3n?\u2022 \u00bfDe eso qu\u00e9 es lo m\u00e1s importante?\u2022 \u00bfQui\u00e9n lo sabe?\u2022 \u00bfC\u00f3mo utilizamos lo que sabemos?OBJETIVOSElaborar un inventario categorizado del conocimiento existente en la Junta de\u2026","rel":"","context":"Entrada similar","block_context":{"text":"Entrada similar","link":""},"img":{"alt_text":"","src":"https:\/\/i0.wp.com\/ws168.juntadeandalucia.es\/iaap\/gestiondelconocimiento\/wp-content\/uploads\/sites\/10\/2019\/03\/screen2.png?resize=350%2C200&ssl=1","width":350,"height":200},"classes":[]},{"id":2039,"url":"https:\/\/ws168.juntadeandalucia.es\/iaap\/gestiondelconocimiento\/proyectos\/edicion-2019-2020-edicion-2019-2020\/","url_meta":{"origin":2011,"position":1},"title":"EDICI\u00d3N 2019- 2020","author":"beatrizsanchezgomez","date":"23 febrero, 2020","format":false,"excerpt":"Proyectos que se desarrollaron en la tercera edici\u00f3n, 2019-2020, del Programa \"Embajadores \/as del Conocimiento\": GC02 \u2013 Revista digital GCGC06 \u2013 Identificaci\u00f3n del Conocimiento Cr\u00edtico\u00a0GC08 \u2013 Implantando la Cultura AudiovisualGC10 \u2013 Comunicaci\u00f3n y Difusi\u00f3n de la Gesti\u00f3n del ConocimientoGC11 \u2013 Encuentros IntergeneracionalesGC12 \u2013 Creando el grupo de Cas\u00f3logos\/as","rel":"","context":"Entrada similar","block_context":{"text":"Entrada similar","link":""},"img":{"alt_text":"","src":"","width":0,"height":0},"classes":[]},{"id":771,"url":"https:\/\/ws168.juntadeandalucia.es\/iaap\/gestiondelconocimiento\/proyectos\/edicion-2018-2019\/gc06-identificacion-del-conocimiento-critico\/","url_meta":{"origin":2011,"position":2},"title":"GC06 &#8211; Identificaci\u00f3n del Conocimiento Cr\u00edtico (2018-19)","author":"","date":"7 marzo, 2019","format":false,"excerpt":"DESCRIPCI\u00d3N Se trata de identificar el conocimiento cr\u00edtico existente en la Junta de Andaluc\u00eda, dando respuesta a las preguntas: \u2022 \u00bfQu\u00e9 sabemos en la organizaci\u00f3n? \u2022 \u00bfQu\u00e9 es lo m\u00e1s importante? \u2022 \u00bfQui\u00e9n lo sabe? \u2022 \u00bfQu\u00e9 hacemos con ello? OBJETIVOS Elaborar un inventario categorizado del conocimiento existente en la\u2026","rel":"","context":"Entrada similar","block_context":{"text":"Entrada similar","link":""},"img":{"alt_text":"","src":"https:\/\/i0.wp.com\/ws168.juntadeandalucia.es\/iaap\/gestiondelconocimiento\/wp-content\/uploads\/sites\/10\/2021\/01\/Captura-de-pantalla-2021-01-17-a-las-18.57.08.png?resize=350%2C200&ssl=1","width":350,"height":200,"srcset":"https:\/\/i0.wp.com\/ws168.juntadeandalucia.es\/iaap\/gestiondelconocimiento\/wp-content\/uploads\/sites\/10\/2021\/01\/Captura-de-pantalla-2021-01-17-a-las-18.57.08.png?resize=350%2C200&ssl=1 1x, https:\/\/i0.wp.com\/ws168.juntadeandalucia.es\/iaap\/gestiondelconocimiento\/wp-content\/uploads\/sites\/10\/2021\/01\/Captura-de-pantalla-2021-01-17-a-las-18.57.08.png?resize=525%2C300&ssl=1 1.5x"},"classes":[]},{"id":1903,"url":"https:\/\/ws168.juntadeandalucia.es\/iaap\/gestiondelconocimiento\/proyectos\/edicion-2019-2020-edicion-2019-2020\/gc11-encuentros-intergeneracionales\/","url_meta":{"origin":2011,"position":3},"title":"GC11 &#8211; Encuentros Intergeneracionales (2019-20)","author":"beatrizsanchezgomez","date":"17 febrero, 2020","format":false,"excerpt":"Edici\u00f3n 2019-2020DESCRIPCI\u00d3NEste proyecto que surge en la tercera edici\u00f3n del programa del IAAP Embajadores del Conocimiento. Se trata de llevar a cabo encuentros entre personas pr\u00f3ximas a la jubilaci\u00f3n con un conocimiento destacado y personas que deban ser destinatarias de ese conocimiento.\u00a0Para ello se partir\u00e1 como modelo, del \"I encuentro\u2026","rel":"","context":"Entrada similar","block_context":{"text":"Entrada similar","link":""},"img":{"alt_text":"","src":"https:\/\/i0.wp.com\/ws168.juntadeandalucia.es\/iaap\/gestiondelconocimiento\/wp-content\/uploads\/sites\/10\/2020\/01\/Generacional2.jpg?resize=350%2C200&ssl=1","width":350,"height":200},"classes":[]},{"id":1908,"url":"https:\/\/ws168.juntadeandalucia.es\/iaap\/gestiondelconocimiento\/proyectos\/edicion-2019-2020-edicion-2019-2020\/gc10-comunicacion-y-difusion-de-la-gestion-del-conocimiento\/","url_meta":{"origin":2011,"position":4},"title":"GC10 &#8211; Comunicaci\u00f3n y difusi\u00f3n de la Gesti\u00f3n del Conocimiento (2019-20)","author":"beatrizsanchezgomez","date":"17 febrero, 2020","format":false,"excerpt":"DESCRIPCI\u00d3N Este proyecto surge en la tercera edici\u00f3n del programa. Se trata de un proyecto concebido para difundir la disciplina de la Gesti\u00f3n del Conocimiento entre las personas que trabajan en la Junta de Andaluc\u00eda. \u00a0OBJETIVOS: \u2022\u00a0 Descubrir las tendencias en la disciplina de Gesti\u00f3n del Conocimiento a nivel nacional\u2026","rel":"","context":"Entrada similar","block_context":{"text":"Entrada similar","link":""},"img":{"alt_text":"Equipo GC10","src":"https:\/\/i0.wp.com\/ws168.juntadeandalucia.es\/iaap\/gestiondelconocimiento\/wp-content\/uploads\/sites\/10\/2020\/01\/Comunicaci%C3%B3n.jpg?resize=350%2C200&ssl=1","width":350,"height":200},"classes":[]},{"id":418,"url":"https:\/\/ws168.juntadeandalucia.es\/iaap\/gestiondelconocimiento\/embajadores-del-conocimiento\/","url_meta":{"origin":2011,"position":5},"title":"Programa Embajadores\/as del Conocimiento","author":"","date":"16 junio, 2018","format":false,"excerpt":"Embajadores del Conocimiento es un programa que inici\u00f3 su andadura en mayo de 2017 y del que forman parte un grupo de empleadas y empleados p\u00fablicos con clara vocaci\u00f3n de servicio p\u00fablico. Este naci\u00f3 con la idea de establecer una red de personas que colaborar\u00e1n, de manera totalmente desinteresada, con\u2026","rel":"","context":"Entrada similar","block_context":{"text":"Entrada similar","link":""},"img":{"alt_text":"","src":"https:\/\/i0.wp.com\/ws168.juntadeandalucia.es\/iaap\/gestiondelconocimiento\/wp-content\/uploads\/sites\/10\/2020\/01\/Embajadores-del-Conocimiento.-IAAP.-Junta-de-Andaluc%C3%ADa.jpg?resize=350%2C200&ssl=1","width":350,"height":200,"srcset":"https:\/\/i0.wp.com\/ws168.juntadeandalucia.es\/iaap\/gestiondelconocimiento\/wp-content\/uploads\/sites\/10\/2020\/01\/Embajadores-del-Conocimiento.-IAAP.-Junta-de-Andaluc%C3%ADa.jpg?resize=350%2C200&ssl=1 1x, https:\/\/i0.wp.com\/ws168.juntadeandalucia.es\/iaap\/gestiondelconocimiento\/wp-content\/uploads\/sites\/10\/2020\/01\/Embajadores-del-Conocimiento.-IAAP.-Junta-de-Andaluc%C3%ADa.jpg?resize=525%2C300&ssl=1 1.5x, https:\/\/i0.wp.com\/ws168.juntadeandalucia.es\/iaap\/gestiondelconocimiento\/wp-content\/uploads\/sites\/10\/2020\/01\/Embajadores-del-Conocimiento.-IAAP.-Junta-de-Andaluc%C3%ADa.jpg?resize=700%2C400&ssl=1 2x, https:\/\/i0.wp.com\/ws168.juntadeandalucia.es\/iaap\/gestiondelconocimiento\/wp-content\/uploads\/sites\/10\/2020\/01\/Embajadores-del-Conocimiento.-IAAP.-Junta-de-Andaluc%C3%ADa.jpg?resize=1050%2C600&ssl=1 3x, https:\/\/i0.wp.com\/ws168.juntadeandalucia.es\/iaap\/gestiondelconocimiento\/wp-content\/uploads\/sites\/10\/2020\/01\/Embajadores-del-Conocimiento.-IAAP.-Junta-de-Andaluc%C3%ADa.jpg?resize=1400%2C800&ssl=1 4x"},"classes":[]}],"jetpack_likes_enabled":true,"_links":{"self":[{"href":"https:\/\/ws168.juntadeandalucia.es\/iaap\/gestiondelconocimiento\/wp-json\/wp\/v2\/pages\/2011","targetHints":{"allow":["GET"]}}],"collection":[{"href":"https:\/\/ws168.juntadeandalucia.es\/iaap\/gestiondelconocimiento\/wp-json\/wp\/v2\/pages"}],"about":[{"href":"https:\/\/ws168.juntadeandalucia.es\/iaap\/gestiondelconocimiento\/wp-json\/wp\/v2\/types\/page"}],"author":[{"embeddable":true,"href":"https:\/\/ws168.juntadeandalucia.es\/iaap\/gestiondelconocimiento\/wp-json\/wp\/v2\/users\/46"}],"replies":[{"embeddable":true,"href":"https:\/\/ws168.juntadeandalucia.es\/iaap\/gestiondelconocimiento\/wp-json\/wp\/v2\/comments?post=2011"}],"version-history":[{"count":5,"href":"https:\/\/ws168.juntadeandalucia.es\/iaap\/gestiondelconocimiento\/wp-json\/wp\/v2\/pages\/2011\/revisions"}],"predecessor-version":[{"id":2042,"href":"https:\/\/ws168.juntadeandalucia.es\/iaap\/gestiondelconocimiento\/wp-json\/wp\/v2\/pages\/2011\/revisions\/2042"}],"up":[{"embeddable":true,"href":"https:\/\/ws168.juntadeandalucia.es\/iaap\/gestiondelconocimiento\/wp-json\/wp\/v2\/pages\/157"}],"wp:attachment":[{"href":"https:\/\/ws168.juntadeandalucia.es\/iaap\/gestiondelconocimiento\/wp-json\/wp\/v2\/media?parent=2011"}],"curies":[{"name":"wp","href":"https:\/\/api.w.org\/{rel}","templated":true}]}}