{"id":2018,"date":"2020-02-22T20:03:16","date_gmt":"2020-02-22T20:03:16","guid":{"rendered":"https:\/\/ws168.juntadeandalucia.es\/iaap\/gestiondelconocimiento\/?page_id=2018"},"modified":"2020-03-08T21:01:26","modified_gmt":"2020-03-08T21:01:26","slug":"gc02-revista-digital","status":"publish","type":"page","link":"https:\/\/ws168.juntadeandalucia.es\/iaap\/gestiondelconocimiento\/proyectos\/edicion-2018-2019\/gc02-revista-digital\/","title":{"rendered":"GC02 &#8211; Revista digital (2018-19)"},"content":{"rendered":"<h4><img fetchpriority=\"high\" decoding=\"async\" data-attachment-id=\"456\" data-permalink=\"https:\/\/ws168.juntadeandalucia.es\/iaap\/gestiondelconocimiento\/proyectos\/edicion-2017-2018\/gc02\/gc02_logo\/\" data-orig-file=\"https:\/\/ws168.juntadeandalucia.es\/iaap\/gestiondelconocimiento\/wp-content\/uploads\/sites\/10\/2018\/06\/GC02_logo.png\" data-orig-size=\"590,151\" data-comments-opened=\"0\" data-image-meta=\"{&quot;aperture&quot;:&quot;0&quot;,&quot;credit&quot;:&quot;&quot;,&quot;camera&quot;:&quot;&quot;,&quot;caption&quot;:&quot;&quot;,&quot;created_timestamp&quot;:&quot;0&quot;,&quot;copyright&quot;:&quot;&quot;,&quot;focal_length&quot;:&quot;0&quot;,&quot;iso&quot;:&quot;0&quot;,&quot;shutter_speed&quot;:&quot;0&quot;,&quot;title&quot;:&quot;&quot;,&quot;orientation&quot;:&quot;0&quot;}\" data-image-title=\"GC02_logo\" data-image-description=\"\" data-image-caption=\"\" data-large-file=\"https:\/\/ws168.juntadeandalucia.es\/iaap\/gestiondelconocimiento\/wp-content\/uploads\/sites\/10\/2018\/06\/GC02_logo.png\" class=\"wp-image-456 size-full aligncenter\" src=\"https:\/\/ws168.juntadeandalucia.es\/iaap\/gestiondelconocimiento\/wp-content\/uploads\/sites\/10\/2018\/06\/GC02_logo.png\" alt=\"\" width=\"590\" height=\"151\" srcset=\"https:\/\/ws168.juntadeandalucia.es\/iaap\/gestiondelconocimiento\/wp-content\/uploads\/sites\/10\/2018\/06\/GC02_logo.png 590w, https:\/\/ws168.juntadeandalucia.es\/iaap\/gestiondelconocimiento\/wp-content\/uploads\/sites\/10\/2018\/06\/GC02_logo-300x77.png 300w, https:\/\/ws168.juntadeandalucia.es\/iaap\/gestiondelconocimiento\/wp-content\/uploads\/sites\/10\/2018\/06\/GC02_logo-110x28.png 110w, https:\/\/ws168.juntadeandalucia.es\/iaap\/gestiondelconocimiento\/wp-content\/uploads\/sites\/10\/2018\/06\/GC02_logo-420x107.png 420w\" sizes=\"(max-width: 590px) 100vw, 590px\" \/><\/h4>\n<h4><span style=\"font-size: 12pt\">DESCRIPCI\u00d3N:<\/span><\/h4>\n<p><span style=\"font-size: 12pt\">EnRed@2.0 es una publicaci\u00f3n digital elaborada por el personal de la Junta de Andaluc\u00eda. Esta Revista\u00a0<\/span><span style=\"font-size: 12pt\">es un instrumento para la puesta en valor del conocimiento y experiencia adquiridos y desarrollados en el sector p\u00fablico andaluz. Por consiguiente, canaliza y difunde el esp\u00edritu creativo e innovador de las empleadas y empleados p\u00fablicos.\u00a0<\/span><\/p>\n<h4><span style=\"font-size: 12pt\">OBJETIVOS:<\/span><\/h4>\n<ul>\n<li><span style=\"font-size: 12pt\">Compartir el conocimiento, la experiencia profesional y personal de los empleados p\u00fablicos.<\/span><\/li>\n<li><span style=\"font-size: 12pt\">Participaci\u00f3n y colaboraci\u00f3n activa.<\/span><\/li>\n<li><span style=\"font-size: 12pt\">Creaci\u00f3n de una conciencia de transformaci\u00f3n y mejora social y personal.<\/span><\/li>\n<\/ul>\n<p><span style=\"font-size: 12pt\">Los antecedentes de esta edici\u00f3n se sit\u00faan en el trabajo realizado por el <a href=\"https:\/\/wp.me\/P9W7Se-3h\" target=\"_blank\" rel=\"noopener\">GC02- Revista Digital<\/a>, en la primera edici\u00f3n del programa Embajadores del Conocimiento en 2017-2018.<\/span><\/p>\n<h4><span style=\"font-size: 12pt\">ENLACES:<\/span><\/h4>\n<ul>\n<li><span style=\"font-size: 12pt\">Conoce la <strong><a href=\"https:\/\/ws168.juntadeandalucia.es\/iaap\/revista\" target=\"_blank\" rel=\"noopener\">Revista Enred@2.0<\/a>.<\/strong><\/span><\/li>\n<li><span style=\"font-size: 12pt\">Colabora con la revista: <strong><a href=\"mailto:revista.iaap@juntadeandalucia.es\" target=\"_blank\" rel=\"noopener\">contacta<\/a><\/strong>.<\/span><\/li>\n<\/ul>\n<h4><span style=\"font-size: 12pt\">ENTREGABLES:<\/span><\/h4>\n<h4><span style=\"color: #800080;font-size: 12pt\">Edici\u00f3n 2018-2019:<\/span><\/h4>\n<ul>\n<li><span style=\"font-size: 12pt\"><a href=\"https:\/\/ws168.juntadeandalucia.es\/iaap\/revista\/numeros\/no-especial-concurso-personal-funcionario-diciembre-2018-2\/\" target=\"_blank\" rel=\"noopener\"><strong>N\u00famero especial (diciembre 2018)<\/strong><\/a>: Concurso personal funcionario.<\/span><\/li>\n<li><span style=\"font-size: 12pt\"><strong><a href=\"https:\/\/ws168.juntadeandalucia.es\/iaap\/revista\/numeros\/no-3-noviembre-2018-febrero-2019\/\" target=\"_blank\" rel=\"noopener\">N\u00famero 3 (noviembre 2018-febrero 2019)<\/a><\/strong>: Monogr\u00e1fico: seguridad.<\/span><\/li>\n<li><span style=\"font-size: 12pt\"><strong><a href=\"https:\/\/ws168.juntadeandalucia.es\/iaap\/revista\/numeros\/no-4-marzo-2019-junio-2019\/\" target=\"_blank\" rel=\"noopener\">N\u00famero 4\u00a0(marzo-junio 2019)<\/a><\/strong>: Monogr\u00e1fico: bienvenidos a la Junta.<\/span><\/li>\n<li><span style=\"font-size: 12pt\"><a href=\"https:\/\/ws168.juntadeandalucia.es\/iaap\/revista\/\" target=\"_blank\" rel=\"noopener\"><strong>N\u00famero\u00a05 (junio-septiembre 2019)<\/strong><\/a>: Monogr\u00e1fico: Gesti\u00f3n del Conocimiento.<\/span><\/li>\n<\/ul>\n","protected":false},"excerpt":{"rendered":"<p>DESCRIPCI\u00d3N: EnRed@2.0 es una publicaci\u00f3n digital elaborada por el personal de la Junta de Andaluc\u00eda. Esta Revista\u00a0es un instrumento para la puesta en valor del conocimiento y experiencia adquiridos y desarrollados en el sector p\u00fablico andaluz. Por consiguiente, canaliza y difunde el esp\u00edritu creativo e innovador de las empleadas y empleados p\u00fablicos.\u00a0 OBJETIVOS: Compartir el [&hellip;]<\/p>\n","protected":false},"author":46,"featured_media":0,"parent":2011,"menu_order":2,"comment_status":"closed","ping_status":"closed","template":"","meta":{"jetpack_post_was_ever_published":false,"footnotes":""},"class_list":["post-2018","page","type-page","status-publish","hentry"],"jetpack_sharing_enabled":true,"jetpack_shortlink":"https:\/\/wp.me\/P9W7Se-wy","jetpack-related-posts":[{"id":203,"url":"https:\/\/ws168.juntadeandalucia.es\/iaap\/gestiondelconocimiento\/proyectos\/edicion-2017-2018\/gc02\/","url_meta":{"origin":2018,"position":0},"title":"GC02 &#8211; Revista digital (2017-18)","author":"","date":"16 junio, 2018","format":false,"excerpt":"DESCRIPCI\u00d3N: EnRed@2.0 es una publicaci\u00f3n digital elaborada por el personal de la Junta de Andaluc\u00eda. Esta Revista\u00a0es un instrumento para la puesta en valor del conocimiento y experiencia adquiridos y desarrollados en el sector p\u00fablico andaluz. Por consiguiente, canaliza y difunde el esp\u00edritu creativo e innovador de las empleadas y\u2026","rel":"","context":"Entrada similar","block_context":{"text":"Entrada similar","link":""},"img":{"alt_text":"","src":"https:\/\/i0.wp.com\/ws168.juntadeandalucia.es\/iaap\/gestiondelconocimiento\/wp-content\/uploads\/sites\/10\/2018\/06\/img_1190.jpg?resize=350%2C200&ssl=1","width":350,"height":200,"srcset":"https:\/\/i0.wp.com\/ws168.juntadeandalucia.es\/iaap\/gestiondelconocimiento\/wp-content\/uploads\/sites\/10\/2018\/06\/img_1190.jpg?resize=350%2C200&ssl=1 1x, https:\/\/i0.wp.com\/ws168.juntadeandalucia.es\/iaap\/gestiondelconocimiento\/wp-content\/uploads\/sites\/10\/2018\/06\/img_1190.jpg?resize=525%2C300&ssl=1 1.5x"},"classes":[]},{"id":2046,"url":"https:\/\/ws168.juntadeandalucia.es\/iaap\/gestiondelconocimiento\/proyectos\/edicion-2019-2020-edicion-2019-2020\/gc02-revista-digital\/","url_meta":{"origin":2018,"position":1},"title":"GC02 &#8211; Revista digital (2019-20)","author":"beatrizsanchezgomez","date":"23 febrero, 2020","format":false,"excerpt":"DESCRIPCI\u00d3N: EnRed@2.0 es una publicaci\u00f3n digital elaborada por el personal de la Junta de Andaluc\u00eda. Esta Revista\u00a0es un instrumento para la puesta en valor del conocimiento y experiencia adquiridos y desarrollados en el sector p\u00fablico andaluz. Por consiguiente, canaliza y difunde el esp\u00edritu creativo e innovador de las empleadas y\u2026","rel":"","context":"Entrada similar","block_context":{"text":"Entrada similar","link":""},"img":{"alt_text":"","src":"https:\/\/i0.wp.com\/ws168.juntadeandalucia.es\/iaap\/gestiondelconocimiento\/wp-content\/uploads\/sites\/10\/2018\/06\/GC02_logo.png?resize=350%2C200&ssl=1","width":350,"height":200,"srcset":"https:\/\/i0.wp.com\/ws168.juntadeandalucia.es\/iaap\/gestiondelconocimiento\/wp-content\/uploads\/sites\/10\/2018\/06\/GC02_logo.png?resize=350%2C200&ssl=1 1x, https:\/\/i0.wp.com\/ws168.juntadeandalucia.es\/iaap\/gestiondelconocimiento\/wp-content\/uploads\/sites\/10\/2018\/06\/GC02_logo.png?resize=525%2C300&ssl=1 1.5x"},"classes":[]},{"id":4663,"url":"https:\/\/ws168.juntadeandalucia.es\/iaap\/gestiondelconocimiento\/edicion-2022\/revista-digital-enred2-0\/","url_meta":{"origin":2018,"position":2},"title":"Revista digital Enred@2.0","author":"","date":"25 febrero, 2023","format":false,"excerpt":"El Consejo Editorial de la revista en esta V edici\u00f3n del programa cont\u00f3 con ocho personas, de las cuales cuatro fueron nuevas en el equipo. Podr\u00edamos decir que la revista es un reflejo de la Junta, de lo que sabemos y lo que somos como empleados p\u00fablicos, si bien no\u2026","rel":"","context":"Entrada similar","block_context":{"text":"Entrada similar","link":""},"img":{"alt_text":"","src":"","width":0,"height":0},"classes":[]},{"id":418,"url":"https:\/\/ws168.juntadeandalucia.es\/iaap\/gestiondelconocimiento\/embajadores-del-conocimiento\/","url_meta":{"origin":2018,"position":3},"title":"Programa Embajadores\/as del Conocimiento","author":"","date":"16 junio, 2018","format":false,"excerpt":"Embajadores del Conocimiento es un programa que inici\u00f3 su andadura en mayo de 2017 y del que forman parte un grupo de empleadas y empleados p\u00fablicos con clara vocaci\u00f3n de servicio p\u00fablico. Este naci\u00f3 con la idea de establecer una red de personas que colaborar\u00e1n, de manera totalmente desinteresada, con\u2026","rel":"","context":"Entrada similar","block_context":{"text":"Entrada similar","link":""},"img":{"alt_text":"","src":"https:\/\/i0.wp.com\/ws168.juntadeandalucia.es\/iaap\/gestiondelconocimiento\/wp-content\/uploads\/sites\/10\/2020\/01\/Embajadores-del-Conocimiento.-IAAP.-Junta-de-Andaluc%C3%ADa.jpg?resize=350%2C200&ssl=1","width":350,"height":200,"srcset":"https:\/\/i0.wp.com\/ws168.juntadeandalucia.es\/iaap\/gestiondelconocimiento\/wp-content\/uploads\/sites\/10\/2020\/01\/Embajadores-del-Conocimiento.-IAAP.-Junta-de-Andaluc%C3%ADa.jpg?resize=350%2C200&ssl=1 1x, https:\/\/i0.wp.com\/ws168.juntadeandalucia.es\/iaap\/gestiondelconocimiento\/wp-content\/uploads\/sites\/10\/2020\/01\/Embajadores-del-Conocimiento.-IAAP.-Junta-de-Andaluc%C3%ADa.jpg?resize=525%2C300&ssl=1 1.5x, https:\/\/i0.wp.com\/ws168.juntadeandalucia.es\/iaap\/gestiondelconocimiento\/wp-content\/uploads\/sites\/10\/2020\/01\/Embajadores-del-Conocimiento.-IAAP.-Junta-de-Andaluc%C3%ADa.jpg?resize=700%2C400&ssl=1 2x, https:\/\/i0.wp.com\/ws168.juntadeandalucia.es\/iaap\/gestiondelconocimiento\/wp-content\/uploads\/sites\/10\/2020\/01\/Embajadores-del-Conocimiento.-IAAP.-Junta-de-Andaluc%C3%ADa.jpg?resize=1050%2C600&ssl=1 3x, https:\/\/i0.wp.com\/ws168.juntadeandalucia.es\/iaap\/gestiondelconocimiento\/wp-content\/uploads\/sites\/10\/2020\/01\/Embajadores-del-Conocimiento.-IAAP.-Junta-de-Andaluc%C3%ADa.jpg?resize=1400%2C800&ssl=1 4x"},"classes":[]},{"id":201,"url":"https:\/\/ws168.juntadeandalucia.es\/iaap\/gestiondelconocimiento\/proyectos\/edicion-2017-2018\/gc01\/","url_meta":{"origin":2018,"position":4},"title":"GC01 &#8211; Cambio generacional (2017-18)","author":"","date":"16 junio, 2018","format":false,"excerpt":"Edici\u00f3n 2017-2018 DESCRIPCI\u00d3N: Este proyecto engloba la creaci\u00f3n de un metodolog\u00eda para la transferencia del conocimiento, destinado sobre todo a personas pr\u00f3ximas a la jubilaci\u00f3n. Para que pueda hacerse una adecuada gesti\u00f3n del conocimiento hacia el personal de nuevo ingreso. Sin embargo, esta metodolog\u00eda tambi\u00e9n puede adaptarse a situaciones de\u2026","rel":"","context":"Entrada similar","block_context":{"text":"Entrada similar","link":""},"img":{"alt_text":"","src":"https:\/\/i0.wp.com\/ws168.juntadeandalucia.es\/iaap\/gestiondelconocimiento\/wp-content\/uploads\/sites\/10\/2020\/01\/Cambio-Generacional.-GC01.-Embajadores-del-Conocimiento-IAAP.-Junta-de-Andaluc%C3%ADa.jpg?resize=350%2C200&ssl=1","width":350,"height":200,"srcset":"https:\/\/i0.wp.com\/ws168.juntadeandalucia.es\/iaap\/gestiondelconocimiento\/wp-content\/uploads\/sites\/10\/2020\/01\/Cambio-Generacional.-GC01.-Embajadores-del-Conocimiento-IAAP.-Junta-de-Andaluc%C3%ADa.jpg?resize=350%2C200&ssl=1 1x, https:\/\/i0.wp.com\/ws168.juntadeandalucia.es\/iaap\/gestiondelconocimiento\/wp-content\/uploads\/sites\/10\/2020\/01\/Cambio-Generacional.-GC01.-Embajadores-del-Conocimiento-IAAP.-Junta-de-Andaluc%C3%ADa.jpg?resize=525%2C300&ssl=1 1.5x, https:\/\/i0.wp.com\/ws168.juntadeandalucia.es\/iaap\/gestiondelconocimiento\/wp-content\/uploads\/sites\/10\/2020\/01\/Cambio-Generacional.-GC01.-Embajadores-del-Conocimiento-IAAP.-Junta-de-Andaluc%C3%ADa.jpg?resize=700%2C400&ssl=1 2x, https:\/\/i0.wp.com\/ws168.juntadeandalucia.es\/iaap\/gestiondelconocimiento\/wp-content\/uploads\/sites\/10\/2020\/01\/Cambio-Generacional.-GC01.-Embajadores-del-Conocimiento-IAAP.-Junta-de-Andaluc%C3%ADa.jpg?resize=1050%2C600&ssl=1 3x, https:\/\/i0.wp.com\/ws168.juntadeandalucia.es\/iaap\/gestiondelconocimiento\/wp-content\/uploads\/sites\/10\/2020\/01\/Cambio-Generacional.-GC01.-Embajadores-del-Conocimiento-IAAP.-Junta-de-Andaluc%C3%ADa.jpg?resize=1400%2C800&ssl=1 4x"},"classes":[]},{"id":2015,"url":"https:\/\/ws168.juntadeandalucia.es\/iaap\/gestiondelconocimiento\/proyectos\/edicion-2018-2019\/gc01-cambio-generacional\/","url_meta":{"origin":2018,"position":5},"title":"GC01 &#8211; Cambio generacional 2.0 (2018-19)","author":"beatrizsanchezgomez","date":"22 febrero, 2020","format":false,"excerpt":"Edici\u00f3n 2018-2019 DESCRIPCI\u00d3N: Este proyecto engloba la creaci\u00f3n de un metodolog\u00eda para la transferencia del conocimiento, destinado sobre todo a personas pr\u00f3ximas a la jubilaci\u00f3n. Para que pueda hacerse una adecuada gesti\u00f3n del conocimiento hacia el personal de nuevo ingreso. Sin embargo, esta metodolog\u00eda tambi\u00e9n puede adaptarse a situaciones de\u2026","rel":"","context":"Entrada similar","block_context":{"text":"Entrada similar","link":""},"img":{"alt_text":"","src":"","width":0,"height":0},"classes":[]}],"jetpack_likes_enabled":true,"_links":{"self":[{"href":"https:\/\/ws168.juntadeandalucia.es\/iaap\/gestiondelconocimiento\/wp-json\/wp\/v2\/pages\/2018","targetHints":{"allow":["GET"]}}],"collection":[{"href":"https:\/\/ws168.juntadeandalucia.es\/iaap\/gestiondelconocimiento\/wp-json\/wp\/v2\/pages"}],"about":[{"href":"https:\/\/ws168.juntadeandalucia.es\/iaap\/gestiondelconocimiento\/wp-json\/wp\/v2\/types\/page"}],"author":[{"embeddable":true,"href":"https:\/\/ws168.juntadeandalucia.es\/iaap\/gestiondelconocimiento\/wp-json\/wp\/v2\/users\/46"}],"replies":[{"embeddable":true,"href":"https:\/\/ws168.juntadeandalucia.es\/iaap\/gestiondelconocimiento\/wp-json\/wp\/v2\/comments?post=2018"}],"version-history":[{"count":5,"href":"https:\/\/ws168.juntadeandalucia.es\/iaap\/gestiondelconocimiento\/wp-json\/wp\/v2\/pages\/2018\/revisions"}],"predecessor-version":[{"id":2202,"href":"https:\/\/ws168.juntadeandalucia.es\/iaap\/gestiondelconocimiento\/wp-json\/wp\/v2\/pages\/2018\/revisions\/2202"}],"up":[{"embeddable":true,"href":"https:\/\/ws168.juntadeandalucia.es\/iaap\/gestiondelconocimiento\/wp-json\/wp\/v2\/pages\/2011"}],"wp:attachment":[{"href":"https:\/\/ws168.juntadeandalucia.es\/iaap\/gestiondelconocimiento\/wp-json\/wp\/v2\/media?parent=2018"}],"curies":[{"name":"wp","href":"https:\/\/api.w.org\/{rel}","templated":true}]}}