{"id":3258,"date":"2021-05-20T16:21:21","date_gmt":"2021-05-20T15:21:21","guid":{"rendered":"https:\/\/ws168.juntadeandalucia.es\/iaap\/gestiondelconocimiento\/?page_id=3258"},"modified":"2021-05-20T16:28:53","modified_gmt":"2021-05-20T15:28:53","slug":"estudios-de-casos","status":"publish","type":"page","link":"https:\/\/ws168.juntadeandalucia.es\/iaap\/gestiondelconocimiento\/proyectos\/edicion-2019-2020-edicion-2019-2020\/gc13-creando-el-grupo-de-casologas-os\/estudios-de-casos\/","title":{"rendered":"Estudios de casos"},"content":{"rendered":"<h1 style=\"text-align: justify\"><span style=\"font-weight: 400\">EL M\u00c9TODO DEL ESTUDIO DE CASOS EN LA JUNTA DE ANDALUC\u00cdA<\/span><\/h1>\n<p style=\"text-align: justify\"><span style=\"font-weight: 400\">En el Marco del Programa Embajadores\/as del Conocimiento impulsado por el IAAP, se aloja el proyecto Estudio de Casos: creando el grupo de Cas\u00f3log@s, cuyo objetivo es acercar a la Administraci\u00f3n P\u00fablica de la Junta de Andaluc\u00eda la Metodolog\u00eda del Estudio de Casos como herramienta de conocimiento.<\/span><\/p>\n<p style=\"text-align: justify\"><span style=\"font-weight: 400\"><img fetchpriority=\"high\" decoding=\"async\" data-attachment-id=\"3900\" data-permalink=\"https:\/\/ws168.juntadeandalucia.es\/iaap\/gestiondelconocimiento\/proyectos\/edicion-2019-2020-edicion-2019-2020\/gc13-creando-el-grupo-de-casologas-os\/estudios-de-casos\/playmovil-gc\/\" data-orig-file=\"https:\/\/ws168.juntadeandalucia.es\/iaap\/gestiondelconocimiento\/wp-content\/uploads\/sites\/10\/2021\/05\/Playmovil-GC-scaled.jpg\" data-orig-size=\"2226,2560\" data-comments-opened=\"0\" data-image-meta=\"{&quot;aperture&quot;:&quot;0&quot;,&quot;credit&quot;:&quot;&quot;,&quot;camera&quot;:&quot;&quot;,&quot;caption&quot;:&quot;&quot;,&quot;created_timestamp&quot;:&quot;0&quot;,&quot;copyright&quot;:&quot;&quot;,&quot;focal_length&quot;:&quot;0&quot;,&quot;iso&quot;:&quot;0&quot;,&quot;shutter_speed&quot;:&quot;0&quot;,&quot;title&quot;:&quot;&quot;,&quot;orientation&quot;:&quot;0&quot;}\" data-image-title=\"Playmovil GC\" data-image-description=\"\" data-image-caption=\"\" data-large-file=\"https:\/\/ws168.juntadeandalucia.es\/iaap\/gestiondelconocimiento\/wp-content\/uploads\/sites\/10\/2021\/05\/Playmovil-GC-890x1024.jpg\" class=\"size-medium wp-image-3900 alignleft\" src=\"https:\/\/ws168.juntadeandalucia.es\/iaap\/gestiondelconocimiento\/wp-content\/uploads\/sites\/10\/2021\/05\/Playmovil-GC-261x300.jpg\" alt=\"\" width=\"261\" height=\"300\" srcset=\"https:\/\/ws168.juntadeandalucia.es\/iaap\/gestiondelconocimiento\/wp-content\/uploads\/sites\/10\/2021\/05\/Playmovil-GC-261x300.jpg 261w, https:\/\/ws168.juntadeandalucia.es\/iaap\/gestiondelconocimiento\/wp-content\/uploads\/sites\/10\/2021\/05\/Playmovil-GC-890x1024.jpg 890w, https:\/\/ws168.juntadeandalucia.es\/iaap\/gestiondelconocimiento\/wp-content\/uploads\/sites\/10\/2021\/05\/Playmovil-GC-768x883.jpg 768w, https:\/\/ws168.juntadeandalucia.es\/iaap\/gestiondelconocimiento\/wp-content\/uploads\/sites\/10\/2021\/05\/Playmovil-GC-600x690.jpg 600w, https:\/\/ws168.juntadeandalucia.es\/iaap\/gestiondelconocimiento\/wp-content\/uploads\/sites\/10\/2021\/05\/Playmovil-GC-1335x1536.jpg 1335w, https:\/\/ws168.juntadeandalucia.es\/iaap\/gestiondelconocimiento\/wp-content\/uploads\/sites\/10\/2021\/05\/Playmovil-GC-1781x2048.jpg 1781w\" sizes=\"(max-width: 261px) 100vw, 261px\" \/><\/span><\/p>\n<h2 style=\"text-align: left\"><span style=\"font-weight: 400\"><br \/><\/span><span style=\"font-weight: 400\">Ahora bien, \u00bfqu\u00e9 es el estudio de casos?<\/span><\/h2>\n<p style=\"text-align: justify\"><span style=\"font-weight: 400\"><br \/><\/span><span style=\"font-weight: 400\">Hay multitud de definiciones, pero la base arraiga en la idea de que, con el Estudio de Casos se produce un razonamiento inductivo a partir del estudio, observaci\u00f3n y recolecci\u00f3n de datos, estableciendo hip\u00f3tesis o teor\u00edas. Este hecho puede producir nuevos conocimientos, o confirmar teor\u00edas que ya se sab\u00edan. Se basa en hacer una cr\u00f3nica o registro de lo que va sucediendo a lo largo del estudio, describir situaciones y circunstancias concretas y comprobar o contrastar fen\u00f3menos, situaciones y hechos.<\/span><\/p>\n<p style=\"text-align: justify\"><span style=\"font-weight: 400\"><br \/><\/span><span style=\"font-weight: 400\">El estudio de caso pretende explorar, describir, explicar, evaluar y\/o transformar a trav\u00e9s del aprendizaje y conocimiento basado en la experiencia de las cosas sucedidas.<\/span><\/p>\n<h2 style=\"text-align: justify\"><span style=\"font-weight: 400\"><br \/><\/span><span style=\"font-weight: 400\">\u00bfCu\u00e1les son las principales utilidades que ofrece este m\u00e9todo?<\/span><\/h2>\n<p style=\"text-align: justify\"><span style=\"font-weight: 400\">&#8211; Mayor capacidad para generar, compartir y difundir el conocimiento generado dentro de la Administraci\u00f3n y entender las razones por las que un proyecto o proceso ocurri\u00f3 de una determinada forma, en funci\u00f3n de sus actores y contexto.<\/span><\/p>\n<p style=\"text-align: justify\"><span style=\"font-weight: 400\">&#8211; Aprender de los \u00e9xitos y tambi\u00e9n de los fracasos.<\/span><\/p>\n<p style=\"text-align: justify\"><span style=\"font-weight: 400\">&#8211; Difundir todos estos casos para reforzar aquello que se ha demostrado que funciona bien y desechar\/ modificar o mejorar aquellos que no alcanzaron los resultados esperados.<\/span><\/p>\n<p><img decoding=\"async\" data-attachment-id=\"3899\" data-permalink=\"https:\/\/ws168.juntadeandalucia.es\/iaap\/gestiondelconocimiento\/proyectos\/edicion-2019-2020-edicion-2019-2020\/gc13-creando-el-grupo-de-casologas-os\/estudios-de-casos\/el-estudio-de-casos-2\/\" data-orig-file=\"https:\/\/ws168.juntadeandalucia.es\/iaap\/gestiondelconocimiento\/wp-content\/uploads\/sites\/10\/2021\/05\/El-estudio-de-casos-2.jpg\" data-orig-size=\"1920,1080\" data-comments-opened=\"0\" data-image-meta=\"{&quot;aperture&quot;:&quot;0&quot;,&quot;credit&quot;:&quot;&quot;,&quot;camera&quot;:&quot;&quot;,&quot;caption&quot;:&quot;&quot;,&quot;created_timestamp&quot;:&quot;0&quot;,&quot;copyright&quot;:&quot;&quot;,&quot;focal_length&quot;:&quot;0&quot;,&quot;iso&quot;:&quot;0&quot;,&quot;shutter_speed&quot;:&quot;0&quot;,&quot;title&quot;:&quot;&quot;,&quot;orientation&quot;:&quot;0&quot;}\" data-image-title=\"El estudio de casos-2\" data-image-description=\"\" data-image-caption=\"\" data-large-file=\"https:\/\/ws168.juntadeandalucia.es\/iaap\/gestiondelconocimiento\/wp-content\/uploads\/sites\/10\/2021\/05\/El-estudio-de-casos-2-1024x576.jpg\" class=\"aligncenter wp-image-3899 size-large\" src=\"https:\/\/ws168.juntadeandalucia.es\/iaap\/gestiondelconocimiento\/wp-content\/uploads\/sites\/10\/2021\/05\/El-estudio-de-casos-2-1024x576.jpg\" alt=\"\" width=\"640\" height=\"360\" srcset=\"https:\/\/ws168.juntadeandalucia.es\/iaap\/gestiondelconocimiento\/wp-content\/uploads\/sites\/10\/2021\/05\/El-estudio-de-casos-2-1024x576.jpg 1024w, https:\/\/ws168.juntadeandalucia.es\/iaap\/gestiondelconocimiento\/wp-content\/uploads\/sites\/10\/2021\/05\/El-estudio-de-casos-2-300x169.jpg 300w, https:\/\/ws168.juntadeandalucia.es\/iaap\/gestiondelconocimiento\/wp-content\/uploads\/sites\/10\/2021\/05\/El-estudio-de-casos-2-768x432.jpg 768w, https:\/\/ws168.juntadeandalucia.es\/iaap\/gestiondelconocimiento\/wp-content\/uploads\/sites\/10\/2021\/05\/El-estudio-de-casos-2-600x338.jpg 600w, https:\/\/ws168.juntadeandalucia.es\/iaap\/gestiondelconocimiento\/wp-content\/uploads\/sites\/10\/2021\/05\/El-estudio-de-casos-2-1536x864.jpg 1536w, https:\/\/ws168.juntadeandalucia.es\/iaap\/gestiondelconocimiento\/wp-content\/uploads\/sites\/10\/2021\/05\/El-estudio-de-casos-2.jpg 1920w\" sizes=\"(max-width: 640px) 100vw, 640px\" \/><\/p>\n<h3>Algunos ejemplos<\/h3>\n<p style=\"text-align: justify\"><span style=\"font-weight: 400\">Como resultado de la formaci\u00f3n en Estudio de Casos <\/span><span style=\"font-weight: 400\">presentamos los 4 primeros estudios de casos realizados en la Junta de Andaluc\u00eda. Han sido elaborados dentro del proyecto Estudio de Casos: creando el grupo de Cas\u00f3log@s para servir de referente ante al resoluci\u00f3n de conflictos y retos semejantes a los aqu\u00ed descritos.<\/span><\/p>\n<p><a href=\"https:\/\/ws168.juntadeandalucia.es\/iaap\/gestiondelconocimiento\/wp-content\/uploads\/sites\/10\/2021\/01\/1.-\u00bfSe-renueva-la-Administracio\u0301n-o-sigue-en-el-siglo-XIX_-Una-apuesta-por-el-trabajo-colaborativo.pdf\" target=\"_blank\" rel=\"noopener\">1.- \u00bfSe renueva la Administracio\u0301n o sigue en el siglo XIX_ Una apuesta por el trabajo colaborativo<\/a><\/p>\n<p><a href=\"https:\/\/ws168.juntadeandalucia.es\/iaap\/gestiondelconocimiento\/wp-content\/uploads\/sites\/10\/2021\/01\/2.-Caso-de-Ana\u0301lisis-de-Toma-de-Decisiones.pdf\" target=\"_blank\" rel=\"noopener\">2.- Caso de Ana\u0301lisis de Toma de Decisiones<\/a><\/p>\n<p><a href=\"https:\/\/ws168.juntadeandalucia.es\/iaap\/gestiondelconocimiento\/wp-content\/uploads\/sites\/10\/2021\/01\/3.-La-Dependencia-en-tiempos-del-COVID-19.pdf\" target=\"_blank\" rel=\"noopener\">3.- La Dependencia en tiempos del COVID-19<\/a><\/p>\n<p><a href=\"https:\/\/ws168.juntadeandalucia.es\/iaap\/gestiondelconocimiento\/wp-content\/uploads\/sites\/10\/2021\/01\/4.-Un-conflicto-conveniente.pdf\" target=\"_blank\" rel=\"noopener\">4.- Un conflicto conveniente<\/a><\/p>\n\n\n<p><\/p>\n","protected":false},"excerpt":{"rendered":"<p>EL M\u00c9TODO DEL ESTUDIO DE CASOS EN LA JUNTA DE ANDALUC\u00cdA En el Marco del Programa Embajadores\/as del Conocimiento impulsado por el IAAP, se aloja el proyecto Estudio de Casos: creando el grupo de Cas\u00f3log@s, cuyo objetivo es acercar a la Administraci\u00f3n P\u00fablica de la Junta de Andaluc\u00eda la Metodolog\u00eda del Estudio de Casos como [&hellip;]<\/p>\n","protected":false},"author":19,"featured_media":3895,"parent":1912,"menu_order":1,"comment_status":"closed","ping_status":"closed","template":"","meta":{"jetpack_post_was_ever_published":false,"footnotes":""},"class_list":["post-3258","page","type-page","status-publish","has-post-thumbnail","hentry"],"jetpack_sharing_enabled":true,"jetpack_shortlink":"https:\/\/wp.me\/P9W7Se-Qy","jetpack-related-posts":[{"id":1912,"url":"https:\/\/ws168.juntadeandalucia.es\/iaap\/gestiondelconocimiento\/proyectos\/edicion-2019-2020-edicion-2019-2020\/gc13-creando-el-grupo-de-casologas-os\/","url_meta":{"origin":3258,"position":0},"title":"GC12 &#8211; Creando el grupo de Cas\u00f3logas\/os (2019-20)","author":"beatrizsanchezgomez","date":"17 febrero, 2020","format":false,"excerpt":"Edici\u00f3n 2019-2020 DESCRIPCI\u00d3N Este proyecto surge en esta tercera edici\u00f3n del programa. Con el mismo se pretende elaborar\u00a0una metodolog\u00eda para sistematizar e inventariar casos (dificultades encontradas, problemas resueltos, etc.) en la Junta de Andaluc\u00eda. Porque el\u00a0estudio de casos es una herramienta muy potente para generar conocimiento a partir de experiencias\u2026","rel":"","context":"Entrada similar","block_context":{"text":"Entrada similar","link":""},"img":{"alt_text":"","src":"https:\/\/i0.wp.com\/ws168.juntadeandalucia.es\/iaap\/gestiondelconocimiento\/wp-content\/uploads\/sites\/10\/2020\/02\/search-768328_1280.png?resize=350%2C200&ssl=1","width":350,"height":200,"srcset":"https:\/\/i0.wp.com\/ws168.juntadeandalucia.es\/iaap\/gestiondelconocimiento\/wp-content\/uploads\/sites\/10\/2020\/02\/search-768328_1280.png?resize=350%2C200&ssl=1 1x, https:\/\/i0.wp.com\/ws168.juntadeandalucia.es\/iaap\/gestiondelconocimiento\/wp-content\/uploads\/sites\/10\/2020\/02\/search-768328_1280.png?resize=525%2C300&ssl=1 1.5x, https:\/\/i0.wp.com\/ws168.juntadeandalucia.es\/iaap\/gestiondelconocimiento\/wp-content\/uploads\/sites\/10\/2020\/02\/search-768328_1280.png?resize=700%2C400&ssl=1 2x, https:\/\/i0.wp.com\/ws168.juntadeandalucia.es\/iaap\/gestiondelconocimiento\/wp-content\/uploads\/sites\/10\/2020\/02\/search-768328_1280.png?resize=1050%2C600&ssl=1 3x"},"classes":[]},{"id":4046,"url":"https:\/\/ws168.juntadeandalucia.es\/iaap\/gestiondelconocimiento\/edicion-2020-2021\/casologia-en-la-junta-de-andalucia\/","url_meta":{"origin":3258,"position":1},"title":"CASOLOG\u00cdA EN LA JUNTA DE ANDALUC\u00cdA","author":"beatrizsanchezgomez","date":"29 noviembre, 2021","format":false,"excerpt":"El estudio de casos es un \u00a0m\u00e9todo de trabajo que pretende desarrollar un pensamiento\u00a0cr\u00edtico. \u00a0Se trata de un m\u00e9todo inductivo, basado en la experiencia. Pretende la\u00a0resoluci\u00f3n de problemas concretos, utilizando una informaci\u00f3n exhaustiva y compleja en un proceso de toma de decisiones. Como\u00a0ver\u00e9is, desde el grupo de Casolog\u00eda se han\u2026","rel":"","context":"Entrada similar","block_context":{"text":"Entrada similar","link":""},"img":{"alt_text":"Grupo de Casolog\u00eda","src":"https:\/\/i0.wp.com\/ws168.juntadeandalucia.es\/iaap\/gestiondelconocimiento\/wp-content\/uploads\/sites\/10\/2021\/11\/Diseno-sin-titulo-2.jpg?resize=350%2C200&ssl=1","width":350,"height":200,"srcset":"https:\/\/i0.wp.com\/ws168.juntadeandalucia.es\/iaap\/gestiondelconocimiento\/wp-content\/uploads\/sites\/10\/2021\/11\/Diseno-sin-titulo-2.jpg?resize=350%2C200&ssl=1 1x, https:\/\/i0.wp.com\/ws168.juntadeandalucia.es\/iaap\/gestiondelconocimiento\/wp-content\/uploads\/sites\/10\/2021\/11\/Diseno-sin-titulo-2.jpg?resize=525%2C300&ssl=1 1.5x, https:\/\/i0.wp.com\/ws168.juntadeandalucia.es\/iaap\/gestiondelconocimiento\/wp-content\/uploads\/sites\/10\/2021\/11\/Diseno-sin-titulo-2.jpg?resize=700%2C400&ssl=1 2x, https:\/\/i0.wp.com\/ws168.juntadeandalucia.es\/iaap\/gestiondelconocimiento\/wp-content\/uploads\/sites\/10\/2021\/11\/Diseno-sin-titulo-2.jpg?resize=1050%2C600&ssl=1 3x"},"classes":[]},{"id":196,"url":"https:\/\/ws168.juntadeandalucia.es\/iaap\/gestiondelconocimiento\/gestion-del-conocimiento\/que-es\/","url_meta":{"origin":3258,"position":2},"title":"\u00bfQU\u00c9 ES LA GESTI\u00d3N DEL CONOCIMIENTO?","author":"","date":"16 junio, 2018","format":false,"excerpt":"Para definir Gesti\u00f3n del Conocimiento (GC o KM) es necesario determinar la fuente de referencia de su estudio. Igualmente, la disciplina ser\u00e1 clave en dicha delimitaci\u00f3n, ya que estas pueden ser muy diversas y condicionan su definici\u00f3n. Se habla de GC en recursos humanos, documentaci\u00f3n, innovaci\u00f3n, gesti\u00f3n de proyectos, TIC,\u2026","rel":"","context":"Entrada similar","block_context":{"text":"Entrada similar","link":""},"img":{"alt_text":"","src":"https:\/\/i0.wp.com\/ws168.juntadeandalucia.es\/iaap\/gestiondelconocimiento\/wp-content\/uploads\/sites\/10\/2018\/06\/WhatsApp-Image-2017-11-27-at-14.12.37-2-300x300.jpeg?resize=350%2C200&ssl=1","width":350,"height":200},"classes":[]},{"id":418,"url":"https:\/\/ws168.juntadeandalucia.es\/iaap\/gestiondelconocimiento\/embajadores-del-conocimiento\/","url_meta":{"origin":3258,"position":3},"title":"Programa Embajadores\/as del Conocimiento","author":"","date":"16 junio, 2018","format":false,"excerpt":"Embajadores del Conocimiento es un programa que inici\u00f3 su andadura en mayo de 2017 y del que forman parte un grupo de empleadas y empleados p\u00fablicos con clara vocaci\u00f3n de servicio p\u00fablico. Este naci\u00f3 con la idea de establecer una red de personas que colaborar\u00e1n, de manera totalmente desinteresada, con\u2026","rel":"","context":"Entrada similar","block_context":{"text":"Entrada similar","link":""},"img":{"alt_text":"","src":"https:\/\/i0.wp.com\/ws168.juntadeandalucia.es\/iaap\/gestiondelconocimiento\/wp-content\/uploads\/sites\/10\/2020\/01\/Embajadores-del-Conocimiento.-IAAP.-Junta-de-Andaluc%C3%ADa.jpg?resize=350%2C200&ssl=1","width":350,"height":200,"srcset":"https:\/\/i0.wp.com\/ws168.juntadeandalucia.es\/iaap\/gestiondelconocimiento\/wp-content\/uploads\/sites\/10\/2020\/01\/Embajadores-del-Conocimiento.-IAAP.-Junta-de-Andaluc%C3%ADa.jpg?resize=350%2C200&ssl=1 1x, https:\/\/i0.wp.com\/ws168.juntadeandalucia.es\/iaap\/gestiondelconocimiento\/wp-content\/uploads\/sites\/10\/2020\/01\/Embajadores-del-Conocimiento.-IAAP.-Junta-de-Andaluc%C3%ADa.jpg?resize=525%2C300&ssl=1 1.5x, https:\/\/i0.wp.com\/ws168.juntadeandalucia.es\/iaap\/gestiondelconocimiento\/wp-content\/uploads\/sites\/10\/2020\/01\/Embajadores-del-Conocimiento.-IAAP.-Junta-de-Andaluc%C3%ADa.jpg?resize=700%2C400&ssl=1 2x, https:\/\/i0.wp.com\/ws168.juntadeandalucia.es\/iaap\/gestiondelconocimiento\/wp-content\/uploads\/sites\/10\/2020\/01\/Embajadores-del-Conocimiento.-IAAP.-Junta-de-Andaluc%C3%ADa.jpg?resize=1050%2C600&ssl=1 3x, https:\/\/i0.wp.com\/ws168.juntadeandalucia.es\/iaap\/gestiondelconocimiento\/wp-content\/uploads\/sites\/10\/2020\/01\/Embajadores-del-Conocimiento.-IAAP.-Junta-de-Andaluc%C3%ADa.jpg?resize=1400%2C800&ssl=1 4x"},"classes":[]},{"id":157,"url":"https:\/\/ws168.juntadeandalucia.es\/iaap\/gestiondelconocimiento\/proyectos\/","url_meta":{"origin":3258,"position":4},"title":"Ediciones","author":"","date":"21 mayo, 2018","format":false,"excerpt":"Gesti\u00f3n del Conocimiento s\u00ed, pero, \u00bfpara qu\u00e9?En 2017 se inicia la andadura en la disciplina de Gesti\u00f3n del Conocimiento en el IAAP, fijando un marco de referencia de base en el que se identificaron una serie de retos y problemas en la Junta de Andaluc\u00eda, que pod\u00edan ser atendidos con\u2026","rel":"","context":"Entrada similar","block_context":{"text":"Entrada similar","link":""},"img":{"alt_text":"","src":"https:\/\/i0.wp.com\/ws168.juntadeandalucia.es\/iaap\/gestiondelconocimiento\/wp-content\/uploads\/sites\/10\/2020\/02\/human-3131802_1280-300x208.jpg?resize=350%2C200&ssl=1","width":350,"height":200},"classes":[]},{"id":4074,"url":"https:\/\/ws168.juntadeandalucia.es\/iaap\/gestiondelconocimiento\/edicion-2020-2021\/identificacion-del-conocimiento-critico\/","url_meta":{"origin":3258,"position":5},"title":"IDENTIFICACI\u00d3N DEL CONOCIMIENTO CR\u00cdTICO","author":"beatrizsanchezgomez","date":"7 diciembre, 2021","format":false,"excerpt":"LOS MAPAS DE CONOCIMIENTO CR\u00cdTICO EN LA JUNTA DE ANDALUC\u00cdA Este proyecto evidencia que el necesario cambio en la Administraci\u00f3n en general y en la Junta de Andaluc\u00eda en particular es posible. No se necesita solo un cambio normativo y tecnol\u00f3gico, sino con mayor prioridad, un cambio cultural. Este cambio\u2026","rel":"","context":"Entrada similar","block_context":{"text":"Entrada similar","link":""},"img":{"alt_text":"","src":"https:\/\/i0.wp.com\/ws168.juntadeandalucia.es\/iaap\/gestiondelconocimiento\/wp-content\/uploads\/sites\/10\/2021\/11\/gotas-oro-manchas-aceite.jpg?resize=350%2C200&ssl=1","width":350,"height":200,"srcset":"https:\/\/i0.wp.com\/ws168.juntadeandalucia.es\/iaap\/gestiondelconocimiento\/wp-content\/uploads\/sites\/10\/2021\/11\/gotas-oro-manchas-aceite.jpg?resize=350%2C200&ssl=1 1x, https:\/\/i0.wp.com\/ws168.juntadeandalucia.es\/iaap\/gestiondelconocimiento\/wp-content\/uploads\/sites\/10\/2021\/11\/gotas-oro-manchas-aceite.jpg?resize=525%2C300&ssl=1 1.5x"},"classes":[]}],"jetpack_likes_enabled":true,"_links":{"self":[{"href":"https:\/\/ws168.juntadeandalucia.es\/iaap\/gestiondelconocimiento\/wp-json\/wp\/v2\/pages\/3258","targetHints":{"allow":["GET"]}}],"collection":[{"href":"https:\/\/ws168.juntadeandalucia.es\/iaap\/gestiondelconocimiento\/wp-json\/wp\/v2\/pages"}],"about":[{"href":"https:\/\/ws168.juntadeandalucia.es\/iaap\/gestiondelconocimiento\/wp-json\/wp\/v2\/types\/page"}],"author":[{"embeddable":true,"href":"https:\/\/ws168.juntadeandalucia.es\/iaap\/gestiondelconocimiento\/wp-json\/wp\/v2\/users\/19"}],"replies":[{"embeddable":true,"href":"https:\/\/ws168.juntadeandalucia.es\/iaap\/gestiondelconocimiento\/wp-json\/wp\/v2\/comments?post=3258"}],"version-history":[{"count":8,"href":"https:\/\/ws168.juntadeandalucia.es\/iaap\/gestiondelconocimiento\/wp-json\/wp\/v2\/pages\/3258\/revisions"}],"predecessor-version":[{"id":3907,"href":"https:\/\/ws168.juntadeandalucia.es\/iaap\/gestiondelconocimiento\/wp-json\/wp\/v2\/pages\/3258\/revisions\/3907"}],"up":[{"embeddable":true,"href":"https:\/\/ws168.juntadeandalucia.es\/iaap\/gestiondelconocimiento\/wp-json\/wp\/v2\/pages\/1912"}],"wp:featuredmedia":[{"embeddable":true,"href":"https:\/\/ws168.juntadeandalucia.es\/iaap\/gestiondelconocimiento\/wp-json\/wp\/v2\/media\/3895"}],"wp:attachment":[{"href":"https:\/\/ws168.juntadeandalucia.es\/iaap\/gestiondelconocimiento\/wp-json\/wp\/v2\/media?parent=3258"}],"curies":[{"name":"wp","href":"https:\/\/api.w.org\/{rel}","templated":true}]}}