{"id":3424,"date":"2021-03-19T13:37:43","date_gmt":"2021-03-19T13:37:43","guid":{"rendered":"https:\/\/ws168.juntadeandalucia.es\/iaap\/gestiondelconocimiento\/?page_id=3424"},"modified":"2025-04-25T18:28:56","modified_gmt":"2025-04-25T17:28:56","slug":"metodologia-del-programa","status":"publish","type":"page","link":"https:\/\/ws168.juntadeandalucia.es\/iaap\/gestiondelconocimiento\/embajadores-del-conocimiento\/metodologia-del-programa\/","title":{"rendered":"Metodolog\u00eda del Programa"},"content":{"rendered":"\t\t<div data-elementor-type=\"wp-page\" data-elementor-id=\"3424\" class=\"elementor elementor-3424\">\n\t\t\t\t\t\t<section class=\"elementor-section elementor-top-section elementor-element elementor-element-5c26051 elementor-section-boxed elementor-section-height-default elementor-section-height-default\" data-id=\"5c26051\" data-element_type=\"section\" data-e-type=\"section\">\n\t\t\t\t\t\t<div class=\"elementor-container elementor-column-gap-default\">\n\t\t\t\t\t<div class=\"elementor-column elementor-col-100 elementor-top-column elementor-element elementor-element-1428178\" data-id=\"1428178\" data-element_type=\"column\" data-e-type=\"column\">\n\t\t\t<div class=\"elementor-widget-wrap elementor-element-populated\">\n\t\t\t\t\t\t<div class=\"elementor-element elementor-element-ad9381c elementor-widget elementor-widget-text-editor\" data-id=\"ad9381c\" data-element_type=\"widget\" data-e-type=\"widget\" data-widget_type=\"text-editor.default\">\n\t\t\t\t<div class=\"elementor-widget-container\">\n\t\t\t\t\t\t\t\t\t<p style=\"text-align: justify\"><span style=\"font-weight: 400;font-family: georgia, palatino, serif;font-size: 12pt\">El programa Embajadoras\/es del Conocimiento desarrolla un conjunto de proyectos, apoyado en un itinerario formativo, con acciones formativas semipresenciales que est\u00e1n dise\u00f1adas para dar vida y acompa\u00f1ar a un ciclo natural de gesti\u00f3n de proyectos:<\/span><\/p><p style=\"text-align: justify\"><strong><span style=\"font-family: georgia, palatino, serif;font-size: 12pt\">&#8211; <i>Taller residencial de lanzamiento de proyectos<\/i><\/span><\/strong><\/p><p style=\"text-align: justify\"><span style=\"font-family: georgia, palatino, serif;font-size: 12pt\"><span style=\"font-weight: 400\">En \u00e9l se da una visi\u00f3n global del programa, las personas se adscriben a los proyectos a desarrollar (propuestos previamente por el IAAP en cada edici\u00f3n) y se elabora el plan de acci\u00f3n para cada proyecto.<\/span><\/span><\/p>\t\t\t\t\t\t\t\t<\/div>\n\t\t\t\t<\/div>\n\t\t\t\t\t<\/div>\n\t\t<\/div>\n\t\t\t\t\t<\/div>\n\t\t<\/section>\n\t\t\t\t<section class=\"elementor-section elementor-top-section elementor-element elementor-element-976a9cc elementor-section-boxed elementor-section-height-default elementor-section-height-default\" data-id=\"976a9cc\" data-element_type=\"section\" data-e-type=\"section\">\n\t\t\t\t\t\t<div class=\"elementor-container elementor-column-gap-default\">\n\t\t\t\t\t<div class=\"elementor-column elementor-col-100 elementor-top-column elementor-element elementor-element-748b7bb\" data-id=\"748b7bb\" data-element_type=\"column\" data-e-type=\"column\">\n\t\t\t<div class=\"elementor-widget-wrap elementor-element-populated\">\n\t\t\t\t\t\t<div class=\"elementor-element elementor-element-fcce6e3 elementor-widget elementor-widget-video\" data-id=\"fcce6e3\" data-element_type=\"widget\" data-e-type=\"widget\" data-settings=\"{&quot;youtube_url&quot;:&quot;https:\\\/\\\/youtu.be\\\/VhG4ldBLfrc&quot;,&quot;video_type&quot;:&quot;youtube&quot;,&quot;controls&quot;:&quot;yes&quot;}\" data-widget_type=\"video.default\">\n\t\t\t\t<div class=\"elementor-widget-container\">\n\t\t\t\t\t\t\t<div class=\"elementor-wrapper elementor-open-inline\">\n\t\t\t<div class=\"elementor-video\"><\/div>\t\t<\/div>\n\t\t\t\t\t\t<\/div>\n\t\t\t\t<\/div>\n\t\t\t\t\t<\/div>\n\t\t<\/div>\n\t\t\t\t\t<\/div>\n\t\t<\/section>\n\t\t\t\t<section class=\"elementor-section elementor-top-section elementor-element elementor-element-e5aac16 elementor-section-boxed elementor-section-height-default elementor-section-height-default\" data-id=\"e5aac16\" data-element_type=\"section\" data-e-type=\"section\">\n\t\t\t\t\t\t<div class=\"elementor-container elementor-column-gap-default\">\n\t\t\t\t\t<div class=\"elementor-column elementor-col-100 elementor-top-column elementor-element elementor-element-eefae49\" data-id=\"eefae49\" data-element_type=\"column\" data-e-type=\"column\">\n\t\t\t<div class=\"elementor-widget-wrap elementor-element-populated\">\n\t\t\t\t\t\t<div class=\"elementor-element elementor-element-61e13ed elementor-widget elementor-widget-text-editor\" data-id=\"61e13ed\" data-element_type=\"widget\" data-e-type=\"widget\" data-widget_type=\"text-editor.default\">\n\t\t\t\t<div class=\"elementor-widget-container\">\n\t\t\t\t\t\t\t\t\t<p>\u00a0<\/p><p style=\"text-align: justify\"><span style=\"font-weight: 400;font-family: georgia, palatino, serif;font-size: 12pt\">El seguimiento de los avances de los proyectos por parte del IAAP se orquesta mediante la celebraci\u00f3n de talleres presenciales para llevar a cabo un seguimiento de los avances de cada proyecto, poni\u00e9ndolos en com\u00fan y aportando\/recibiendo feedback (necesidades, dificultades, ideas nuevas, etc). En estos talleres se introduce tambi\u00e9n el aprendizaje de pr\u00e1cticas de comunicaci\u00f3n, participaci\u00f3n (Art of Hosting), metodolog\u00edas de gesti\u00f3n de proyectos y herramientas colaborativas:<\/span><\/p><p style=\"text-align: justify\"><span style=\"font-family: georgia, palatino, serif;font-size: 12pt\"><strong>&#8211; <i>Taller de seguimiento de proyectos<\/i><\/strong> <\/span><\/p><p style=\"text-align: justify\"><span style=\"font-family: georgia, palatino, serif;font-size: 12pt\"><span style=\"font-weight: 400\">Se realiza un primer seguimiento de la evoluci\u00f3n de los proyectos, se proporciona feedback cruzado entre proyectos y se contin\u00faa avanzando en el aprendizaje de t\u00e9cnicas participativas.<\/span><\/span><\/p>\t\t\t\t\t\t\t\t<\/div>\n\t\t\t\t<\/div>\n\t\t\t\t\t<\/div>\n\t\t<\/div>\n\t\t\t\t\t<\/div>\n\t\t<\/section>\n\t\t\t\t<section class=\"elementor-section elementor-top-section elementor-element elementor-element-aefe5fa elementor-section-boxed elementor-section-height-default elementor-section-height-default\" data-id=\"aefe5fa\" data-element_type=\"section\" data-e-type=\"section\">\n\t\t\t\t\t\t<div class=\"elementor-container elementor-column-gap-default\">\n\t\t\t\t\t<div class=\"elementor-column elementor-col-100 elementor-top-column elementor-element elementor-element-0c6d801\" data-id=\"0c6d801\" data-element_type=\"column\" data-e-type=\"column\">\n\t\t\t<div class=\"elementor-widget-wrap elementor-element-populated\">\n\t\t\t\t\t\t<div class=\"elementor-element elementor-element-c38398c elementor-widget elementor-widget-video\" data-id=\"c38398c\" data-element_type=\"widget\" data-e-type=\"widget\" data-settings=\"{&quot;youtube_url&quot;:&quot;https:\\\/\\\/youtu.be\\\/r1K-6pBcbtk&quot;,&quot;video_type&quot;:&quot;youtube&quot;,&quot;controls&quot;:&quot;yes&quot;}\" data-widget_type=\"video.default\">\n\t\t\t\t<div class=\"elementor-widget-container\">\n\t\t\t\t\t\t\t<div class=\"elementor-wrapper elementor-open-inline\">\n\t\t\t<div class=\"elementor-video\"><\/div>\t\t<\/div>\n\t\t\t\t\t\t<\/div>\n\t\t\t\t<\/div>\n\t\t\t\t\t<\/div>\n\t\t<\/div>\n\t\t\t\t\t<\/div>\n\t\t<\/section>\n\t\t\t\t<section class=\"elementor-section elementor-top-section elementor-element elementor-element-3ad0224 elementor-section-boxed elementor-section-height-default elementor-section-height-default\" data-id=\"3ad0224\" data-element_type=\"section\" data-e-type=\"section\">\n\t\t\t\t\t\t<div class=\"elementor-container elementor-column-gap-default\">\n\t\t\t\t\t<div class=\"elementor-column elementor-col-100 elementor-top-column elementor-element elementor-element-d29a25d\" data-id=\"d29a25d\" data-element_type=\"column\" data-e-type=\"column\">\n\t\t\t<div class=\"elementor-widget-wrap elementor-element-populated\">\n\t\t\t\t\t\t<div class=\"elementor-element elementor-element-ac21b88 elementor-widget elementor-widget-text-editor\" data-id=\"ac21b88\" data-element_type=\"widget\" data-e-type=\"widget\" data-widget_type=\"text-editor.default\">\n\t\t\t\t<div class=\"elementor-widget-container\">\n\t\t\t\t\t\t\t\t\t<p style=\"text-align: justify\"><span style=\"font-family: georgia, palatino, serif;font-size: 12pt\"><span style=\"font-weight: 400\">\u00a0<\/span><\/span><\/p><p style=\"text-align: justify\"><strong><span style=\"font-family: georgia, palatino, serif;font-size: 12pt\">&#8211;<i> Taller M\u00e9tricas de Gesti\u00f3n del Conocimiento<\/i><\/span><\/strong><\/p><p style=\"text-align: justify\"><span style=\"font-family: georgia, palatino, serif;font-size: 12pt\"><span style=\"font-weight: 400\">Se presenta el avance de cada proyecto, y las personas que participan en la edici\u00f3n reflexionan conjuntamente sobre aspectos mejorables del programa, realizando\u00a0<\/span><\/span><span style=\"font-size: 16px;font-weight: 400\">propuestas.<\/span><\/p>\t\t\t\t\t\t\t\t<\/div>\n\t\t\t\t<\/div>\n\t\t\t\t\t<\/div>\n\t\t<\/div>\n\t\t\t\t\t<\/div>\n\t\t<\/section>\n\t\t\t\t<section class=\"elementor-section elementor-top-section elementor-element elementor-element-8cd3134 elementor-section-boxed elementor-section-height-default elementor-section-height-default\" data-id=\"8cd3134\" data-element_type=\"section\" data-e-type=\"section\">\n\t\t\t\t\t\t<div class=\"elementor-container elementor-column-gap-default\">\n\t\t\t\t\t<div class=\"elementor-column elementor-col-100 elementor-top-column elementor-element elementor-element-41b8411\" data-id=\"41b8411\" data-element_type=\"column\" data-e-type=\"column\">\n\t\t\t<div class=\"elementor-widget-wrap elementor-element-populated\">\n\t\t\t\t\t\t<div class=\"elementor-element elementor-element-0c09cc6 elementor-widget elementor-widget-text-editor\" data-id=\"0c09cc6\" data-element_type=\"widget\" data-e-type=\"widget\" data-widget_type=\"text-editor.default\">\n\t\t\t\t<div class=\"elementor-widget-container\">\n\t\t\t\t\t\t\t\t\t<p style=\"text-align: justify\"><strong><span style=\"font-family: georgia, palatino, serif;font-size: 12pt\">&#8211; <i>Taller Cierre de proyectos<\/i><\/span><\/strong><\/p><p style=\"text-align: justify\"><span style=\"font-family: georgia, palatino, serif;font-size: 12pt\"><span style=\"font-weight: 400\">Se trabaja en la finalizaci\u00f3n y concreci\u00f3n de los productos entregables, as\u00ed como en la preparaci\u00f3n de la comunicaci\u00f3n de manera efectiva de los resultados del proyecto, de cara a la jornada final de cierre de la edici\u00f3n.<\/span><\/span><\/p>\t\t\t\t\t\t\t\t<\/div>\n\t\t\t\t<\/div>\n\t\t\t\t\t<\/div>\n\t\t<\/div>\n\t\t\t\t\t<\/div>\n\t\t<\/section>\n\t\t\t\t<section class=\"elementor-section elementor-top-section elementor-element elementor-element-a44897b elementor-section-boxed elementor-section-height-default elementor-section-height-default\" data-id=\"a44897b\" data-element_type=\"section\" data-e-type=\"section\">\n\t\t\t\t\t\t<div class=\"elementor-container elementor-column-gap-default\">\n\t\t\t\t\t<div class=\"elementor-column elementor-col-100 elementor-top-column elementor-element elementor-element-205cf5e\" data-id=\"205cf5e\" data-element_type=\"column\" data-e-type=\"column\">\n\t\t\t<div class=\"elementor-widget-wrap elementor-element-populated\">\n\t\t\t\t\t\t<div class=\"elementor-element elementor-element-8d2f118 elementor-widget elementor-widget-text-editor\" data-id=\"8d2f118\" data-element_type=\"widget\" data-e-type=\"widget\" data-widget_type=\"text-editor.default\">\n\t\t\t\t<div class=\"elementor-widget-container\">\n\t\t\t\t\t\t\t\t\t<p style=\"text-align: justify\"><strong><span style=\"font-family: georgia, palatino, serif;font-size: 12pt\">&#8211; <i>Videoconferencias de seguimiento<\/i><\/span><\/strong><\/p><p style=\"text-align: justify\"><span style=\"font-family: georgia, palatino, serif;font-size: 12pt\"><span style=\"font-weight: 400\">Peri\u00f3dicamente el IAAP realiza videoconferencias de seguimiento individualizado de cada proyecto con el grupo que lo est\u00e1 impulsando. Tambi\u00e9n se realizan videoconferencias de coordinaci\u00f3n con todas las personas dinamizadoras de los grupos.<\/span><\/span><\/p>\t\t\t\t\t\t\t\t<\/div>\n\t\t\t\t<\/div>\n\t\t\t\t\t<\/div>\n\t\t<\/div>\n\t\t\t\t\t<\/div>\n\t\t<\/section>\n\t\t\t\t<section class=\"elementor-section elementor-top-section elementor-element elementor-element-0922109 elementor-section-boxed elementor-section-height-default elementor-section-height-default\" data-id=\"0922109\" data-element_type=\"section\" data-e-type=\"section\">\n\t\t\t\t\t\t<div class=\"elementor-container elementor-column-gap-default\">\n\t\t\t\t\t<div class=\"elementor-column elementor-col-100 elementor-top-column elementor-element elementor-element-abd0e6b\" data-id=\"abd0e6b\" data-element_type=\"column\" data-e-type=\"column\">\n\t\t\t<div class=\"elementor-widget-wrap elementor-element-populated\">\n\t\t\t\t\t\t<div class=\"elementor-element elementor-element-c19d436 elementor-widget elementor-widget-text-editor\" data-id=\"c19d436\" data-element_type=\"widget\" data-e-type=\"widget\" data-widget_type=\"text-editor.default\">\n\t\t\t\t<div class=\"elementor-widget-container\">\n\t\t\t\t\t\t\t\t\t<p style=\"text-align: justify\"><br \/><strong><span style=\"font-family: georgia, palatino, serif;font-size: 12pt\">&#8211; J<i>ornada Anual de Gesti\u00f3n del Conocimiento<\/i><\/span><\/strong><\/p><p style=\"text-align: justify\"><span style=\"font-family: georgia, palatino, serif;font-size: 12pt\"><span style=\"font-weight: 400\">Los entregables de cada proyecto se finalizan de cara a presentar los resultados en la Jornada anual de Gesti\u00f3n del Conocimiento, en la que se comparte con las personas asistentes lo acaecido en el programa y en los proyectos, a modo de retrospectiva anual. <\/span><\/span><\/p><p style=\"text-align: justify\"><span style=\"font-family: georgia, palatino, serif;font-size: 12pt\"><span style=\"font-weight: 400\">Habitualmente se invita a alg\u00fan ponente relacionado con la disciplina de Gesti\u00f3n del Conocimiento y se realizan mesas redondas, para poner en contraste otras visiones, o lo que se hace en otras organizaciones.\u00a0 <\/span><\/span><\/p><p style=\"text-align: justify\"><span style=\"font-family: georgia, palatino, serif;font-size: 12pt\"><span style=\"font-weight: 400\">Esta jornada es grabada y adecuadamente difundida, con el objetivo de extender el conocimiento de lo aprendido y trabajado durante cada edici\u00f3n del programa.<\/span><\/span><\/p>\t\t\t\t\t\t\t\t<\/div>\n\t\t\t\t<\/div>\n\t\t\t\t\t<\/div>\n\t\t<\/div>\n\t\t\t\t\t<\/div>\n\t\t<\/section>\n\t\t\t\t<\/div>\n\t\t","protected":false},"excerpt":{"rendered":"<p>El programa Embajadoras\/es del Conocimiento desarrolla un conjunto de proyectos, apoyado en un itinerario formativo, con acciones formativas semipresenciales que est\u00e1n dise\u00f1adas para dar vida y acompa\u00f1ar a un ciclo natural de gesti\u00f3n de proyectos: &#8211; Taller residencial de lanzamiento de proyectos En \u00e9l se da una visi\u00f3n global del programa, las personas se adscriben [&hellip;]<\/p>\n","protected":false},"author":19,"featured_media":0,"parent":418,"menu_order":1,"comment_status":"closed","ping_status":"closed","template":"","meta":{"jetpack_post_was_ever_published":false,"footnotes":""},"class_list":["post-3424","page","type-page","status-publish","hentry"],"jetpack_sharing_enabled":true,"jetpack_shortlink":"https:\/\/wp.me\/P9W7Se-Te","jetpack-related-posts":[{"id":1908,"url":"https:\/\/ws168.juntadeandalucia.es\/iaap\/gestiondelconocimiento\/proyectos\/edicion-2019-2020-edicion-2019-2020\/gc10-comunicacion-y-difusion-de-la-gestion-del-conocimiento\/","url_meta":{"origin":3424,"position":0},"title":"GC10 &#8211; Comunicaci\u00f3n y difusi\u00f3n de la Gesti\u00f3n del Conocimiento (2019-20)","author":"beatrizsanchezgomez","date":"17 febrero, 2020","format":false,"excerpt":"DESCRIPCI\u00d3N Este proyecto surge en la tercera edici\u00f3n del programa. Se trata de un proyecto concebido para difundir la disciplina de la Gesti\u00f3n del Conocimiento entre las personas que trabajan en la Junta de Andaluc\u00eda. \u00a0OBJETIVOS: \u2022\u00a0 Descubrir las tendencias en la disciplina de Gesti\u00f3n del Conocimiento a nivel nacional\u2026","rel":"","context":"Entrada similar","block_context":{"text":"Entrada similar","link":""},"img":{"alt_text":"Equipo GC10","src":"https:\/\/i0.wp.com\/ws168.juntadeandalucia.es\/iaap\/gestiondelconocimiento\/wp-content\/uploads\/sites\/10\/2020\/01\/Comunicaci%C3%B3n.jpg?resize=350%2C200&ssl=1","width":350,"height":200},"classes":[]},{"id":5427,"url":"https:\/\/ws168.juntadeandalucia.es\/iaap\/gestiondelconocimiento\/edicion-2023\/","url_meta":{"origin":3424,"position":1},"title":"EDICI\u00d3N 2023","author":"","date":"1 diciembre, 2023","format":false,"excerpt":"Estos son los proyectos que se han llevado a cabo en la VI edici\u00f3n del programa Embajadores\/as del Conocimiento:Revista digital Enred@2.0Elaboraci\u00f3n de Mapas de Conocimiento Cr\u00edticoEncuentros Intergeneracionales en la Junta de Andaluc\u00edaSeguimiento del relevo generacional en el colectivo de Agentes de Salud P\u00fablicaWiki del ConocimientoCroquetas de ConocimientoComunicaci\u00f3n y Difusi\u00f3n de\u2026","rel":"","context":"Entrada similar","block_context":{"text":"Entrada similar","link":""},"img":{"alt_text":"","src":"","width":0,"height":0},"classes":[]},{"id":207,"url":"https:\/\/ws168.juntadeandalucia.es\/iaap\/gestiondelconocimiento\/proyectos\/edicion-2017-2018\/curacion-de-contenidos\/","url_meta":{"origin":3424,"position":2},"title":"GC04 &#8211; Curaci\u00f3n de contenidos (2017-18)","author":"","date":"16 junio, 2018","format":false,"excerpt":"DESCRIPCI\u00d3N Este proyecto se concibe para buscar c\u00f3mo se est\u00e1 construyendo la Gesti\u00f3n del Conocimiento en otros lugares. Sin limites geogr\u00e1ficos. \u00bfQu\u00e9 est\u00e1 pasando en Gesti\u00f3n del Conocimiento por el mundo? OBJETIVOS Mostrar qu\u00e9 es la Curaci\u00f3n de Contenidos, que hemos entendido como el \"arte\" de buscar, seleccionar, completar y\u2026","rel":"","context":"Entrada similar","block_context":{"text":"Entrada similar","link":""},"img":{"alt_text":"","src":"","width":0,"height":0},"classes":[]},{"id":157,"url":"https:\/\/ws168.juntadeandalucia.es\/iaap\/gestiondelconocimiento\/proyectos\/","url_meta":{"origin":3424,"position":3},"title":"Ediciones","author":"","date":"21 mayo, 2018","format":false,"excerpt":"Gesti\u00f3n del Conocimiento s\u00ed, pero, \u00bfpara qu\u00e9?En 2017 se inicia la andadura en la disciplina de Gesti\u00f3n del Conocimiento en el IAAP, fijando un marco de referencia de base en el que se identificaron una serie de retos y problemas en la Junta de Andaluc\u00eda, que pod\u00edan ser atendidos con\u2026","rel":"","context":"Entrada similar","block_context":{"text":"Entrada similar","link":""},"img":{"alt_text":"","src":"https:\/\/i0.wp.com\/ws168.juntadeandalucia.es\/iaap\/gestiondelconocimiento\/wp-content\/uploads\/sites\/10\/2020\/02\/human-3131802_1280-300x208.jpg?resize=350%2C200&ssl=1","width":350,"height":200},"classes":[]},{"id":6733,"url":"https:\/\/ws168.juntadeandalucia.es\/iaap\/gestiondelconocimiento\/","url_meta":{"origin":3424,"position":4},"title":"Te damos la bienvenida al Blog de Gesti\u00f3n del Conocimiento.","author":"administrador","date":"17 febrero, 2025","format":false,"excerpt":"En \u00e9l recogemos todas las vivencias, experiencias y proyectos puestos en marcha en el Programa Embajadores\/as del Conocimiento del Instituto Andaluz de Administraci\u00f3n P\u00fablica.En el apartado Blog te iremos narrando cada etapa del programa y todo lo que vaya aconteciendo.En el apartado Ediciones puedes consultar todos los proyectos realizados en\u2026","rel":"","context":"Entrada similar","block_context":{"text":"Entrada similar","link":""},"img":{"alt_text":"","src":"","width":0,"height":0},"classes":[]},{"id":7219,"url":"https:\/\/ws168.juntadeandalucia.es\/iaap\/gestiondelconocimiento\/comunicacion-y-difusion-de-la-gestion-del-conocimiento-2025\/","url_meta":{"origin":3424,"position":5},"title":"Comunicaci\u00f3n y difusi\u00f3n de la gesti\u00f3n del conocimiento 2025","author":"administrador","date":"14 octubre, 2025","format":false,"excerpt":"En la octava edici\u00f3n del Programa Embajadores\/as del Conocimiento, el grupo de Comunicaci\u00f3n y difusi\u00f3n se marc\u00f3 como objetivos principales elaborar materiales que aportasen en el desarrollo de la Gesti\u00f3n del Conocimiento en la Junta de Andaluc\u00eda y herramientas de difusi\u00f3n de f\u00e1cil transmisi\u00f3n y propagaci\u00f3n por multitud de medios\u2026","rel":"","context":"Entrada similar","block_context":{"text":"Entrada similar","link":""},"img":{"alt_text":"","src":"https:\/\/i0.wp.com\/ws168.juntadeandalucia.es\/iaap\/gestiondelconocimiento\/wp-content\/uploads\/sites\/10\/2025\/10\/2025-Ficha-equipo-Comunicacion-y-difusion-de-la-gestion-del-conocimiento-1536x1086.jpg?resize=350%2C200&ssl=1","width":350,"height":200,"srcset":"https:\/\/i0.wp.com\/ws168.juntadeandalucia.es\/iaap\/gestiondelconocimiento\/wp-content\/uploads\/sites\/10\/2025\/10\/2025-Ficha-equipo-Comunicacion-y-difusion-de-la-gestion-del-conocimiento-1536x1086.jpg?resize=350%2C200&ssl=1 1x, https:\/\/i0.wp.com\/ws168.juntadeandalucia.es\/iaap\/gestiondelconocimiento\/wp-content\/uploads\/sites\/10\/2025\/10\/2025-Ficha-equipo-Comunicacion-y-difusion-de-la-gestion-del-conocimiento-1536x1086.jpg?resize=525%2C300&ssl=1 1.5x"},"classes":[]}],"jetpack_likes_enabled":true,"_links":{"self":[{"href":"https:\/\/ws168.juntadeandalucia.es\/iaap\/gestiondelconocimiento\/wp-json\/wp\/v2\/pages\/3424","targetHints":{"allow":["GET"]}}],"collection":[{"href":"https:\/\/ws168.juntadeandalucia.es\/iaap\/gestiondelconocimiento\/wp-json\/wp\/v2\/pages"}],"about":[{"href":"https:\/\/ws168.juntadeandalucia.es\/iaap\/gestiondelconocimiento\/wp-json\/wp\/v2\/types\/page"}],"author":[{"embeddable":true,"href":"https:\/\/ws168.juntadeandalucia.es\/iaap\/gestiondelconocimiento\/wp-json\/wp\/v2\/users\/19"}],"replies":[{"embeddable":true,"href":"https:\/\/ws168.juntadeandalucia.es\/iaap\/gestiondelconocimiento\/wp-json\/wp\/v2\/comments?post=3424"}],"version-history":[{"count":21,"href":"https:\/\/ws168.juntadeandalucia.es\/iaap\/gestiondelconocimiento\/wp-json\/wp\/v2\/pages\/3424\/revisions"}],"predecessor-version":[{"id":6921,"href":"https:\/\/ws168.juntadeandalucia.es\/iaap\/gestiondelconocimiento\/wp-json\/wp\/v2\/pages\/3424\/revisions\/6921"}],"up":[{"embeddable":true,"href":"https:\/\/ws168.juntadeandalucia.es\/iaap\/gestiondelconocimiento\/wp-json\/wp\/v2\/pages\/418"}],"wp:attachment":[{"href":"https:\/\/ws168.juntadeandalucia.es\/iaap\/gestiondelconocimiento\/wp-json\/wp\/v2\/media?parent=3424"}],"curies":[{"name":"wp","href":"https:\/\/api.w.org\/{rel}","templated":true}]}}