{"id":4119,"date":"2021-11-29T17:39:10","date_gmt":"2021-11-29T16:39:10","guid":{"rendered":"https:\/\/ws168.juntadeandalucia.es\/iaap\/gestiondelconocimiento\/?page_id=4119"},"modified":"2024-04-30T09:22:58","modified_gmt":"2024-04-30T08:22:58","slug":"revista-enredados","status":"publish","type":"page","link":"https:\/\/ws168.juntadeandalucia.es\/iaap\/gestiondelconocimiento\/edicion-2020-2021\/revista-enredados\/","title":{"rendered":"REVISTA ENREDADOS"},"content":{"rendered":"\t\t<div data-elementor-type=\"wp-page\" data-elementor-id=\"4119\" class=\"elementor elementor-4119\">\n\t\t\t\t\t\t<section class=\"elementor-section elementor-top-section elementor-element elementor-element-adb73c4 elementor-section-boxed elementor-section-height-default elementor-section-height-default\" data-id=\"adb73c4\" data-element_type=\"section\" data-e-type=\"section\">\n\t\t\t\t\t\t<div class=\"elementor-container elementor-column-gap-default\">\n\t\t\t\t\t<div class=\"elementor-column elementor-col-100 elementor-top-column elementor-element elementor-element-2116829\" data-id=\"2116829\" data-element_type=\"column\" data-e-type=\"column\">\n\t\t\t<div class=\"elementor-widget-wrap elementor-element-populated\">\n\t\t\t\t\t\t<div class=\"elementor-element elementor-element-8e408a8 elementor-widget elementor-widget-text-editor\" data-id=\"8e408a8\" data-element_type=\"widget\" data-e-type=\"widget\" data-widget_type=\"text-editor.default\">\n\t\t\t\t<div class=\"elementor-widget-container\">\n\t\t\t\t\t\t\t\t\t<h4>LA TUYA, LA M\u00cdA, LA NUESTRA<\/h4>\t\t\t\t\t\t\t\t<\/div>\n\t\t\t\t<\/div>\n\t\t\t\t\t<\/div>\n\t\t<\/div>\n\t\t\t\t\t<\/div>\n\t\t<\/section>\n\t\t\t\t<section class=\"elementor-section elementor-top-section elementor-element elementor-element-b28cfc8 elementor-section-boxed elementor-section-height-default elementor-section-height-default\" data-id=\"b28cfc8\" data-element_type=\"section\" data-e-type=\"section\">\n\t\t\t\t\t\t<div class=\"elementor-container elementor-column-gap-default\">\n\t\t\t\t\t<div class=\"elementor-column elementor-col-100 elementor-top-column elementor-element elementor-element-8086a2e\" data-id=\"8086a2e\" data-element_type=\"column\" data-e-type=\"column\">\n\t\t\t<div class=\"elementor-widget-wrap elementor-element-populated\">\n\t\t\t\t\t\t<div class=\"elementor-element elementor-element-5de1753 elementor-widget elementor-widget-text-editor\" data-id=\"5de1753\" data-element_type=\"widget\" data-e-type=\"widget\" data-widget_type=\"text-editor.default\">\n\t\t\t\t<div class=\"elementor-widget-container\">\n\t\t\t\t\t\t\t\t\t<p><span style=\"font-size: 12pt\">La revista <strong>EnRed@2.0<\/strong> es el proyecto m\u00e1s veterano y consolidado de gesti\u00f3n del conocimiento. <\/span><\/p><p><span style=\"font-size: medium\">Este proyecto lleva desarroll\u00e1ndose desde la primera edici\u00f3n del programa Embajadores y Embajadoras del conocimiento en la Junta de Andaluc\u00eda y ya son 10 los n\u00fameros publicados.\u00a0<\/span><\/p><p><span style=\"font-size: 12pt\">En el siguiente video puedes visualizar la presentaci\u00f3n que hicieron las personas integrantes de este proyecto en esta IV edici\u00f3n:<\/span><\/p>\t\t\t\t\t\t\t\t<\/div>\n\t\t\t\t<\/div>\n\t\t\t\t\t<\/div>\n\t\t<\/div>\n\t\t\t\t\t<\/div>\n\t\t<\/section>\n\t\t\t\t<section class=\"elementor-section elementor-top-section elementor-element elementor-element-2624392 elementor-section-boxed elementor-section-height-default elementor-section-height-default\" data-id=\"2624392\" data-element_type=\"section\" data-e-type=\"section\">\n\t\t\t\t\t\t<div class=\"elementor-container elementor-column-gap-default\">\n\t\t\t\t\t<div class=\"elementor-column elementor-col-100 elementor-top-column elementor-element elementor-element-5aa17f7\" data-id=\"5aa17f7\" data-element_type=\"column\" data-e-type=\"column\">\n\t\t\t<div class=\"elementor-widget-wrap elementor-element-populated\">\n\t\t\t\t\t\t<div class=\"elementor-element elementor-element-a2b591c elementor-widget elementor-widget-video\" data-id=\"a2b591c\" data-element_type=\"widget\" data-e-type=\"widget\" data-settings=\"{&quot;youtube_url&quot;:&quot;https:\\\/\\\/youtu.be\\\/UuC-kTPisoM&quot;,&quot;start&quot;:&quot;2942&quot;,&quot;end&quot;:&quot;4320&quot;,&quot;show_image_overlay&quot;:&quot;yes&quot;,&quot;image_overlay&quot;:{&quot;url&quot;:&quot;https:\\\/\\\/ws168.juntadeandalucia.es\\\/iaap\\\/gestiondelconocimiento\\\/wp-content\\\/uploads\\\/sites\\\/10\\\/2021\\\/11\\\/Captura-de-pantalla-2021-11-29-a-las-17.35.24.jpg&quot;,&quot;id&quot;:&quot;4127&quot;,&quot;size&quot;:&quot;&quot;},&quot;video_type&quot;:&quot;youtube&quot;,&quot;controls&quot;:&quot;yes&quot;}\" data-widget_type=\"video.default\">\n\t\t\t\t<div class=\"elementor-widget-container\">\n\t\t\t\t\t\t\t<div class=\"elementor-wrapper elementor-open-inline\">\n\t\t\t<div class=\"elementor-video\"><\/div>\t\t\t\t<div class=\"elementor-custom-embed-image-overlay\" style=\"background-image: url(https:\/\/ws168.juntadeandalucia.es\/iaap\/gestiondelconocimiento\/wp-content\/uploads\/sites\/10\/2021\/11\/Captura-de-pantalla-2021-11-29-a-las-17.35.24.jpg);\">\n\t\t\t\t\t\t\t\t\t\t\t\t\t\t\t\t<div class=\"elementor-custom-embed-play\" role=\"button\" aria-label=\"Reproducir v\u00eddeo\" tabindex=\"0\">\n\t\t\t\t\t\t\t<i aria-hidden=\"true\" class=\"eicon-play\"><\/i>\t\t\t\t\t\t<\/div>\n\t\t\t\t\t\t\t\t\t<\/div>\n\t\t\t\t\t<\/div>\n\t\t\t\t\t\t<\/div>\n\t\t\t\t<\/div>\n\t\t\t\t\t<\/div>\n\t\t<\/div>\n\t\t\t\t\t<\/div>\n\t\t<\/section>\n\t\t\t\t<section class=\"elementor-section elementor-top-section elementor-element elementor-element-64c8a34f elementor-section-boxed elementor-section-height-default elementor-section-height-default\" data-id=\"64c8a34f\" data-element_type=\"section\" data-e-type=\"section\">\n\t\t\t\t\t\t<div class=\"elementor-container elementor-column-gap-default\">\n\t\t\t\t\t<div class=\"elementor-column elementor-col-100 elementor-top-column elementor-element elementor-element-623dba76\" data-id=\"623dba76\" data-element_type=\"column\" data-e-type=\"column\">\n\t\t\t<div class=\"elementor-widget-wrap elementor-element-populated\">\n\t\t\t\t\t\t<div class=\"elementor-element elementor-element-709a7c0e elementor-widget elementor-widget-text-editor\" data-id=\"709a7c0e\" data-element_type=\"widget\" data-e-type=\"widget\" data-widget_type=\"text-editor.default\">\n\t\t\t\t<div class=\"elementor-widget-container\">\n\t\t\t\t\t\t\t\t\t<p><span style=\"font-size: 12pt\">Desde este enlace puedes acceder a todos los n\u00fameros que se han publicado hasta el momento en la Revista:<\/span><\/p><p><span style=\"font-size: 12pt\"><a href=\"https:\/\/ws168.juntadeandalucia.es\/iaap\/revista\/\" target=\"_blank\" rel=\"noopener\">https:\/\/ws168.juntadeandalucia.es\/iaap\/revista\/<\/a><\/span><\/p>\t\t\t\t\t\t\t\t<\/div>\n\t\t\t\t<\/div>\n\t\t\t\t\t<\/div>\n\t\t<\/div>\n\t\t\t\t\t<\/div>\n\t\t<\/section>\n\t\t\t\t<\/div>\n\t\t","protected":false},"excerpt":{"rendered":"<p>LA TUYA, LA M\u00cdA, LA NUESTRA La revista EnRed@2.0 es el proyecto m\u00e1s veterano y consolidado de gesti\u00f3n del conocimiento. Este proyecto lleva desarroll\u00e1ndose desde la primera edici\u00f3n del programa Embajadores y Embajadoras del conocimiento en la Junta de Andaluc\u00eda y ya son 10 los n\u00fameros publicados.\u00a0 En el siguiente video puedes visualizar la presentaci\u00f3n [&hellip;]<\/p>\n","protected":false},"author":46,"featured_media":0,"parent":3394,"menu_order":5,"comment_status":"closed","ping_status":"closed","template":"","meta":{"jetpack_post_was_ever_published":false,"footnotes":""},"class_list":["post-4119","page","type-page","status-publish","hentry"],"jetpack_sharing_enabled":true,"jetpack_shortlink":"https:\/\/wp.me\/P9W7Se-14r","jetpack-related-posts":[{"id":6147,"url":"https:\/\/ws168.juntadeandalucia.es\/iaap\/gestiondelconocimiento\/edicion-2024\/revista-enred2-0-2024\/","url_meta":{"origin":4119,"position":0},"title":"Revista Enred@2.0 2024","author":"administrador","date":"8 octubre, 2024","format":false,"excerpt":"Un a\u00f1o m\u00e1s, la revista Enred@2.0 nos ha estado acompa\u00f1ando en el Programa de Embajadores\/as del Conocimiento. En esta edici\u00f3n, han sido un total de ocho participantes los que se han dedicado a buscar potenciales articulistas en todo lo largo y ancho de la Junta de Andaluc\u00eda, seleccionar textos, maquetarlos\u2026","rel":"","context":"Entrada similar","block_context":{"text":"Entrada similar","link":""},"img":{"alt_text":"Equipo revista Enred@2.0 2024","src":"https:\/\/i0.wp.com\/ws168.juntadeandalucia.es\/iaap\/gestiondelconocimiento\/wp-content\/uploads\/sites\/10\/2024\/10\/Ficha-equipo-Revista-Embajadores-2024-1536x1086.jpg?resize=350%2C200&ssl=1","width":350,"height":200,"srcset":"https:\/\/i0.wp.com\/ws168.juntadeandalucia.es\/iaap\/gestiondelconocimiento\/wp-content\/uploads\/sites\/10\/2024\/10\/Ficha-equipo-Revista-Embajadores-2024-1536x1086.jpg?resize=350%2C200&ssl=1 1x, https:\/\/i0.wp.com\/ws168.juntadeandalucia.es\/iaap\/gestiondelconocimiento\/wp-content\/uploads\/sites\/10\/2024\/10\/Ficha-equipo-Revista-Embajadores-2024-1536x1086.jpg?resize=525%2C300&ssl=1 1.5x"},"classes":[]},{"id":2046,"url":"https:\/\/ws168.juntadeandalucia.es\/iaap\/gestiondelconocimiento\/proyectos\/edicion-2019-2020-edicion-2019-2020\/gc02-revista-digital\/","url_meta":{"origin":4119,"position":1},"title":"GC02 &#8211; Revista digital (2019-20)","author":"beatrizsanchezgomez","date":"23 febrero, 2020","format":false,"excerpt":"DESCRIPCI\u00d3N: EnRed@2.0 es una publicaci\u00f3n digital elaborada por el personal de la Junta de Andaluc\u00eda. Esta Revista\u00a0es un instrumento para la puesta en valor del conocimiento y experiencia adquiridos y desarrollados en el sector p\u00fablico andaluz. Por consiguiente, canaliza y difunde el esp\u00edritu creativo e innovador de las empleadas y\u2026","rel":"","context":"Entrada similar","block_context":{"text":"Entrada similar","link":""},"img":{"alt_text":"","src":"https:\/\/i0.wp.com\/ws168.juntadeandalucia.es\/iaap\/gestiondelconocimiento\/wp-content\/uploads\/sites\/10\/2018\/06\/GC02_logo.png?resize=350%2C200&ssl=1","width":350,"height":200,"srcset":"https:\/\/i0.wp.com\/ws168.juntadeandalucia.es\/iaap\/gestiondelconocimiento\/wp-content\/uploads\/sites\/10\/2018\/06\/GC02_logo.png?resize=350%2C200&ssl=1 1x, https:\/\/i0.wp.com\/ws168.juntadeandalucia.es\/iaap\/gestiondelconocimiento\/wp-content\/uploads\/sites\/10\/2018\/06\/GC02_logo.png?resize=525%2C300&ssl=1 1.5x"},"classes":[]},{"id":7158,"url":"https:\/\/ws168.juntadeandalucia.es\/iaap\/gestiondelconocimiento\/revista-enred2-0-2025\/","url_meta":{"origin":4119,"position":2},"title":"Revista Enred@2.0 2025","author":"administrador","date":"13 octubre, 2025","format":false,"excerpt":"En la octava edici\u00f3n del Programa Embajadores\/as del Conocimiento, la revista Enred@2.0 se marc\u00f3 como objetivo principal poner en valor a los y las profesionales de la Junta de Andaluc\u00eda d\u00e1ndoles un espacio para que difundiesen su labor. Todo ello sin perder de vista su faceta m\u00e1s emocional y cotidiana.En\u2026","rel":"","context":"Entrada similar","block_context":{"text":"Entrada similar","link":""},"img":{"alt_text":"","src":"https:\/\/i0.wp.com\/ws168.juntadeandalucia.es\/iaap\/gestiondelconocimiento\/wp-content\/uploads\/sites\/10\/2025\/10\/2025-Ficha-equipo-Revista-1536x1086.jpg?resize=350%2C200&ssl=1","width":350,"height":200,"srcset":"https:\/\/i0.wp.com\/ws168.juntadeandalucia.es\/iaap\/gestiondelconocimiento\/wp-content\/uploads\/sites\/10\/2025\/10\/2025-Ficha-equipo-Revista-1536x1086.jpg?resize=350%2C200&ssl=1 1x, https:\/\/i0.wp.com\/ws168.juntadeandalucia.es\/iaap\/gestiondelconocimiento\/wp-content\/uploads\/sites\/10\/2025\/10\/2025-Ficha-equipo-Revista-1536x1086.jpg?resize=525%2C300&ssl=1 1.5x"},"classes":[]},{"id":4663,"url":"https:\/\/ws168.juntadeandalucia.es\/iaap\/gestiondelconocimiento\/edicion-2022\/revista-digital-enred2-0\/","url_meta":{"origin":4119,"position":3},"title":"Revista digital Enred@2.0","author":"","date":"25 febrero, 2023","format":false,"excerpt":"El Consejo Editorial de la revista en esta V edici\u00f3n del programa cont\u00f3 con ocho personas, de las cuales cuatro fueron nuevas en el equipo. Podr\u00edamos decir que la revista es un reflejo de la Junta, de lo que sabemos y lo que somos como empleados p\u00fablicos, si bien no\u2026","rel":"","context":"Entrada similar","block_context":{"text":"Entrada similar","link":""},"img":{"alt_text":"","src":"","width":0,"height":0},"classes":[]},{"id":1908,"url":"https:\/\/ws168.juntadeandalucia.es\/iaap\/gestiondelconocimiento\/proyectos\/edicion-2019-2020-edicion-2019-2020\/gc10-comunicacion-y-difusion-de-la-gestion-del-conocimiento\/","url_meta":{"origin":4119,"position":4},"title":"GC10 &#8211; Comunicaci\u00f3n y difusi\u00f3n de la Gesti\u00f3n del Conocimiento (2019-20)","author":"beatrizsanchezgomez","date":"17 febrero, 2020","format":false,"excerpt":"DESCRIPCI\u00d3N Este proyecto surge en la tercera edici\u00f3n del programa. Se trata de un proyecto concebido para difundir la disciplina de la Gesti\u00f3n del Conocimiento entre las personas que trabajan en la Junta de Andaluc\u00eda. \u00a0OBJETIVOS: \u2022\u00a0 Descubrir las tendencias en la disciplina de Gesti\u00f3n del Conocimiento a nivel nacional\u2026","rel":"","context":"Entrada similar","block_context":{"text":"Entrada similar","link":""},"img":{"alt_text":"Equipo GC10","src":"https:\/\/i0.wp.com\/ws168.juntadeandalucia.es\/iaap\/gestiondelconocimiento\/wp-content\/uploads\/sites\/10\/2020\/01\/Comunicaci%C3%B3n.jpg?resize=350%2C200&ssl=1","width":350,"height":200},"classes":[]},{"id":4583,"url":"https:\/\/ws168.juntadeandalucia.es\/iaap\/gestiondelconocimiento\/edicion-2022\/encuentros-intergeneracionales-2022\/","url_meta":{"origin":4119,"position":5},"title":"Encuentros Intergeneracionales 2022","author":"inmaculadamolinaruiz","date":"24 febrero, 2023","format":false,"excerpt":"Encuentros entre los Agentes de Salud Este a\u00f1o el proyecto de Encuentros intergeneracionales se ha centrado en el colectivo de Agentes de Salud de la Junta de Andaluc\u00eda.En el IV Encuentro Intergeneracional de la Junta de Andaluc\u00eda, Agentes de Salud P\u00fablica, promovido por este grupo de trabajo y celebrado en\u2026","rel":"","context":"Entrada similar","block_context":{"text":"Entrada similar","link":""},"img":{"alt_text":"","src":"","width":0,"height":0},"classes":[]}],"jetpack_likes_enabled":true,"_links":{"self":[{"href":"https:\/\/ws168.juntadeandalucia.es\/iaap\/gestiondelconocimiento\/wp-json\/wp\/v2\/pages\/4119","targetHints":{"allow":["GET"]}}],"collection":[{"href":"https:\/\/ws168.juntadeandalucia.es\/iaap\/gestiondelconocimiento\/wp-json\/wp\/v2\/pages"}],"about":[{"href":"https:\/\/ws168.juntadeandalucia.es\/iaap\/gestiondelconocimiento\/wp-json\/wp\/v2\/types\/page"}],"author":[{"embeddable":true,"href":"https:\/\/ws168.juntadeandalucia.es\/iaap\/gestiondelconocimiento\/wp-json\/wp\/v2\/users\/46"}],"replies":[{"embeddable":true,"href":"https:\/\/ws168.juntadeandalucia.es\/iaap\/gestiondelconocimiento\/wp-json\/wp\/v2\/comments?post=4119"}],"version-history":[{"count":19,"href":"https:\/\/ws168.juntadeandalucia.es\/iaap\/gestiondelconocimiento\/wp-json\/wp\/v2\/pages\/4119\/revisions"}],"predecessor-version":[{"id":6001,"href":"https:\/\/ws168.juntadeandalucia.es\/iaap\/gestiondelconocimiento\/wp-json\/wp\/v2\/pages\/4119\/revisions\/6001"}],"up":[{"embeddable":true,"href":"https:\/\/ws168.juntadeandalucia.es\/iaap\/gestiondelconocimiento\/wp-json\/wp\/v2\/pages\/3394"}],"wp:attachment":[{"href":"https:\/\/ws168.juntadeandalucia.es\/iaap\/gestiondelconocimiento\/wp-json\/wp\/v2\/media?parent=4119"}],"curies":[{"name":"wp","href":"https:\/\/api.w.org\/{rel}","templated":true}]}}