{"id":4402,"date":"2022-11-21T10:05:29","date_gmt":"2022-11-21T09:05:29","guid":{"rendered":"https:\/\/ws168.juntadeandalucia.es\/iaap\/gestiondelconocimiento\/?page_id=4402"},"modified":"2025-10-17T17:46:23","modified_gmt":"2025-10-17T16:46:23","slug":"encuentros-intergeneracionales","status":"publish","type":"page","link":"https:\/\/ws168.juntadeandalucia.es\/iaap\/gestiondelconocimiento\/encuentros-intergeneracionales\/","title":{"rendered":"Encuentros intergeneracionales"},"content":{"rendered":"\t\t<div data-elementor-type=\"wp-page\" data-elementor-id=\"4402\" class=\"elementor elementor-4402\">\n\t\t\t\t\t\t<section class=\"elementor-section elementor-top-section elementor-element elementor-element-709dbf85 elementor-section-boxed elementor-section-height-default elementor-section-height-default\" data-id=\"709dbf85\" data-element_type=\"section\" data-e-type=\"section\">\n\t\t\t\t\t\t<div class=\"elementor-container elementor-column-gap-default\">\n\t\t\t\t\t<div class=\"elementor-column elementor-col-100 elementor-top-column elementor-element elementor-element-7b50e90a\" data-id=\"7b50e90a\" data-element_type=\"column\" data-e-type=\"column\">\n\t\t\t<div class=\"elementor-widget-wrap elementor-element-populated\">\n\t\t\t\t\t\t<div class=\"elementor-element elementor-element-d30f5c7 elementor-widget elementor-widget-video\" data-id=\"d30f5c7\" data-element_type=\"widget\" data-e-type=\"widget\" data-settings=\"{&quot;video_type&quot;:&quot;hosted&quot;,&quot;autoplay&quot;:&quot;yes&quot;,&quot;play_on_mobile&quot;:&quot;yes&quot;,&quot;loop&quot;:&quot;yes&quot;,&quot;controls&quot;:&quot;yes&quot;}\" data-widget_type=\"video.default\">\n\t\t\t\t<div class=\"elementor-widget-container\">\n\t\t\t\t\t\t\t<div class=\"e-hosted-video elementor-wrapper elementor-open-inline\">\n\t\t\t\t\t<video class=\"elementor-video\" src=\"https:\/\/ws168.juntadeandalucia.es\/iaap\/gestiondelconocimiento\/wp-content\/uploads\/sites\/10\/2025\/10\/Video-Pagina-Encuentros-Intergeneracionales-BLOG.mp4\" autoplay=\"\" loop=\"\" controls=\"\" playsinline=\"\" controlsList=\"nodownload\"><\/video>\n\t\t\t\t<\/div>\n\t\t\t\t\t\t<\/div>\n\t\t\t\t<\/div>\n\t\t\t\t<div class=\"elementor-element elementor-element-6ddefeac elementor-widget elementor-widget-text-editor\" data-id=\"6ddefeac\" data-element_type=\"widget\" data-e-type=\"widget\" data-widget_type=\"text-editor.default\">\n\t\t\t\t<div class=\"elementor-widget-container\">\n\t\t\t\t\t\t\t\t\t<p>Aqu\u00ed tienes toda la informaci\u00f3n de los diferentes encuentros intergeneracionales que se han celebrado hasta el momento.<\/p><p><a href=\"https:\/\/ws168.juntadeandalucia.es\/iaap\/gestiondelconocimiento\/wp-content\/uploads\/sites\/10\/2022\/12\/Encuentro1.pdf\" target=\"_blank\" rel=\"noopener\">I Encuentro Intergeneracional: Ingenier\u00eda de Montes (2018)<\/a><\/p><p><a href=\"https:\/\/ws168.juntadeandalucia.es\/iaap\/gestiondelconocimiento\/wp-content\/uploads\/sites\/10\/2022\/12\/Encuentro2.pdf\" target=\"_blank\" rel=\"noopener\">II Encuentro Intergeneracional: Medicina de Orientaci\u00f3n Escolar (2020)<\/a><\/p><p><a href=\"https:\/\/ws168.juntadeandalucia.es\/iaap\/gestiondelconocimiento\/edicion-2020-2021\/encuentros-intergeneracionales\/\" target=\"_blank\" rel=\"noopener\">III Encuentro Intergeneracional: Agentes de Medio Ambiente (2021)<\/a><\/p><p><a href=\"https:\/\/ws168.juntadeandalucia.es\/iaap\/gestiondelconocimiento\/wp-content\/uploads\/sites\/10\/2023\/09\/IVEncuentroIntergeneracional.pdf\" target=\"_blank\" rel=\"noopener\">IV Encuentro Intergeneracional: Agentes de Salud P\u00fablica (2022)<\/a><\/p><p><a href=\"https:\/\/ws168.juntadeandalucia.es\/iaap\/gestiondelconocimiento\/edicion-2023\/encuentros-intergeneracionales-en-la-junta-de-andalucia-2023\/\" target=\"_blank\" rel=\"noopener\">V Encuentro Intergeneracional: Inspecci\u00f3n Servicios Sanitarios (2023)<\/a><\/p><p><a href=\"https:\/\/ws168.juntadeandalucia.es\/iaap\/gestiondelconocimiento\/edicion-2024\/encuentros-intergeneracionales-en-la-junta-de-andalucia-2024\/\" target=\"_blank\" rel=\"noopener\">VI Encuentro Intergeneracional: Cuerpo Superior Veterinaria (2024)<\/a><\/p><p><a href=\"https:\/\/ws168.juntadeandalucia.es\/iaap\/gestiondelconocimiento\/edicion-2024\/relevo-generacional-en-el-area-de-subvenciones-en-la-junta-de-andalucia-2024\/\" target=\"_blank\" rel=\"noopener\">VII Encuentro Intergeneracional: \u00c1rea de Gesti\u00f3n de Subvenciones (2024)<\/a><\/p><p><a href=\"https:\/\/ws168.juntadeandalucia.es\/iaap\/gestiondelconocimiento\/encuentro-intergeneracional-en-el-area-de-contratacion-de-la-junta-de-andalucia\/\" target=\"_blank\" rel=\"noopener\">VIII Encuentro Intergeneracional: \u00c1rea de Contrataci\u00f3n (2025)<\/a><\/p>\t\t\t\t\t\t\t\t<\/div>\n\t\t\t\t<\/div>\n\t\t\t\t\t<\/div>\n\t\t<\/div>\n\t\t\t\t\t<\/div>\n\t\t<\/section>\n\t\t\t\t<section class=\"elementor-section elementor-top-section elementor-element elementor-element-e52d166 elementor-section-boxed elementor-section-height-default elementor-section-height-default\" data-id=\"e52d166\" data-element_type=\"section\" data-e-type=\"section\">\n\t\t\t\t\t\t<div class=\"elementor-container elementor-column-gap-default\">\n\t\t\t\t\t<div class=\"elementor-column elementor-col-100 elementor-top-column elementor-element elementor-element-62055c8\" data-id=\"62055c8\" data-element_type=\"column\" data-e-type=\"column\">\n\t\t\t<div class=\"elementor-widget-wrap\">\n\t\t\t\t\t\t\t<\/div>\n\t\t<\/div>\n\t\t\t\t\t<\/div>\n\t\t<\/section>\n\t\t\t\t<\/div>\n\t\t","protected":false},"excerpt":{"rendered":"<p>https:\/\/ws168.juntadeandalucia.es\/iaap\/gestiondelconocimiento\/wp-content\/uploads\/sites\/10\/2025\/10\/Video-Pagina-Encuentros-Intergeneracionales-BLOG.mp4 Aqu\u00ed tienes toda la informaci\u00f3n de los diferentes encuentros intergeneracionales que se han celebrado hasta el momento. I Encuentro Intergeneracional: Ingenier\u00eda de Montes (2018) II Encuentro Intergeneracional: Medicina de Orientaci\u00f3n Escolar (2020) III Encuentro Intergeneracional: Agentes de Medio Ambiente (2021) IV Encuentro Intergeneracional: Agentes de Salud P\u00fablica (2022) V Encuentro Intergeneracional: Inspecci\u00f3n Servicios Sanitarios [&hellip;]<\/p>\n","protected":false},"author":17,"featured_media":0,"parent":0,"menu_order":0,"comment_status":"closed","ping_status":"closed","template":"","meta":{"jetpack_post_was_ever_published":false,"footnotes":""},"class_list":["post-4402","page","type-page","status-publish","hentry"],"jetpack_sharing_enabled":true,"jetpack_shortlink":"https:\/\/wp.me\/P9W7Se-190","jetpack-related-posts":[{"id":5494,"url":"https:\/\/ws168.juntadeandalucia.es\/iaap\/gestiondelconocimiento\/edicion-2023\/encuentros-intergeneracionales-en-la-junta-de-andalucia-2023\/","url_meta":{"origin":4402,"position":0},"title":"Encuentros Intergeneracionales en la Junta de Andaluc\u00eda 2023","author":"administrador","date":"11 diciembre, 2023","format":false,"excerpt":"El pasado 9 de octubre de 2023 se celebr\u00f3 el V Encuentro Intergeneracional de la Junta de Andaluc\u00eda, en esta ocasi\u00f3n, centrado en el colectivo de Agentes de Inspecci\u00f3n de prestaciones y servicios sanitarios.Ese Encuentro fue la culminaci\u00f3n del trabajo realizado a lo largo de todo el a\u00f1o por los\u2026","rel":"","context":"Entrada similar","block_context":{"text":"Entrada similar","link":""},"img":{"alt_text":"Encuentros Intergeneracionales","src":"https:\/\/i0.wp.com\/ws168.juntadeandalucia.es\/iaap\/gestiondelconocimiento\/wp-content\/uploads\/sites\/10\/2023\/07\/06_Grupo-Encuentros-2048x1448.jpg?resize=350%2C200&ssl=1","width":350,"height":200,"srcset":"https:\/\/i0.wp.com\/ws168.juntadeandalucia.es\/iaap\/gestiondelconocimiento\/wp-content\/uploads\/sites\/10\/2023\/07\/06_Grupo-Encuentros-2048x1448.jpg?resize=350%2C200&ssl=1 1x, https:\/\/i0.wp.com\/ws168.juntadeandalucia.es\/iaap\/gestiondelconocimiento\/wp-content\/uploads\/sites\/10\/2023\/07\/06_Grupo-Encuentros-2048x1448.jpg?resize=525%2C300&ssl=1 1.5x"},"classes":[]},{"id":6158,"url":"https:\/\/ws168.juntadeandalucia.es\/iaap\/gestiondelconocimiento\/edicion-2024\/encuentros-intergeneracionales-en-la-junta-de-andalucia-2024\/","url_meta":{"origin":4402,"position":1},"title":"Encuentros Intergeneracionales en la Junta de Andaluc\u00eda 2024","author":"administrador","date":"17 octubre, 2024","format":false,"excerpt":"Uno de los proyectos m\u00e1s gratificantes es el de Encuentros Intergeneracionales, ya que se puede vivir su experiencia en primera persona y comprobar su repercusi\u00f3n en los asistentes de forma inmediata.Cinco personas pertenecientes a diferentes \u00e1reas de la Junta de Andaluc\u00eda se encomendaron en la labor de organizar el VI\u2026","rel":"","context":"Entrada similar","block_context":{"text":"Entrada similar","link":""},"img":{"alt_text":"","src":"https:\/\/i0.wp.com\/ws168.juntadeandalucia.es\/iaap\/gestiondelconocimiento\/wp-content\/uploads\/sites\/10\/2024\/10\/VI-Encuentro-Intergeneracional.jpg?resize=350%2C200&ssl=1","width":350,"height":200,"srcset":"https:\/\/i0.wp.com\/ws168.juntadeandalucia.es\/iaap\/gestiondelconocimiento\/wp-content\/uploads\/sites\/10\/2024\/10\/VI-Encuentro-Intergeneracional.jpg?resize=350%2C200&ssl=1 1x, https:\/\/i0.wp.com\/ws168.juntadeandalucia.es\/iaap\/gestiondelconocimiento\/wp-content\/uploads\/sites\/10\/2024\/10\/VI-Encuentro-Intergeneracional.jpg?resize=525%2C300&ssl=1 1.5x, https:\/\/i0.wp.com\/ws168.juntadeandalucia.es\/iaap\/gestiondelconocimiento\/wp-content\/uploads\/sites\/10\/2024\/10\/VI-Encuentro-Intergeneracional.jpg?resize=700%2C400&ssl=1 2x"},"classes":[]},{"id":4110,"url":"https:\/\/ws168.juntadeandalucia.es\/iaap\/gestiondelconocimiento\/edicion-2020-2021\/encuentros-intergeneracionales\/","url_meta":{"origin":4402,"position":2},"title":"ENCUENTROS INTERGENERACIONALES","author":"beatrizsanchezgomez","date":"2 diciembre, 2021","format":false,"excerpt":"ENCUENTRO ENTRE LOS AGENTES DE MEDIOAMBIENTE Este a\u00f1o el proyecto de Encuentros intergeneracionales se ha centrado en el colectivo de Agentes de Medioambientes de la Junta de Andaluc\u00eda. Adem\u00e1s del propio encuentro, han realizado una Recopilaci\u00f3n de vivencias personales como ejemplo de transferencia de conocimiento en el \u00e1mbito de los\u2026","rel":"","context":"Entrada similar","block_context":{"text":"Entrada similar","link":""},"img":{"alt_text":"","src":"","width":0,"height":0},"classes":[]},{"id":3215,"url":"https:\/\/ws168.juntadeandalucia.es\/iaap\/gestiondelconocimiento\/proyectos\/edicion-2019-2020-edicion-2019-2020\/gc11-encuentros-intergeneracionales\/entregables-proyecto-encuentros-intergeneracionales\/","url_meta":{"origin":4402,"position":3},"title":"Entregables Proyecto Encuentros Intergeneracionales","author":"","date":"11 enero, 2021","format":false,"excerpt":"Encuentros Intergeneracionales (edici\u00f3n 2019-2020) Este grupo, a lo largo del desarrollo del proyecto, ha generado diversos entregables. Toda la documentaci\u00f3n elaborada supone un aporte de valor y un contenidos muy \u00fatil para toda la Comunidad Educativa. Las gu\u00edas y la infograf\u00eda est\u00e1n principalmente dirigidas al grupo de profesionales que forman\u2026","rel":"","context":"Entrada similar","block_context":{"text":"Entrada similar","link":""},"img":{"alt_text":"","src":"https:\/\/i0.wp.com\/ws168.juntadeandalucia.es\/iaap\/gestiondelconocimiento\/wp-content\/uploads\/sites\/10\/2021\/01\/Gu%C3%ADa-Profesional-de-la-Medicina-Escolar.jpg?resize=350%2C200&ssl=1","width":350,"height":200,"srcset":"https:\/\/i0.wp.com\/ws168.juntadeandalucia.es\/iaap\/gestiondelconocimiento\/wp-content\/uploads\/sites\/10\/2021\/01\/Gu%C3%ADa-Profesional-de-la-Medicina-Escolar.jpg?resize=350%2C200&ssl=1 1x, https:\/\/i0.wp.com\/ws168.juntadeandalucia.es\/iaap\/gestiondelconocimiento\/wp-content\/uploads\/sites\/10\/2021\/01\/Gu%C3%ADa-Profesional-de-la-Medicina-Escolar.jpg?resize=525%2C300&ssl=1 1.5x"},"classes":[]},{"id":4583,"url":"https:\/\/ws168.juntadeandalucia.es\/iaap\/gestiondelconocimiento\/edicion-2022\/encuentros-intergeneracionales-2022\/","url_meta":{"origin":4402,"position":4},"title":"Encuentros Intergeneracionales 2022","author":"inmaculadamolinaruiz","date":"24 febrero, 2023","format":false,"excerpt":"Encuentros entre los Agentes de Salud Este a\u00f1o el proyecto de Encuentros intergeneracionales se ha centrado en el colectivo de Agentes de Salud de la Junta de Andaluc\u00eda.En el IV Encuentro Intergeneracional de la Junta de Andaluc\u00eda, Agentes de Salud P\u00fablica, promovido por este grupo de trabajo y celebrado en\u2026","rel":"","context":"Entrada similar","block_context":{"text":"Entrada similar","link":""},"img":{"alt_text":"","src":"","width":0,"height":0},"classes":[]},{"id":1903,"url":"https:\/\/ws168.juntadeandalucia.es\/iaap\/gestiondelconocimiento\/proyectos\/edicion-2019-2020-edicion-2019-2020\/gc11-encuentros-intergeneracionales\/","url_meta":{"origin":4402,"position":5},"title":"GC11 &#8211; Encuentros Intergeneracionales (2019-20)","author":"beatrizsanchezgomez","date":"17 febrero, 2020","format":false,"excerpt":"Edici\u00f3n 2019-2020DESCRIPCI\u00d3NEste proyecto que surge en la tercera edici\u00f3n del programa del IAAP Embajadores del Conocimiento. Se trata de llevar a cabo encuentros entre personas pr\u00f3ximas a la jubilaci\u00f3n con un conocimiento destacado y personas que deban ser destinatarias de ese conocimiento.\u00a0Para ello se partir\u00e1 como modelo, del \"I encuentro\u2026","rel":"","context":"Entrada similar","block_context":{"text":"Entrada similar","link":""},"img":{"alt_text":"","src":"https:\/\/i0.wp.com\/ws168.juntadeandalucia.es\/iaap\/gestiondelconocimiento\/wp-content\/uploads\/sites\/10\/2020\/01\/Generacional2.jpg?resize=350%2C200&ssl=1","width":350,"height":200},"classes":[]}],"jetpack_likes_enabled":true,"_links":{"self":[{"href":"https:\/\/ws168.juntadeandalucia.es\/iaap\/gestiondelconocimiento\/wp-json\/wp\/v2\/pages\/4402","targetHints":{"allow":["GET"]}}],"collection":[{"href":"https:\/\/ws168.juntadeandalucia.es\/iaap\/gestiondelconocimiento\/wp-json\/wp\/v2\/pages"}],"about":[{"href":"https:\/\/ws168.juntadeandalucia.es\/iaap\/gestiondelconocimiento\/wp-json\/wp\/v2\/types\/page"}],"author":[{"embeddable":true,"href":"https:\/\/ws168.juntadeandalucia.es\/iaap\/gestiondelconocimiento\/wp-json\/wp\/v2\/users\/17"}],"replies":[{"embeddable":true,"href":"https:\/\/ws168.juntadeandalucia.es\/iaap\/gestiondelconocimiento\/wp-json\/wp\/v2\/comments?post=4402"}],"version-history":[{"count":91,"href":"https:\/\/ws168.juntadeandalucia.es\/iaap\/gestiondelconocimiento\/wp-json\/wp\/v2\/pages\/4402\/revisions"}],"predecessor-version":[{"id":7381,"href":"https:\/\/ws168.juntadeandalucia.es\/iaap\/gestiondelconocimiento\/wp-json\/wp\/v2\/pages\/4402\/revisions\/7381"}],"wp:attachment":[{"href":"https:\/\/ws168.juntadeandalucia.es\/iaap\/gestiondelconocimiento\/wp-json\/wp\/v2\/media?parent=4402"}],"curies":[{"name":"wp","href":"https:\/\/api.w.org\/{rel}","templated":true}]}}