{"id":4405,"date":"2022-11-21T10:10:23","date_gmt":"2022-11-21T09:10:23","guid":{"rendered":"https:\/\/ws168.juntadeandalucia.es\/iaap\/gestiondelconocimiento\/?page_id=4405"},"modified":"2025-10-17T15:04:13","modified_gmt":"2025-10-17T14:04:13","slug":"mapa-de-conocimiento-critico","status":"publish","type":"page","link":"https:\/\/ws168.juntadeandalucia.es\/iaap\/gestiondelconocimiento\/mapa-de-conocimiento-critico\/","title":{"rendered":"Mapas de conocimiento cr\u00edtico"},"content":{"rendered":"\t\t<div data-elementor-type=\"wp-page\" data-elementor-id=\"4405\" class=\"elementor elementor-4405\">\n\t\t\t\t\t\t<section class=\"elementor-section elementor-top-section elementor-element elementor-element-5e4a2b3 elementor-section-boxed elementor-section-height-default elementor-section-height-default\" data-id=\"5e4a2b3\" data-element_type=\"section\" data-e-type=\"section\">\n\t\t\t\t\t\t<div class=\"elementor-container elementor-column-gap-default\">\n\t\t\t\t\t<div class=\"elementor-column elementor-col-100 elementor-top-column elementor-element elementor-element-89b2c36\" data-id=\"89b2c36\" data-element_type=\"column\" data-e-type=\"column\">\n\t\t\t<div class=\"elementor-widget-wrap elementor-element-populated\">\n\t\t\t\t\t\t<div class=\"elementor-element elementor-element-36489b7 elementor-widget elementor-widget-image\" data-id=\"36489b7\" data-element_type=\"widget\" data-e-type=\"widget\" data-widget_type=\"image.default\">\n\t\t\t\t<div class=\"elementor-widget-container\">\n\t\t\t\t\t\t\t\t\t\t\t\t\t\t\t<img fetchpriority=\"high\" decoding=\"async\" data-attachment-id=\"7304\" data-permalink=\"https:\/\/ws168.juntadeandalucia.es\/iaap\/gestiondelconocimiento\/mapa-de-conocimiento-critico\/esquema_conocimiento_critico-2\/\" data-orig-file=\"https:\/\/ws168.juntadeandalucia.es\/iaap\/gestiondelconocimiento\/wp-content\/uploads\/sites\/10\/2025\/10\/Esquema_conocimiento_critico.jpg\" data-orig-size=\"600,397\" data-comments-opened=\"0\" data-image-meta=\"{&quot;aperture&quot;:&quot;0&quot;,&quot;credit&quot;:&quot;&quot;,&quot;camera&quot;:&quot;&quot;,&quot;caption&quot;:&quot;&quot;,&quot;created_timestamp&quot;:&quot;0&quot;,&quot;copyright&quot;:&quot;&quot;,&quot;focal_length&quot;:&quot;0&quot;,&quot;iso&quot;:&quot;0&quot;,&quot;shutter_speed&quot;:&quot;0&quot;,&quot;title&quot;:&quot;&quot;,&quot;orientation&quot;:&quot;0&quot;}\" data-image-title=\"Esquema_conocimiento_critico\" data-image-description=\"\" data-image-caption=\"\" data-large-file=\"https:\/\/ws168.juntadeandalucia.es\/iaap\/gestiondelconocimiento\/wp-content\/uploads\/sites\/10\/2025\/10\/Esquema_conocimiento_critico.jpg\" width=\"600\" height=\"397\" src=\"https:\/\/ws168.juntadeandalucia.es\/iaap\/gestiondelconocimiento\/wp-content\/uploads\/sites\/10\/2025\/10\/Esquema_conocimiento_critico.jpg\" class=\"attachment-large size-large wp-image-7304\" alt=\"\" srcset=\"https:\/\/ws168.juntadeandalucia.es\/iaap\/gestiondelconocimiento\/wp-content\/uploads\/sites\/10\/2025\/10\/Esquema_conocimiento_critico.jpg 600w, https:\/\/ws168.juntadeandalucia.es\/iaap\/gestiondelconocimiento\/wp-content\/uploads\/sites\/10\/2025\/10\/Esquema_conocimiento_critico-300x199.jpg 300w\" sizes=\"(max-width: 600px) 100vw, 600px\" data-attachment-id=\"7304\" data-permalink=\"https:\/\/ws168.juntadeandalucia.es\/iaap\/gestiondelconocimiento\/mapa-de-conocimiento-critico\/esquema_conocimiento_critico-2\/\" data-orig-file=\"https:\/\/ws168.juntadeandalucia.es\/iaap\/gestiondelconocimiento\/wp-content\/uploads\/sites\/10\/2025\/10\/Esquema_conocimiento_critico.jpg\" data-orig-size=\"600,397\" data-comments-opened=\"0\" data-image-meta=\"{&quot;aperture&quot;:&quot;0&quot;,&quot;credit&quot;:&quot;&quot;,&quot;camera&quot;:&quot;&quot;,&quot;caption&quot;:&quot;&quot;,&quot;created_timestamp&quot;:&quot;0&quot;,&quot;copyright&quot;:&quot;&quot;,&quot;focal_length&quot;:&quot;0&quot;,&quot;iso&quot;:&quot;0&quot;,&quot;shutter_speed&quot;:&quot;0&quot;,&quot;title&quot;:&quot;&quot;,&quot;orientation&quot;:&quot;0&quot;}\" data-image-title=\"Esquema_conocimiento_critico\" data-image-description=\"\" data-image-caption=\"\" data-large-file=\"https:\/\/ws168.juntadeandalucia.es\/iaap\/gestiondelconocimiento\/wp-content\/uploads\/sites\/10\/2025\/10\/Esquema_conocimiento_critico.jpg\" \/>\t\t\t\t\t\t\t\t\t\t\t\t\t\t\t<\/div>\n\t\t\t\t<\/div>\n\t\t\t\t\t<\/div>\n\t\t<\/div>\n\t\t\t\t\t<\/div>\n\t\t<\/section>\n\t\t\t\t<section class=\"elementor-section elementor-top-section elementor-element elementor-element-4d337f0b elementor-section-boxed elementor-section-height-default elementor-section-height-default\" data-id=\"4d337f0b\" data-element_type=\"section\" data-e-type=\"section\">\n\t\t\t\t\t\t<div class=\"elementor-container elementor-column-gap-default\">\n\t\t\t\t\t<div class=\"elementor-column elementor-col-100 elementor-top-column elementor-element elementor-element-5fe3ac50\" data-id=\"5fe3ac50\" data-element_type=\"column\" data-e-type=\"column\">\n\t\t\t<div class=\"elementor-widget-wrap elementor-element-populated\">\n\t\t\t\t\t\t<div class=\"elementor-element elementor-element-39da224c elementor-widget elementor-widget-text-editor\" data-id=\"39da224c\" data-element_type=\"widget\" data-e-type=\"widget\" data-widget_type=\"text-editor.default\">\n\t\t\t\t<div class=\"elementor-widget-container\">\n\t\t\t\t\t\t\t\t\t<div><main role=\"main\"><\/main><main role=\"main\"><span style=\"font-family: georgia, palatino, serif;font-size: 12pt\">Aqu\u00ed tienes toda la informaci\u00f3n para elaborar el mapa de conocimiento cr\u00edtico de tu unidad administrativa:<\/span><\/main><article><ul><li style=\"font-size: 14px\"><span style=\"font-size: 12pt;font-family: georgia, palatino, serif\"><a href=\"https:\/\/view.genially.com\/68c7e3d41e3f0b68797a6776\" target=\"_blank\" rel=\"noopener\">Gu\u00eda interactiva para elaborar mapas de conocimiento cr\u00edtico (GENIALLY).\u00a0<\/a><\/span><\/li><li><span style=\"font-family: georgia, palatino, serif;font-size: 12pt\"><a href=\"https:\/\/ws168.juntadeandalucia.es\/iaap\/gestiondelconocimiento\/wp-content\/uploads\/sites\/10\/2025\/10\/GUIA_PROFESIONAL_CREACION_MAPAS_2025.pdf\" target=\"_blank\" rel=\"noopener\">Gu\u00eda profesional para la creaci\u00f3n de mapas de conocimiento cr\u00edtico (PDF).<\/a><\/span><\/li><li><span style=\"font-family: georgia, palatino, serif;font-size: 12pt\"><a href=\"https:\/\/ws168.juntadeandalucia.es\/iaap\/gestiondelconocimiento\/wp-content\/uploads\/sites\/10\/2022\/12\/Mapa-individual-de-conocimiento.xls\" target=\"_blank\" rel=\"noopener\">Mapa individual de conocimiento (XLS)<\/a>.<\/span><\/li><li><span style=\"font-family: georgia, palatino, serif;font-size: 12pt\"><a href=\"https:\/\/ws168.juntadeandalucia.es\/iaap\/gestiondelconocimiento\/wp-content\/uploads\/sites\/10\/2025\/10\/Plantilla-Mapa-Conocimiento-Critico-Junta-Andalucia-2025.xlsx\" target=\"_blank\" rel=\"noopener\">Plantilla Mapa Conocimiento Cr\u00edtico Junta Andaluc\u00eda 2025 (XLS)<\/a>.<\/span><\/li><li><span style=\"font-family: georgia, palatino, serif;font-size: 12pt\"><a href=\"https:\/\/ws168.juntadeandalucia.es\/iaap\/gestiondelconocimiento\/catalogo-de-mapas-de-conocimiento-critico-de-la-junta-de-andalucia\/\" target=\"_blank\" rel=\"noopener\">Cat\u00e1logo de mapas de conocimiento cr\u00edtico de la Junta de Andaluc\u00eda.<\/a><\/span><\/li><\/ul><\/article><\/div><aside role=\"complementary\"><div><section><div>\u00a0<\/div><\/section><\/div><\/aside>\t\t\t\t\t\t\t\t<\/div>\n\t\t\t\t<\/div>\n\t\t\t\t\t<\/div>\n\t\t<\/div>\n\t\t\t\t\t<\/div>\n\t\t<\/section>\n\t\t\t\t<section class=\"elementor-section elementor-top-section elementor-element elementor-element-43d8e04 elementor-section-boxed elementor-section-height-default elementor-section-height-default\" data-id=\"43d8e04\" data-element_type=\"section\" data-e-type=\"section\">\n\t\t\t\t\t\t<div class=\"elementor-container elementor-column-gap-default\">\n\t\t\t\t\t<div class=\"elementor-column elementor-col-100 elementor-top-column elementor-element elementor-element-18808d8\" data-id=\"18808d8\" data-element_type=\"column\" data-e-type=\"column\">\n\t\t\t<div class=\"elementor-widget-wrap elementor-element-populated\">\n\t\t\t\t\t\t<div class=\"elementor-element elementor-element-88d2ad3 elementor-widget elementor-widget-text-editor\" data-id=\"88d2ad3\" data-element_type=\"widget\" data-e-type=\"widget\" data-widget_type=\"text-editor.default\">\n\t\t\t\t<div class=\"elementor-widget-container\">\n\t\t\t\t\t\t\t\t\t<p style=\"text-align: center\"><strong>Gu\u00eda interactiva para elaborar mapas de conocimiento cr\u00edtico<\/strong><\/p><p><iframe class=\"wp-embedded-content\" sandbox=\"allow-scripts\" security=\"restricted\" title=\"NAVEGANDO EN EL CONOCIMIENTO CR\u00cdTICO: Tu Br\u00fajula para el \u00c9xito Organizacional\" frameborder='0' width='1536' height='864' src='https:\/\/view.genially.com\/68c7e3d41e3f0b68797a6776#?secret=qSwTnk13IL' data-secret='qSwTnk13IL' scrolling='yes'><\/iframe><\/p><p>\u00a0<\/p>\t\t\t\t\t\t\t\t<\/div>\n\t\t\t\t<\/div>\n\t\t\t\t\t<\/div>\n\t\t<\/div>\n\t\t\t\t\t<\/div>\n\t\t<\/section>\n\t\t\t\t<\/div>\n\t\t","protected":false},"excerpt":{"rendered":"<p>Aqu\u00ed tienes toda la informaci\u00f3n para elaborar el mapa de conocimiento cr\u00edtico de tu unidad administrativa: Gu\u00eda interactiva para elaborar mapas de conocimiento cr\u00edtico (GENIALLY).\u00a0 Gu\u00eda profesional para la creaci\u00f3n de mapas de conocimiento cr\u00edtico (PDF). Mapa individual de conocimiento (XLS). Plantilla Mapa Conocimiento Cr\u00edtico Junta Andaluc\u00eda 2025 (XLS). Cat\u00e1logo de mapas de conocimiento cr\u00edtico [&hellip;]<\/p>\n","protected":false},"author":17,"featured_media":0,"parent":0,"menu_order":0,"comment_status":"closed","ping_status":"closed","template":"","meta":{"jetpack_post_was_ever_published":false,"footnotes":""},"class_list":["post-4405","page","type-page","status-publish","hentry"],"jetpack_sharing_enabled":true,"jetpack_shortlink":"https:\/\/wp.me\/P9W7Se-193","jetpack-related-posts":[{"id":7178,"url":"https:\/\/ws168.juntadeandalucia.es\/iaap\/gestiondelconocimiento\/elaboracion-de-mapas-de-conocimiento-critico-2025\/","url_meta":{"origin":4405,"position":0},"title":"Elaboraci\u00f3n de mapas de conocimiento cr\u00edtico 2025","author":"administrador","date":"13 octubre, 2025","format":false,"excerpt":"Uno de los proyectos m\u00e1s veteranos del Programa Embajadores\/as del Conocimiento ha conseguido renovarse en esta edici\u00f3n gracias al trabajo de estos seis participantes. Una vez realizado el curso impartido por Javier Mart\u00ednez Aldanondo, \"Dise\u00f1o de mapas de conocimiento cr\u00edtico\", y recopilados los mapas creados en esta edici\u00f3n, decidieron ahondar\u2026","rel":"","context":"Entrada similar","block_context":{"text":"Entrada similar","link":""},"img":{"alt_text":"","src":"https:\/\/i0.wp.com\/ws168.juntadeandalucia.es\/iaap\/gestiondelconocimiento\/wp-content\/uploads\/sites\/10\/2025\/10\/2025-Ficha-equipo-Mapas-1536x1086.jpg?resize=350%2C200&ssl=1","width":350,"height":200,"srcset":"https:\/\/i0.wp.com\/ws168.juntadeandalucia.es\/iaap\/gestiondelconocimiento\/wp-content\/uploads\/sites\/10\/2025\/10\/2025-Ficha-equipo-Mapas-1536x1086.jpg?resize=350%2C200&ssl=1 1x, https:\/\/i0.wp.com\/ws168.juntadeandalucia.es\/iaap\/gestiondelconocimiento\/wp-content\/uploads\/sites\/10\/2025\/10\/2025-Ficha-equipo-Mapas-1536x1086.jpg?resize=525%2C300&ssl=1 1.5x"},"classes":[]},{"id":5467,"url":"https:\/\/ws168.juntadeandalucia.es\/iaap\/gestiondelconocimiento\/edicion-2023\/elaboracion-de-mapas-de-conocimiento-critico-2023\/","url_meta":{"origin":4405,"position":1},"title":"Elaboraci\u00f3n de mapas de conocimiento cr\u00edtico 2023","author":"administrador","date":"11 diciembre, 2023","format":false,"excerpt":"El proyecto de Elaboraci\u00f3n de mapas del conocimiento cr\u00edtico es uno de los veteranos en el programa de Gesti\u00f3n del Conocimiento.Al comienzo de esta edici\u00f3n, te presentamos a los integrantes del grupo de trabajo que ha conseguido a\u00f1adir diez mapas nuevos al Atlas de Conocimiento Cr\u00edtico de la Junta de\u2026","rel":"","context":"Entrada similar","block_context":{"text":"Entrada similar","link":""},"img":{"alt_text":"Mapas de Conocimiento Cr\u00edtico","src":"https:\/\/i0.wp.com\/ws168.juntadeandalucia.es\/iaap\/gestiondelconocimiento\/wp-content\/uploads\/sites\/10\/2023\/03\/02_Grupo-Mapas-1-2048x1448.jpg?resize=350%2C200&ssl=1","width":350,"height":200,"srcset":"https:\/\/i0.wp.com\/ws168.juntadeandalucia.es\/iaap\/gestiondelconocimiento\/wp-content\/uploads\/sites\/10\/2023\/03\/02_Grupo-Mapas-1-2048x1448.jpg?resize=350%2C200&ssl=1 1x, https:\/\/i0.wp.com\/ws168.juntadeandalucia.es\/iaap\/gestiondelconocimiento\/wp-content\/uploads\/sites\/10\/2023\/03\/02_Grupo-Mapas-1-2048x1448.jpg?resize=525%2C300&ssl=1 1.5x"},"classes":[]},{"id":2053,"url":"https:\/\/ws168.juntadeandalucia.es\/iaap\/gestiondelconocimiento\/proyectos\/edicion-2019-2020-edicion-2019-2020\/gc06-identificacion-del-conocimiento-critico\/","url_meta":{"origin":4405,"position":2},"title":"GC06 &#8211; Identificaci\u00f3n del Conocimiento Cr\u00edtico (2019-20)","author":"beatrizsanchezgomez","date":"23 febrero, 2020","format":false,"excerpt":"DESCRIPCI\u00d3NSe trata de identificar el conocimiento cr\u00edtico existente en la Junta de Andaluc\u00eda, dando respuesta a las preguntas:\u2022 \u00bfQu\u00e9 es lo que sabe la organizaci\u00f3n?\u2022 \u00bfDe eso qu\u00e9 es lo m\u00e1s importante?\u2022 \u00bfQui\u00e9n lo sabe?\u2022 \u00bfC\u00f3mo utilizamos lo que sabemos?OBJETIVOSElaborar un inventario categorizado del conocimiento existente en la Junta de\u2026","rel":"","context":"Entrada similar","block_context":{"text":"Entrada similar","link":""},"img":{"alt_text":"","src":"https:\/\/i0.wp.com\/ws168.juntadeandalucia.es\/iaap\/gestiondelconocimiento\/wp-content\/uploads\/sites\/10\/2019\/03\/screen2.png?resize=350%2C200&ssl=1","width":350,"height":200},"classes":[]},{"id":4473,"url":"https:\/\/ws168.juntadeandalucia.es\/iaap\/gestiondelconocimiento\/edicion-2022\/identificacion-del-conocimiento-critico-2022\/","url_meta":{"origin":4405,"position":3},"title":"Identificaci\u00f3n del Conocimiento Cr\u00edtico 2022","author":"pedroblanco","date":"23 febrero, 2023","format":false,"excerpt":"A lo largo de estos cuatro a\u00f1os del Grupo de Conocimiento Cr\u00edtico hemos recorrido un camino que empez\u00f3 en 2019.A\u00f1o 2019 - 2020.- APRENDER - APRENDIENDOTodo era nuevo y nos toco determinar qu\u00e9 era el conocimiento cr\u00edtico y por qu\u00e9 era importante conservarlo: \u201ctodo aquello que sabemos hacer, producto de\u2026","rel":"","context":"Entrada similar","block_context":{"text":"Entrada similar","link":""},"img":{"alt_text":"","src":"","width":0,"height":0},"classes":[]},{"id":6153,"url":"https:\/\/ws168.juntadeandalucia.es\/iaap\/gestiondelconocimiento\/edicion-2024\/elaboracion-de-mapas-de-conocimiento-critico-2024\/","url_meta":{"origin":4405,"position":4},"title":"Elaboraci\u00f3n de Mapas de Conocimiento Cr\u00edtico 2024","author":"administrador","date":"17 octubre, 2024","format":false,"excerpt":"Una edici\u00f3n m\u00e1s, el proyecto de Elaboraci\u00f3n de mapas de conocimiento cr\u00edtico ha intentado localizar a las personas que poseen las capacidades y habilidades necesarias para hacer frente a una tarea concreta y poner en valor y a disposici\u00f3n de todo aquel que lo necesite su conocimiento.En 2024, el grupo\u2026","rel":"","context":"Entrada similar","block_context":{"text":"Entrada similar","link":""},"img":{"alt_text":"","src":"https:\/\/i0.wp.com\/ws168.juntadeandalucia.es\/iaap\/gestiondelconocimiento\/wp-content\/uploads\/sites\/10\/2024\/10\/Ficha-equipo-Mapas-Embajadores24-1536x1086.jpg?resize=350%2C200&ssl=1","width":350,"height":200,"srcset":"https:\/\/i0.wp.com\/ws168.juntadeandalucia.es\/iaap\/gestiondelconocimiento\/wp-content\/uploads\/sites\/10\/2024\/10\/Ficha-equipo-Mapas-Embajadores24-1536x1086.jpg?resize=350%2C200&ssl=1 1x, https:\/\/i0.wp.com\/ws168.juntadeandalucia.es\/iaap\/gestiondelconocimiento\/wp-content\/uploads\/sites\/10\/2024\/10\/Ficha-equipo-Mapas-Embajadores24-1536x1086.jpg?resize=525%2C300&ssl=1 1.5x"},"classes":[]},{"id":7156,"url":"https:\/\/ws168.juntadeandalucia.es\/iaap\/gestiondelconocimiento\/catalogo-de-mapas-de-conocimiento-critico-de-la-junta-de-andalucia\/","url_meta":{"origin":4405,"position":5},"title":"Cat\u00e1logo de mapas de Conocimiento cr\u00edtico de la Junta de Andaluc\u00eda","author":"administrador","date":"10 octubre, 2025","format":false,"excerpt":"","rel":"","context":"Entrada similar","block_context":{"text":"Entrada similar","link":""},"img":{"alt_text":"","src":"","width":0,"height":0},"classes":[]}],"jetpack_likes_enabled":true,"_links":{"self":[{"href":"https:\/\/ws168.juntadeandalucia.es\/iaap\/gestiondelconocimiento\/wp-json\/wp\/v2\/pages\/4405","targetHints":{"allow":["GET"]}}],"collection":[{"href":"https:\/\/ws168.juntadeandalucia.es\/iaap\/gestiondelconocimiento\/wp-json\/wp\/v2\/pages"}],"about":[{"href":"https:\/\/ws168.juntadeandalucia.es\/iaap\/gestiondelconocimiento\/wp-json\/wp\/v2\/types\/page"}],"author":[{"embeddable":true,"href":"https:\/\/ws168.juntadeandalucia.es\/iaap\/gestiondelconocimiento\/wp-json\/wp\/v2\/users\/17"}],"replies":[{"embeddable":true,"href":"https:\/\/ws168.juntadeandalucia.es\/iaap\/gestiondelconocimiento\/wp-json\/wp\/v2\/comments?post=4405"}],"version-history":[{"count":105,"href":"https:\/\/ws168.juntadeandalucia.es\/iaap\/gestiondelconocimiento\/wp-json\/wp\/v2\/pages\/4405\/revisions"}],"predecessor-version":[{"id":7350,"href":"https:\/\/ws168.juntadeandalucia.es\/iaap\/gestiondelconocimiento\/wp-json\/wp\/v2\/pages\/4405\/revisions\/7350"}],"wp:attachment":[{"href":"https:\/\/ws168.juntadeandalucia.es\/iaap\/gestiondelconocimiento\/wp-json\/wp\/v2\/media?parent=4405"}],"curies":[{"name":"wp","href":"https:\/\/api.w.org\/{rel}","templated":true}]}}