{"id":4583,"date":"2023-02-24T13:25:29","date_gmt":"2023-02-24T12:25:29","guid":{"rendered":"https:\/\/ws168.juntadeandalucia.es\/iaap\/gestiondelconocimiento\/?page_id=4583"},"modified":"2024-02-06T11:09:48","modified_gmt":"2024-02-06T10:09:48","slug":"encuentros-intergeneracionales-2022","status":"publish","type":"page","link":"https:\/\/ws168.juntadeandalucia.es\/iaap\/gestiondelconocimiento\/edicion-2022\/encuentros-intergeneracionales-2022\/","title":{"rendered":"Encuentros Intergeneracionales 2022"},"content":{"rendered":"\t\t<div data-elementor-type=\"wp-page\" data-elementor-id=\"4583\" class=\"elementor elementor-4583\">\n\t\t\t\t\t\t<section class=\"elementor-section elementor-top-section elementor-element elementor-element-c4baf61 elementor-section-boxed elementor-section-height-default elementor-section-height-default\" data-id=\"c4baf61\" data-element_type=\"section\" data-e-type=\"section\">\n\t\t\t\t\t\t<div class=\"elementor-container elementor-column-gap-default\">\n\t\t\t\t\t<div class=\"elementor-column elementor-col-100 elementor-top-column elementor-element elementor-element-e7cfdd4\" data-id=\"e7cfdd4\" data-element_type=\"column\" data-e-type=\"column\">\n\t\t\t<div class=\"elementor-widget-wrap elementor-element-populated\">\n\t\t\t\t\t\t<div class=\"elementor-element elementor-element-85c9a75 elementor-widget elementor-widget-text-editor\" data-id=\"85c9a75\" data-element_type=\"widget\" data-e-type=\"widget\" data-widget_type=\"text-editor.default\">\n\t\t\t\t<div class=\"elementor-widget-container\">\n\t\t\t\t\t\t\t\t\t<h3 align=\"justify\"><b>Encuentros entre los Agentes de Salud<\/b><\/h3>\t\t\t\t\t\t\t\t<\/div>\n\t\t\t\t<\/div>\n\t\t\t\t\t<\/div>\n\t\t<\/div>\n\t\t\t\t\t<\/div>\n\t\t<\/section>\n\t\t\t\t<section class=\"elementor-section elementor-top-section elementor-element elementor-element-89ac680 elementor-section-boxed elementor-section-height-default elementor-section-height-default\" data-id=\"89ac680\" data-element_type=\"section\" data-e-type=\"section\">\n\t\t\t\t\t\t<div class=\"elementor-container elementor-column-gap-default\">\n\t\t\t\t\t<div class=\"elementor-column elementor-col-100 elementor-top-column elementor-element elementor-element-2ab1ce5\" data-id=\"2ab1ce5\" data-element_type=\"column\" data-e-type=\"column\">\n\t\t\t<div class=\"elementor-widget-wrap elementor-element-populated\">\n\t\t\t\t\t\t<div class=\"elementor-element elementor-element-ae0e5af elementor-widget elementor-widget-text-editor\" data-id=\"ae0e5af\" data-element_type=\"widget\" data-e-type=\"widget\" data-widget_type=\"text-editor.default\">\n\t\t\t\t<div class=\"elementor-widget-container\">\n\t\t\t\t\t\t\t\t\t<p>Este a\u00f1o el proyecto de Encuentros intergeneracionales se ha centrado en el colectivo de Agentes de Salud de la Junta de Andaluc\u00eda.<\/p><p>En el <a href=\"https:\/\/ws168.juntadeandalucia.es\/iaap\/gestiondelconocimiento\/wp-content\/uploads\/sites\/10\/2023\/09\/IVEncuentroIntergeneracional.pdf\" target=\"_blank\" rel=\"noopener\">IV Encuentro Intergeneracional de la Junta de Andaluc\u00eda<\/a>, <strong>Agentes de Salud P\u00fablica<\/strong>, promovido por este grupo de trabajo y celebrado en octubre de 2022, se estableci\u00f3 llevar a cabo acciones de transferencia de conocimiento como son las Croquetas de conocimiento, Reuniones de intercambio de ideas, Manuales y formaci\u00f3n de acogida y programas de mentor\u00eda en este sector.<\/p><p>Puedes visualizar su presentaci\u00f3n en la V Jornada de Gesti\u00f3n del Conocimiento del programa Embajadores y Embajadoras del Conocimiento en el siguiente v\u00eddeo:<\/p>\t\t\t\t\t\t\t\t<\/div>\n\t\t\t\t<\/div>\n\t\t\t\t\t<\/div>\n\t\t<\/div>\n\t\t\t\t\t<\/div>\n\t\t<\/section>\n\t\t\t\t<section class=\"elementor-section elementor-top-section elementor-element elementor-element-2976658 elementor-section-boxed elementor-section-height-default elementor-section-height-default\" data-id=\"2976658\" data-element_type=\"section\" data-e-type=\"section\">\n\t\t\t\t\t\t<div class=\"elementor-container elementor-column-gap-default\">\n\t\t\t\t\t<div class=\"elementor-column elementor-col-100 elementor-top-column elementor-element elementor-element-039eec5\" data-id=\"039eec5\" data-element_type=\"column\" data-e-type=\"column\">\n\t\t\t<div class=\"elementor-widget-wrap elementor-element-populated\">\n\t\t\t\t\t\t<div class=\"elementor-element elementor-element-af3a4e4 elementor-widget elementor-widget-video\" data-id=\"af3a4e4\" data-element_type=\"widget\" data-e-type=\"widget\" data-settings=\"{&quot;youtube_url&quot;:&quot;https:\\\/\\\/www.youtube.com\\\/watch?v=5HshCPO_Q8s&amp;list=PLj-bfbG2QZP4lG2JyZS3ZlfVjQQMMHwjZ&amp;index=7&quot;,&quot;video_type&quot;:&quot;youtube&quot;,&quot;controls&quot;:&quot;yes&quot;}\" data-widget_type=\"video.default\">\n\t\t\t\t<div class=\"elementor-widget-container\">\n\t\t\t\t\t\t\t<div class=\"elementor-wrapper elementor-open-inline\">\n\t\t\t<div class=\"elementor-video\"><\/div>\t\t<\/div>\n\t\t\t\t\t\t<\/div>\n\t\t\t\t<\/div>\n\t\t\t\t\t<\/div>\n\t\t<\/div>\n\t\t\t\t\t<\/div>\n\t\t<\/section>\n\t\t\t\t<section class=\"elementor-section elementor-top-section elementor-element elementor-element-d772b29 elementor-section-boxed elementor-section-height-default elementor-section-height-default\" data-id=\"d772b29\" data-element_type=\"section\" data-e-type=\"section\">\n\t\t\t\t\t\t<div class=\"elementor-container elementor-column-gap-default\">\n\t\t\t\t\t<div class=\"elementor-column elementor-col-100 elementor-top-column elementor-element elementor-element-150ac68\" data-id=\"150ac68\" data-element_type=\"column\" data-e-type=\"column\">\n\t\t\t<div class=\"elementor-widget-wrap elementor-element-populated\">\n\t\t\t\t\t\t<div class=\"elementor-element elementor-element-d9090d0 elementor-widget elementor-widget-text-editor\" data-id=\"d9090d0\" data-element_type=\"widget\" data-e-type=\"widget\" data-widget_type=\"text-editor.default\">\n\t\t\t\t<div class=\"elementor-widget-container\">\n\t\t\t\t\t\t\t\t\t<p>\u00a0<\/p><p>Adem\u00e1s, uno de de los miembros de este proyecto nos narr\u00f3 c\u00f3mo vivi\u00f3 toda esta aventura en nuestra <a href=\"https:\/\/ws168.juntadeandalucia.es\/iaap\/revista\/2022\/10\/17\/iv-encuentro-intergeneracional-agentes-de-salud-publica\/\" target=\"_blank\" rel=\"noopener\">revista.<\/a><\/p>\t\t\t\t\t\t\t\t<\/div>\n\t\t\t\t<\/div>\n\t\t\t\t\t<\/div>\n\t\t<\/div>\n\t\t\t\t\t<\/div>\n\t\t<\/section>\n\t\t\t\t<\/div>\n\t\t","protected":false},"excerpt":{"rendered":"<p>Encuentros entre los Agentes de Salud Este a\u00f1o el proyecto de Encuentros intergeneracionales se ha centrado en el colectivo de Agentes de Salud de la Junta de Andaluc\u00eda. En el IV Encuentro Intergeneracional de la Junta de Andaluc\u00eda, Agentes de Salud P\u00fablica, promovido por este grupo de trabajo y celebrado en octubre de 2022, se [&hellip;]<\/p>\n","protected":false},"author":634,"featured_media":0,"parent":4389,"menu_order":4,"comment_status":"closed","ping_status":"closed","template":"","meta":{"jetpack_post_was_ever_published":false,"footnotes":""},"class_list":["post-4583","page","type-page","status-publish","hentry"],"jetpack_sharing_enabled":true,"jetpack_shortlink":"https:\/\/wp.me\/P9W7Se-1bV","jetpack-related-posts":[{"id":4402,"url":"https:\/\/ws168.juntadeandalucia.es\/iaap\/gestiondelconocimiento\/encuentros-intergeneracionales\/","url_meta":{"origin":4583,"position":0},"title":"Encuentros intergeneracionales","author":"javierdominguez","date":"21 noviembre, 2022","format":false,"excerpt":"https:\/\/ws168.juntadeandalucia.es\/iaap\/gestiondelconocimiento\/wp-content\/uploads\/sites\/10\/2025\/10\/Video-Pagina-Encuentros-Intergeneracionales-BLOG.mp4Aqu\u00ed tienes toda la informaci\u00f3n de los diferentes encuentros intergeneracionales que se han celebrado hasta el momento.I Encuentro Intergeneracional: Ingenier\u00eda de Montes (2018)II Encuentro Intergeneracional: Medicina de Orientaci\u00f3n Escolar (2020)III Encuentro Intergeneracional: Agentes de Medio Ambiente (2021)IV Encuentro Intergeneracional: Agentes de Salud P\u00fablica (2022)V Encuentro Intergeneracional: Inspecci\u00f3n Servicios Sanitarios (2023)VI\u2026","rel":"","context":"Entrada similar","block_context":{"text":"Entrada similar","link":""},"img":{"alt_text":"","src":"","width":0,"height":0},"classes":[]},{"id":3215,"url":"https:\/\/ws168.juntadeandalucia.es\/iaap\/gestiondelconocimiento\/proyectos\/edicion-2019-2020-edicion-2019-2020\/gc11-encuentros-intergeneracionales\/entregables-proyecto-encuentros-intergeneracionales\/","url_meta":{"origin":4583,"position":1},"title":"Entregables Proyecto Encuentros Intergeneracionales","author":"","date":"11 enero, 2021","format":false,"excerpt":"Encuentros Intergeneracionales (edici\u00f3n 2019-2020) Este grupo, a lo largo del desarrollo del proyecto, ha generado diversos entregables. Toda la documentaci\u00f3n elaborada supone un aporte de valor y un contenidos muy \u00fatil para toda la Comunidad Educativa. Las gu\u00edas y la infograf\u00eda est\u00e1n principalmente dirigidas al grupo de profesionales que forman\u2026","rel":"","context":"Entrada similar","block_context":{"text":"Entrada similar","link":""},"img":{"alt_text":"","src":"https:\/\/i0.wp.com\/ws168.juntadeandalucia.es\/iaap\/gestiondelconocimiento\/wp-content\/uploads\/sites\/10\/2021\/01\/Gu%C3%ADa-Profesional-de-la-Medicina-Escolar.jpg?resize=350%2C200&ssl=1","width":350,"height":200,"srcset":"https:\/\/i0.wp.com\/ws168.juntadeandalucia.es\/iaap\/gestiondelconocimiento\/wp-content\/uploads\/sites\/10\/2021\/01\/Gu%C3%ADa-Profesional-de-la-Medicina-Escolar.jpg?resize=350%2C200&ssl=1 1x, https:\/\/i0.wp.com\/ws168.juntadeandalucia.es\/iaap\/gestiondelconocimiento\/wp-content\/uploads\/sites\/10\/2021\/01\/Gu%C3%ADa-Profesional-de-la-Medicina-Escolar.jpg?resize=525%2C300&ssl=1 1.5x"},"classes":[]},{"id":5494,"url":"https:\/\/ws168.juntadeandalucia.es\/iaap\/gestiondelconocimiento\/edicion-2023\/encuentros-intergeneracionales-en-la-junta-de-andalucia-2023\/","url_meta":{"origin":4583,"position":2},"title":"Encuentros Intergeneracionales en la Junta de Andaluc\u00eda 2023","author":"administrador","date":"11 diciembre, 2023","format":false,"excerpt":"El pasado 9 de octubre de 2023 se celebr\u00f3 el V Encuentro Intergeneracional de la Junta de Andaluc\u00eda, en esta ocasi\u00f3n, centrado en el colectivo de Agentes de Inspecci\u00f3n de prestaciones y servicios sanitarios.Ese Encuentro fue la culminaci\u00f3n del trabajo realizado a lo largo de todo el a\u00f1o por los\u2026","rel":"","context":"Entrada similar","block_context":{"text":"Entrada similar","link":""},"img":{"alt_text":"Encuentros Intergeneracionales","src":"https:\/\/i0.wp.com\/ws168.juntadeandalucia.es\/iaap\/gestiondelconocimiento\/wp-content\/uploads\/sites\/10\/2023\/07\/06_Grupo-Encuentros-2048x1448.jpg?resize=350%2C200&ssl=1","width":350,"height":200,"srcset":"https:\/\/i0.wp.com\/ws168.juntadeandalucia.es\/iaap\/gestiondelconocimiento\/wp-content\/uploads\/sites\/10\/2023\/07\/06_Grupo-Encuentros-2048x1448.jpg?resize=350%2C200&ssl=1 1x, https:\/\/i0.wp.com\/ws168.juntadeandalucia.es\/iaap\/gestiondelconocimiento\/wp-content\/uploads\/sites\/10\/2023\/07\/06_Grupo-Encuentros-2048x1448.jpg?resize=525%2C300&ssl=1 1.5x"},"classes":[]},{"id":4110,"url":"https:\/\/ws168.juntadeandalucia.es\/iaap\/gestiondelconocimiento\/edicion-2020-2021\/encuentros-intergeneracionales\/","url_meta":{"origin":4583,"position":3},"title":"ENCUENTROS INTERGENERACIONALES","author":"beatrizsanchezgomez","date":"2 diciembre, 2021","format":false,"excerpt":"ENCUENTRO ENTRE LOS AGENTES DE MEDIOAMBIENTE Este a\u00f1o el proyecto de Encuentros intergeneracionales se ha centrado en el colectivo de Agentes de Medioambientes de la Junta de Andaluc\u00eda. Adem\u00e1s del propio encuentro, han realizado una Recopilaci\u00f3n de vivencias personales como ejemplo de transferencia de conocimiento en el \u00e1mbito de los\u2026","rel":"","context":"Entrada similar","block_context":{"text":"Entrada similar","link":""},"img":{"alt_text":"","src":"","width":0,"height":0},"classes":[]},{"id":1903,"url":"https:\/\/ws168.juntadeandalucia.es\/iaap\/gestiondelconocimiento\/proyectos\/edicion-2019-2020-edicion-2019-2020\/gc11-encuentros-intergeneracionales\/","url_meta":{"origin":4583,"position":4},"title":"GC11 &#8211; Encuentros Intergeneracionales (2019-20)","author":"beatrizsanchezgomez","date":"17 febrero, 2020","format":false,"excerpt":"Edici\u00f3n 2019-2020DESCRIPCI\u00d3NEste proyecto que surge en la tercera edici\u00f3n del programa del IAAP Embajadores del Conocimiento. Se trata de llevar a cabo encuentros entre personas pr\u00f3ximas a la jubilaci\u00f3n con un conocimiento destacado y personas que deban ser destinatarias de ese conocimiento.\u00a0Para ello se partir\u00e1 como modelo, del \"I encuentro\u2026","rel":"","context":"Entrada similar","block_context":{"text":"Entrada similar","link":""},"img":{"alt_text":"","src":"https:\/\/i0.wp.com\/ws168.juntadeandalucia.es\/iaap\/gestiondelconocimiento\/wp-content\/uploads\/sites\/10\/2020\/01\/Generacional2.jpg?resize=350%2C200&ssl=1","width":350,"height":200},"classes":[]},{"id":6158,"url":"https:\/\/ws168.juntadeandalucia.es\/iaap\/gestiondelconocimiento\/edicion-2024\/encuentros-intergeneracionales-en-la-junta-de-andalucia-2024\/","url_meta":{"origin":4583,"position":5},"title":"Encuentros Intergeneracionales en la Junta de Andaluc\u00eda 2024","author":"administrador","date":"17 octubre, 2024","format":false,"excerpt":"Uno de los proyectos m\u00e1s gratificantes es el de Encuentros Intergeneracionales, ya que se puede vivir su experiencia en primera persona y comprobar su repercusi\u00f3n en los asistentes de forma inmediata.Cinco personas pertenecientes a diferentes \u00e1reas de la Junta de Andaluc\u00eda se encomendaron en la labor de organizar el VI\u2026","rel":"","context":"Entrada similar","block_context":{"text":"Entrada similar","link":""},"img":{"alt_text":"","src":"https:\/\/i0.wp.com\/ws168.juntadeandalucia.es\/iaap\/gestiondelconocimiento\/wp-content\/uploads\/sites\/10\/2024\/10\/VI-Encuentro-Intergeneracional.jpg?resize=350%2C200&ssl=1","width":350,"height":200,"srcset":"https:\/\/i0.wp.com\/ws168.juntadeandalucia.es\/iaap\/gestiondelconocimiento\/wp-content\/uploads\/sites\/10\/2024\/10\/VI-Encuentro-Intergeneracional.jpg?resize=350%2C200&ssl=1 1x, https:\/\/i0.wp.com\/ws168.juntadeandalucia.es\/iaap\/gestiondelconocimiento\/wp-content\/uploads\/sites\/10\/2024\/10\/VI-Encuentro-Intergeneracional.jpg?resize=525%2C300&ssl=1 1.5x, https:\/\/i0.wp.com\/ws168.juntadeandalucia.es\/iaap\/gestiondelconocimiento\/wp-content\/uploads\/sites\/10\/2024\/10\/VI-Encuentro-Intergeneracional.jpg?resize=700%2C400&ssl=1 2x"},"classes":[]}],"jetpack_likes_enabled":true,"_links":{"self":[{"href":"https:\/\/ws168.juntadeandalucia.es\/iaap\/gestiondelconocimiento\/wp-json\/wp\/v2\/pages\/4583","targetHints":{"allow":["GET"]}}],"collection":[{"href":"https:\/\/ws168.juntadeandalucia.es\/iaap\/gestiondelconocimiento\/wp-json\/wp\/v2\/pages"}],"about":[{"href":"https:\/\/ws168.juntadeandalucia.es\/iaap\/gestiondelconocimiento\/wp-json\/wp\/v2\/types\/page"}],"author":[{"embeddable":true,"href":"https:\/\/ws168.juntadeandalucia.es\/iaap\/gestiondelconocimiento\/wp-json\/wp\/v2\/users\/634"}],"replies":[{"embeddable":true,"href":"https:\/\/ws168.juntadeandalucia.es\/iaap\/gestiondelconocimiento\/wp-json\/wp\/v2\/comments?post=4583"}],"version-history":[{"count":44,"href":"https:\/\/ws168.juntadeandalucia.es\/iaap\/gestiondelconocimiento\/wp-json\/wp\/v2\/pages\/4583\/revisions"}],"predecessor-version":[{"id":5392,"href":"https:\/\/ws168.juntadeandalucia.es\/iaap\/gestiondelconocimiento\/wp-json\/wp\/v2\/pages\/4583\/revisions\/5392"}],"up":[{"embeddable":true,"href":"https:\/\/ws168.juntadeandalucia.es\/iaap\/gestiondelconocimiento\/wp-json\/wp\/v2\/pages\/4389"}],"wp:attachment":[{"href":"https:\/\/ws168.juntadeandalucia.es\/iaap\/gestiondelconocimiento\/wp-json\/wp\/v2\/media?parent=4583"}],"curies":[{"name":"wp","href":"https:\/\/api.w.org\/{rel}","templated":true}]}}