{"id":479,"date":"2018-06-16T20:16:53","date_gmt":"2018-06-16T20:16:53","guid":{"rendered":"https:\/\/ws168.juntadeandalucia.es\/iaap\/gestiondelconocimiento\/?page_id=479"},"modified":"2020-02-22T20:21:15","modified_gmt":"2020-02-22T20:21:15","slug":"videotutoriales","status":"publish","type":"page","link":"https:\/\/ws168.juntadeandalucia.es\/iaap\/gestiondelconocimiento\/proyectos\/edicion-2018-2019\/gc08-implantando-la-cultura-audiovisual\/videotutoriales\/","title":{"rendered":"Antecedentes del Proyecto GC08"},"content":{"rendered":"<p><img fetchpriority=\"high\" decoding=\"async\" data-attachment-id=\"494\" data-permalink=\"https:\/\/ws168.juntadeandalucia.es\/iaap\/gestiondelconocimiento\/proyectos\/edicion-2018-2019\/gc08-implantando-la-cultura-audiovisual\/videotutoriales\/videotutorial_logo\/\" data-orig-file=\"https:\/\/ws168.juntadeandalucia.es\/iaap\/gestiondelconocimiento\/wp-content\/uploads\/sites\/10\/2018\/06\/videotutorial_logo.png\" data-orig-size=\"840,629\" data-comments-opened=\"0\" data-image-meta=\"{&quot;aperture&quot;:&quot;0&quot;,&quot;credit&quot;:&quot;&quot;,&quot;camera&quot;:&quot;&quot;,&quot;caption&quot;:&quot;&quot;,&quot;created_timestamp&quot;:&quot;0&quot;,&quot;copyright&quot;:&quot;&quot;,&quot;focal_length&quot;:&quot;0&quot;,&quot;iso&quot;:&quot;0&quot;,&quot;shutter_speed&quot;:&quot;0&quot;,&quot;title&quot;:&quot;&quot;,&quot;orientation&quot;:&quot;0&quot;}\" data-image-title=\"videotutorial_logo\" data-image-description=\"\" data-image-caption=\"\" data-large-file=\"https:\/\/ws168.juntadeandalucia.es\/iaap\/gestiondelconocimiento\/wp-content\/uploads\/sites\/10\/2018\/06\/videotutorial_logo.png\" class=\"size-medium wp-image-494 aligncenter\" src=\"https:\/\/ws168.juntadeandalucia.es\/iaap\/gestiondelconocimiento\/wp-content\/uploads\/sites\/10\/2018\/06\/videotutorial_logo-300x225.png\" alt=\"\" width=\"300\" height=\"225\" srcset=\"https:\/\/ws168.juntadeandalucia.es\/iaap\/gestiondelconocimiento\/wp-content\/uploads\/sites\/10\/2018\/06\/videotutorial_logo-300x225.png 300w, https:\/\/ws168.juntadeandalucia.es\/iaap\/gestiondelconocimiento\/wp-content\/uploads\/sites\/10\/2018\/06\/videotutorial_logo-768x575.png 768w, https:\/\/ws168.juntadeandalucia.es\/iaap\/gestiondelconocimiento\/wp-content\/uploads\/sites\/10\/2018\/06\/videotutorial_logo-600x449.png 600w, https:\/\/ws168.juntadeandalucia.es\/iaap\/gestiondelconocimiento\/wp-content\/uploads\/sites\/10\/2018\/06\/videotutorial_logo-110x82.png 110w, https:\/\/ws168.juntadeandalucia.es\/iaap\/gestiondelconocimiento\/wp-content\/uploads\/sites\/10\/2018\/06\/videotutorial_logo-420x315.png 420w, https:\/\/ws168.juntadeandalucia.es\/iaap\/gestiondelconocimiento\/wp-content\/uploads\/sites\/10\/2018\/06\/videotutorial_logo-574x430.png 574w, https:\/\/ws168.juntadeandalucia.es\/iaap\/gestiondelconocimiento\/wp-content\/uploads\/sites\/10\/2018\/06\/videotutorial_logo.png 840w\" sizes=\"(max-width: 300px) 100vw, 300px\" \/><\/p>\n<h4><span style=\"color: #000000\">DESCRIPCI\u00d3N<\/span><\/h4>\n<p class=\"western\" align=\"justify\">Inmersos en un entorno social de comunicaci\u00f3n a trav\u00e9s de la imagen, surge la necesidad de impulsar la cultura audiovisual en la Junta de Andaluc\u00eda como apoyo a la informaci\u00f3n y difusi\u00f3n de tr\u00e1mites y procedimientos internos, y para facilitar la comunicaci\u00f3n con la ciudadan\u00eda.<\/p>\n<p class=\"western\">Este proyecto da continuidad a una experiencia desarrollada en el<b> <\/b><a style=\"color: #000000\" href=\"http:\/\/lajunta.es\/14d01\" target=\"_blank\" rel=\"noopener\"><b>HackCamp<\/b><\/a><b> <\/b>organizado por el IAAP en junio de 2017, d\u00f3nde se defini\u00f3 como reto para la organizaci\u00f3n.<\/p>\n<h4>OBJETIVOS<\/h4>\n<p>Elaborar p\u00edldoras y gu\u00edas divulgativas que faciliten la elaboraci\u00f3n de audiovisuales (aspectos t\u00e9cnicos y de contenidos) para cualquier tipo de comunicaci\u00f3n interna y externa.<\/p>\n<h4>ENLACES<\/h4>\n<ul>\n<li>P\u00e1gina del<strong> <a style=\"color: #008000\" href=\"http:\/\/lajunta.es\/14d01\" target=\"_blank\" rel=\"noopener\">HackCamp<\/a>.<\/strong><\/li>\n<\/ul>\n<h4>ENTREGABLES<\/h4>\n<ul>\n<li><strong><a href=\"http:\/\/www.juntadeandalucia.es\/institutodeadministracionpublica\/\/servlet\/descarga?up=130297\" target=\"_blank\" rel=\"noopener\"><span style=\"color: #007a33\"><b>AnuncioJunta<\/b><\/span><\/a><\/strong><strong><span style=\"color: #339966\"><b>.<\/b><\/span><\/strong><b> <\/b><span style=\"color: #505050\"><b>Mini <\/b><\/span><span style=\"color: #505050\"><b>Gu\u00eda<\/b><\/span><span style=\"color: #505050\"><b> para la realizaci\u00f3n de anuncios audiovisuales.<\/b>\u00a0C<span style=\"color: #000000\">\u00f3mo\u00a0<\/span><\/span><span style=\"color: #000000\">comunicar eficazmente la informaci\u00f3n de tr\u00e1mites y servicios dministrativos en formato cinematogr\u00e1fico (trailer o teaser).<\/span><\/li>\n<li><\/li>\n<li><strong><a href=\"http:\/\/www.juntadeandalucia.es\/institutodeadministracionpublica\/\/servlet\/descarga?up=130303\" target=\"_blank\" rel=\"noopener\"><span style=\"color: #007a33\"><b>TutorialJunta<\/b><\/span><\/a><\/strong><strong><a href=\"http:\/\/www.juntadeandalucia.es\/institutodeadministracionpublica\/\/servlet\/descarga?up=130303\" target=\"_blank\" rel=\"noopener\"><span style=\"color: #009866\"><b>.<\/b><\/span><\/a><\/strong><b> <\/b><span style=\"color: #505050\"><b>Mini <\/b><\/span><span style=\"color: #505050\"><b>Gu\u00eda para realizar videotutoriales.\u00a0<\/b><span style=\"color: #000000\">C\u00f3mo <\/span><\/span><span style=\"color: #000000\">editar v\u00eddeos\u00a0 de manera f\u00e1cil.<\/span><\/li>\n<li><\/li>\n<li><strong><a href=\"http:\/\/www.juntadeandalucia.es\/institutodeadministracionpublica\/\/servlet\/descarga?up=130307\" target=\"_blank\" rel=\"noopener\"><span style=\"color: #007a33\"><b>Breve Gu\u00eda para elaborar videos<\/b><\/span><\/a><\/strong><strong><span style=\"color: #007a33\">.<\/span><\/strong>\u00a0C\u00f3mo<span style=\"color: #000000\">\u00a0<\/span><span style=\"color: #000000\">graba<\/span><span style=\"color: #000000\">r con calidad escenas e\u00a0<\/span><span style=\"color: #000000\">im\u00e1genes en la realizaci\u00f3n de v\u00eddeos.<\/span><\/li>\n<li><\/li>\n<li><strong><a href=\"http:\/\/www.juntadeandalucia.es\/institutodeadministracionpublica\/\/servlet\/descarga?up=130289\" target=\"_blank\" rel=\"noopener\"><span style=\"color: #007a33\">Gu\u00eda<\/span><\/a><a href=\"http:\/\/www.juntadeandalucia.es\/institutodeadministracionpublica\/\/servlet\/descarga?up=130289\" target=\"_blank\" rel=\"noopener\"><span style=\"color: #007a33\"> T\u00e9cnica para la elaboraci\u00f3n de Videotutoriales.<\/span><\/a> <\/strong><span style=\"color: #000000\">Publicaci\u00f3n transmedia ilustrada <\/span><span style=\"color: #000000\">para la\u00a0<\/span><span style=\"color: #000000\">elaboraci\u00f3n de materiales\u00a0<\/span><span style=\"color: #000000\">audiovisuales<\/span><span style=\"color: #000000\">\u00a0que desarrolla ampliamente la<\/span><span style=\"color: #000000\">s 3 publicaciones anteriores<\/span><span style=\"color: #000000\">.<\/span><\/li>\n<\/ul>\n","protected":false},"excerpt":{"rendered":"<p>DESCRIPCI\u00d3N Inmersos en un entorno social de comunicaci\u00f3n a trav\u00e9s de la imagen, surge la necesidad de impulsar la cultura audiovisual en la Junta de Andaluc\u00eda como apoyo a la informaci\u00f3n y difusi\u00f3n de tr\u00e1mites y procedimientos internos, y para facilitar la comunicaci\u00f3n con la ciudadan\u00eda. Este proyecto da continuidad a una experiencia desarrollada en [&hellip;]<\/p>\n","protected":false},"author":19,"featured_media":0,"parent":774,"menu_order":1,"comment_status":"closed","ping_status":"closed","template":"","meta":{"jetpack_post_was_ever_published":false,"footnotes":""},"class_list":["post-479","page","type-page","status-publish","hentry"],"jetpack_sharing_enabled":true,"jetpack_shortlink":"https:\/\/wp.me\/P9W7Se-7J","jetpack-related-posts":[{"id":6178,"url":"https:\/\/ws168.juntadeandalucia.es\/iaap\/gestiondelconocimiento\/edicion-2024\/comunicacion-y-difusion-de-la-gestion-del-conocimiento-2024\/","url_meta":{"origin":479,"position":0},"title":"Comunicaci\u00f3n y difusi\u00f3n de la Gesti\u00f3n del Conocimiento 2024","author":"administrador","date":"17 octubre, 2024","format":false,"excerpt":"Bajo el lema de \"Lo que no se comunica, no existe\", una edici\u00f3n m\u00e1s el proyecto de Comunicaci\u00f3n y Difusi\u00f3n de la Gesti\u00f3n del Conocimiento ha tenido como objetivo principal divulgar todos los proyectos que se han estado llevando a cabo en esta VII edici\u00f3n del Programa Embajadores\/as del Conocimiento.Cinco\u2026","rel":"","context":"Entrada similar","block_context":{"text":"Entrada similar","link":""},"img":{"alt_text":"","src":"https:\/\/i0.wp.com\/ws168.juntadeandalucia.es\/iaap\/gestiondelconocimiento\/wp-content\/uploads\/sites\/10\/2024\/10\/Ficha-equipo-Comunicacion-y-difusion-de-la-gesttion-del-conocimiento-2024-1536x1086.jpg?resize=350%2C200&ssl=1","width":350,"height":200,"srcset":"https:\/\/i0.wp.com\/ws168.juntadeandalucia.es\/iaap\/gestiondelconocimiento\/wp-content\/uploads\/sites\/10\/2024\/10\/Ficha-equipo-Comunicacion-y-difusion-de-la-gesttion-del-conocimiento-2024-1536x1086.jpg?resize=350%2C200&ssl=1 1x, https:\/\/i0.wp.com\/ws168.juntadeandalucia.es\/iaap\/gestiondelconocimiento\/wp-content\/uploads\/sites\/10\/2024\/10\/Ficha-equipo-Comunicacion-y-difusion-de-la-gesttion-del-conocimiento-2024-1536x1086.jpg?resize=525%2C300&ssl=1 1.5x"},"classes":[]},{"id":1908,"url":"https:\/\/ws168.juntadeandalucia.es\/iaap\/gestiondelconocimiento\/proyectos\/edicion-2019-2020-edicion-2019-2020\/gc10-comunicacion-y-difusion-de-la-gestion-del-conocimiento\/","url_meta":{"origin":479,"position":1},"title":"GC10 &#8211; Comunicaci\u00f3n y difusi\u00f3n de la Gesti\u00f3n del Conocimiento (2019-20)","author":"beatrizsanchezgomez","date":"17 febrero, 2020","format":false,"excerpt":"DESCRIPCI\u00d3N Este proyecto surge en la tercera edici\u00f3n del programa. Se trata de un proyecto concebido para difundir la disciplina de la Gesti\u00f3n del Conocimiento entre las personas que trabajan en la Junta de Andaluc\u00eda. \u00a0OBJETIVOS: \u2022\u00a0 Descubrir las tendencias en la disciplina de Gesti\u00f3n del Conocimiento a nivel nacional\u2026","rel":"","context":"Entrada similar","block_context":{"text":"Entrada similar","link":""},"img":{"alt_text":"Equipo GC10","src":"https:\/\/i0.wp.com\/ws168.juntadeandalucia.es\/iaap\/gestiondelconocimiento\/wp-content\/uploads\/sites\/10\/2020\/01\/Comunicaci%C3%B3n.jpg?resize=350%2C200&ssl=1","width":350,"height":200},"classes":[]},{"id":4154,"url":"https:\/\/ws168.juntadeandalucia.es\/iaap\/gestiondelconocimiento\/edicion-2020-2021\/comunicacion-y-difusion-de-la-gestion-del-conocimiento\/","url_meta":{"origin":479,"position":2},"title":"COMUNICACI\u00d3N Y DIFUSI\u00d3N DE LA GESTI\u00d3N DEL CONOCIMIENTO","author":"beatrizsanchezgomez","date":"7 diciembre, 2021","format":false,"excerpt":"LO QUE NO SE COMUNICA, NO EXISTE, Y LO QUE NO SE COMPARTE, SE PIERDEEste es el lema de este equipo. El proyecto de Comunicaci\u00f3n y Difusi\u00f3n de la Gesti\u00f3n del Conocimiento lleva ya dos a\u00f1os formando parte del programa Embajadores y Embajadoras del Conocimiento. En esta edici\u00f3n, sus integrantes,\u2026","rel":"","context":"Entrada similar","block_context":{"text":"Entrada similar","link":""},"img":{"alt_text":"","src":"https:\/\/i0.wp.com\/ws168.juntadeandalucia.es\/iaap\/gestiondelconocimiento\/wp-content\/uploads\/sites\/10\/2021\/12\/IMG_9154.jpg?resize=350%2C200&ssl=1","width":350,"height":200,"srcset":"https:\/\/i0.wp.com\/ws168.juntadeandalucia.es\/iaap\/gestiondelconocimiento\/wp-content\/uploads\/sites\/10\/2021\/12\/IMG_9154.jpg?resize=350%2C200&ssl=1 1x, https:\/\/i0.wp.com\/ws168.juntadeandalucia.es\/iaap\/gestiondelconocimiento\/wp-content\/uploads\/sites\/10\/2021\/12\/IMG_9154.jpg?resize=525%2C300&ssl=1 1.5x, https:\/\/i0.wp.com\/ws168.juntadeandalucia.es\/iaap\/gestiondelconocimiento\/wp-content\/uploads\/sites\/10\/2021\/12\/IMG_9154.jpg?resize=700%2C400&ssl=1 2x, https:\/\/i0.wp.com\/ws168.juntadeandalucia.es\/iaap\/gestiondelconocimiento\/wp-content\/uploads\/sites\/10\/2021\/12\/IMG_9154.jpg?resize=1050%2C600&ssl=1 3x, https:\/\/i0.wp.com\/ws168.juntadeandalucia.es\/iaap\/gestiondelconocimiento\/wp-content\/uploads\/sites\/10\/2021\/12\/IMG_9154.jpg?resize=1400%2C800&ssl=1 4x"},"classes":[]},{"id":3424,"url":"https:\/\/ws168.juntadeandalucia.es\/iaap\/gestiondelconocimiento\/embajadores-del-conocimiento\/metodologia-del-programa\/","url_meta":{"origin":479,"position":3},"title":"Metodolog\u00eda del Programa","author":"","date":"19 marzo, 2021","format":false,"excerpt":"El programa Embajadoras\/es del Conocimiento desarrolla un conjunto de proyectos, apoyado en un itinerario formativo, con acciones formativas semipresenciales que est\u00e1n dise\u00f1adas para dar vida y acompa\u00f1ar a un ciclo natural de gesti\u00f3n de proyectos:- Taller residencial de lanzamiento de proyectosEn \u00e9l se da una visi\u00f3n global del programa, las\u2026","rel":"","context":"Entrada similar","block_context":{"text":"Entrada similar","link":""},"img":{"alt_text":"","src":"","width":0,"height":0},"classes":[]},{"id":7219,"url":"https:\/\/ws168.juntadeandalucia.es\/iaap\/gestiondelconocimiento\/comunicacion-y-difusion-de-la-gestion-del-conocimiento-2025\/","url_meta":{"origin":479,"position":4},"title":"Comunicaci\u00f3n y difusi\u00f3n de la gesti\u00f3n del conocimiento 2025","author":"administrador","date":"14 octubre, 2025","format":false,"excerpt":"En la octava edici\u00f3n del Programa Embajadores\/as del Conocimiento, el grupo de Comunicaci\u00f3n y difusi\u00f3n se marc\u00f3 como objetivos principales elaborar materiales que aportasen en el desarrollo de la Gesti\u00f3n del Conocimiento en la Junta de Andaluc\u00eda y herramientas de difusi\u00f3n de f\u00e1cil transmisi\u00f3n y propagaci\u00f3n por multitud de medios\u2026","rel":"","context":"Entrada similar","block_context":{"text":"Entrada similar","link":""},"img":{"alt_text":"","src":"https:\/\/i0.wp.com\/ws168.juntadeandalucia.es\/iaap\/gestiondelconocimiento\/wp-content\/uploads\/sites\/10\/2025\/10\/2025-Ficha-equipo-Comunicacion-y-difusion-de-la-gestion-del-conocimiento-1536x1086.jpg?resize=350%2C200&ssl=1","width":350,"height":200,"srcset":"https:\/\/i0.wp.com\/ws168.juntadeandalucia.es\/iaap\/gestiondelconocimiento\/wp-content\/uploads\/sites\/10\/2025\/10\/2025-Ficha-equipo-Comunicacion-y-difusion-de-la-gestion-del-conocimiento-1536x1086.jpg?resize=350%2C200&ssl=1 1x, https:\/\/i0.wp.com\/ws168.juntadeandalucia.es\/iaap\/gestiondelconocimiento\/wp-content\/uploads\/sites\/10\/2025\/10\/2025-Ficha-equipo-Comunicacion-y-difusion-de-la-gestion-del-conocimiento-1536x1086.jpg?resize=525%2C300&ssl=1 1.5x"},"classes":[]},{"id":205,"url":"https:\/\/ws168.juntadeandalucia.es\/iaap\/gestiondelconocimiento\/proyectos\/edicion-2017-2018\/gc03\/","url_meta":{"origin":479,"position":5},"title":"GC03 &#8211; Mejora de la Red Profesional (2017-18)","author":"","date":"16 junio, 2018","format":false,"excerpt":"DESCRIPCI\u00d3N Este proyecto se concibe para definir las mejoras funcionales y extender el uso de manera intensiva de la Red Profesional (Red Social Corporativa de la Junta de Andalucia). Esta Red se configura como una potente herramienta de comunicaci\u00f3n sobre la que pivotar una nueva forma de trabajar, basada en\u2026","rel":"","context":"Entrada similar","block_context":{"text":"Entrada similar","link":""},"img":{"alt_text":"","src":"https:\/\/i0.wp.com\/ws168.juntadeandalucia.es\/iaap\/gestiondelconocimiento\/wp-content\/uploads\/sites\/10\/2018\/06\/GC03_logo-300x194.png?resize=350%2C200&ssl=1","width":350,"height":200},"classes":[]}],"jetpack_likes_enabled":true,"_links":{"self":[{"href":"https:\/\/ws168.juntadeandalucia.es\/iaap\/gestiondelconocimiento\/wp-json\/wp\/v2\/pages\/479","targetHints":{"allow":["GET"]}}],"collection":[{"href":"https:\/\/ws168.juntadeandalucia.es\/iaap\/gestiondelconocimiento\/wp-json\/wp\/v2\/pages"}],"about":[{"href":"https:\/\/ws168.juntadeandalucia.es\/iaap\/gestiondelconocimiento\/wp-json\/wp\/v2\/types\/page"}],"author":[{"embeddable":true,"href":"https:\/\/ws168.juntadeandalucia.es\/iaap\/gestiondelconocimiento\/wp-json\/wp\/v2\/users\/19"}],"replies":[{"embeddable":true,"href":"https:\/\/ws168.juntadeandalucia.es\/iaap\/gestiondelconocimiento\/wp-json\/wp\/v2\/comments?post=479"}],"version-history":[{"count":39,"href":"https:\/\/ws168.juntadeandalucia.es\/iaap\/gestiondelconocimiento\/wp-json\/wp\/v2\/pages\/479\/revisions"}],"predecessor-version":[{"id":2028,"href":"https:\/\/ws168.juntadeandalucia.es\/iaap\/gestiondelconocimiento\/wp-json\/wp\/v2\/pages\/479\/revisions\/2028"}],"up":[{"embeddable":true,"href":"https:\/\/ws168.juntadeandalucia.es\/iaap\/gestiondelconocimiento\/wp-json\/wp\/v2\/pages\/774"}],"wp:attachment":[{"href":"https:\/\/ws168.juntadeandalucia.es\/iaap\/gestiondelconocimiento\/wp-json\/wp\/v2\/media?parent=479"}],"curies":[{"name":"wp","href":"https:\/\/api.w.org\/{rel}","templated":true}]}}