{"id":5467,"date":"2023-12-11T12:15:50","date_gmt":"2023-12-11T11:15:50","guid":{"rendered":"https:\/\/ws168.juntadeandalucia.es\/iaap\/gestiondelconocimiento\/?page_id=5467"},"modified":"2024-02-06T11:09:50","modified_gmt":"2024-02-06T10:09:50","slug":"elaboracion-de-mapas-de-conocimiento-critico-2023","status":"publish","type":"page","link":"https:\/\/ws168.juntadeandalucia.es\/iaap\/gestiondelconocimiento\/edicion-2023\/elaboracion-de-mapas-de-conocimiento-critico-2023\/","title":{"rendered":"Elaboraci\u00f3n de mapas de conocimiento cr\u00edtico 2023"},"content":{"rendered":"\t\t<div data-elementor-type=\"wp-page\" data-elementor-id=\"5467\" class=\"elementor elementor-5467\">\n\t\t\t\t\t\t<section class=\"elementor-section elementor-top-section elementor-element elementor-element-41c6d4e elementor-section-boxed elementor-section-height-default elementor-section-height-default\" data-id=\"41c6d4e\" data-element_type=\"section\" data-e-type=\"section\">\n\t\t\t\t\t\t<div class=\"elementor-container elementor-column-gap-default\">\n\t\t\t\t\t<div class=\"elementor-column elementor-col-100 elementor-top-column elementor-element elementor-element-f2180a4\" data-id=\"f2180a4\" data-element_type=\"column\" data-e-type=\"column\">\n\t\t\t<div class=\"elementor-widget-wrap elementor-element-populated\">\n\t\t\t\t\t\t<div class=\"elementor-element elementor-element-997ff22 elementor-widget elementor-widget-text-editor\" data-id=\"997ff22\" data-element_type=\"widget\" data-e-type=\"widget\" data-widget_type=\"text-editor.default\">\n\t\t\t\t<div class=\"elementor-widget-container\">\n\t\t\t\t\t\t\t\t\t<p style=\"text-align: justify\">El proyecto de Elaboraci\u00f3n de mapas del conocimiento cr\u00edtico es uno de los veteranos en el programa de Gesti\u00f3n del Conocimiento.<\/p><p style=\"text-align: justify\">Al comienzo de esta edici\u00f3n, te presentamos a los integrantes del grupo de trabajo que ha conseguido a\u00f1adir diez mapas nuevos al <a href=\"https:\/\/ws168.juntadeandalucia.es\/iaap\/gestiondelconocimiento\/atlasconocimientocritico\/\" target=\"_blank\" rel=\"noopener\">Atlas de Conocimiento Cr\u00edtico de la Junta de Andaluc\u00eda<\/a>.<\/p><p>\u00a0<\/p><p>\u00a0<\/p>\t\t\t\t\t\t\t\t<\/div>\n\t\t\t\t<\/div>\n\t\t\t\t\t<\/div>\n\t\t<\/div>\n\t\t\t\t\t<\/div>\n\t\t<\/section>\n\t\t\t\t<section class=\"elementor-section elementor-top-section elementor-element elementor-element-88527bb elementor-section-boxed elementor-section-height-default elementor-section-height-default\" data-id=\"88527bb\" data-element_type=\"section\" data-e-type=\"section\">\n\t\t\t\t\t\t<div class=\"elementor-container elementor-column-gap-default\">\n\t\t\t\t\t<div class=\"elementor-column elementor-col-100 elementor-top-column elementor-element elementor-element-2f87f46\" data-id=\"2f87f46\" data-element_type=\"column\" data-e-type=\"column\">\n\t\t\t<div class=\"elementor-widget-wrap elementor-element-populated\">\n\t\t\t\t\t\t<div class=\"elementor-element elementor-element-c63cd29 elementor-widget elementor-widget-image\" data-id=\"c63cd29\" data-element_type=\"widget\" data-e-type=\"widget\" data-widget_type=\"image.default\">\n\t\t\t\t<div class=\"elementor-widget-container\">\n\t\t\t\t\t\t\t\t\t\t\t\t<figure class=\"wp-caption\">\n\t\t\t\t\t\t\t\t\t\t\t<a href=\"https:\/\/ws168.juntadeandalucia.es\/iaap\/gestiondelconocimiento\/proyecto-elaboracion-de-mapas-del-conocimiento-critico-2023\/\" target=\"_blank\">\n\t\t\t\t\t\t\t<img fetchpriority=\"high\" decoding=\"async\" data-attachment-id=\"4987\" data-permalink=\"https:\/\/ws168.juntadeandalucia.es\/iaap\/gestiondelconocimiento\/proyecto-elaboracion-de-mapas-del-conocimiento-critico-2023\/02_grupo-mapas-2\/\" data-orig-file=\"https:\/\/ws168.juntadeandalucia.es\/iaap\/gestiondelconocimiento\/wp-content\/uploads\/sites\/10\/2023\/03\/02_Grupo-Mapas-1.jpg\" data-orig-size=\"2245,1587\" data-comments-opened=\"0\" data-image-meta=\"{&quot;aperture&quot;:&quot;0&quot;,&quot;credit&quot;:&quot;&quot;,&quot;camera&quot;:&quot;&quot;,&quot;caption&quot;:&quot;&quot;,&quot;created_timestamp&quot;:&quot;0&quot;,&quot;copyright&quot;:&quot;&quot;,&quot;focal_length&quot;:&quot;0&quot;,&quot;iso&quot;:&quot;0&quot;,&quot;shutter_speed&quot;:&quot;0&quot;,&quot;title&quot;:&quot;&quot;,&quot;orientation&quot;:&quot;1&quot;}\" data-image-title=\"02_Grupo Mapas\" data-image-description=\"\" data-image-caption=\"\" data-large-file=\"https:\/\/ws168.juntadeandalucia.es\/iaap\/gestiondelconocimiento\/wp-content\/uploads\/sites\/10\/2023\/03\/02_Grupo-Mapas-1-1024x724.jpg\" width=\"2048\" height=\"1448\" src=\"https:\/\/ws168.juntadeandalucia.es\/iaap\/gestiondelconocimiento\/wp-content\/uploads\/sites\/10\/2023\/03\/02_Grupo-Mapas-1-2048x1448.jpg\" class=\"attachment-2048x2048 size-2048x2048 wp-image-4987\" alt=\"Mapas de Conocimiento Cr\u00edtico\" srcset=\"https:\/\/ws168.juntadeandalucia.es\/iaap\/gestiondelconocimiento\/wp-content\/uploads\/sites\/10\/2023\/03\/02_Grupo-Mapas-1-2048x1448.jpg 2048w, https:\/\/ws168.juntadeandalucia.es\/iaap\/gestiondelconocimiento\/wp-content\/uploads\/sites\/10\/2023\/03\/02_Grupo-Mapas-1-300x212.jpg 300w, https:\/\/ws168.juntadeandalucia.es\/iaap\/gestiondelconocimiento\/wp-content\/uploads\/sites\/10\/2023\/03\/02_Grupo-Mapas-1-1024x724.jpg 1024w, https:\/\/ws168.juntadeandalucia.es\/iaap\/gestiondelconocimiento\/wp-content\/uploads\/sites\/10\/2023\/03\/02_Grupo-Mapas-1-768x543.jpg 768w, https:\/\/ws168.juntadeandalucia.es\/iaap\/gestiondelconocimiento\/wp-content\/uploads\/sites\/10\/2023\/03\/02_Grupo-Mapas-1-600x424.jpg 600w, https:\/\/ws168.juntadeandalucia.es\/iaap\/gestiondelconocimiento\/wp-content\/uploads\/sites\/10\/2023\/03\/02_Grupo-Mapas-1-1536x1086.jpg 1536w, https:\/\/ws168.juntadeandalucia.es\/iaap\/gestiondelconocimiento\/wp-content\/uploads\/sites\/10\/2023\/03\/02_Grupo-Mapas-1-1320x933.jpg 1320w\" sizes=\"(max-width: 2048px) 100vw, 2048px\" data-attachment-id=\"4987\" data-permalink=\"https:\/\/ws168.juntadeandalucia.es\/iaap\/gestiondelconocimiento\/proyecto-elaboracion-de-mapas-del-conocimiento-critico-2023\/02_grupo-mapas-2\/\" data-orig-file=\"https:\/\/ws168.juntadeandalucia.es\/iaap\/gestiondelconocimiento\/wp-content\/uploads\/sites\/10\/2023\/03\/02_Grupo-Mapas-1.jpg\" data-orig-size=\"2245,1587\" data-comments-opened=\"0\" data-image-meta=\"{&quot;aperture&quot;:&quot;0&quot;,&quot;credit&quot;:&quot;&quot;,&quot;camera&quot;:&quot;&quot;,&quot;caption&quot;:&quot;&quot;,&quot;created_timestamp&quot;:&quot;0&quot;,&quot;copyright&quot;:&quot;&quot;,&quot;focal_length&quot;:&quot;0&quot;,&quot;iso&quot;:&quot;0&quot;,&quot;shutter_speed&quot;:&quot;0&quot;,&quot;title&quot;:&quot;&quot;,&quot;orientation&quot;:&quot;1&quot;}\" data-image-title=\"02_Grupo Mapas\" data-image-description=\"\" data-image-caption=\"\" data-large-file=\"https:\/\/ws168.juntadeandalucia.es\/iaap\/gestiondelconocimiento\/wp-content\/uploads\/sites\/10\/2023\/03\/02_Grupo-Mapas-1-1024x724.jpg\" \/>\t\t\t\t\t\t\t\t<\/a>\n\t\t\t\t\t\t\t\t\t\t\t<figcaption class=\"widget-image-caption wp-caption-text\">Proyecto Elaboraci\u00f3n de Mapas de Conocimiento Cr\u00edtico, 2023<\/figcaption>\n\t\t\t\t\t\t\t\t\t\t<\/figure>\n\t\t\t\t\t\t\t\t\t<\/div>\n\t\t\t\t<\/div>\n\t\t\t\t<div class=\"elementor-element elementor-element-f9195a4 elementor-widget elementor-widget-text-editor\" data-id=\"f9195a4\" data-element_type=\"widget\" data-e-type=\"widget\" data-widget_type=\"text-editor.default\">\n\t\t\t\t<div class=\"elementor-widget-container\">\n\t\t\t\t\t\t\t\t\t<p style=\"text-align: justify\"><br><\/p><p style=\"text-align: justify\">En las <strong>VI Jornadas de Gesti\u00f3n del Conocimiento<\/strong>, nos explicaron, adem\u00e1s de en qu\u00e9 consiste un mapa de conocimiento cr\u00edtico, los cambios que han realizado en el dise\u00f1o de los mapas, as\u00ed como el caso de \u00e9xito que han conseguido en un Juzgado de Paz.<\/p>\t\t\t\t\t\t\t\t<\/div>\n\t\t\t\t<\/div>\n\t\t\t\t\t<\/div>\n\t\t<\/div>\n\t\t\t\t\t<\/div>\n\t\t<\/section>\n\t\t\t\t<section class=\"elementor-section elementor-top-section elementor-element elementor-element-79a8ca0 elementor-section-boxed elementor-section-height-default elementor-section-height-default\" data-id=\"79a8ca0\" data-element_type=\"section\" data-e-type=\"section\">\n\t\t\t\t\t\t<div class=\"elementor-container elementor-column-gap-default\">\n\t\t\t\t\t<div class=\"elementor-column elementor-col-100 elementor-top-column elementor-element elementor-element-9e9cf2c\" data-id=\"9e9cf2c\" data-element_type=\"column\" data-e-type=\"column\">\n\t\t\t<div class=\"elementor-widget-wrap elementor-element-populated\">\n\t\t\t\t\t\t<div class=\"elementor-element elementor-element-badd78e elementor-widget elementor-widget-video\" data-id=\"badd78e\" data-element_type=\"widget\" data-e-type=\"widget\" data-settings=\"{&quot;youtube_url&quot;:&quot;https:\\\/\\\/www.youtube.com\\\/watch?v=OB98-lkeXKk&amp;list=PLj-bfbG2QZP5U1ruJtu91F1Rilwr6JM0M&amp;index=1&quot;,&quot;start&quot;:&quot;2627&quot;,&quot;end&quot;:&quot;3607&quot;,&quot;video_type&quot;:&quot;youtube&quot;,&quot;controls&quot;:&quot;yes&quot;}\" data-widget_type=\"video.default\">\n\t\t\t\t<div class=\"elementor-widget-container\">\n\t\t\t\t\t\t\t<div class=\"elementor-wrapper elementor-open-inline\">\n\t\t\t<div class=\"elementor-video\"><\/div>\t\t<\/div>\n\t\t\t\t\t\t<\/div>\n\t\t\t\t<\/div>\n\t\t\t\t\t<\/div>\n\t\t<\/div>\n\t\t\t\t\t<\/div>\n\t\t<\/section>\n\t\t\t\t<section class=\"elementor-section elementor-top-section elementor-element elementor-element-4d5881d elementor-section-boxed elementor-section-height-default elementor-section-height-default\" data-id=\"4d5881d\" data-element_type=\"section\" data-e-type=\"section\">\n\t\t\t\t\t\t<div class=\"elementor-container elementor-column-gap-default\">\n\t\t\t\t\t<div class=\"elementor-column elementor-col-100 elementor-top-column elementor-element elementor-element-872437d\" data-id=\"872437d\" data-element_type=\"column\" data-e-type=\"column\">\n\t\t\t<div class=\"elementor-widget-wrap elementor-element-populated\">\n\t\t\t\t\t\t<div class=\"elementor-element elementor-element-532aca0 elementor-widget elementor-widget-text-editor\" data-id=\"532aca0\" data-element_type=\"widget\" data-e-type=\"widget\" data-widget_type=\"text-editor.default\">\n\t\t\t\t<div class=\"elementor-widget-container\">\n\t\t\t\t\t\t\t\t\t<p style=\"text-align: justify\">Como indicaron en su presentaci\u00f3n, han elaborado un formulario disponible para todo el personal de la administraci\u00f3n p\u00fablica andaluza y con el que se quiere detectar posibles <i>conocimientos cr\u00edticos<\/i>\u00a0para intentar que no se pierdan.<\/p><p style=\"text-align: justify\">El <strong>formulario<\/strong> est\u00e1 disponible en este enlace:\u00a0<a href=\"https:\/\/forms.gle\/eB6hZnWMFHp1J6sj7\">https:\/\/forms.gle\/eB6hZnWMFHp1J6sj7<\/a>\u00a0<\/p>\t\t\t\t\t\t\t\t<\/div>\n\t\t\t\t<\/div>\n\t\t\t\t\t<\/div>\n\t\t<\/div>\n\t\t\t\t\t<\/div>\n\t\t<\/section>\n\t\t\t\t<\/div>\n\t\t","protected":false},"excerpt":{"rendered":"<p>El proyecto de Elaboraci\u00f3n de mapas del conocimiento cr\u00edtico es uno de los veteranos en el programa de Gesti\u00f3n del Conocimiento. Al comienzo de esta edici\u00f3n, te presentamos a los integrantes del grupo de trabajo que ha conseguido a\u00f1adir diez mapas nuevos al Atlas de Conocimiento Cr\u00edtico de la Junta de Andaluc\u00eda. \u00a0 \u00a0 Proyecto [&hellip;]<\/p>\n","protected":false},"author":1,"featured_media":0,"parent":5427,"menu_order":2,"comment_status":"closed","ping_status":"closed","template":"","meta":{"jetpack_post_was_ever_published":false,"footnotes":""},"class_list":["post-5467","page","type-page","status-publish","hentry"],"jetpack_sharing_enabled":true,"jetpack_shortlink":"https:\/\/wp.me\/P9W7Se-1qb","jetpack-related-posts":[{"id":7178,"url":"https:\/\/ws168.juntadeandalucia.es\/iaap\/gestiondelconocimiento\/elaboracion-de-mapas-de-conocimiento-critico-2025\/","url_meta":{"origin":5467,"position":0},"title":"Elaboraci\u00f3n de mapas de conocimiento cr\u00edtico 2025","author":"administrador","date":"13 octubre, 2025","format":false,"excerpt":"Uno de los proyectos m\u00e1s veteranos del Programa Embajadores\/as del Conocimiento ha conseguido renovarse en esta edici\u00f3n gracias al trabajo de estos seis participantes. Una vez realizado el curso impartido por Javier Mart\u00ednez Aldanondo, \"Dise\u00f1o de mapas de conocimiento cr\u00edtico\", y recopilados los mapas creados en esta edici\u00f3n, decidieron ahondar\u2026","rel":"","context":"Entrada similar","block_context":{"text":"Entrada similar","link":""},"img":{"alt_text":"","src":"https:\/\/i0.wp.com\/ws168.juntadeandalucia.es\/iaap\/gestiondelconocimiento\/wp-content\/uploads\/sites\/10\/2025\/10\/2025-Ficha-equipo-Mapas-1536x1086.jpg?resize=350%2C200&ssl=1","width":350,"height":200,"srcset":"https:\/\/i0.wp.com\/ws168.juntadeandalucia.es\/iaap\/gestiondelconocimiento\/wp-content\/uploads\/sites\/10\/2025\/10\/2025-Ficha-equipo-Mapas-1536x1086.jpg?resize=350%2C200&ssl=1 1x, https:\/\/i0.wp.com\/ws168.juntadeandalucia.es\/iaap\/gestiondelconocimiento\/wp-content\/uploads\/sites\/10\/2025\/10\/2025-Ficha-equipo-Mapas-1536x1086.jpg?resize=525%2C300&ssl=1 1.5x"},"classes":[]},{"id":6153,"url":"https:\/\/ws168.juntadeandalucia.es\/iaap\/gestiondelconocimiento\/edicion-2024\/elaboracion-de-mapas-de-conocimiento-critico-2024\/","url_meta":{"origin":5467,"position":1},"title":"Elaboraci\u00f3n de Mapas de Conocimiento Cr\u00edtico 2024","author":"administrador","date":"17 octubre, 2024","format":false,"excerpt":"Una edici\u00f3n m\u00e1s, el proyecto de Elaboraci\u00f3n de mapas de conocimiento cr\u00edtico ha intentado localizar a las personas que poseen las capacidades y habilidades necesarias para hacer frente a una tarea concreta y poner en valor y a disposici\u00f3n de todo aquel que lo necesite su conocimiento.En 2024, el grupo\u2026","rel":"","context":"Entrada similar","block_context":{"text":"Entrada similar","link":""},"img":{"alt_text":"","src":"https:\/\/i0.wp.com\/ws168.juntadeandalucia.es\/iaap\/gestiondelconocimiento\/wp-content\/uploads\/sites\/10\/2024\/10\/Ficha-equipo-Mapas-Embajadores24-1536x1086.jpg?resize=350%2C200&ssl=1","width":350,"height":200,"srcset":"https:\/\/i0.wp.com\/ws168.juntadeandalucia.es\/iaap\/gestiondelconocimiento\/wp-content\/uploads\/sites\/10\/2024\/10\/Ficha-equipo-Mapas-Embajadores24-1536x1086.jpg?resize=350%2C200&ssl=1 1x, https:\/\/i0.wp.com\/ws168.juntadeandalucia.es\/iaap\/gestiondelconocimiento\/wp-content\/uploads\/sites\/10\/2024\/10\/Ficha-equipo-Mapas-Embajadores24-1536x1086.jpg?resize=525%2C300&ssl=1 1.5x"},"classes":[]},{"id":157,"url":"https:\/\/ws168.juntadeandalucia.es\/iaap\/gestiondelconocimiento\/proyectos\/","url_meta":{"origin":5467,"position":2},"title":"Ediciones","author":"","date":"21 mayo, 2018","format":false,"excerpt":"Gesti\u00f3n del Conocimiento s\u00ed, pero, \u00bfpara qu\u00e9?En 2017 se inicia la andadura en la disciplina de Gesti\u00f3n del Conocimiento en el IAAP, fijando un marco de referencia de base en el que se identificaron una serie de retos y problemas en la Junta de Andaluc\u00eda, que pod\u00edan ser atendidos con\u2026","rel":"","context":"Entrada similar","block_context":{"text":"Entrada similar","link":""},"img":{"alt_text":"","src":"https:\/\/i0.wp.com\/ws168.juntadeandalucia.es\/iaap\/gestiondelconocimiento\/wp-content\/uploads\/sites\/10\/2020\/02\/human-3131802_1280-300x208.jpg?resize=350%2C200&ssl=1","width":350,"height":200},"classes":[]},{"id":4473,"url":"https:\/\/ws168.juntadeandalucia.es\/iaap\/gestiondelconocimiento\/edicion-2022\/identificacion-del-conocimiento-critico-2022\/","url_meta":{"origin":5467,"position":3},"title":"Identificaci\u00f3n del Conocimiento Cr\u00edtico 2022","author":"pedroblanco","date":"23 febrero, 2023","format":false,"excerpt":"A lo largo de estos cuatro a\u00f1os del Grupo de Conocimiento Cr\u00edtico hemos recorrido un camino que empez\u00f3 en 2019.A\u00f1o 2019 - 2020.- APRENDER - APRENDIENDOTodo era nuevo y nos toco determinar qu\u00e9 era el conocimiento cr\u00edtico y por qu\u00e9 era importante conservarlo: \u201ctodo aquello que sabemos hacer, producto de\u2026","rel":"","context":"Entrada similar","block_context":{"text":"Entrada similar","link":""},"img":{"alt_text":"","src":"","width":0,"height":0},"classes":[]},{"id":6912,"url":"https:\/\/ws168.juntadeandalucia.es\/iaap\/gestiondelconocimiento\/edicion-2025\/","url_meta":{"origin":5467,"position":4},"title":"EDICI\u00d3N 2025","author":"administrador","date":"25 abril, 2025","format":false,"excerpt":"Durante la VIII edici\u00f3n del Programa Embajadores\/as del Conocimiento se han llevado a cabo los siguientes proyectos:\u00a0Revista Enred@2.0Elaboraci\u00f3n de Mapas de Conocimiento Cr\u00edticoEncuentros Intergeneracionales de la Junta de Andaluc\u00eda en el \u00e1rea de Contrataci\u00f3nCroquetas de ConocimientoTRANSFER-IAComunicaci\u00f3n y difusi\u00f3n de la Gesti\u00f3n del ConocimientoPuedes visualizar las presentaciones de cada proyecto en\u2026","rel":"","context":"Entrada similar","block_context":{"text":"Entrada similar","link":""},"img":{"alt_text":"","src":"","width":0,"height":0},"classes":[]},{"id":6139,"url":"https:\/\/ws168.juntadeandalucia.es\/iaap\/gestiondelconocimiento\/edicion-2024\/","url_meta":{"origin":5467,"position":5},"title":"EDICI\u00d3N 2024","author":"administrador","date":"8 octubre, 2024","format":false,"excerpt":"Estos son los proyectos que se han llevado a cabo en la VII edici\u00f3n del programa Embajadores\/as del Conocimiento:Revista Enred@2.0Elaboraci\u00f3n de Mapas de Conocimiento Cr\u00edticoEncuentros Intergeneracionales de la Junta de Andaluc\u00edaNexum, la Wiki del ConocimientoCroquetas de ConocimientoEncuentro Intergeneracional en el \u00e1rea de Subvenciones de la Junta de Andaluc\u00edaComunicaci\u00f3n y difusi\u00f3n\u2026","rel":"","context":"Entrada similar","block_context":{"text":"Entrada similar","link":""},"img":{"alt_text":"","src":"","width":0,"height":0},"classes":[]}],"jetpack_likes_enabled":true,"_links":{"self":[{"href":"https:\/\/ws168.juntadeandalucia.es\/iaap\/gestiondelconocimiento\/wp-json\/wp\/v2\/pages\/5467","targetHints":{"allow":["GET"]}}],"collection":[{"href":"https:\/\/ws168.juntadeandalucia.es\/iaap\/gestiondelconocimiento\/wp-json\/wp\/v2\/pages"}],"about":[{"href":"https:\/\/ws168.juntadeandalucia.es\/iaap\/gestiondelconocimiento\/wp-json\/wp\/v2\/types\/page"}],"author":[{"embeddable":true,"href":"https:\/\/ws168.juntadeandalucia.es\/iaap\/gestiondelconocimiento\/wp-json\/wp\/v2\/users\/1"}],"replies":[{"embeddable":true,"href":"https:\/\/ws168.juntadeandalucia.es\/iaap\/gestiondelconocimiento\/wp-json\/wp\/v2\/comments?post=5467"}],"version-history":[{"count":25,"href":"https:\/\/ws168.juntadeandalucia.es\/iaap\/gestiondelconocimiento\/wp-json\/wp\/v2\/pages\/5467\/revisions"}],"predecessor-version":[{"id":5493,"href":"https:\/\/ws168.juntadeandalucia.es\/iaap\/gestiondelconocimiento\/wp-json\/wp\/v2\/pages\/5467\/revisions\/5493"}],"up":[{"embeddable":true,"href":"https:\/\/ws168.juntadeandalucia.es\/iaap\/gestiondelconocimiento\/wp-json\/wp\/v2\/pages\/5427"}],"wp:attachment":[{"href":"https:\/\/ws168.juntadeandalucia.es\/iaap\/gestiondelconocimiento\/wp-json\/wp\/v2\/media?parent=5467"}],"curies":[{"name":"wp","href":"https:\/\/api.w.org\/{rel}","templated":true}]}}