{"id":5529,"date":"2023-12-11T13:21:42","date_gmt":"2023-12-11T12:21:42","guid":{"rendered":"https:\/\/ws168.juntadeandalucia.es\/iaap\/gestiondelconocimiento\/?page_id=5529"},"modified":"2024-02-06T11:09:53","modified_gmt":"2024-02-06T10:09:53","slug":"wiki-del-conocimiento-nexum","status":"publish","type":"page","link":"https:\/\/ws168.juntadeandalucia.es\/iaap\/gestiondelconocimiento\/edicion-2023\/wiki-del-conocimiento-nexum\/","title":{"rendered":"Wiki del Conocimiento \/ NEXUM"},"content":{"rendered":"\t\t<div data-elementor-type=\"wp-page\" data-elementor-id=\"5529\" class=\"elementor elementor-5529\">\n\t\t\t\t\t\t<section class=\"elementor-section elementor-top-section elementor-element elementor-element-11dc52a elementor-section-boxed elementor-section-height-default elementor-section-height-default\" data-id=\"11dc52a\" data-element_type=\"section\" data-e-type=\"section\">\n\t\t\t\t\t\t<div class=\"elementor-container elementor-column-gap-default\">\n\t\t\t\t\t<div class=\"elementor-column elementor-col-100 elementor-top-column elementor-element elementor-element-a340bd3\" data-id=\"a340bd3\" data-element_type=\"column\" data-e-type=\"column\">\n\t\t\t<div class=\"elementor-widget-wrap elementor-element-populated\">\n\t\t\t\t\t\t<div class=\"elementor-element elementor-element-d7b2678 elementor-widget elementor-widget-text-editor\" data-id=\"d7b2678\" data-element_type=\"widget\" data-e-type=\"widget\" data-widget_type=\"text-editor.default\">\n\t\t\t\t<div class=\"elementor-widget-container\">\n\t\t\t\t\t\t\t\t\t<p style=\"text-align: justify\">Si ha habido un proyecto que ha sufrido una gran revoluci\u00f3n, ese ha sido el de la Wiki de la Junta de Andaluc\u00eda.<\/p><p style=\"text-align: justify\">Tanto ha sido su evoluci\u00f3n que la plataforma ha pasado a llamarse <strong>Nexum<\/strong>.<\/p><p style=\"text-align: justify\">Nuestros compa\u00f1eros nos explicaron a la perfecci\u00f3n en qu\u00e9 va a consistir esta plataforma en la que podr\u00e1 participar todo el personal de la Junta de Andaluc\u00eda.<\/p>\t\t\t\t\t\t\t\t<\/div>\n\t\t\t\t<\/div>\n\t\t\t\t\t<\/div>\n\t\t<\/div>\n\t\t\t\t\t<\/div>\n\t\t<\/section>\n\t\t\t\t<section class=\"elementor-section elementor-top-section elementor-element elementor-element-1fbdca0 elementor-section-boxed elementor-section-height-default elementor-section-height-default\" data-id=\"1fbdca0\" data-element_type=\"section\" data-e-type=\"section\">\n\t\t\t\t\t\t<div class=\"elementor-container elementor-column-gap-default\">\n\t\t\t\t\t<div class=\"elementor-column elementor-col-100 elementor-top-column elementor-element elementor-element-c46b742\" data-id=\"c46b742\" data-element_type=\"column\" data-e-type=\"column\">\n\t\t\t<div class=\"elementor-widget-wrap elementor-element-populated\">\n\t\t\t\t\t\t<div class=\"elementor-element elementor-element-1f2f6f9 elementor-widget elementor-widget-video\" data-id=\"1f2f6f9\" data-element_type=\"widget\" data-e-type=\"widget\" data-settings=\"{&quot;youtube_url&quot;:&quot;https:\\\/\\\/www.youtube.com\\\/watch?v=OB98-lkeXKk&amp;list=PLj-bfbG2QZP5U1ruJtu91F1Rilwr6JM0M&amp;index=2&quot;,&quot;start&quot;:&quot;4693&quot;,&quot;end&quot;:&quot;5840&quot;,&quot;video_type&quot;:&quot;youtube&quot;,&quot;controls&quot;:&quot;yes&quot;}\" data-widget_type=\"video.default\">\n\t\t\t\t<div class=\"elementor-widget-container\">\n\t\t\t\t\t\t\t<div class=\"elementor-wrapper elementor-open-inline\">\n\t\t\t<div class=\"elementor-video\"><\/div>\t\t<\/div>\n\t\t\t\t\t\t<\/div>\n\t\t\t\t<\/div>\n\t\t\t\t\t<\/div>\n\t\t<\/div>\n\t\t\t\t\t<\/div>\n\t\t<\/section>\n\t\t\t\t<section class=\"elementor-section elementor-top-section elementor-element elementor-element-65eea42 elementor-section-boxed elementor-section-height-default elementor-section-height-default\" data-id=\"65eea42\" data-element_type=\"section\" data-e-type=\"section\">\n\t\t\t\t\t\t<div class=\"elementor-container elementor-column-gap-default\">\n\t\t\t\t\t<div class=\"elementor-column elementor-col-100 elementor-top-column elementor-element elementor-element-43f1551\" data-id=\"43f1551\" data-element_type=\"column\" data-e-type=\"column\">\n\t\t\t<div class=\"elementor-widget-wrap elementor-element-populated\">\n\t\t\t\t\t\t<div class=\"elementor-element elementor-element-a0dcab0 elementor-widget elementor-widget-text-editor\" data-id=\"a0dcab0\" data-element_type=\"widget\" data-e-type=\"widget\" data-widget_type=\"text-editor.default\">\n\t\t\t\t<div class=\"elementor-widget-container\">\n\t\t\t\t\t\t\t\t\t<p style=\"text-align: justify\">Han elaborado un <a href=\"https:\/\/ws168.juntadeandalucia.es\/iaap\/gestiondelconocimiento\/wp-content\/uploads\/sites\/10\/2023\/12\/Proyecto-Nexum-2023.pdf\" target=\"_blank\" rel=\"noopener\">informe<\/a> en el que detallan los pasos realizados hasta ahora y los pasos a seguir en un futuro pr\u00f3ximo.<\/p><p>Adem\u00e1s, nos contaron en nuestra <a href=\"https:\/\/ws168.juntadeandalucia.es\/iaap\/revista\/2023\/11\/03\/experiencia-nexum\/\" target=\"_blank\" rel=\"noopener\">revista<\/a> en qu\u00e9 consist\u00eda el proyecto.\u00a0<\/p>\t\t\t\t\t\t\t\t<\/div>\n\t\t\t\t<\/div>\n\t\t\t\t\t<\/div>\n\t\t<\/div>\n\t\t\t\t\t<\/div>\n\t\t<\/section>\n\t\t\t\t<\/div>\n\t\t","protected":false},"excerpt":{"rendered":"<p>Si ha habido un proyecto que ha sufrido una gran revoluci\u00f3n, ese ha sido el de la Wiki de la Junta de Andaluc\u00eda. Tanto ha sido su evoluci\u00f3n que la plataforma ha pasado a llamarse Nexum. Nuestros compa\u00f1eros nos explicaron a la perfecci\u00f3n en qu\u00e9 va a consistir esta plataforma en la que podr\u00e1 participar [&hellip;]<\/p>\n","protected":false},"author":1,"featured_media":0,"parent":5427,"menu_order":5,"comment_status":"closed","ping_status":"closed","template":"","meta":{"jetpack_post_was_ever_published":false,"footnotes":""},"class_list":["post-5529","page","type-page","status-publish","hentry"],"jetpack_sharing_enabled":true,"jetpack_shortlink":"https:\/\/wp.me\/P9W7Se-1rb","jetpack-related-posts":[{"id":6163,"url":"https:\/\/ws168.juntadeandalucia.es\/iaap\/gestiondelconocimiento\/edicion-2024\/nexum-la-wiki-del-conocimiento-2024\/","url_meta":{"origin":5529,"position":0},"title":"Nexum, la Wiki del Conocimiento 2024","author":"administrador","date":"17 octubre, 2024","format":false,"excerpt":"En las VI Jornadas de Gesti\u00f3n del Conocimiento, celebradas en octubre de 2023, asistimos al nacimiento de Nexum, la plataforma donde se pretende recopilar toda la informaci\u00f3n sobre los procedimientos administrativos que se ejecutan en la Junta de Andaluc\u00eda.En 2024, dos noveles en el Programa de Embajadores\/as del Conocimiento se\u2026","rel":"","context":"Entrada similar","block_context":{"text":"Entrada similar","link":""},"img":{"alt_text":"","src":"https:\/\/i0.wp.com\/ws168.juntadeandalucia.es\/iaap\/gestiondelconocimiento\/wp-content\/uploads\/sites\/10\/2024\/10\/Ficha-equipo-Nexum-Embajadores24-1536x1086.jpg?resize=350%2C200&ssl=1","width":350,"height":200,"srcset":"https:\/\/i0.wp.com\/ws168.juntadeandalucia.es\/iaap\/gestiondelconocimiento\/wp-content\/uploads\/sites\/10\/2024\/10\/Ficha-equipo-Nexum-Embajadores24-1536x1086.jpg?resize=350%2C200&ssl=1 1x, https:\/\/i0.wp.com\/ws168.juntadeandalucia.es\/iaap\/gestiondelconocimiento\/wp-content\/uploads\/sites\/10\/2024\/10\/Ficha-equipo-Nexum-Embajadores24-1536x1086.jpg?resize=525%2C300&ssl=1 1.5x"},"classes":[]},{"id":6153,"url":"https:\/\/ws168.juntadeandalucia.es\/iaap\/gestiondelconocimiento\/edicion-2024\/elaboracion-de-mapas-de-conocimiento-critico-2024\/","url_meta":{"origin":5529,"position":1},"title":"Elaboraci\u00f3n de Mapas de Conocimiento Cr\u00edtico 2024","author":"administrador","date":"17 octubre, 2024","format":false,"excerpt":"Una edici\u00f3n m\u00e1s, el proyecto de Elaboraci\u00f3n de mapas de conocimiento cr\u00edtico ha intentado localizar a las personas que poseen las capacidades y habilidades necesarias para hacer frente a una tarea concreta y poner en valor y a disposici\u00f3n de todo aquel que lo necesite su conocimiento.En 2024, el grupo\u2026","rel":"","context":"Entrada similar","block_context":{"text":"Entrada similar","link":""},"img":{"alt_text":"","src":"https:\/\/i0.wp.com\/ws168.juntadeandalucia.es\/iaap\/gestiondelconocimiento\/wp-content\/uploads\/sites\/10\/2024\/10\/Ficha-equipo-Mapas-Embajadores24-1536x1086.jpg?resize=350%2C200&ssl=1","width":350,"height":200,"srcset":"https:\/\/i0.wp.com\/ws168.juntadeandalucia.es\/iaap\/gestiondelconocimiento\/wp-content\/uploads\/sites\/10\/2024\/10\/Ficha-equipo-Mapas-Embajadores24-1536x1086.jpg?resize=350%2C200&ssl=1 1x, https:\/\/i0.wp.com\/ws168.juntadeandalucia.es\/iaap\/gestiondelconocimiento\/wp-content\/uploads\/sites\/10\/2024\/10\/Ficha-equipo-Mapas-Embajadores24-1536x1086.jpg?resize=525%2C300&ssl=1 1.5x"},"classes":[]},{"id":157,"url":"https:\/\/ws168.juntadeandalucia.es\/iaap\/gestiondelconocimiento\/proyectos\/","url_meta":{"origin":5529,"position":2},"title":"Ediciones","author":"","date":"21 mayo, 2018","format":false,"excerpt":"Gesti\u00f3n del Conocimiento s\u00ed, pero, \u00bfpara qu\u00e9?En 2017 se inicia la andadura en la disciplina de Gesti\u00f3n del Conocimiento en el IAAP, fijando un marco de referencia de base en el que se identificaron una serie de retos y problemas en la Junta de Andaluc\u00eda, que pod\u00edan ser atendidos con\u2026","rel":"","context":"Entrada similar","block_context":{"text":"Entrada similar","link":""},"img":{"alt_text":"","src":"https:\/\/i0.wp.com\/ws168.juntadeandalucia.es\/iaap\/gestiondelconocimiento\/wp-content\/uploads\/sites\/10\/2020\/02\/human-3131802_1280-300x208.jpg?resize=350%2C200&ssl=1","width":350,"height":200},"classes":[]},{"id":4046,"url":"https:\/\/ws168.juntadeandalucia.es\/iaap\/gestiondelconocimiento\/edicion-2020-2021\/casologia-en-la-junta-de-andalucia\/","url_meta":{"origin":5529,"position":3},"title":"CASOLOG\u00cdA EN LA JUNTA DE ANDALUC\u00cdA","author":"beatrizsanchezgomez","date":"29 noviembre, 2021","format":false,"excerpt":"El estudio de casos es un \u00a0m\u00e9todo de trabajo que pretende desarrollar un pensamiento\u00a0cr\u00edtico. \u00a0Se trata de un m\u00e9todo inductivo, basado en la experiencia. Pretende la\u00a0resoluci\u00f3n de problemas concretos, utilizando una informaci\u00f3n exhaustiva y compleja en un proceso de toma de decisiones. Como\u00a0ver\u00e9is, desde el grupo de Casolog\u00eda se han\u2026","rel":"","context":"Entrada similar","block_context":{"text":"Entrada similar","link":""},"img":{"alt_text":"Grupo de Casolog\u00eda","src":"https:\/\/i0.wp.com\/ws168.juntadeandalucia.es\/iaap\/gestiondelconocimiento\/wp-content\/uploads\/sites\/10\/2021\/11\/Diseno-sin-titulo-2.jpg?resize=350%2C200&ssl=1","width":350,"height":200,"srcset":"https:\/\/i0.wp.com\/ws168.juntadeandalucia.es\/iaap\/gestiondelconocimiento\/wp-content\/uploads\/sites\/10\/2021\/11\/Diseno-sin-titulo-2.jpg?resize=350%2C200&ssl=1 1x, https:\/\/i0.wp.com\/ws168.juntadeandalucia.es\/iaap\/gestiondelconocimiento\/wp-content\/uploads\/sites\/10\/2021\/11\/Diseno-sin-titulo-2.jpg?resize=525%2C300&ssl=1 1.5x, https:\/\/i0.wp.com\/ws168.juntadeandalucia.es\/iaap\/gestiondelconocimiento\/wp-content\/uploads\/sites\/10\/2021\/11\/Diseno-sin-titulo-2.jpg?resize=700%2C400&ssl=1 2x, https:\/\/i0.wp.com\/ws168.juntadeandalucia.es\/iaap\/gestiondelconocimiento\/wp-content\/uploads\/sites\/10\/2021\/11\/Diseno-sin-titulo-2.jpg?resize=1050%2C600&ssl=1 3x"},"classes":[]},{"id":4473,"url":"https:\/\/ws168.juntadeandalucia.es\/iaap\/gestiondelconocimiento\/edicion-2022\/identificacion-del-conocimiento-critico-2022\/","url_meta":{"origin":5529,"position":4},"title":"Identificaci\u00f3n del Conocimiento Cr\u00edtico 2022","author":"pedroblanco","date":"23 febrero, 2023","format":false,"excerpt":"A lo largo de estos cuatro a\u00f1os del Grupo de Conocimiento Cr\u00edtico hemos recorrido un camino que empez\u00f3 en 2019.A\u00f1o 2019 - 2020.- APRENDER - APRENDIENDOTodo era nuevo y nos toco determinar qu\u00e9 era el conocimiento cr\u00edtico y por qu\u00e9 era importante conservarlo: \u201ctodo aquello que sabemos hacer, producto de\u2026","rel":"","context":"Entrada similar","block_context":{"text":"Entrada similar","link":""},"img":{"alt_text":"","src":"","width":0,"height":0},"classes":[]},{"id":6147,"url":"https:\/\/ws168.juntadeandalucia.es\/iaap\/gestiondelconocimiento\/edicion-2024\/revista-enred2-0-2024\/","url_meta":{"origin":5529,"position":5},"title":"Revista Enred@2.0 2024","author":"administrador","date":"8 octubre, 2024","format":false,"excerpt":"Un a\u00f1o m\u00e1s, la revista Enred@2.0 nos ha estado acompa\u00f1ando en el Programa de Embajadores\/as del Conocimiento. En esta edici\u00f3n, han sido un total de ocho participantes los que se han dedicado a buscar potenciales articulistas en todo lo largo y ancho de la Junta de Andaluc\u00eda, seleccionar textos, maquetarlos\u2026","rel":"","context":"Entrada similar","block_context":{"text":"Entrada similar","link":""},"img":{"alt_text":"Equipo revista Enred@2.0 2024","src":"https:\/\/i0.wp.com\/ws168.juntadeandalucia.es\/iaap\/gestiondelconocimiento\/wp-content\/uploads\/sites\/10\/2024\/10\/Ficha-equipo-Revista-Embajadores-2024-1536x1086.jpg?resize=350%2C200&ssl=1","width":350,"height":200,"srcset":"https:\/\/i0.wp.com\/ws168.juntadeandalucia.es\/iaap\/gestiondelconocimiento\/wp-content\/uploads\/sites\/10\/2024\/10\/Ficha-equipo-Revista-Embajadores-2024-1536x1086.jpg?resize=350%2C200&ssl=1 1x, https:\/\/i0.wp.com\/ws168.juntadeandalucia.es\/iaap\/gestiondelconocimiento\/wp-content\/uploads\/sites\/10\/2024\/10\/Ficha-equipo-Revista-Embajadores-2024-1536x1086.jpg?resize=525%2C300&ssl=1 1.5x"},"classes":[]}],"jetpack_likes_enabled":true,"_links":{"self":[{"href":"https:\/\/ws168.juntadeandalucia.es\/iaap\/gestiondelconocimiento\/wp-json\/wp\/v2\/pages\/5529","targetHints":{"allow":["GET"]}}],"collection":[{"href":"https:\/\/ws168.juntadeandalucia.es\/iaap\/gestiondelconocimiento\/wp-json\/wp\/v2\/pages"}],"about":[{"href":"https:\/\/ws168.juntadeandalucia.es\/iaap\/gestiondelconocimiento\/wp-json\/wp\/v2\/types\/page"}],"author":[{"embeddable":true,"href":"https:\/\/ws168.juntadeandalucia.es\/iaap\/gestiondelconocimiento\/wp-json\/wp\/v2\/users\/1"}],"replies":[{"embeddable":true,"href":"https:\/\/ws168.juntadeandalucia.es\/iaap\/gestiondelconocimiento\/wp-json\/wp\/v2\/comments?post=5529"}],"version-history":[{"count":16,"href":"https:\/\/ws168.juntadeandalucia.es\/iaap\/gestiondelconocimiento\/wp-json\/wp\/v2\/pages\/5529\/revisions"}],"predecessor-version":[{"id":5547,"href":"https:\/\/ws168.juntadeandalucia.es\/iaap\/gestiondelconocimiento\/wp-json\/wp\/v2\/pages\/5529\/revisions\/5547"}],"up":[{"embeddable":true,"href":"https:\/\/ws168.juntadeandalucia.es\/iaap\/gestiondelconocimiento\/wp-json\/wp\/v2\/pages\/5427"}],"wp:attachment":[{"href":"https:\/\/ws168.juntadeandalucia.es\/iaap\/gestiondelconocimiento\/wp-json\/wp\/v2\/media?parent=5529"}],"curies":[{"name":"wp","href":"https:\/\/api.w.org\/{rel}","templated":true}]}}