{"id":774,"date":"2019-03-07T13:06:08","date_gmt":"2019-03-07T13:06:08","guid":{"rendered":"https:\/\/ws168.juntadeandalucia.es\/iaap\/gestiondelconocimiento\/?page_id=774"},"modified":"2020-03-08T21:05:11","modified_gmt":"2020-03-08T21:05:11","slug":"gc08-implantando-la-cultura-audiovisual","status":"publish","type":"page","link":"https:\/\/ws168.juntadeandalucia.es\/iaap\/gestiondelconocimiento\/proyectos\/edicion-2018-2019\/gc08-implantando-la-cultura-audiovisual\/","title":{"rendered":"GC08 &#8211; Implantando la cultura audiovisual (2018-19)"},"content":{"rendered":"<p><img decoding=\"async\" class=\"aligncenter\" src=\"https:\/\/ws168.juntadeandalucia.es\/iaap\/gestiondelconocimiento\/wp-content\/uploads\/sites\/10\/2019\/03\/screen1.png\" width=\"207\" height=\"163\" \/><\/p>\n<h4><span style=\"font-size: 12pt\">DESCRIPCI\u00d3N<\/span><\/h4>\n<p><span style=\"font-size: 12pt\">Proyecto que consiste en el dise\u00f1o y puesta en marcha de una metodolog\u00eda para <strong>fomentar el uso de medios audiovisuales<\/strong> como apoyo a los procedimientos en la Junta de Andaluc\u00eda. Para ello, s<\/span><span style=\"font-size: 12pt\">e partir\u00e1 de gu\u00edas y manuales preexistentes para la elaboraci\u00f3n de videoututoriales y anuncios.<\/span><\/p>\n<h4><span style=\"font-size: 12pt\">OBJETIVOS<\/span><\/h4>\n<p style=\"padding-left: 30px\"><span style=\"font-size: 12pt\">\u2022 <strong>Experimentar y practicar la elaboraci\u00f3n de videotutoriales y anuncios<\/strong>.<\/span><br \/>\n<span style=\"font-size: 12pt\">\u2022 Impulsar el uso de videotutoriales para <strong>facilitar las labores administrativas<\/strong> (tr\u00e1mites administrativos, ayuda en procedimientos, cumplimentaci\u00f3n de formularios, etc).<\/span><\/p>\n<h4><span style=\"font-size: 12pt\">ENTREGABLES<\/span><\/h4>\n<p style=\"padding-left: 30px\"><span style=\"font-size: 12pt\">\u2022 <strong>2 anuncios y 2 videotutoriales de utilidad<\/strong>, relacionados con el entorno de los participantes.<\/span><\/p>\n<p style=\"padding-left: 30px\"><span style=\"font-size: 12pt\">\u2022 <strong>Dise\u00f1ar una metodolog\u00eda de difusi\u00f3n para extender el uso de estas pr\u00e1cticas<\/strong>.<\/span><\/p>\n<p style=\"padding-left: 30px\"><span style=\"font-size: 12pt\">\u2022 2 anuncios y 2 videotutoriales, realizados por personas distintas a las participantes en el proyecto.<\/span><\/p>\n<h3><span style=\"color: #800080\">Edici\u00f3n 2018-2019<\/span><\/h3>\n<p><a href=\"https:\/\/wp.me\/P9W7Se-wJ\" target=\"_blank\" rel=\"noopener\"><span style=\"font-size: 12pt\">Acceso a todos los videos realizados.<\/span><\/a><\/p>\n","protected":false},"excerpt":{"rendered":"<p>DESCRIPCI\u00d3N Proyecto que consiste en el dise\u00f1o y puesta en marcha de una metodolog\u00eda para fomentar el uso de medios audiovisuales como apoyo a los procedimientos en la Junta de Andaluc\u00eda. Para ello, se partir\u00e1 de gu\u00edas y manuales preexistentes para la elaboraci\u00f3n de videoututoriales y anuncios. OBJETIVOS \u2022 Experimentar y practicar la elaboraci\u00f3n de [&hellip;]<\/p>\n","protected":false},"author":19,"featured_media":0,"parent":2011,"menu_order":6,"comment_status":"closed","ping_status":"closed","template":"","meta":{"jetpack_post_was_ever_published":false,"footnotes":""},"class_list":["post-774","page","type-page","status-publish","hentry"],"jetpack_sharing_enabled":true,"jetpack_shortlink":"https:\/\/wp.me\/P9W7Se-cu","jetpack-related-posts":[{"id":2050,"url":"https:\/\/ws168.juntadeandalucia.es\/iaap\/gestiondelconocimiento\/proyectos\/edicion-2019-2020-edicion-2019-2020\/gc08-implantando-la-cultura-audiovisual\/","url_meta":{"origin":774,"position":0},"title":"GC08 &#8211; Implantando la cultura audiovisual (2019-20)","author":"beatrizsanchezgomez","date":"23 febrero, 2020","format":false,"excerpt":"DESCRIPCI\u00d3NProyecto que consiste en el dise\u00f1o y puesta en marcha de una metodolog\u00eda para fomentar el uso de medios audiovisuales como apoyo a los procedimientos en la Junta de Andaluc\u00eda. Para ello, se partir\u00e1 de gu\u00edas y manuales preexistentes para la elaboraci\u00f3n de videoututoriales y anuncios.OBJETIVOS\u2022 Experimentar y practicar la\u2026","rel":"","context":"Entrada similar","block_context":{"text":"Entrada similar","link":""},"img":{"alt_text":"","src":"https:\/\/i0.wp.com\/ws168.juntadeandalucia.es\/iaap\/gestiondelconocimiento\/wp-content\/uploads\/sites\/10\/2019\/03\/screen1.png?resize=350%2C200&ssl=1","width":350,"height":200},"classes":[]},{"id":479,"url":"https:\/\/ws168.juntadeandalucia.es\/iaap\/gestiondelconocimiento\/proyectos\/edicion-2018-2019\/gc08-implantando-la-cultura-audiovisual\/videotutoriales\/","url_meta":{"origin":774,"position":1},"title":"Antecedentes del Proyecto GC08","author":"","date":"16 junio, 2018","format":false,"excerpt":"DESCRIPCI\u00d3N Inmersos en un entorno social de comunicaci\u00f3n a trav\u00e9s de la imagen, surge la necesidad de impulsar la cultura audiovisual en la Junta de Andaluc\u00eda como apoyo a la informaci\u00f3n y difusi\u00f3n de tr\u00e1mites y procedimientos internos, y para facilitar la comunicaci\u00f3n con la ciudadan\u00eda. Este proyecto da continuidad\u2026","rel":"","context":"Entrada similar","block_context":{"text":"Entrada similar","link":""},"img":{"alt_text":"","src":"https:\/\/i0.wp.com\/ws168.juntadeandalucia.es\/iaap\/gestiondelconocimiento\/wp-content\/uploads\/sites\/10\/2018\/06\/videotutorial_logo-300x225.png?resize=350%2C200&ssl=1","width":350,"height":200},"classes":[]},{"id":2029,"url":"https:\/\/ws168.juntadeandalucia.es\/iaap\/gestiondelconocimiento\/proyectos\/edicion-2018-2019\/gc08-implantando-la-cultura-audiovisual\/videos\/","url_meta":{"origin":774,"position":2},"title":"Videos","author":"beatrizsanchezgomez","date":"22 febrero, 2020","format":false,"excerpt":"ENTREGABLES REALIZADOS EN LA EDICI\u00d3N 2018-2019 DEL PROGRAMA \u2022 2 anuncios y 2 videotutoriales de utilidad, relacionados con el entorno de los participantes. Anuncio Impulsando la cultura audiovisual del proyecto Gesti\u00f3n del conocimiento de la Junta de Andaluc\u00eda\u00a0hazlotumism@ Video entrevista para compartir experiencias en la Junta de Andaluc\u00eda. Programa embajadores\u2026","rel":"","context":"Entrada similar","block_context":{"text":"Entrada similar","link":""},"img":{"alt_text":"","src":"","width":0,"height":0},"classes":[]},{"id":6153,"url":"https:\/\/ws168.juntadeandalucia.es\/iaap\/gestiondelconocimiento\/edicion-2024\/elaboracion-de-mapas-de-conocimiento-critico-2024\/","url_meta":{"origin":774,"position":3},"title":"Elaboraci\u00f3n de Mapas de Conocimiento Cr\u00edtico 2024","author":"administrador","date":"17 octubre, 2024","format":false,"excerpt":"Una edici\u00f3n m\u00e1s, el proyecto de Elaboraci\u00f3n de mapas de conocimiento cr\u00edtico ha intentado localizar a las personas que poseen las capacidades y habilidades necesarias para hacer frente a una tarea concreta y poner en valor y a disposici\u00f3n de todo aquel que lo necesite su conocimiento.En 2024, el grupo\u2026","rel":"","context":"Entrada similar","block_context":{"text":"Entrada similar","link":""},"img":{"alt_text":"","src":"https:\/\/i0.wp.com\/ws168.juntadeandalucia.es\/iaap\/gestiondelconocimiento\/wp-content\/uploads\/sites\/10\/2024\/10\/Ficha-equipo-Mapas-Embajadores24-1536x1086.jpg?resize=350%2C200&ssl=1","width":350,"height":200,"srcset":"https:\/\/i0.wp.com\/ws168.juntadeandalucia.es\/iaap\/gestiondelconocimiento\/wp-content\/uploads\/sites\/10\/2024\/10\/Ficha-equipo-Mapas-Embajadores24-1536x1086.jpg?resize=350%2C200&ssl=1 1x, https:\/\/i0.wp.com\/ws168.juntadeandalucia.es\/iaap\/gestiondelconocimiento\/wp-content\/uploads\/sites\/10\/2024\/10\/Ficha-equipo-Mapas-Embajadores24-1536x1086.jpg?resize=525%2C300&ssl=1 1.5x"},"classes":[]},{"id":3311,"url":"https:\/\/ws168.juntadeandalucia.es\/iaap\/gestiondelconocimiento\/transfer\/","url_meta":{"origin":774,"position":4},"title":"Resoluci\u00f3n del concurso de traslados de funcionarios de la Junta de Andaluc\u00eda y el Proyecto TRANSFER","author":"","date":"17 febrero, 2021","format":false,"excerpt":"\u00a0 El Proyecto TRANSFER para la Transferencia de Conocimiento en el puesto de trabajo se desarroll\u00f3 en 2016. Es ahora cuando Transfer con\u00a0 la publicaci\u00f3n del listado del concurso de traslados de funcionarios de la Junta de Andaluc\u00eda est\u00e1 tomando mayor repercusi\u00f3n. \u00a0La idea surgi\u00f3 ante la inminente resoluci\u00f3n del\u2026","rel":"","context":"Entrada similar","block_context":{"text":"Entrada similar","link":""},"img":{"alt_text":"","src":"https:\/\/i0.wp.com\/ws168.juntadeandalucia.es\/iaap\/gestiondelconocimiento\/wp-content\/uploads\/sites\/10\/2021\/02\/Transfer.png?resize=350%2C200&ssl=1","width":350,"height":200},"classes":[]},{"id":5548,"url":"https:\/\/ws168.juntadeandalucia.es\/iaap\/gestiondelconocimiento\/edicion-2023\/croquetas-de-conocimiento-2023\/","url_meta":{"origin":774,"position":5},"title":"Croquetas de Conocimiento 2023","author":"administrador","date":"11 diciembre, 2023","format":false,"excerpt":"Si ha habido un proyecto que ha dado que hablar en 2023, ese ha sido el de Croquetas de Conocimiento.Desde el principio sab\u00edamos que iban han hacer mucho ruido y as\u00ed te lo contamos en nuestro blog. Una raci\u00f3n de croquetas Dos han sido sus logros principales.\u00a0Uno de ellos, que\u2026","rel":"","context":"Entrada similar","block_context":{"text":"Entrada similar","link":""},"img":{"alt_text":"Croquetas de Conocimiento","src":"https:\/\/i0.wp.com\/ws168.juntadeandalucia.es\/iaap\/gestiondelconocimiento\/wp-content\/uploads\/sites\/10\/2023\/04\/03_Grupo-CROQUETAS_ok-2048x1448.jpg?resize=350%2C200&ssl=1","width":350,"height":200,"srcset":"https:\/\/i0.wp.com\/ws168.juntadeandalucia.es\/iaap\/gestiondelconocimiento\/wp-content\/uploads\/sites\/10\/2023\/04\/03_Grupo-CROQUETAS_ok-2048x1448.jpg?resize=350%2C200&ssl=1 1x, https:\/\/i0.wp.com\/ws168.juntadeandalucia.es\/iaap\/gestiondelconocimiento\/wp-content\/uploads\/sites\/10\/2023\/04\/03_Grupo-CROQUETAS_ok-2048x1448.jpg?resize=525%2C300&ssl=1 1.5x"},"classes":[]}],"jetpack_likes_enabled":true,"_links":{"self":[{"href":"https:\/\/ws168.juntadeandalucia.es\/iaap\/gestiondelconocimiento\/wp-json\/wp\/v2\/pages\/774","targetHints":{"allow":["GET"]}}],"collection":[{"href":"https:\/\/ws168.juntadeandalucia.es\/iaap\/gestiondelconocimiento\/wp-json\/wp\/v2\/pages"}],"about":[{"href":"https:\/\/ws168.juntadeandalucia.es\/iaap\/gestiondelconocimiento\/wp-json\/wp\/v2\/types\/page"}],"author":[{"embeddable":true,"href":"https:\/\/ws168.juntadeandalucia.es\/iaap\/gestiondelconocimiento\/wp-json\/wp\/v2\/users\/19"}],"replies":[{"embeddable":true,"href":"https:\/\/ws168.juntadeandalucia.es\/iaap\/gestiondelconocimiento\/wp-json\/wp\/v2\/comments?post=774"}],"version-history":[{"count":15,"href":"https:\/\/ws168.juntadeandalucia.es\/iaap\/gestiondelconocimiento\/wp-json\/wp\/v2\/pages\/774\/revisions"}],"predecessor-version":[{"id":2206,"href":"https:\/\/ws168.juntadeandalucia.es\/iaap\/gestiondelconocimiento\/wp-json\/wp\/v2\/pages\/774\/revisions\/2206"}],"up":[{"embeddable":true,"href":"https:\/\/ws168.juntadeandalucia.es\/iaap\/gestiondelconocimiento\/wp-json\/wp\/v2\/pages\/2011"}],"wp:attachment":[{"href":"https:\/\/ws168.juntadeandalucia.es\/iaap\/gestiondelconocimiento\/wp-json\/wp\/v2\/media?parent=774"}],"curies":[{"name":"wp","href":"https:\/\/api.w.org\/{rel}","templated":true}]}}