{"id":263987,"date":"2024-06-07T20:03:39","date_gmt":"2024-06-07T18:03:39","guid":{"rendered":"https:\/\/ws086.juntadeandalucia.es\/iaap\/innovanda\/?page_id=263987"},"modified":"2025-09-05T13:54:40","modified_gmt":"2025-09-05T11:54:40","slug":"iniciativas_exitosas","status":"publish","type":"page","link":"https:\/\/ws168.juntadeandalucia.es\/iaap\/innovanda\/iniciativas_exitosas\/","title":{"rendered":"Iniciativas_exitosas"},"content":{"rendered":"[et_pb_section fb_built=&#8221;1&#8243; _builder_version=&#8221;4.23&#8243; _module_preset=&#8221;default&#8221; global_colors_info=&#8221;{}&#8221;][et_pb_row _builder_version=&#8221;4.25.1&#8243; _module_preset=&#8221;default&#8221; global_colors_info=&#8221;{}&#8221;][et_pb_column type=&#8221;4_4&#8243; _builder_version=&#8221;4.25.1&#8243; _module_preset=&#8221;default&#8221; global_colors_info=&#8221;{}&#8221;][et_pb_text admin_label=&#8221;Texto&#8221; _builder_version=&#8221;4.25.1&#8243; _module_preset=&#8221;default&#8221; global_colors_info=&#8221;{}&#8221;]\n<h1 style=\"text-align: center\"><strong>\u00a1\u00a1\u00a1\u00a0 CASOS DE EXITO !!!<\/strong><\/h1>\n<h4 style=\"text-align: center\">Descubre c\u00f3mo la innovaci\u00f3n p\u00fablica de abajo a arriba est\u00e1 transformando la realidad de nuestra organizaci\u00f3n. En InnovAnda, nos enorgullecemos de nuestros casos de \u00e9xito que demuestran el poder de la creatividad y la colaboraci\u00f3n. \u00a1\u00danete a la revoluci\u00f3n de la innovaci\u00f3n con nosotros!<\/h4>\n<p><em>(Puede hacer clic sobre cada una de las im\u00e1genes para m\u00e1s informaci\u00f3n)<\/em><\/p>\n[\/et_pb_text][\/et_pb_column][\/et_pb_row][et_pb_row column_structure=&#8221;1_2,1_2&#8243; _builder_version=&#8221;4.23&#8243; _module_preset=&#8221;default&#8221; global_colors_info=&#8221;{}&#8221;][et_pb_column type=&#8221;1_2&#8243; _builder_version=&#8221;4.23&#8243; _module_preset=&#8221;default&#8221; global_colors_info=&#8221;{}&#8221;][et_pb_image src=&#8221;https:\/\/ws168.juntadeandalucia.es\/iaap\/innovanda\/wp-content\/uploads\/sites\/27\/2024\/06\/Divulgando_ciencia.jpg&#8221; title_text=&#8221;Divulgando_ciencia&#8221; url=&#8221;https:\/\/ws168.juntadeandalucia.es\/iaap\/innovanda\/wp-content\/uploads\/sites\/27\/2024\/06\/Divulgando-Ciencia-con-Barrera.pdf&#8221; _builder_version=&#8221;4.25.1&#8243; _module_preset=&#8221;default&#8221; global_colors_info=&#8221;{}&#8221;][\/et_pb_image][\/et_pb_column][et_pb_column type=&#8221;1_2&#8243; _builder_version=&#8221;4.23&#8243; _module_preset=&#8221;default&#8221; global_colors_info=&#8221;{}&#8221;][et_pb_image src=&#8221;https:\/\/ws168.juntadeandalucia.es\/iaap\/innovanda\/wp-content\/uploads\/sites\/27\/2024\/06\/Formacion_primeros_dias.jpg&#8221; title_text=&#8221;Formacion_primeros_dias&#8221; url=&#8221;https:\/\/ws168.juntadeandalucia.es\/iaap\/innovanda\/wp-content\/uploads\/sites\/27\/2024\/06\/FORMACION-PARA-LOS-PRIMEROS-DIAS-DE-VIDA.pdf&#8221; url_new_window=&#8221;on&#8221; _builder_version=&#8221;4.25.1&#8243; _module_preset=&#8221;default&#8221; global_colors_info=&#8221;{}&#8221;][\/et_pb_image][\/et_pb_column][\/et_pb_row][et_pb_row column_structure=&#8221;1_2,1_2&#8243; _builder_version=&#8221;4.25.1&#8243; _module_preset=&#8221;default&#8221; global_colors_info=&#8221;{}&#8221;][et_pb_column type=&#8221;1_2&#8243; _builder_version=&#8221;4.25.1&#8243; _module_preset=&#8221;default&#8221; global_colors_info=&#8221;{}&#8221;][et_pb_image src=&#8221;https:\/\/ws168.juntadeandalucia.es\/iaap\/innovanda\/wp-content\/uploads\/sites\/27\/2024\/06\/Movilidad_voluntaria.jpg&#8221; title_text=&#8221;Movilidad_voluntaria&#8221; url=&#8221;https:\/\/ws168.juntadeandalucia.es\/iaap\/innovanda\/wp-content\/uploads\/sites\/27\/2024\/06\/Manual-de-movilidad-voluntaria-provisional.pdf&#8221; url_new_window=&#8221;on&#8221; _builder_version=&#8221;4.25.1&#8243; _module_preset=&#8221;default&#8221; global_colors_info=&#8221;{}&#8221;][\/et_pb_image][\/et_pb_column][et_pb_column type=&#8221;1_2&#8243; _builder_version=&#8221;4.25.1&#8243; _module_preset=&#8221;default&#8221; global_colors_info=&#8221;{}&#8221;][et_pb_image src=&#8221;https:\/\/ws168.juntadeandalucia.es\/iaap\/innovanda\/wp-content\/uploads\/sites\/27\/2024\/06\/Trucos_faciles_edicion.jpg&#8221; title_text=&#8221;Trucos_faciles_edicion&#8221; url=&#8221;https:\/\/ws168.juntadeandalucia.es\/iaap\/innovanda\/wp-content\/uploads\/sites\/27\/2024\/06\/Trucos-faciles-de-Edicion-Digital.pdf&#8221; url_new_window=&#8221;on&#8221; _builder_version=&#8221;4.25.1&#8243; _module_preset=&#8221;default&#8221; global_colors_info=&#8221;{}&#8221;][\/et_pb_image][\/et_pb_column][\/et_pb_row][\/et_pb_section]\n","protected":false},"excerpt":{"rendered":"<p>\u00a1\u00a1\u00a1\u00a0 CASOS DE EXITO !!! Descubre c\u00f3mo la innovaci\u00f3n p\u00fablica de abajo a arriba est\u00e1 transformando la realidad de nuestra organizaci\u00f3n. En InnovAnda, nos enorgullecemos de nuestros casos de \u00e9xito que demuestran el poder de la creatividad y la colaboraci\u00f3n. \u00a1\u00danete a la revoluci\u00f3n de la innovaci\u00f3n con nosotros! (Puede hacer clic sobre cada una [&hellip;]<\/p>\n","protected":false},"author":641,"featured_media":0,"parent":0,"menu_order":0,"comment_status":"closed","ping_status":"closed","template":"","meta":{"_et_pb_use_builder":"on","_et_pb_old_content":"","_et_gb_content_width":"","footnotes":""},"class_list":["post-263987","page","type-page","status-publish","hentry"],"yoast_head":"<!-- This site is optimized with the Yoast SEO plugin v27.4 - https:\/\/yoast.com\/product\/yoast-seo-wordpress\/ -->\n<title>Iniciativas_exitosas - Innovanda<\/title>\n<meta name=\"robots\" content=\"noindex, nofollow\" \/>\n<meta property=\"og:locale\" content=\"es_ES\" \/>\n<meta property=\"og:type\" content=\"article\" \/>\n<meta property=\"og:title\" content=\"Iniciativas_exitosas - Innovanda\" \/>\n<meta property=\"og:description\" content=\"\u00a1\u00a1\u00a1\u00a0 CASOS DE EXITO !!! Descubre c\u00f3mo la innovaci\u00f3n p\u00fablica de abajo a arriba est\u00e1 transformando la realidad de nuestra organizaci\u00f3n. En InnovAnda, nos enorgullecemos de nuestros casos de \u00e9xito que demuestran el poder de la creatividad y la colaboraci\u00f3n. \u00a1\u00danete a la revoluci\u00f3n de la innovaci\u00f3n con nosotros! (Puede hacer clic sobre cada una [&hellip;]\" \/>\n<meta property=\"og:url\" content=\"https:\/\/ws168.juntadeandalucia.es\/iaap\/innovanda\/iniciativas_exitosas\/\" \/>\n<meta property=\"og:site_name\" content=\"Innovanda\" \/>\n<meta property=\"article:modified_time\" content=\"2025-09-05T11:54:40+00:00\" \/>\n<meta name=\"twitter:card\" content=\"summary_large_image\" \/>\n<meta name=\"twitter:label1\" content=\"Tiempo de lectura\" \/>\n\t<meta name=\"twitter:data1\" content=\"2 minutos\" \/>\n<script type=\"application\/ld+json\" class=\"yoast-schema-graph\">{\"@context\":\"https:\\\/\\\/schema.org\",\"@graph\":[{\"@type\":\"WebPage\",\"@id\":\"https:\\\/\\\/ws168.juntadeandalucia.es\\\/iaap\\\/innovanda\\\/iniciativas_exitosas\\\/\",\"url\":\"https:\\\/\\\/ws168.juntadeandalucia.es\\\/iaap\\\/innovanda\\\/iniciativas_exitosas\\\/\",\"name\":\"Iniciativas_exitosas - Innovanda\",\"isPartOf\":{\"@id\":\"https:\\\/\\\/ws168.juntadeandalucia.es\\\/iaap\\\/innovanda\\\/#website\"},\"datePublished\":\"2024-06-07T18:03:39+00:00\",\"dateModified\":\"2025-09-05T11:54:40+00:00\",\"breadcrumb\":{\"@id\":\"https:\\\/\\\/ws168.juntadeandalucia.es\\\/iaap\\\/innovanda\\\/iniciativas_exitosas\\\/#breadcrumb\"},\"inLanguage\":\"es\",\"potentialAction\":[{\"@type\":\"ReadAction\",\"target\":[\"https:\\\/\\\/ws168.juntadeandalucia.es\\\/iaap\\\/innovanda\\\/iniciativas_exitosas\\\/\"]}]},{\"@type\":\"BreadcrumbList\",\"@id\":\"https:\\\/\\\/ws168.juntadeandalucia.es\\\/iaap\\\/innovanda\\\/iniciativas_exitosas\\\/#breadcrumb\",\"itemListElement\":[{\"@type\":\"ListItem\",\"position\":1,\"name\":\"Portada\",\"item\":\"https:\\\/\\\/ws168.juntadeandalucia.es\\\/iaap\\\/innovanda\\\/\"},{\"@type\":\"ListItem\",\"position\":2,\"name\":\"Iniciativas_exitosas\"}]},{\"@type\":\"WebSite\",\"@id\":\"https:\\\/\\\/ws168.juntadeandalucia.es\\\/iaap\\\/innovanda\\\/#website\",\"url\":\"https:\\\/\\\/ws168.juntadeandalucia.es\\\/iaap\\\/innovanda\\\/\",\"name\":\"Innovanda\",\"description\":\"Innovaci\u00f3n p\u00fablica de abajo arriba\",\"potentialAction\":[{\"@type\":\"SearchAction\",\"target\":{\"@type\":\"EntryPoint\",\"urlTemplate\":\"https:\\\/\\\/ws168.juntadeandalucia.es\\\/iaap\\\/innovanda\\\/?s={search_term_string}\"},\"query-input\":{\"@type\":\"PropertyValueSpecification\",\"valueRequired\":true,\"valueName\":\"search_term_string\"}}],\"inLanguage\":\"es\"}]}<\/script>\n<!-- \/ Yoast SEO plugin. -->","yoast_head_json":{"title":"Iniciativas_exitosas - Innovanda","robots":{"index":"noindex","follow":"nofollow"},"og_locale":"es_ES","og_type":"article","og_title":"Iniciativas_exitosas - Innovanda","og_description":"\u00a1\u00a1\u00a1\u00a0 CASOS DE EXITO !!! Descubre c\u00f3mo la innovaci\u00f3n p\u00fablica de abajo a arriba est\u00e1 transformando la realidad de nuestra organizaci\u00f3n. En InnovAnda, nos enorgullecemos de nuestros casos de \u00e9xito que demuestran el poder de la creatividad y la colaboraci\u00f3n. \u00a1\u00danete a la revoluci\u00f3n de la innovaci\u00f3n con nosotros! (Puede hacer clic sobre cada una [&hellip;]","og_url":"https:\/\/ws168.juntadeandalucia.es\/iaap\/innovanda\/iniciativas_exitosas\/","og_site_name":"Innovanda","article_modified_time":"2025-09-05T11:54:40+00:00","twitter_card":"summary_large_image","twitter_misc":{"Tiempo de lectura":"2 minutos"},"schema":{"@context":"https:\/\/schema.org","@graph":[{"@type":"WebPage","@id":"https:\/\/ws168.juntadeandalucia.es\/iaap\/innovanda\/iniciativas_exitosas\/","url":"https:\/\/ws168.juntadeandalucia.es\/iaap\/innovanda\/iniciativas_exitosas\/","name":"Iniciativas_exitosas - Innovanda","isPartOf":{"@id":"https:\/\/ws168.juntadeandalucia.es\/iaap\/innovanda\/#website"},"datePublished":"2024-06-07T18:03:39+00:00","dateModified":"2025-09-05T11:54:40+00:00","breadcrumb":{"@id":"https:\/\/ws168.juntadeandalucia.es\/iaap\/innovanda\/iniciativas_exitosas\/#breadcrumb"},"inLanguage":"es","potentialAction":[{"@type":"ReadAction","target":["https:\/\/ws168.juntadeandalucia.es\/iaap\/innovanda\/iniciativas_exitosas\/"]}]},{"@type":"BreadcrumbList","@id":"https:\/\/ws168.juntadeandalucia.es\/iaap\/innovanda\/iniciativas_exitosas\/#breadcrumb","itemListElement":[{"@type":"ListItem","position":1,"name":"Portada","item":"https:\/\/ws168.juntadeandalucia.es\/iaap\/innovanda\/"},{"@type":"ListItem","position":2,"name":"Iniciativas_exitosas"}]},{"@type":"WebSite","@id":"https:\/\/ws168.juntadeandalucia.es\/iaap\/innovanda\/#website","url":"https:\/\/ws168.juntadeandalucia.es\/iaap\/innovanda\/","name":"Innovanda","description":"Innovaci\u00f3n p\u00fablica de abajo arriba","potentialAction":[{"@type":"SearchAction","target":{"@type":"EntryPoint","urlTemplate":"https:\/\/ws168.juntadeandalucia.es\/iaap\/innovanda\/?s={search_term_string}"},"query-input":{"@type":"PropertyValueSpecification","valueRequired":true,"valueName":"search_term_string"}}],"inLanguage":"es"}]}},"jetpack_sharing_enabled":true,"_links":{"self":[{"href":"https:\/\/ws168.juntadeandalucia.es\/iaap\/innovanda\/wp-json\/wp\/v2\/pages\/263987","targetHints":{"allow":["GET"]}}],"collection":[{"href":"https:\/\/ws168.juntadeandalucia.es\/iaap\/innovanda\/wp-json\/wp\/v2\/pages"}],"about":[{"href":"https:\/\/ws168.juntadeandalucia.es\/iaap\/innovanda\/wp-json\/wp\/v2\/types\/page"}],"author":[{"embeddable":true,"href":"https:\/\/ws168.juntadeandalucia.es\/iaap\/innovanda\/wp-json\/wp\/v2\/users\/641"}],"replies":[{"embeddable":true,"href":"https:\/\/ws168.juntadeandalucia.es\/iaap\/innovanda\/wp-json\/wp\/v2\/comments?post=263987"}],"version-history":[{"count":14,"href":"https:\/\/ws168.juntadeandalucia.es\/iaap\/innovanda\/wp-json\/wp\/v2\/pages\/263987\/revisions"}],"predecessor-version":[{"id":268843,"href":"https:\/\/ws168.juntadeandalucia.es\/iaap\/innovanda\/wp-json\/wp\/v2\/pages\/263987\/revisions\/268843"}],"wp:attachment":[{"href":"https:\/\/ws168.juntadeandalucia.es\/iaap\/innovanda\/wp-json\/wp\/v2\/media?parent=263987"}],"curies":[{"name":"wp","href":"https:\/\/api.w.org\/{rel}","templated":true}]}}