{"id":268003,"date":"2024-01-11T10:29:53","date_gmt":"2024-01-11T08:29:53","guid":{"rendered":"https:\/\/ws168.juntadeandalucia.es\/iaap\/innovanda\/?page_id=268003"},"modified":"2024-10-31T10:24:08","modified_gmt":"2024-10-31T08:24:08","slug":"solo_miembros","status":"publish","type":"page","link":"https:\/\/ws168.juntadeandalucia.es\/iaap\/innovanda\/solo_miembros\/","title":{"rendered":"(Solo Miembros)"},"content":{"rendered":"Solo Miembros","protected":false},"excerpt":{"rendered":"<div class=\"members-access-error\">Lo siento, pero no tienes permiso para ver este contenido,<\/div>\n","protected":false},"author":1,"featured_media":0,"parent":0,"menu_order":0,"comment_status":"open","ping_status":"closed","template":"","meta":{"_et_pb_use_builder":"on","_et_pb_old_content":"<p>[et_pb_section fb_built=\"1\" admin_label=\"Secci\u00f3n\" _builder_version=\"4.18.0\" _module_preset=\"default\" global_colors_info=\"{}\"][et_pb_row _builder_version=\"4.17.4\" _module_preset=\"default\" height=\"468px\" max_height=\"266px\" custom_margin=\"0px||0px||true|false\" global_colors_info=\"{}\"][et_pb_column type=\"4_4\" _builder_version=\"4.18.0\" _module_preset=\"default\" global_colors_info=\"{}\"][et_pb_image title_text=\"image1 premios\" align=\"center\" _builder_version=\"4.23\" _module_preset=\"default\" transform_scale=\"106%|106%\" custom_margin=\"0px||40px||false|false\" hover_enabled=\"0\" global_colors_info=\"{}\" sticky_enabled=\"0\" src=\"https:\/\/ws168.juntadeandalucia.es\/iaap\/innovanda\/wp-content\/uploads\/sites\/27\/2023\/09\/image1-premios.png\"][\/et_pb_image][\/et_pb_column][\/et_pb_row][et_pb_row admin_label=\"Fila\" _builder_version=\"4.17.4\" _module_preset=\"default\" global_colors_info=\"{}\"][et_pb_column type=\"4_4\" _builder_version=\"4.18.0\" _module_preset=\"default\" global_colors_info=\"{}\"][et_pb_text _builder_version=\"4.18.0\" _module_preset=\"default\" global_colors_info=\"{}\"]Desde la <span style=\"color: #008000;\"><strong>Comunidad InnovAnda<\/strong><\/span> tenemos el compromiso de fomentar la innovaci\u00f3n y descubrir el talento innovador de los empleados y empleadas p\u00fablicas de la Junta de Andaluc\u00eda que impulsan, por su propia iniciativa y desde las bases de la organizaci\u00f3n, iniciativas que llevan aparejada una mejora de los servicios p\u00fablicos.<\/p><p>Si trabajas en la Junta de Andaluc\u00eda, con independencia de si tu puesto de trabajo est\u00e1 en una Delegaci\u00f3n, en los Servicios Centrales de un Consejer\u00eda, en una Agencia, y asimismo si perteneces a la Administraci\u00f3n General, Educativa o Sanitaria, sea cual sea tu puesto de trabajo, si te consideras una persona creativa e innovadora, que te enfocas en la mejora de los servicios p\u00fablicos desde tu propia perspectiva dentro de la organizaci\u00f3n y has desarrollado ideas o proyectos innovadores que, de forma creativa, aporten soluciones a los retos de la Administraci\u00f3n o a los problemas de la ciudadan\u00eda, nuevas o mejores formas de organizar el trabajo o impulsen la identidad, motivaci\u00f3n y empe\u00f1o de las personas empleadas p\u00fablicas, estos <span style=\"color: #008000;\"><strong>premios<\/strong><\/span> son para ti.<\/p><p>Por eso desde InnovAnda queremos premiar ese compromiso y talento que las personas como t\u00fa aportan como valor a\u00f1adido a su trabajo enriqueciendo nuestra sociedad, y por ello continuamos por un camino que iniciamos en el a\u00f1o 2020, con la convocatoria de la primera edici\u00f3n de los premios InnovAnda al talento innovador, que denominamos <span style=\"color: #008000;\"><strong>WINnovAnda<\/strong><\/span> y que continuamos ahora con esta segunda edici\u00f3n.<\/p><p>Las diferentes categor\u00edas puedes consultarlas en las:[\/et_pb_text][\/et_pb_column][\/et_pb_row][et_pb_row _builder_version=\"4.18.0\" _module_preset=\"default\" global_colors_info=\"{}\"][et_pb_column type=\"4_4\" _builder_version=\"4.18.0\" _module_preset=\"default\" global_colors_info=\"{}\"][et_pb_button button_url=\"https:\/\/ws086.juntadeandalucia.es\/iaap\/innovanda\/wp-content\/uploads\/sites\/27\/2022\/09\/BASES-CONVOCATORIA-PREMIOS-2022.pdf\" button_text=\"BASES DE LA CONVOCATORIA\" button_alignment=\"center\" _builder_version=\"4.17.4\" _module_preset=\"default\" global_colors_info=\"{}\"][\/et_pb_button][\/et_pb_column][\/et_pb_row][et_pb_row column_structure=\"1_2,1_2\" make_equal=\"on\" disabled_on=\"on|on|on\" _builder_version=\"4.18.0\" _module_preset=\"default\" custom_margin=\"40px||40px||true|false\" disabled=\"on\" global_colors_info=\"{}\"][et_pb_column type=\"1_2\" _builder_version=\"4.18.0\" _module_preset=\"default\" global_colors_info=\"{}\"][et_pb_button button_url=\"https:\/\/docs.google.com\/forms\/d\/e\/1FAIpQLSdmGVbIeEAu--vVUqwEeIV5jHJGqGM-tUAkulMIgZ8YQPKpIw\/viewform?usp=sf_link\" button_text=\"Categor\u00edas de proyectos e iniciativas innovadoras\" _builder_version=\"4.18.0\" _module_preset=\"default\" custom_button=\"on\" button_text_color=\"#FFFFFF\" button_bg_color=\"#40b94f\" button_border_width=\"0px\" button_border_radius=\"0px\" custom_padding=\"20px||20px||true|false\" box_shadow_style=\"preset2\" locked=\"off\" global_colors_info=\"{}\"][\/et_pb_button][\/et_pb_column][et_pb_column type=\"1_2\" _builder_version=\"4.18.0\" _module_preset=\"default\" global_colors_info=\"{}\"][et_pb_button button_url=\"https:\/\/docs.google.com\/forms\/d\/17VGBus5qOLBpmAA4foG1_QXQl_umV8Ey0fa6glJUYyQ\/edit\" button_text=\"Categor\u00edas de personas que acrediten una trayectoria innovadora en actividades de mejora de los servicios p\u00fablicos\" _builder_version=\"4.18.0\" _module_preset=\"default\" custom_button=\"on\" button_text_color=\"#FFFFFF\" button_bg_color=\"#40b94f\" button_border_width=\"0px\" button_border_radius=\"0px\" custom_padding=\"20px||20px||true|false\" box_shadow_style=\"preset2\" global_colors_info=\"{}\"][\/et_pb_button][\/et_pb_column][\/et_pb_row][\/et_pb_section]<\/p>","_et_gb_content_width":"","footnotes":""},"class_list":["post-268003","page","type-page","status-publish","hentry"],"yoast_head":"<!-- This site is optimized with the Yoast SEO plugin v27.4 - https:\/\/yoast.com\/product\/yoast-seo-wordpress\/ -->\n<title>(Solo Miembros) - Innovanda<\/title>\n<meta name=\"robots\" content=\"index, follow, max-snippet:-1, max-image-preview:large, max-video-preview:-1\" \/>\n<link rel=\"canonical\" href=\"https:\/\/ws168.juntadeandalucia.es\/iaap\/innovanda\/solo_miembros\/\" \/>\n<meta property=\"og:locale\" content=\"es_ES\" \/>\n<meta property=\"og:type\" content=\"article\" \/>\n<meta property=\"og:title\" content=\"(Solo Miembros) - Innovanda\" \/>\n<meta property=\"og:url\" content=\"https:\/\/ws168.juntadeandalucia.es\/iaap\/innovanda\/solo_miembros\/\" \/>\n<meta property=\"og:site_name\" content=\"Innovanda\" \/>\n<meta property=\"article:modified_time\" content=\"2024-10-31T08:24:08+00:00\" \/>\n<meta name=\"twitter:card\" content=\"summary_large_image\" \/>\n<meta name=\"twitter:label1\" content=\"Tiempo de lectura\" \/>\n\t<meta name=\"twitter:data1\" content=\"1 minuto\" \/>\n<script type=\"application\/ld+json\" class=\"yoast-schema-graph\">{\"@context\":\"https:\\\/\\\/schema.org\",\"@graph\":[{\"@type\":\"WebPage\",\"@id\":\"https:\\\/\\\/ws168.juntadeandalucia.es\\\/iaap\\\/innovanda\\\/solo_miembros\\\/\",\"url\":\"https:\\\/\\\/ws168.juntadeandalucia.es\\\/iaap\\\/innovanda\\\/solo_miembros\\\/\",\"name\":\"(Solo Miembros) - Innovanda\",\"isPartOf\":{\"@id\":\"https:\\\/\\\/ws168.juntadeandalucia.es\\\/iaap\\\/innovanda\\\/#website\"},\"datePublished\":\"2024-01-11T08:29:53+00:00\",\"dateModified\":\"2024-10-31T08:24:08+00:00\",\"breadcrumb\":{\"@id\":\"https:\\\/\\\/ws168.juntadeandalucia.es\\\/iaap\\\/innovanda\\\/solo_miembros\\\/#breadcrumb\"},\"inLanguage\":\"es\",\"potentialAction\":[{\"@type\":\"ReadAction\",\"target\":[\"https:\\\/\\\/ws168.juntadeandalucia.es\\\/iaap\\\/innovanda\\\/solo_miembros\\\/\"]}]},{\"@type\":\"BreadcrumbList\",\"@id\":\"https:\\\/\\\/ws168.juntadeandalucia.es\\\/iaap\\\/innovanda\\\/solo_miembros\\\/#breadcrumb\",\"itemListElement\":[{\"@type\":\"ListItem\",\"position\":1,\"name\":\"Portada\",\"item\":\"https:\\\/\\\/ws168.juntadeandalucia.es\\\/iaap\\\/innovanda\\\/\"},{\"@type\":\"ListItem\",\"position\":2,\"name\":\"(Solo Miembros)\"}]},{\"@type\":\"WebSite\",\"@id\":\"https:\\\/\\\/ws168.juntadeandalucia.es\\\/iaap\\\/innovanda\\\/#website\",\"url\":\"https:\\\/\\\/ws168.juntadeandalucia.es\\\/iaap\\\/innovanda\\\/\",\"name\":\"Innovanda\",\"description\":\"Innovaci\u00f3n p\u00fablica de abajo arriba\",\"potentialAction\":[{\"@type\":\"SearchAction\",\"target\":{\"@type\":\"EntryPoint\",\"urlTemplate\":\"https:\\\/\\\/ws168.juntadeandalucia.es\\\/iaap\\\/innovanda\\\/?s={search_term_string}\"},\"query-input\":{\"@type\":\"PropertyValueSpecification\",\"valueRequired\":true,\"valueName\":\"search_term_string\"}}],\"inLanguage\":\"es\"}]}<\/script>\n<!-- \/ Yoast SEO plugin. -->","yoast_head_json":{"title":"(Solo Miembros) - Innovanda","robots":{"index":"index","follow":"follow","max-snippet":"max-snippet:-1","max-image-preview":"max-image-preview:large","max-video-preview":"max-video-preview:-1"},"canonical":"https:\/\/ws168.juntadeandalucia.es\/iaap\/innovanda\/solo_miembros\/","og_locale":"es_ES","og_type":"article","og_title":"(Solo Miembros) - Innovanda","og_url":"https:\/\/ws168.juntadeandalucia.es\/iaap\/innovanda\/solo_miembros\/","og_site_name":"Innovanda","article_modified_time":"2024-10-31T08:24:08+00:00","twitter_card":"summary_large_image","twitter_misc":{"Tiempo de lectura":"1 minuto"},"schema":{"@context":"https:\/\/schema.org","@graph":[{"@type":"WebPage","@id":"https:\/\/ws168.juntadeandalucia.es\/iaap\/innovanda\/solo_miembros\/","url":"https:\/\/ws168.juntadeandalucia.es\/iaap\/innovanda\/solo_miembros\/","name":"(Solo Miembros) - Innovanda","isPartOf":{"@id":"https:\/\/ws168.juntadeandalucia.es\/iaap\/innovanda\/#website"},"datePublished":"2024-01-11T08:29:53+00:00","dateModified":"2024-10-31T08:24:08+00:00","breadcrumb":{"@id":"https:\/\/ws168.juntadeandalucia.es\/iaap\/innovanda\/solo_miembros\/#breadcrumb"},"inLanguage":"es","potentialAction":[{"@type":"ReadAction","target":["https:\/\/ws168.juntadeandalucia.es\/iaap\/innovanda\/solo_miembros\/"]}]},{"@type":"BreadcrumbList","@id":"https:\/\/ws168.juntadeandalucia.es\/iaap\/innovanda\/solo_miembros\/#breadcrumb","itemListElement":[{"@type":"ListItem","position":1,"name":"Portada","item":"https:\/\/ws168.juntadeandalucia.es\/iaap\/innovanda\/"},{"@type":"ListItem","position":2,"name":"(Solo Miembros)"}]},{"@type":"WebSite","@id":"https:\/\/ws168.juntadeandalucia.es\/iaap\/innovanda\/#website","url":"https:\/\/ws168.juntadeandalucia.es\/iaap\/innovanda\/","name":"Innovanda","description":"Innovaci\u00f3n p\u00fablica de abajo arriba","potentialAction":[{"@type":"SearchAction","target":{"@type":"EntryPoint","urlTemplate":"https:\/\/ws168.juntadeandalucia.es\/iaap\/innovanda\/?s={search_term_string}"},"query-input":{"@type":"PropertyValueSpecification","valueRequired":true,"valueName":"search_term_string"}}],"inLanguage":"es"}]}},"jetpack_sharing_enabled":true,"_links":{"self":[{"href":"https:\/\/ws168.juntadeandalucia.es\/iaap\/innovanda\/wp-json\/wp\/v2\/pages\/268003","targetHints":{"allow":["GET"]}}],"collection":[{"href":"https:\/\/ws168.juntadeandalucia.es\/iaap\/innovanda\/wp-json\/wp\/v2\/pages"}],"about":[{"href":"https:\/\/ws168.juntadeandalucia.es\/iaap\/innovanda\/wp-json\/wp\/v2\/types\/page"}],"author":[{"embeddable":true,"href":"https:\/\/ws168.juntadeandalucia.es\/iaap\/innovanda\/wp-json\/wp\/v2\/users\/1"}],"replies":[{"embeddable":true,"href":"https:\/\/ws168.juntadeandalucia.es\/iaap\/innovanda\/wp-json\/wp\/v2\/comments?post=268003"}],"version-history":[{"count":27,"href":"https:\/\/ws168.juntadeandalucia.es\/iaap\/innovanda\/wp-json\/wp\/v2\/pages\/268003\/revisions"}],"predecessor-version":[{"id":268493,"href":"https:\/\/ws168.juntadeandalucia.es\/iaap\/innovanda\/wp-json\/wp\/v2\/pages\/268003\/revisions\/268493"}],"wp:attachment":[{"href":"https:\/\/ws168.juntadeandalucia.es\/iaap\/innovanda\/wp-json\/wp\/v2\/media?parent=268003"}],"curies":[{"name":"wp","href":"https:\/\/api.w.org\/{rel}","templated":true}]}}