{"id":594,"date":"2023-11-14T13:43:44","date_gmt":"2023-11-14T11:43:44","guid":{"rendered":"https:\/\/ws086.juntadeandalucia.es\/iaap\/innovanda\/inicio\/"},"modified":"2024-02-19T19:12:43","modified_gmt":"2024-02-19T17:12:43","slug":"inicio","status":"publish","type":"page","link":"https:\/\/ws168.juntadeandalucia.es\/iaap\/innovanda\/inicio\/","title":{"rendered":"Inicio"},"content":{"rendered":"[et_pb_section fb_built=&#8221;1&#8243; admin_label=&#8221;Secci\u00f3n&#8221; _builder_version=&#8221;4.16&#8243; _module_preset=&#8221;default&#8221; custom_margin=&#8221;||||false|false&#8221; custom_margin_tablet=&#8221;||20px||false|false&#8221; custom_margin_phone=&#8221;||0px||false|false&#8221; custom_margin_last_edited=&#8221;on|desktop&#8221; bottom_divider_style=&#8221;wave&#8221; bottom_divider_color=&#8221;#131313&#8243; global_colors_info=&#8221;{}&#8221;][et_pb_row column_structure=&#8221;2_3,1_3&#8243; _builder_version=&#8221;4.16&#8243; _module_preset=&#8221;default&#8221; width_tablet=&#8221;&#8221; width_phone=&#8221;94%&#8221; width_last_edited=&#8221;on|phone&#8221; max_width_tablet=&#8221;&#8221; max_width_phone=&#8221;&#8221; max_width_last_edited=&#8221;on|phone&#8221; module_alignment=&#8221;center&#8221; custom_margin=&#8221;-20px||||false|false&#8221; custom_margin_tablet=&#8221;-20px||||false|false&#8221; custom_margin_phone=&#8221;0px||||false|false&#8221; custom_margin_last_edited=&#8221;on|phone&#8221; custom_padding=&#8221;||||false|false&#8221; hover_enabled=&#8221;0&#8243; global_colors_info=&#8221;{}&#8221; sticky_enabled=&#8221;0&#8243;][et_pb_column type=&#8221;2_3&#8243; _builder_version=&#8221;4.16&#8243; _module_preset=&#8221;default&#8221; global_colors_info=&#8221;{}&#8221;][et_pb_image src=&#8221;https:\/\/ws168.juntadeandalucia.es\/iaap\/innovanda\/wp-content\/uploads\/sites\/27\/2023\/11\/logoInnovanda-trans-923&#215;324-1.png&#8221; alt=&#8221;Logo InnovAnda&#8221; title_text=&#8221;logoInnovanda-trans-923&#215;324-1&#8243; show_bottom_space=&#8221;off&#8221; show_bottom_space_tablet=&#8221;off&#8221; show_bottom_space_phone=&#8221;off&#8221; show_bottom_space_last_edited=&#8221;on|phone&#8221; align_tablet=&#8221;&#8221; align_phone=&#8221;center&#8221; align_last_edited=&#8221;on|phone&#8221; disabled_on=&#8221;on|off|off&#8221; admin_label=&#8221;Logo InnovAnda en Grande&#8221; _builder_version=&#8221;4.24.1&#8243; _module_preset=&#8221;default&#8221; width=&#8221;90%&#8221; custom_margin=&#8221;50px||||false|false&#8221; custom_margin_tablet=&#8221;50px||||false|false&#8221; custom_margin_phone=&#8221;-30px||||false|false&#8221; custom_margin_last_edited=&#8221;on|desktop&#8221; hover_enabled=&#8221;0&#8243; global_colors_info=&#8221;{}&#8221; sticky_enabled=&#8221;0&#8243;][\/et_pb_image][\/et_pb_column][et_pb_column type=&#8221;1_3&#8243; _builder_version=&#8221;4.16&#8243; _module_preset=&#8221;default&#8221; global_colors_info=&#8221;{}&#8221;][et_pb_text content_phone=&#8221;<\/p>\n<p>Comunidad de personas <strong>innovadoras<\/strong> empleadas de la Administraci\u00f3n de la Junta de Andaluc\u00eda que <strong>conecta<\/strong>, da <strong>visibilidad<\/strong>, <strong>apoya<\/strong> e <strong>impulsa<\/strong> iniciativas <strong>innovadoras<\/strong> que mejoran el Servicio P\u00fablico en Andaluc\u00eda.<\/p>\n<p>&#8221; content_last_edited=&#8221;off|desktop&#8221; admin_label=&#8221;Breve explicacion de InnovAnda&#8221; _builder_version=&#8221;4.16&#8243; _module_preset=&#8221;default&#8221; text_font_size=&#8221;25px&#8221; text_line_height=&#8221;1.6em&#8221; height_tablet=&#8221;&#8221; height_phone=&#8221;&#8221; height_last_edited=&#8221;on|phone&#8221; max_height_tablet=&#8221;&#8221; max_height_phone=&#8221;190px&#8221; max_height_last_edited=&#8221;on|phone&#8221; custom_margin=&#8221;0px||50px||false|false&#8221; custom_margin_tablet=&#8221;0px||50px||false|false&#8221; custom_margin_phone=&#8221;-50px||30px||false|false&#8221; custom_margin_last_edited=&#8221;on|desktop&#8221; custom_padding=&#8221;||30px||false|false&#8221; text_font_size_tablet=&#8221;&#8221; text_font_size_phone=&#8221;15px&#8221; text_font_size_last_edited=&#8221;on|phone&#8221; overflow-y_tablet=&#8221;&#8221; overflow-y_phone=&#8221;scroll&#8221; overflow-y_last_edited=&#8221;on|phone&#8221; sticky_position_tablet=&#8221;&#8221; sticky_position_phone=&#8221;bottom&#8221; sticky_position_last_edited=&#8221;on|phone&#8221; sticky_limit_top_tablet=&#8221;&#8221; sticky_limit_top_phone=&#8221;row&#8221; sticky_limit_top_last_edited=&#8221;on|phone&#8221; global_colors_info=&#8221;{}&#8221;]\n<p style=\"text-align: left\">Comunidad de personas <strong>innovadoras<\/strong> empleadas de la Administraci\u00f3n de la Junta de Andaluc\u00eda que <span style=\"color: #49b94f\"><strong>conecta<\/strong><\/span>, da <strong>visibilidad<\/strong>, <span style=\"color: #49b94f\"><strong>apoya<\/strong><\/span> e <strong>impulsa<\/strong> iniciativas <span style=\"color: #49b94f\"><strong>innovadoras<\/strong><\/span> que mejoran el Servicio P\u00fablico en Andaluc\u00eda.<\/p>\n[\/et_pb_text][\/et_pb_column][\/et_pb_row][\/et_pb_section][et_pb_section fb_built=&#8221;1&#8243; _builder_version=&#8221;4.23&#8243; _module_preset=&#8221;default&#8221; background_image=&#8221;https:\/\/ws086.juntadeandalucia.es\/iaap\/innovanda\/wp-content\/uploads\/sites\/27\/2021\/12\/innomakers2.jpg&#8221; global_colors_info=&#8221;{}&#8221;][et_pb_row _builder_version=&#8221;4.23&#8243; _module_preset=&#8221;default&#8221; background_enable_image=&#8221;off&#8221; width_tablet=&#8221;&#8221; width_phone=&#8221;100%&#8221; width_last_edited=&#8221;on|phone&#8221; height=&#8221;450px&#8221; height_tablet=&#8221;450px&#8221; height_phone=&#8221;&#8221; height_last_edited=&#8221;on|phone&#8221; custom_margin_tablet=&#8221;&#8221; custom_margin_phone=&#8221;&#8221; custom_margin_last_edited=&#8221;on|phone&#8221; global_colors_info=&#8221;{}&#8221;][et_pb_column type=&#8221;4_4&#8243; _builder_version=&#8221;4.16&#8243; _module_preset=&#8221;default&#8221; global_colors_info=&#8221;{}&#8221;][et_pb_text admin_label=&#8221;Lema Innovacion publica de abajo arriba&#8221; _builder_version=&#8221;4.16&#8243; _module_preset=&#8221;default&#8221; header_text_align=&#8221;center&#8221; header_text_color=&#8221;#000000&#8243; header_font_size=&#8221;50px&#8221; background_color=&#8221;rgba(255,255,255,0.55)&#8221; width=&#8221;80%&#8221; width_tablet=&#8221;80%&#8221; width_phone=&#8221;100%&#8221; width_last_edited=&#8221;on|phone&#8221; module_alignment=&#8221;center&#8221; custom_margin=&#8221;155px||||false|false&#8221; custom_margin_tablet=&#8221;155px||||false|false&#8221; custom_margin_phone=&#8221;0px||||false|false&#8221; custom_margin_last_edited=&#8221;on|phone&#8221; header_font_size_tablet=&#8221;50px&#8221; header_font_size_phone=&#8221;30px&#8221; header_font_size_last_edited=&#8221;on|phone&#8221; global_colors_info=&#8221;{}&#8221;]\n<h1>Innovaci\u00f3n p\u00fablica de abajo arriba<\/h1>\n[\/et_pb_text][\/et_pb_column][\/et_pb_row][\/et_pb_section][et_pb_section fb_built=&#8221;1&#8243; _builder_version=&#8221;4.16&#8243; _module_preset=&#8221;default&#8221; global_colors_info=&#8221;{}&#8221;][et_pb_row column_structure=&#8221;1_2,1_2&#8243; _builder_version=&#8221;4.16&#8243; _module_preset=&#8221;default&#8221; width_tablet=&#8221;&#8221; width_phone=&#8221;96%&#8221; width_last_edited=&#8221;on|phone&#8221; global_colors_info=&#8221;{}&#8221;][et_pb_column type=&#8221;1_2&#8243; _builder_version=&#8221;4.16&#8243; _module_preset=&#8221;default&#8221; global_colors_info=&#8221;{}&#8221;][et_pb_video src=&#8221;https:\/\/ws086.juntadeandalucia.es\/iaap\/innovanda\/wp-content\/uploads\/sites\/27\/2022\/11\/Somos-InnovAnda.mp4&#8243; image_src=&#8221;https:\/\/ws086.juntadeandalucia.es\/iaap\/innovanda\/wp-content\/uploads\/sites\/27\/2021\/11\/Aula800x448.jpg&#8221; play_icon_color=&#8221;RGBA(255,255,255,0)&#8221; font_icon=&#8221;&#xe0a3;||divi||400&#8243; thumbnail_overlay_color=&#8221;RGBA(255,255,255,0)&#8221; admin_label=&#8221;Video presentacion InnovAnda&#8221; _builder_version=&#8221;4.18.0&#8243; _module_preset=&#8221;default&#8221; border_radii=&#8221;on|50px|50px|50px|50px&#8221; box_shadow_style=&#8221;preset3&#8243; global_colors_info=&#8221;{}&#8221;][\/et_pb_video][\/et_pb_column][et_pb_column type=&#8221;1_2&#8243; _builder_version=&#8221;4.16&#8243; _module_preset=&#8221;default&#8221; global_colors_info=&#8221;{}&#8221;][et_pb_text _builder_version=&#8221;4.16&#8243; _module_preset=&#8221;default&#8221; text_font_size=&#8221;30px&#8221; text_letter_spacing=&#8221;5px&#8221; text_line_height=&#8221;1.6em&#8221; custom_margin=&#8221;50px||60px||false|false&#8221; custom_margin_tablet=&#8221;50px||60px||false|false&#8221; custom_margin_phone=&#8221;0px||0px||false|false&#8221; custom_margin_last_edited=&#8221;on|phone&#8221; text_font_size_tablet=&#8221;30px&#8221; text_font_size_phone=&#8221;18px&#8221; text_font_size_last_edited=&#8221;on|phone&#8221; header_font_size_tablet=&#8221;&#8221; header_font_size_phone=&#8221;13px&#8221; header_font_size_last_edited=&#8221;on|phone&#8221; global_colors_info=&#8221;{}&#8221;]En este video te contamos brevemente que es <strong>Inn<span style=\"color: #40b94f\">o<\/span>v<\/strong>Anda.[\/et_pb_text][et_pb_button button_url=&#8221;@ET-DC@eyJkeW5hbWljIjp0cnVlLCJjb250ZW50IjoicG9zdF9saW5rX3VybF9wYWdlIiwic2V0dGluZ3MiOnsicG9zdF9pZCI6IjI1ODcyNyIsImVuYWJsZV9odG1sIjoib2ZmIn19@&#8221; button_text=&#8221;&#8230; y aqu\u00ed tambi\u00e9n&#8221; button_alignment=&#8221;center&#8221; admin_label=&#8221;Bot\u00f3n para saber m\u00e1s sobre InnovAnda&#8221; _builder_version=&#8221;4.16&#8243; _dynamic_attributes=&#8221;button_url&#8221; _module_preset=&#8221;default&#8221; custom_button=&#8221;on&#8221; button_text_size=&#8221;22px&#8221; button_text_color=&#8221;#FFFFFF&#8221; button_bg_color=&#8221;#40b94f&#8221; button_bg_use_color_gradient=&#8221;on&#8221; button_bg_color_gradient_direction=&#8221;360deg&#8221; button_bg_color_gradient_stops=&#8221;#40b94f 0%|#333333 100%&#8221; button_bg_color_gradient_start=&#8221;#40b94f&#8221; button_bg_color_gradient_end=&#8221;#333333&#8243; button_border_radius=&#8221;30px&#8221; button_letter_spacing=&#8221;4px&#8221; custom_margin=&#8221;||||false|false&#8221; custom_margin_tablet=&#8221;||||false|false&#8221; custom_margin_phone=&#8221;40px||||false|false&#8221; custom_margin_last_edited=&#8221;on|phone&#8221; custom_padding=&#8221;||||false|false&#8221; button_text_size_tablet=&#8221;22px&#8221; button_text_size_phone=&#8221;18px&#8221; button_text_size_last_edited=&#8221;on|phone&#8221; button_border_radius_tablet=&#8221;30px&#8221; button_border_radius_phone=&#8221;30px&#8221; button_border_radius_last_edited=&#8221;on|desktop&#8221; global_colors_info=&#8221;{}&#8221;][\/et_pb_button][\/et_pb_column][\/et_pb_row][\/et_pb_section][et_pb_section fb_built=&#8221;1&#8243; _builder_version=&#8221;4.17.4&#8243; _module_preset=&#8221;default&#8221; locked=&#8221;off&#8221; global_colors_info=&#8221;{}&#8221;][et_pb_row column_structure=&#8221;1_2,1_2&#8243; _builder_version=&#8221;4.17.4&#8243; _module_preset=&#8221;default&#8221; global_colors_info=&#8221;{}&#8221;][et_pb_column type=&#8221;1_2&#8243; _builder_version=&#8221;4.17.4&#8243; _module_preset=&#8221;default&#8221; global_colors_info=&#8221;{}&#8221;][et_pb_text _builder_version=&#8221;4.17.4&#8243; _module_preset=&#8221;default&#8221; global_colors_info=&#8221;{}&#8221;]\n<h2><strong>\u00bfTienes alguna idea que pueda convertirse en oportunidad de mejora en la administraci\u00f3n de la Junta de Andaluc\u00eda?<\/strong><\/h2>\n<h3><strong>\u00a1Presenta tu iniciativa en nuestro buz\u00f3n!<\/strong><\/h3>\n[\/et_pb_text][\/et_pb_column][et_pb_column type=&#8221;1_2&#8243; _builder_version=&#8221;4.17.4&#8243; _module_preset=&#8221;default&#8221; global_colors_info=&#8221;{}&#8221;][et_pb_image src=&#8221;https:\/\/ws086.juntadeandalucia.es\/iaap\/innovanda\/wp-content\/uploads\/sites\/27\/2022\/09\/Buzon.gif&#8221; title_text=&#8221;Buzon&#8221; url=&#8221;https:\/\/ec.europa.eu\/eusurvey\/runner\/innovanda-buzon&#8221; _builder_version=&#8221;4.17.4&#8243; _module_preset=&#8221;default&#8221; global_colors_info=&#8221;{}&#8221;][\/et_pb_image][\/et_pb_column][\/et_pb_row][\/et_pb_section][et_pb_section fb_built=&#8221;1&#8243; _builder_version=&#8221;4.16&#8243; _module_preset=&#8221;default&#8221; background_color=&#8221;#333333&#8243; use_background_color_gradient=&#8221;on&#8221; background_color_gradient_direction=&#8221;1deg&#8221; background_color_gradient_stops=&#8221;#40b94f 0%|#555555 100%&#8221; background_color_gradient_start=&#8221;#40b94f&#8221; background_color_gradient_end=&#8221;#555555&#8243; top_divider_repeat=&#8221;1x&#8221; global_colors_info=&#8221;{}&#8221;][et_pb_row column_structure=&#8221;2_3,1_3&#8243; _builder_version=&#8221;4.16&#8243; _module_preset=&#8221;default&#8221; width_tablet=&#8221;&#8221; width_phone=&#8221;96%&#8221; width_last_edited=&#8221;on|phone&#8221; custom_margin=&#8221;||||false|false&#8221; custom_margin_tablet=&#8221;&#8221; custom_margin_phone=&#8221;&#8221; custom_margin_last_edited=&#8221;on|desktop&#8221; custom_padding=&#8221;||0px||false|false&#8221; global_colors_info=&#8221;{}&#8221;][et_pb_column type=&#8221;2_3&#8243; _builder_version=&#8221;4.16&#8243; _module_preset=&#8221;default&#8221; global_colors_info=&#8221;{}&#8221;][et_pb_blog posts_number=&#8221;1&#8243; include_categories=&#8221;4&#8243; meta_date=&#8221;d\/m\/y&#8221; excerpt_length=&#8221;120&#8243; show_author=&#8221;off&#8221; show_categories=&#8221;off&#8221; show_pagination=&#8221;off&#8221; admin_label=&#8221;Ultimas noticias&#8221; _builder_version=&#8221;4.16&#8243; _module_preset=&#8221;default&#8221; background_color=&#8221;#FFFFFF&#8221; custom_margin=&#8221;||0px||false|false&#8221; custom_margin_tablet=&#8221;-27px||0px||false|false&#8221; custom_margin_phone=&#8221;-27px||0px||false|false&#8221; custom_margin_last_edited=&#8221;on|desktop&#8221; custom_padding=&#8221;20px|20px|5px|20px|false|true&#8221; border_width_all=&#8221;0px&#8221; border_radii_fullwidth=&#8221;on|5px|5px|5px|5px&#8221; box_shadow_style=&#8221;preset3&#8243; global_colors_info=&#8221;{}&#8221;][\/et_pb_blog][\/et_pb_column][et_pb_column type=&#8221;1_3&#8243; _builder_version=&#8221;4.16&#8243; _module_preset=&#8221;default&#8221; global_colors_info=&#8221;{}&#8221;][et_pb_code admin_label=&#8221;Inserci\u00f3n de Twitter&#8221; _builder_version=&#8221;4.23&#8243; _module_preset=&#8221;default&#8221; custom_margin=&#8221;||||false|false&#8221; global_colors_info=&#8221;{}&#8221;]<a class=\"twitter-timeline\" href=\"https:\/\/twitter.com\/InnovAnda21?ref_src=twsrc%5Etfw\" data-width=\"410\" data-height=\"620\">Tweets by InnovAnda21<\/a> [\/et_pb_code][\/et_pb_column][\/et_pb_row][\/et_pb_section]\n","protected":false},"excerpt":{"rendered":"<p>Comunidad de personas innovadoras empleadas de la Administraci\u00f3n de la Junta de Andaluc\u00eda que conecta, da visibilidad, apoya e impulsa iniciativas innovadoras que mejoran el Servicio P\u00fablico en Andaluc\u00eda.Innovaci\u00f3n p\u00fablica de abajo arribaEn este video te contamos brevemente que es InnovAnda.\u00bfTienes alguna idea que pueda convertirse en oportunidad de mejora en la administraci\u00f3n de la [&hellip;]<\/p>\n","protected":false},"author":1,"featured_media":0,"parent":0,"menu_order":0,"comment_status":"open","ping_status":"open","template":"","meta":{"_et_pb_use_builder":"on","_et_pb_old_content":"","_et_gb_content_width":"","footnotes":""},"class_list":["post-594","page","type-page","status-publish","hentry"],"yoast_head":"<!-- This site is optimized with the Yoast SEO plugin v27.3 - https:\/\/yoast.com\/product\/yoast-seo-wordpress\/ -->\n<title>Inicio - Innovanda<\/title>\n<meta name=\"robots\" content=\"index, follow, max-snippet:-1, max-image-preview:large, max-video-preview:-1\" \/>\n<link rel=\"canonical\" href=\"https:\/\/ws168.juntadeandalucia.es\/iaap\/innovanda\/inicio\/\" \/>\n<meta property=\"og:locale\" content=\"es_ES\" \/>\n<meta property=\"og:type\" content=\"article\" \/>\n<meta property=\"og:title\" content=\"Inicio - Innovanda\" \/>\n<meta property=\"og:description\" content=\"Comunidad de personas innovadoras empleadas de la Administraci\u00f3n de la Junta de Andaluc\u00eda que conecta, da visibilidad, apoya e impulsa iniciativas innovadoras que mejoran el Servicio P\u00fablico en Andaluc\u00eda.Innovaci\u00f3n p\u00fablica de abajo arribaEn este video te contamos brevemente que es InnovAnda.\u00bfTienes alguna idea que pueda convertirse en oportunidad de mejora en la administraci\u00f3n de la [&hellip;]\" \/>\n<meta property=\"og:url\" content=\"https:\/\/ws168.juntadeandalucia.es\/iaap\/innovanda\/inicio\/\" \/>\n<meta property=\"og:site_name\" content=\"Innovanda\" \/>\n<meta property=\"article:modified_time\" content=\"2024-02-19T17:12:43+00:00\" \/>\n<meta name=\"twitter:card\" content=\"summary_large_image\" \/>\n<meta name=\"twitter:label1\" content=\"Tiempo de lectura\" \/>\n\t<meta name=\"twitter:data1\" content=\"2 minutos\" \/>\n<script type=\"application\/ld+json\" class=\"yoast-schema-graph\">{\"@context\":\"https:\\\/\\\/schema.org\",\"@graph\":[{\"@type\":\"WebPage\",\"@id\":\"https:\\\/\\\/ws168.juntadeandalucia.es\\\/iaap\\\/innovanda\\\/inicio\\\/\",\"url\":\"https:\\\/\\\/ws168.juntadeandalucia.es\\\/iaap\\\/innovanda\\\/inicio\\\/\",\"name\":\"Inicio - Innovanda\",\"isPartOf\":{\"@id\":\"https:\\\/\\\/ws168.juntadeandalucia.es\\\/iaap\\\/innovanda\\\/#website\"},\"datePublished\":\"2023-11-14T11:43:44+00:00\",\"dateModified\":\"2024-02-19T17:12:43+00:00\",\"breadcrumb\":{\"@id\":\"https:\\\/\\\/ws168.juntadeandalucia.es\\\/iaap\\\/innovanda\\\/inicio\\\/#breadcrumb\"},\"inLanguage\":\"es\",\"potentialAction\":[{\"@type\":\"ReadAction\",\"target\":[\"https:\\\/\\\/ws168.juntadeandalucia.es\\\/iaap\\\/innovanda\\\/inicio\\\/\"]}]},{\"@type\":\"BreadcrumbList\",\"@id\":\"https:\\\/\\\/ws168.juntadeandalucia.es\\\/iaap\\\/innovanda\\\/inicio\\\/#breadcrumb\",\"itemListElement\":[{\"@type\":\"ListItem\",\"position\":1,\"name\":\"Portada\",\"item\":\"https:\\\/\\\/ws168.juntadeandalucia.es\\\/iaap\\\/innovanda\\\/\"},{\"@type\":\"ListItem\",\"position\":2,\"name\":\"Inicio\"}]},{\"@type\":\"WebSite\",\"@id\":\"https:\\\/\\\/ws168.juntadeandalucia.es\\\/iaap\\\/innovanda\\\/#website\",\"url\":\"https:\\\/\\\/ws168.juntadeandalucia.es\\\/iaap\\\/innovanda\\\/\",\"name\":\"Innovanda\",\"description\":\"Innovaci\u00f3n p\u00fablica de abajo arriba\",\"potentialAction\":[{\"@type\":\"SearchAction\",\"target\":{\"@type\":\"EntryPoint\",\"urlTemplate\":\"https:\\\/\\\/ws168.juntadeandalucia.es\\\/iaap\\\/innovanda\\\/?s={search_term_string}\"},\"query-input\":{\"@type\":\"PropertyValueSpecification\",\"valueRequired\":true,\"valueName\":\"search_term_string\"}}],\"inLanguage\":\"es\"}]}<\/script>\n<!-- \/ Yoast SEO plugin. -->","yoast_head_json":{"title":"Inicio - Innovanda","robots":{"index":"index","follow":"follow","max-snippet":"max-snippet:-1","max-image-preview":"max-image-preview:large","max-video-preview":"max-video-preview:-1"},"canonical":"https:\/\/ws168.juntadeandalucia.es\/iaap\/innovanda\/inicio\/","og_locale":"es_ES","og_type":"article","og_title":"Inicio - Innovanda","og_description":"Comunidad de personas innovadoras empleadas de la Administraci\u00f3n de la Junta de Andaluc\u00eda que conecta, da visibilidad, apoya e impulsa iniciativas innovadoras que mejoran el Servicio P\u00fablico en Andaluc\u00eda.Innovaci\u00f3n p\u00fablica de abajo arribaEn este video te contamos brevemente que es InnovAnda.\u00bfTienes alguna idea que pueda convertirse en oportunidad de mejora en la administraci\u00f3n de la [&hellip;]","og_url":"https:\/\/ws168.juntadeandalucia.es\/iaap\/innovanda\/inicio\/","og_site_name":"Innovanda","article_modified_time":"2024-02-19T17:12:43+00:00","twitter_card":"summary_large_image","twitter_misc":{"Tiempo de lectura":"2 minutos"},"schema":{"@context":"https:\/\/schema.org","@graph":[{"@type":"WebPage","@id":"https:\/\/ws168.juntadeandalucia.es\/iaap\/innovanda\/inicio\/","url":"https:\/\/ws168.juntadeandalucia.es\/iaap\/innovanda\/inicio\/","name":"Inicio - Innovanda","isPartOf":{"@id":"https:\/\/ws168.juntadeandalucia.es\/iaap\/innovanda\/#website"},"datePublished":"2023-11-14T11:43:44+00:00","dateModified":"2024-02-19T17:12:43+00:00","breadcrumb":{"@id":"https:\/\/ws168.juntadeandalucia.es\/iaap\/innovanda\/inicio\/#breadcrumb"},"inLanguage":"es","potentialAction":[{"@type":"ReadAction","target":["https:\/\/ws168.juntadeandalucia.es\/iaap\/innovanda\/inicio\/"]}]},{"@type":"BreadcrumbList","@id":"https:\/\/ws168.juntadeandalucia.es\/iaap\/innovanda\/inicio\/#breadcrumb","itemListElement":[{"@type":"ListItem","position":1,"name":"Portada","item":"https:\/\/ws168.juntadeandalucia.es\/iaap\/innovanda\/"},{"@type":"ListItem","position":2,"name":"Inicio"}]},{"@type":"WebSite","@id":"https:\/\/ws168.juntadeandalucia.es\/iaap\/innovanda\/#website","url":"https:\/\/ws168.juntadeandalucia.es\/iaap\/innovanda\/","name":"Innovanda","description":"Innovaci\u00f3n p\u00fablica de abajo arriba","potentialAction":[{"@type":"SearchAction","target":{"@type":"EntryPoint","urlTemplate":"https:\/\/ws168.juntadeandalucia.es\/iaap\/innovanda\/?s={search_term_string}"},"query-input":{"@type":"PropertyValueSpecification","valueRequired":true,"valueName":"search_term_string"}}],"inLanguage":"es"}]}},"jetpack_sharing_enabled":true,"_links":{"self":[{"href":"https:\/\/ws168.juntadeandalucia.es\/iaap\/innovanda\/wp-json\/wp\/v2\/pages\/594","targetHints":{"allow":["GET"]}}],"collection":[{"href":"https:\/\/ws168.juntadeandalucia.es\/iaap\/innovanda\/wp-json\/wp\/v2\/pages"}],"about":[{"href":"https:\/\/ws168.juntadeandalucia.es\/iaap\/innovanda\/wp-json\/wp\/v2\/types\/page"}],"author":[{"embeddable":true,"href":"https:\/\/ws168.juntadeandalucia.es\/iaap\/innovanda\/wp-json\/wp\/v2\/users\/1"}],"replies":[{"embeddable":true,"href":"https:\/\/ws168.juntadeandalucia.es\/iaap\/innovanda\/wp-json\/wp\/v2\/comments?post=594"}],"version-history":[{"count":3,"href":"https:\/\/ws168.juntadeandalucia.es\/iaap\/innovanda\/wp-json\/wp\/v2\/pages\/594\/revisions"}],"predecessor-version":[{"id":268078,"href":"https:\/\/ws168.juntadeandalucia.es\/iaap\/innovanda\/wp-json\/wp\/v2\/pages\/594\/revisions\/268078"}],"wp:attachment":[{"href":"https:\/\/ws168.juntadeandalucia.es\/iaap\/innovanda\/wp-json\/wp\/v2\/media?parent=594"}],"curies":[{"name":"wp","href":"https:\/\/api.w.org\/{rel}","templated":true}]}}