{"id":603,"date":"2023-11-14T13:43:44","date_gmt":"2023-11-14T11:43:44","guid":{"rendered":"https:\/\/ws086.juntadeandalucia.es\/iaap\/innovanda\/premios\/"},"modified":"2023-12-15T14:20:51","modified_gmt":"2023-12-15T12:20:51","slug":"premios","status":"publish","type":"page","link":"https:\/\/ws168.juntadeandalucia.es\/iaap\/innovanda\/premios\/","title":{"rendered":"Premios"},"content":{"rendered":"[et_pb_section fb_built=&#8221;1&#8243; admin_label=&#8221;Secci\u00f3n&#8221; _builder_version=&#8221;4.18.0&#8243; _module_preset=&#8221;default&#8221; global_colors_info=&#8221;{}&#8221;][et_pb_row _builder_version=&#8221;4.17.4&#8243; _module_preset=&#8221;default&#8221; height=&#8221;468px&#8221; max_height=&#8221;266px&#8221; custom_margin=&#8221;0px||0px||true|false&#8221; global_colors_info=&#8221;{}&#8221;][et_pb_column type=&#8221;4_4&#8243; _builder_version=&#8221;4.18.0&#8243; _module_preset=&#8221;default&#8221; global_colors_info=&#8221;{}&#8221;][et_pb_image title_text=&#8221;image1 premios&#8221; align=&#8221;center&#8221; _builder_version=&#8221;4.23&#8243; _module_preset=&#8221;default&#8221; transform_scale=&#8221;106%|106%&#8221; custom_margin=&#8221;0px||40px||false|false&#8221; hover_enabled=&#8221;0&#8243; global_colors_info=&#8221;{}&#8221; sticky_enabled=&#8221;0&#8243; src=&#8221;https:\/\/ws168.juntadeandalucia.es\/iaap\/innovanda\/wp-content\/uploads\/sites\/27\/2023\/09\/image1-premios.png&#8221;][\/et_pb_image][\/et_pb_column][\/et_pb_row][et_pb_row admin_label=&#8221;Fila&#8221; _builder_version=&#8221;4.17.4&#8243; _module_preset=&#8221;default&#8221; global_colors_info=&#8221;{}&#8221;][et_pb_column type=&#8221;4_4&#8243; _builder_version=&#8221;4.18.0&#8243; _module_preset=&#8221;default&#8221; global_colors_info=&#8221;{}&#8221;][et_pb_text _builder_version=&#8221;4.18.0&#8243; _module_preset=&#8221;default&#8221; global_colors_info=&#8221;{}&#8221;]Desde la <span style=\"color: #008000\"><strong>Comunidad InnovAnda<\/strong><\/span> tenemos el compromiso de fomentar la innovaci\u00f3n y descubrir el talento innovador de los empleados y empleadas p\u00fablicas de la Junta de Andaluc\u00eda que impulsan, por su propia iniciativa y desde las bases de la organizaci\u00f3n, iniciativas que llevan aparejada una mejora de los servicios p\u00fablicos.<\/p>\n<p>Si trabajas en la Junta de Andaluc\u00eda, con independencia de si tu puesto de trabajo est\u00e1 en una Delegaci\u00f3n, en los Servicios Centrales de un Consejer\u00eda, en una Agencia, y asimismo si perteneces a la Administraci\u00f3n General, Educativa o Sanitaria, sea cual sea tu puesto de trabajo, si te consideras una persona creativa e innovadora, que te enfocas en la mejora de los servicios p\u00fablicos desde tu propia perspectiva dentro de la organizaci\u00f3n y has desarrollado ideas o proyectos innovadores que, de forma creativa, aporten soluciones a los retos de la Administraci\u00f3n o a los problemas de la ciudadan\u00eda, nuevas o mejores formas de organizar el trabajo o impulsen la identidad, motivaci\u00f3n y empe\u00f1o de las personas empleadas p\u00fablicas, estos <span style=\"color: #008000\"><strong>premios<\/strong><\/span> son para ti.<\/p>\n<p>Por eso desde InnovAnda queremos premiar ese compromiso y talento que las personas como t\u00fa aportan como valor a\u00f1adido a su trabajo enriqueciendo nuestra sociedad, y por ello continuamos por un camino que iniciamos en el a\u00f1o 2020, con la convocatoria de la primera edici\u00f3n de los premios InnovAnda al talento innovador, que denominamos <span style=\"color: #008000\"><strong>WINnovAnda<\/strong><\/span> y que continuamos ahora con esta segunda edici\u00f3n.<\/p>\n<p>Las diferentes categor\u00edas puedes consultarlas en las:[\/et_pb_text][\/et_pb_column][\/et_pb_row][et_pb_row _builder_version=&#8221;4.18.0&#8243; _module_preset=&#8221;default&#8221; global_colors_info=&#8221;{}&#8221;][et_pb_column type=&#8221;4_4&#8243; _builder_version=&#8221;4.18.0&#8243; _module_preset=&#8221;default&#8221; global_colors_info=&#8221;{}&#8221;][et_pb_button button_url=&#8221;https:\/\/ws086.juntadeandalucia.es\/iaap\/innovanda\/wp-content\/uploads\/sites\/27\/2022\/09\/BASES-CONVOCATORIA-PREMIOS-2022.pdf&#8221; button_text=&#8221;BASES DE LA CONVOCATORIA&#8221; button_alignment=&#8221;center&#8221; _builder_version=&#8221;4.17.4&#8243; _module_preset=&#8221;default&#8221; global_colors_info=&#8221;{}&#8221;][\/et_pb_button][\/et_pb_column][\/et_pb_row][et_pb_row column_structure=&#8221;1_2,1_2&#8243; make_equal=&#8221;on&#8221; disabled_on=&#8221;on|on|on&#8221; _builder_version=&#8221;4.18.0&#8243; _module_preset=&#8221;default&#8221; custom_margin=&#8221;40px||40px||true|false&#8221; disabled=&#8221;on&#8221; global_colors_info=&#8221;{}&#8221;][et_pb_column type=&#8221;1_2&#8243; _builder_version=&#8221;4.18.0&#8243; _module_preset=&#8221;default&#8221; global_colors_info=&#8221;{}&#8221;][et_pb_button button_url=&#8221;https:\/\/docs.google.com\/forms\/d\/e\/1FAIpQLSdmGVbIeEAu&#8211;vVUqwEeIV5jHJGqGM-tUAkulMIgZ8YQPKpIw\/viewform?usp=sf_link&#8221; button_text=&#8221;Categor\u00edas de proyectos e iniciativas innovadoras&#8221; _builder_version=&#8221;4.18.0&#8243; _module_preset=&#8221;default&#8221; custom_button=&#8221;on&#8221; button_text_color=&#8221;#FFFFFF&#8221; button_bg_color=&#8221;#40b94f&#8221; button_border_width=&#8221;0px&#8221; button_border_radius=&#8221;0px&#8221; custom_padding=&#8221;20px||20px||true|false&#8221; box_shadow_style=&#8221;preset2&#8243; locked=&#8221;off&#8221; global_colors_info=&#8221;{}&#8221;][\/et_pb_button][\/et_pb_column][et_pb_column type=&#8221;1_2&#8243; _builder_version=&#8221;4.18.0&#8243; _module_preset=&#8221;default&#8221; global_colors_info=&#8221;{}&#8221;][et_pb_button button_url=&#8221;https:\/\/docs.google.com\/forms\/d\/17VGBus5qOLBpmAA4foG1_QXQl_umV8Ey0fa6glJUYyQ\/edit&#8221; button_text=&#8221;Categor\u00edas de personas que acrediten una trayectoria innovadora en actividades de mejora de los servicios p\u00fablicos&#8221; _builder_version=&#8221;4.18.0&#8243; _module_preset=&#8221;default&#8221; custom_button=&#8221;on&#8221; button_text_color=&#8221;#FFFFFF&#8221; button_bg_color=&#8221;#40b94f&#8221; button_border_width=&#8221;0px&#8221; button_border_radius=&#8221;0px&#8221; custom_padding=&#8221;20px||20px||true|false&#8221; box_shadow_style=&#8221;preset2&#8243; global_colors_info=&#8221;{}&#8221;][\/et_pb_button][\/et_pb_column][\/et_pb_row][\/et_pb_section]\n","protected":false},"excerpt":{"rendered":"<p>Desde la Comunidad InnovAnda tenemos el compromiso de fomentar la innovaci\u00f3n y descubrir el talento innovador de los empleados y empleadas p\u00fablicas de la Junta de Andaluc\u00eda que impulsan, por su propia iniciativa y desde las bases de la organizaci\u00f3n, iniciativas que llevan aparejada una mejora de los servicios p\u00fablicos. Si trabajas en la Junta [&hellip;]<\/p>\n","protected":false},"author":1,"featured_media":0,"parent":0,"menu_order":0,"comment_status":"open","ping_status":"open","template":"","meta":{"_et_pb_use_builder":"on","_et_pb_old_content":"<p>[et_pb_section fb_built=\"1\" admin_label=\"Secci\u00f3n\" _builder_version=\"4.18.0\" _module_preset=\"default\" global_colors_info=\"{}\"][et_pb_row _builder_version=\"4.17.4\" _module_preset=\"default\" height=\"468px\" max_height=\"266px\" custom_margin=\"0px||0px||true|false\" global_colors_info=\"{}\"][et_pb_column type=\"4_4\" _builder_version=\"4.18.0\" _module_preset=\"default\" global_colors_info=\"{}\"][et_pb_image src=\"https:\/\/innovanda.pizcos.es\/wp-content\/uploads\/2022\/10\/2022-Baner-Premios-Innovanda.jpg\" title_text=\"2022 Baner Premios Innovanda\" align=\"center\" _builder_version=\"4.17.4\" _module_preset=\"default\" transform_scale=\"106%|106%\" custom_margin=\"0px||40px||false|false\" global_colors_info=\"{}\"][\/et_pb_image][\/et_pb_column][\/et_pb_row][et_pb_row admin_label=\"Fila\" _builder_version=\"4.17.4\" _module_preset=\"default\" global_colors_info=\"{}\"][et_pb_column type=\"4_4\" _builder_version=\"4.18.0\" _module_preset=\"default\" global_colors_info=\"{}\"][et_pb_text _builder_version=\"4.18.0\" _module_preset=\"default\" global_colors_info=\"{}\"]<\/p><p>Desde la <span style=\"color: #008000;\"><strong>Comunidad InnovAnda<\/strong><\/span> tenemos el compromiso de fomentar la innovaci\u00f3n y descubrir el talento innovador de los empleados y empleadas p\u00fablicas de la Junta de Andaluc\u00eda que impulsan, por su propia iniciativa y desde las bases de la organizaci\u00f3n, iniciativas que llevan aparejada una mejora de los servicios p\u00fablicos.<\/p><p>Si trabajas en la Junta de Andaluc\u00eda, con independencia de si tu puesto de trabajo est\u00e1 en una Delegaci\u00f3n, en los Servicios Centrales de un Consejer\u00eda, en una Agencia, y asimismo si perteneces a la Administraci\u00f3n General, Educativa o Sanitaria, sea cual sea tu puesto de trabajo, si te consideras una persona creativa e innovadora, que te enfocas en la mejora de los servicios p\u00fablicos desde tu propia perspectiva dentro de la organizaci\u00f3n y has desarrollado ideas o proyectos innovadores que, de forma creativa, aporten soluciones a los retos de la Administraci\u00f3n o a los problemas de la ciudadan\u00eda, nuevas o mejores formas de organizar el trabajo o impulsen la identidad, motivaci\u00f3n y empe\u00f1o de las personas empleadas p\u00fablicas, estos <span style=\"color: #008000;\"><strong>premios<\/strong><\/span> son para ti.<\/p><p>Por eso desde InnovAnda queremos premiar ese compromiso y talento que las personas como t\u00fa aportan como valor a\u00f1adido a su trabajo enriqueciendo nuestra sociedad, y por ello continuamos por un camino que iniciamos en el a\u00f1o 2020, con la convocatoria de la primera edici\u00f3n de los premios InnovAnda al talento innovador, que denominamos <span style=\"color: #008000;\"><strong>WINnovAnda<\/strong><\/span> y que continuamos ahora con esta segunda edici\u00f3n.<\/p><p>Las diferentes categor\u00edas puedes consultarlas en las:<\/p><p>[\/et_pb_text][\/et_pb_column][\/et_pb_row][et_pb_row _builder_version=\"4.18.0\" _module_preset=\"default\" global_colors_info=\"{}\"][et_pb_column type=\"4_4\" _builder_version=\"4.18.0\" _module_preset=\"default\" global_colors_info=\"{}\"][et_pb_button button_url=\"https:\/\/ws086.juntadeandalucia.es\/iaap\/innovanda\/wp-content\/uploads\/sites\/27\/2022\/09\/BASES-CONVOCATORIA-PREMIOS-2022.pdf\" button_text=\"BASES DE LA CONVOCATORIA\" button_alignment=\"center\" _builder_version=\"4.17.4\" _module_preset=\"default\" global_colors_info=\"{}\"][\/et_pb_button][\/et_pb_column][\/et_pb_row][et_pb_row column_structure=\"1_2,1_2\" make_equal=\"on\" _builder_version=\"4.18.0\" _module_preset=\"default\" custom_margin=\"40px||40px||true|false\" global_colors_info=\"{}\"][et_pb_column type=\"1_2\" _builder_version=\"4.18.0\" _module_preset=\"default\" global_colors_info=\"{}\"][et_pb_button button_url=\"https:\/\/docs.google.com\/forms\/d\/e\/1FAIpQLSdmGVbIeEAu--vVUqwEeIV5jHJGqGM-tUAkulMIgZ8YQPKpIw\/viewform?usp=sf_link\" button_text=\"Categor\u00edas de proyectos e iniciativas innovadoras\" _builder_version=\"4.18.0\" _module_preset=\"default\" custom_button=\"on\" button_text_color=\"#FFFFFF\" button_bg_color=\"#40b94f\" button_border_width=\"0px\" button_border_radius=\"0px\" custom_padding=\"20px||20px||true|false\" box_shadow_style=\"preset2\" global_colors_info=\"{}\"][\/et_pb_button][\/et_pb_column][et_pb_column type=\"1_2\" _builder_version=\"4.18.0\" _module_preset=\"default\" global_colors_info=\"{}\"][et_pb_button button_url=\"https:\/\/docs.google.com\/forms\/d\/17VGBus5qOLBpmAA4foG1_QXQl_umV8Ey0fa6glJUYyQ\/edit\" button_text=\"Categor\u00edas de personas que acrediten una trayectoria innovadora en actividades de mejora de los servicios p\u00fablicos\" _builder_version=\"4.18.0\" _module_preset=\"default\" custom_button=\"on\" button_text_color=\"#FFFFFF\" button_bg_color=\"#40b94f\" button_border_width=\"0px\" button_border_radius=\"0px\" custom_padding=\"20px||20px||true|false\" box_shadow_style=\"preset2\" global_colors_info=\"{}\"][\/et_pb_button][\/et_pb_column][\/et_pb_row][\/et_pb_section]<\/p>","_et_gb_content_width":"","footnotes":""},"class_list":["post-603","page","type-page","status-publish","hentry"],"yoast_head":"<!-- This site is optimized with the Yoast SEO plugin v27.1.1 - https:\/\/yoast.com\/product\/yoast-seo-wordpress\/ -->\n<title>Premios - Innovanda<\/title>\n<meta name=\"robots\" content=\"index, follow, max-snippet:-1, max-image-preview:large, max-video-preview:-1\" \/>\n<link rel=\"canonical\" href=\"https:\/\/ws168.juntadeandalucia.es\/iaap\/innovanda\/premios\/\" \/>\n<meta property=\"og:locale\" content=\"es_ES\" \/>\n<meta property=\"og:type\" content=\"article\" \/>\n<meta property=\"og:title\" content=\"Premios - Innovanda\" \/>\n<meta property=\"og:description\" content=\"Desde la Comunidad InnovAnda tenemos el compromiso de fomentar la innovaci\u00f3n y descubrir el talento innovador de los empleados y empleadas p\u00fablicas de la Junta de Andaluc\u00eda que impulsan, por su propia iniciativa y desde las bases de la organizaci\u00f3n, iniciativas que llevan aparejada una mejora de los servicios p\u00fablicos. Si trabajas en la Junta [&hellip;]\" \/>\n<meta property=\"og:url\" content=\"https:\/\/ws168.juntadeandalucia.es\/iaap\/innovanda\/premios\/\" \/>\n<meta property=\"og:site_name\" content=\"Innovanda\" \/>\n<meta property=\"article:modified_time\" content=\"2023-12-15T12:20:51+00:00\" \/>\n<meta name=\"twitter:card\" content=\"summary_large_image\" \/>\n<meta name=\"twitter:label1\" content=\"Tiempo de lectura\" \/>\n\t<meta name=\"twitter:data1\" content=\"2 minutos\" \/>\n<script type=\"application\/ld+json\" class=\"yoast-schema-graph\">{\"@context\":\"https:\/\/schema.org\",\"@graph\":[{\"@type\":\"WebPage\",\"@id\":\"https:\/\/ws168.juntadeandalucia.es\/iaap\/innovanda\/premios\/\",\"url\":\"https:\/\/ws168.juntadeandalucia.es\/iaap\/innovanda\/premios\/\",\"name\":\"Premios - Innovanda\",\"isPartOf\":{\"@id\":\"https:\/\/ws168.juntadeandalucia.es\/iaap\/innovanda\/#website\"},\"datePublished\":\"2023-11-14T11:43:44+00:00\",\"dateModified\":\"2023-12-15T12:20:51+00:00\",\"breadcrumb\":{\"@id\":\"https:\/\/ws168.juntadeandalucia.es\/iaap\/innovanda\/premios\/#breadcrumb\"},\"inLanguage\":\"es\",\"potentialAction\":[{\"@type\":\"ReadAction\",\"target\":[\"https:\/\/ws168.juntadeandalucia.es\/iaap\/innovanda\/premios\/\"]}]},{\"@type\":\"BreadcrumbList\",\"@id\":\"https:\/\/ws168.juntadeandalucia.es\/iaap\/innovanda\/premios\/#breadcrumb\",\"itemListElement\":[{\"@type\":\"ListItem\",\"position\":1,\"name\":\"Portada\",\"item\":\"https:\/\/ws168.juntadeandalucia.es\/iaap\/innovanda\/\"},{\"@type\":\"ListItem\",\"position\":2,\"name\":\"Premios\"}]},{\"@type\":\"WebSite\",\"@id\":\"https:\/\/ws168.juntadeandalucia.es\/iaap\/innovanda\/#website\",\"url\":\"https:\/\/ws168.juntadeandalucia.es\/iaap\/innovanda\/\",\"name\":\"Innovanda\",\"description\":\"Innovaci\u00f3n p\u00fablica de abajo arriba\",\"potentialAction\":[{\"@type\":\"SearchAction\",\"target\":{\"@type\":\"EntryPoint\",\"urlTemplate\":\"https:\/\/ws168.juntadeandalucia.es\/iaap\/innovanda\/?s={search_term_string}\"},\"query-input\":{\"@type\":\"PropertyValueSpecification\",\"valueRequired\":true,\"valueName\":\"search_term_string\"}}],\"inLanguage\":\"es\"}]}<\/script>\n<!-- \/ Yoast SEO plugin. -->","yoast_head_json":{"title":"Premios - Innovanda","robots":{"index":"index","follow":"follow","max-snippet":"max-snippet:-1","max-image-preview":"max-image-preview:large","max-video-preview":"max-video-preview:-1"},"canonical":"https:\/\/ws168.juntadeandalucia.es\/iaap\/innovanda\/premios\/","og_locale":"es_ES","og_type":"article","og_title":"Premios - Innovanda","og_description":"Desde la Comunidad InnovAnda tenemos el compromiso de fomentar la innovaci\u00f3n y descubrir el talento innovador de los empleados y empleadas p\u00fablicas de la Junta de Andaluc\u00eda que impulsan, por su propia iniciativa y desde las bases de la organizaci\u00f3n, iniciativas que llevan aparejada una mejora de los servicios p\u00fablicos. Si trabajas en la Junta [&hellip;]","og_url":"https:\/\/ws168.juntadeandalucia.es\/iaap\/innovanda\/premios\/","og_site_name":"Innovanda","article_modified_time":"2023-12-15T12:20:51+00:00","twitter_card":"summary_large_image","twitter_misc":{"Tiempo de lectura":"2 minutos"},"schema":{"@context":"https:\/\/schema.org","@graph":[{"@type":"WebPage","@id":"https:\/\/ws168.juntadeandalucia.es\/iaap\/innovanda\/premios\/","url":"https:\/\/ws168.juntadeandalucia.es\/iaap\/innovanda\/premios\/","name":"Premios - Innovanda","isPartOf":{"@id":"https:\/\/ws168.juntadeandalucia.es\/iaap\/innovanda\/#website"},"datePublished":"2023-11-14T11:43:44+00:00","dateModified":"2023-12-15T12:20:51+00:00","breadcrumb":{"@id":"https:\/\/ws168.juntadeandalucia.es\/iaap\/innovanda\/premios\/#breadcrumb"},"inLanguage":"es","potentialAction":[{"@type":"ReadAction","target":["https:\/\/ws168.juntadeandalucia.es\/iaap\/innovanda\/premios\/"]}]},{"@type":"BreadcrumbList","@id":"https:\/\/ws168.juntadeandalucia.es\/iaap\/innovanda\/premios\/#breadcrumb","itemListElement":[{"@type":"ListItem","position":1,"name":"Portada","item":"https:\/\/ws168.juntadeandalucia.es\/iaap\/innovanda\/"},{"@type":"ListItem","position":2,"name":"Premios"}]},{"@type":"WebSite","@id":"https:\/\/ws168.juntadeandalucia.es\/iaap\/innovanda\/#website","url":"https:\/\/ws168.juntadeandalucia.es\/iaap\/innovanda\/","name":"Innovanda","description":"Innovaci\u00f3n p\u00fablica de abajo arriba","potentialAction":[{"@type":"SearchAction","target":{"@type":"EntryPoint","urlTemplate":"https:\/\/ws168.juntadeandalucia.es\/iaap\/innovanda\/?s={search_term_string}"},"query-input":{"@type":"PropertyValueSpecification","valueRequired":true,"valueName":"search_term_string"}}],"inLanguage":"es"}]}},"jetpack_sharing_enabled":true,"_links":{"self":[{"href":"https:\/\/ws168.juntadeandalucia.es\/iaap\/innovanda\/wp-json\/wp\/v2\/pages\/603","targetHints":{"allow":["GET"]}}],"collection":[{"href":"https:\/\/ws168.juntadeandalucia.es\/iaap\/innovanda\/wp-json\/wp\/v2\/pages"}],"about":[{"href":"https:\/\/ws168.juntadeandalucia.es\/iaap\/innovanda\/wp-json\/wp\/v2\/types\/page"}],"author":[{"embeddable":true,"href":"https:\/\/ws168.juntadeandalucia.es\/iaap\/innovanda\/wp-json\/wp\/v2\/users\/1"}],"replies":[{"embeddable":true,"href":"https:\/\/ws168.juntadeandalucia.es\/iaap\/innovanda\/wp-json\/wp\/v2\/comments?post=603"}],"version-history":[{"count":2,"href":"https:\/\/ws168.juntadeandalucia.es\/iaap\/innovanda\/wp-json\/wp\/v2\/pages\/603\/revisions"}],"predecessor-version":[{"id":267870,"href":"https:\/\/ws168.juntadeandalucia.es\/iaap\/innovanda\/wp-json\/wp\/v2\/pages\/603\/revisions\/267870"}],"wp:attachment":[{"href":"https:\/\/ws168.juntadeandalucia.es\/iaap\/innovanda\/wp-json\/wp\/v2\/media?parent=603"}],"curies":[{"name":"wp","href":"https:\/\/api.w.org\/{rel}","templated":true}]}}