{"id":606,"date":"2023-11-14T13:43:44","date_gmt":"2023-11-14T11:43:44","guid":{"rendered":"https:\/\/ws086.juntadeandalucia.es\/iaap\/innovanda\/restablecer-contrasena\/"},"modified":"2023-11-14T13:43:44","modified_gmt":"2023-11-14T11:43:44","slug":"restablecer-contrasena","status":"publish","type":"page","link":"https:\/\/ws168.juntadeandalucia.es\/iaap\/innovanda\/restablecer-contrasena\/","title":{"rendered":"Restablecer contrase\u00f1a"},"content":{"rendered":"[et_pb_section fb_built=&#8221;1&#8243; admin_label=&#8221;section&#8221; _builder_version=&#8221;4.17.4&#8243; height=&#8221;100vh&#8221; global_colors_info=&#8221;{}&#8221;][et_pb_row admin_label=&#8221;row&#8221; _builder_version=&#8221;4.16&#8243; background_size=&#8221;initial&#8221; background_position=&#8221;top_left&#8221; background_repeat=&#8221;repeat&#8221; global_colors_info=&#8221;{}&#8221;][et_pb_column type=&#8221;4_4&#8243; _builder_version=&#8221;4.16&#8243; custom_padding=&#8221;|||&#8221; global_colors_info=&#8221;{}&#8221; custom_padding__hover=&#8221;|||&#8221;][et_pb_text admin_label=&#8221;Text&#8221; _builder_version=&#8221;4.17.4&#8243; background_size=&#8221;initial&#8221; background_position=&#8221;top_left&#8221; background_repeat=&#8221;repeat&#8221; hover_enabled=&#8221;0&#8243; border_width_all=&#8221;1px&#8221; border_color_all=&#8221;#7CDA24&#8243; global_colors_info=&#8221;{}&#8221; sticky_enabled=&#8221;0&#8243;]\n<div class=\"um um-password um-um_password_id\">\n\t<div class=\"um-form\">\n\t\t<form method=\"post\" action=\"\">\n\t\t\t\n\t\t\t\t<input type=\"hidden\" name=\"_um_password_reset\" id=\"_um_password_reset\" value=\"1\" \/>\n\n\t\t\t\t\t\t\t\t\t<div class=\"um-field um-field-block um-field-type_block\">\n\t\t\t\t\t\t<div class=\"um-field-block\">\n\t\t\t\t\t\t\t<div style=\"text-align:center;\">\n\t\t\t\t\t\t\t\tPara restablecer tu contrase\u00f1a, por favor, introduce a continuaci\u00f3n tu direcci\u00f3n de correo electr\u00f3nico o nombre de usuario.\t\t\t\t\t\t\t<\/div>\n\t\t\t\t\t\t<\/div>\n\t\t\t\t\t<\/div>\n\t\t\t\t\t<div  id=\"um_field_0_username_b\" class=\"um-field um-field-text  um-field-username_b um-field-text um-field-type_text\" data-key=\"username_b\"><div class=\"um-field-area\"><input  autocomplete=\"off\" class=\"um-form-field valid \" type=\"text\" name=\"username_b\" id=\"username_b\" value=\"\" placeholder=\"Introduce tu nombre de usuario o correo electr\u00f3nico\" data-validate=\"\" data-key=\"username_b\"  aria-invalid=\"false\" \/>\n\n\t\t\t\t\t\t<\/div><\/div>\t\t\t\t<div class=\"um-col-alt um-col-alt-b\">\n\t\t\t\t\t<div class=\"um-center\">\n\t\t\t\t\t\t<input type=\"submit\" value=\"Restablecer contrase\u00f1a\" class=\"um-button\" id=\"um-submit-btn\" \/>\n\t\t\t\t\t<\/div>\n\t\t\t\t\t<div class=\"um-clear\"><\/div>\n\t\t\t\t<\/div>\n\t\t\t\t\t<input type=\"hidden\" name=\"form_id\" id=\"form_id_um_password_id\" value=\"um_password_id\" \/>\n\t\t<p class=\"um_request_name\">\n\t\t<label for=\"um_request_um_password_id\">Only fill in if you are not human<\/label>\n\t\t<input type=\"hidden\" name=\"um_request\" id=\"um_request_um_password_id\" class=\"input\" value=\"\" size=\"25\" autocomplete=\"off\" \/>\n\t<\/p>\n\t\t\t<\/form>\n\t<\/div>\n<\/div>\n<style>\n\t\t\t.um-um_password_id.um {\n\t\t\tmax-width: 450px;\n\t\t}\n\t\t<\/style>\n\n[\/et_pb_text][\/et_pb_column][\/et_pb_row][\/et_pb_section]\n","protected":false},"excerpt":{"rendered":"<p>[et_pb_section fb_built=&#8221;1&#8243; admin_label=&#8221;section&#8221; _builder_version=&#8221;4.17.4&#8243; height=&#8221;100vh&#8221; global_colors_info=&#8221;{}&#8221;][et_pb_row admin_label=&#8221;row&#8221; _builder_version=&#8221;4.16&#8243; background_size=&#8221;initial&#8221; background_position=&#8221;top_left&#8221; background_repeat=&#8221;repeat&#8221; global_colors_info=&#8221;{}&#8221;][et_pb_column type=&#8221;4_4&#8243; _builder_version=&#8221;4.16&#8243; custom_padding=&#8221;|||&#8221; global_colors_info=&#8221;{}&#8221; custom_padding__hover=&#8221;|||&#8221;][et_pb_text admin_label=&#8221;Text&#8221; _builder_version=&#8221;4.17.4&#8243; background_size=&#8221;initial&#8221; background_position=&#8221;top_left&#8221; background_repeat=&#8221;repeat&#8221; hover_enabled=&#8221;0&#8243; border_width_all=&#8221;1px&#8221; border_color_all=&#8221;#7CDA24&#8243; global_colors_info=&#8221;{}&#8221; sticky_enabled=&#8221;0&#8243;] [\/et_pb_text][\/et_pb_column][\/et_pb_row][\/et_pb_section]<\/p>\n","protected":false},"author":1,"featured_media":0,"parent":0,"menu_order":0,"comment_status":"open","ping_status":"open","template":"","meta":{"_et_pb_use_builder":"","_et_pb_old_content":"","_et_gb_content_width":"","footnotes":""},"class_list":["post-606","page","type-page","status-publish","hentry"],"yoast_head":"<!-- This site is optimized with the Yoast SEO plugin v27.1.1 - https:\/\/yoast.com\/product\/yoast-seo-wordpress\/ -->\n<title>Restablecer contrase\u00f1a - Innovanda<\/title>\n<meta name=\"robots\" content=\"index, follow, max-snippet:-1, max-image-preview:large, max-video-preview:-1\" \/>\n<link rel=\"canonical\" href=\"https:\/\/ws168.juntadeandalucia.es\/iaap\/innovanda\/restablecer-contrasena\/\" \/>\n<meta property=\"og:locale\" content=\"es_ES\" \/>\n<meta property=\"og:type\" content=\"article\" \/>\n<meta property=\"og:title\" content=\"Restablecer contrase\u00f1a - Innovanda\" \/>\n<meta property=\"og:description\" content=\"[et_pb_section fb_built=&#8221;1&#8243; admin_label=&#8221;section&#8221; _builder_version=&#8221;4.17.4&#8243; height=&#8221;100vh&#8221; global_colors_info=&#8221;{}&#8221;][et_pb_row admin_label=&#8221;row&#8221; _builder_version=&#8221;4.16&#8243; background_size=&#8221;initial&#8221; background_position=&#8221;top_left&#8221; background_repeat=&#8221;repeat&#8221; global_colors_info=&#8221;{}&#8221;][et_pb_column type=&#8221;4_4&#8243; _builder_version=&#8221;4.16&#8243; custom_padding=&#8221;|||&#8221; global_colors_info=&#8221;{}&#8221; custom_padding__hover=&#8221;|||&#8221;][et_pb_text admin_label=&#8221;Text&#8221; _builder_version=&#8221;4.17.4&#8243; background_size=&#8221;initial&#8221; background_position=&#8221;top_left&#8221; background_repeat=&#8221;repeat&#8221; hover_enabled=&#8221;0&#8243; border_width_all=&#8221;1px&#8221; border_color_all=&#8221;#7CDA24&#8243; global_colors_info=&#8221;{}&#8221; sticky_enabled=&#8221;0&#8243;] [\/et_pb_text][\/et_pb_column][\/et_pb_row][\/et_pb_section]\" \/>\n<meta property=\"og:url\" content=\"https:\/\/ws168.juntadeandalucia.es\/iaap\/innovanda\/restablecer-contrasena\/\" \/>\n<meta property=\"og:site_name\" content=\"Innovanda\" \/>\n<meta name=\"twitter:card\" content=\"summary_large_image\" \/>\n<script type=\"application\/ld+json\" class=\"yoast-schema-graph\">{\"@context\":\"https:\/\/schema.org\",\"@graph\":[{\"@type\":\"WebPage\",\"@id\":\"https:\/\/ws168.juntadeandalucia.es\/iaap\/innovanda\/restablecer-contrasena\/\",\"url\":\"https:\/\/ws168.juntadeandalucia.es\/iaap\/innovanda\/restablecer-contrasena\/\",\"name\":\"Restablecer contrase\u00f1a - Innovanda\",\"isPartOf\":{\"@id\":\"https:\/\/ws168.juntadeandalucia.es\/iaap\/innovanda\/#website\"},\"datePublished\":\"2023-11-14T11:43:44+00:00\",\"breadcrumb\":{\"@id\":\"https:\/\/ws168.juntadeandalucia.es\/iaap\/innovanda\/restablecer-contrasena\/#breadcrumb\"},\"inLanguage\":\"es\",\"potentialAction\":[{\"@type\":\"ReadAction\",\"target\":[\"https:\/\/ws168.juntadeandalucia.es\/iaap\/innovanda\/restablecer-contrasena\/\"]}]},{\"@type\":\"BreadcrumbList\",\"@id\":\"https:\/\/ws168.juntadeandalucia.es\/iaap\/innovanda\/restablecer-contrasena\/#breadcrumb\",\"itemListElement\":[{\"@type\":\"ListItem\",\"position\":1,\"name\":\"Portada\",\"item\":\"https:\/\/ws168.juntadeandalucia.es\/iaap\/innovanda\/\"},{\"@type\":\"ListItem\",\"position\":2,\"name\":\"Restablecer contrase\u00f1a\"}]},{\"@type\":\"WebSite\",\"@id\":\"https:\/\/ws168.juntadeandalucia.es\/iaap\/innovanda\/#website\",\"url\":\"https:\/\/ws168.juntadeandalucia.es\/iaap\/innovanda\/\",\"name\":\"Innovanda\",\"description\":\"Innovaci\u00f3n p\u00fablica de abajo arriba\",\"potentialAction\":[{\"@type\":\"SearchAction\",\"target\":{\"@type\":\"EntryPoint\",\"urlTemplate\":\"https:\/\/ws168.juntadeandalucia.es\/iaap\/innovanda\/?s={search_term_string}\"},\"query-input\":{\"@type\":\"PropertyValueSpecification\",\"valueRequired\":true,\"valueName\":\"search_term_string\"}}],\"inLanguage\":\"es\"}]}<\/script>\n<!-- \/ Yoast SEO plugin. -->","yoast_head_json":{"title":"Restablecer contrase\u00f1a - Innovanda","robots":{"index":"index","follow":"follow","max-snippet":"max-snippet:-1","max-image-preview":"max-image-preview:large","max-video-preview":"max-video-preview:-1"},"canonical":"https:\/\/ws168.juntadeandalucia.es\/iaap\/innovanda\/restablecer-contrasena\/","og_locale":"es_ES","og_type":"article","og_title":"Restablecer contrase\u00f1a - Innovanda","og_description":"[et_pb_section fb_built=&#8221;1&#8243; admin_label=&#8221;section&#8221; _builder_version=&#8221;4.17.4&#8243; height=&#8221;100vh&#8221; global_colors_info=&#8221;{}&#8221;][et_pb_row admin_label=&#8221;row&#8221; _builder_version=&#8221;4.16&#8243; background_size=&#8221;initial&#8221; background_position=&#8221;top_left&#8221; background_repeat=&#8221;repeat&#8221; global_colors_info=&#8221;{}&#8221;][et_pb_column type=&#8221;4_4&#8243; _builder_version=&#8221;4.16&#8243; custom_padding=&#8221;|||&#8221; global_colors_info=&#8221;{}&#8221; custom_padding__hover=&#8221;|||&#8221;][et_pb_text admin_label=&#8221;Text&#8221; _builder_version=&#8221;4.17.4&#8243; background_size=&#8221;initial&#8221; background_position=&#8221;top_left&#8221; background_repeat=&#8221;repeat&#8221; hover_enabled=&#8221;0&#8243; border_width_all=&#8221;1px&#8221; border_color_all=&#8221;#7CDA24&#8243; global_colors_info=&#8221;{}&#8221; sticky_enabled=&#8221;0&#8243;] [\/et_pb_text][\/et_pb_column][\/et_pb_row][\/et_pb_section]","og_url":"https:\/\/ws168.juntadeandalucia.es\/iaap\/innovanda\/restablecer-contrasena\/","og_site_name":"Innovanda","twitter_card":"summary_large_image","schema":{"@context":"https:\/\/schema.org","@graph":[{"@type":"WebPage","@id":"https:\/\/ws168.juntadeandalucia.es\/iaap\/innovanda\/restablecer-contrasena\/","url":"https:\/\/ws168.juntadeandalucia.es\/iaap\/innovanda\/restablecer-contrasena\/","name":"Restablecer contrase\u00f1a - Innovanda","isPartOf":{"@id":"https:\/\/ws168.juntadeandalucia.es\/iaap\/innovanda\/#website"},"datePublished":"2023-11-14T11:43:44+00:00","breadcrumb":{"@id":"https:\/\/ws168.juntadeandalucia.es\/iaap\/innovanda\/restablecer-contrasena\/#breadcrumb"},"inLanguage":"es","potentialAction":[{"@type":"ReadAction","target":["https:\/\/ws168.juntadeandalucia.es\/iaap\/innovanda\/restablecer-contrasena\/"]}]},{"@type":"BreadcrumbList","@id":"https:\/\/ws168.juntadeandalucia.es\/iaap\/innovanda\/restablecer-contrasena\/#breadcrumb","itemListElement":[{"@type":"ListItem","position":1,"name":"Portada","item":"https:\/\/ws168.juntadeandalucia.es\/iaap\/innovanda\/"},{"@type":"ListItem","position":2,"name":"Restablecer contrase\u00f1a"}]},{"@type":"WebSite","@id":"https:\/\/ws168.juntadeandalucia.es\/iaap\/innovanda\/#website","url":"https:\/\/ws168.juntadeandalucia.es\/iaap\/innovanda\/","name":"Innovanda","description":"Innovaci\u00f3n p\u00fablica de abajo arriba","potentialAction":[{"@type":"SearchAction","target":{"@type":"EntryPoint","urlTemplate":"https:\/\/ws168.juntadeandalucia.es\/iaap\/innovanda\/?s={search_term_string}"},"query-input":{"@type":"PropertyValueSpecification","valueRequired":true,"valueName":"search_term_string"}}],"inLanguage":"es"}]}},"jetpack_sharing_enabled":true,"_links":{"self":[{"href":"https:\/\/ws168.juntadeandalucia.es\/iaap\/innovanda\/wp-json\/wp\/v2\/pages\/606","targetHints":{"allow":["GET"]}}],"collection":[{"href":"https:\/\/ws168.juntadeandalucia.es\/iaap\/innovanda\/wp-json\/wp\/v2\/pages"}],"about":[{"href":"https:\/\/ws168.juntadeandalucia.es\/iaap\/innovanda\/wp-json\/wp\/v2\/types\/page"}],"author":[{"embeddable":true,"href":"https:\/\/ws168.juntadeandalucia.es\/iaap\/innovanda\/wp-json\/wp\/v2\/users\/1"}],"replies":[{"embeddable":true,"href":"https:\/\/ws168.juntadeandalucia.es\/iaap\/innovanda\/wp-json\/wp\/v2\/comments?post=606"}],"version-history":[{"count":0,"href":"https:\/\/ws168.juntadeandalucia.es\/iaap\/innovanda\/wp-json\/wp\/v2\/pages\/606\/revisions"}],"wp:attachment":[{"href":"https:\/\/ws168.juntadeandalucia.es\/iaap\/innovanda\/wp-json\/wp\/v2\/media?parent=606"}],"curies":[{"name":"wp","href":"https:\/\/api.w.org\/{rel}","templated":true}]}}