{"id":9,"date":"2022-02-02T15:08:43","date_gmt":"2022-02-02T15:08:43","guid":{"rendered":"https:\/\/ws168.juntadeandalucia.es\/iaap\/microaprendizajes\/?page_id=9"},"modified":"2022-05-31T09:34:12","modified_gmt":"2022-05-31T09:34:12","slug":"inicio","status":"publish","type":"page","link":"https:\/\/ws168.juntadeandalucia.es\/iaap\/microaprendizajes\/","title":{"rendered":"Inicio"},"content":{"rendered":"<p><img decoding=\"async\" width=\"369\" height=\"85\" src=\"https:\/\/ws168.juntadeandalucia.es\/iaap\/microaprendizajes\/wp-content\/uploads\/sites\/29\/2022\/05\/LogoWeb_jda_T.png\" alt=\"\" loading=\"lazy\" srcset=\"https:\/\/ws168.juntadeandalucia.es\/iaap\/microaprendizajes\/wp-content\/uploads\/sites\/29\/2022\/05\/LogoWeb_jda_T.png 369w, https:\/\/ws168.juntadeandalucia.es\/iaap\/microaprendizajes\/wp-content\/uploads\/sites\/29\/2022\/05\/LogoWeb_jda_T-300x69.png 300w\" sizes=\"auto, (max-width: 369px) 100vw, 369px\" \/><br \/>\n\t\t\t<a href=\"https:\/\/ws168.juntadeandalucia.es\/iaap\/microaprendizajes\/\"><br \/>\n\t\t\t\t\t\t<\/a><\/p>\n<h1>Microaprendizajes<\/h1>\n<h3>Concentrando el conocimiento<\/h3>\n<p>\t\t\t\t\t\t\t\t\t\t<img decoding=\"async\" src=\"https:\/\/ws168.juntadeandalucia.es\/iaap\/microaprendizajes\/wp-content\/uploads\/sites\/29\/elementor\/thumbs\/apertura-pjvleun4k3v2u0agcl85mqxnjpnz478b8f6c44t7jk-ppl57cmaw741e6bl97o56j1fgaxztgzk4vh8glozr4.png\" title=\"apertura-pjvleun4k3v2u0agcl85mqxnjpnz478b8f6c44t7jk\" alt=\"apertura-pjvleun4k3v2u0agcl85mqxnjpnz478b8f6c44t7jk\" \/>\t\t\t\t\t\t\t\t\t\t\t<\/p>\n<h2>\n<p style=\"margin-bottom: 0.28cm; line-height: 150%\">\u00bfQu\u00e9 voy a encontrar aqu\u00ed?<\/p>\n<\/h2>\n<p>Nuevos tipos de recursos formativos como videos, podcasts, presentaciones interactivas, p\u00edldoras formativas, webinarios, etc. de breve duraci\u00f3n pero de gran valor did\u00e1ctico. Estos nuevos formatos son m\u00e1s vers\u00e1tiles y flexibles adapt\u00e1ndose mejor a los cambios y fomentando la capacidad del autoaprendizaje permanente como estrategia para nuestro desarrollo profesional.<\/p>\n<h3>\n<p style=\"margin-bottom: 0.28cm; line-height: 106%\">\nAplicaciones y  servicios TIC m\u00e1s demandadas por la ciudadan\u00eda<\/p>\n<\/h3>\n<p align=\"justify\">En este espacio vamos a concentrar diferentes p\u00edldoras formativas, formaciones breves y concretas de consumo r\u00e1pido, de los procesos y medidas con mayor impacto en el mantenimiento de los servicios a la ciudadan\u00eda.<\/p>\n<h2>Libro de Sugerencias y Reclamaciones<\/h2>\n<p>\t\t\t\t\t\t\t\t\t\t\t\t<a href=\"\">Informaci\u00f3n  interactiva<\/a><br \/>\n\t\t\t\t\t<iframe loading=\"lazy\" style=\"position: absolute; top: 0; left: 0; width: 100%; height: 100%;\" src=\"https:\/\/view.genial.ly\/60e58785c6c0060dc3cc8751\" width=\"1200px\" height=\"675px\" frameborder=\"0\" scrolling=\"yes\" allowfullscreen=\"allowfullscreen\"><\/iframe><\/p>\n<h2>Cita previa<\/h2>\n<p>\t\t\t\t\t\t\t\t\t\t\t\t<a href=\"\">Presentaci\u00f3n<\/a><br \/>\n\t\t\t\t\t<iframe loading=\"lazy\" style=\"position: absolute; top: 0; left: 0; width: 100%; height: 100%;\" src=\"https:\/\/view.genial.ly\/60e58769465e420d982b0eca\" width=\"1200px\" height=\"675px\" frameborder=\"0\" scrolling=\"yes\" allowfullscreen=\"allowfullscreen\"><\/iframe><br \/>\n\t\t\t\t\t\t\t\t\t\t\t\t<a href=\"\">V\u00eddeo<\/a><br \/>\n\t\t\t\t\t<iframe loading=\"lazy\" src=\"https:\/\/player.vimeo.com\/video\/661171678?h=62a6fad851\" width=\"640\" height=\"600\" frameborder=\"0\" allow=\"autoplay; fullscreen; picture-in-picture\" allowfullscreen><\/iframe><\/p>\n<p><a href=\"https:\/\/vimeo.com\/661171678\">04 Cita previa empleado<\/a> from <a href=\"https:\/\/vimeo.com\/user152871491\">IAAP<\/a> on <a href=\"https:\/\/vimeo.com\">Vimeo<\/a>.<\/p>\n<h2>Cat\u00e1logo de Procedimientos y Servicios<\/h2>\n<p>\t\t\t\t\t\t\t\t\t\t\t\t<a href=\"\">Presentaci\u00f3n<\/a><br \/>\n\t\t\t\t\t<iframe loading=\"lazy\" style=\"position: absolute; top: 0; left: 0; width: 100%; height: 100%;\" src=\"https:\/\/view.genial.ly\/61bb251d337bbf0e0daf6b25\" width=\"1200px\" height=\"675px\" frameborder=\"0\" scrolling=\"yes\" allowfullscreen=\"allowfullscreen\"><\/iframe><br \/>\n\t\t\t\t\t\t\t\t\t\t\t\t<a href=\"\">V\u00eddeo<\/a><\/p>\n<p><iframe loading=\"lazy\" src=\"https:\/\/player.vimeo.com\/video\/661171538?h=71f54cde5b\" width=\"640\" height=\"600\" frameborder=\"0\" allowfullscreen=\"allowfullscreen\"><\/iframe><\/p>\n<p><a href=\"https:\/\/vimeo.com\/661171538\">03 Catalogo de procedimientos empleado<\/a> from <a href=\"https:\/\/vimeo.com\/user152871491\">IAAP<\/a> on <a href=\"https:\/\/vimeo.com\">Vimeo<\/a>.<\/p>\n<h2>Obtenci\u00f3n de copias aut\u00e9nticas<\/h2>\n<p>\t\t\t\t\t\t\t\t\t\t\t\t<a href=\"\">Presentaci\u00f3n<\/a><br \/>\n\t\t\t\t\t<iframe loading=\"lazy\" frameborder=\"0\" width=\"1200px\" height=\"675px\" style=\"position: absolute; top: 0; left: 0; width: 100%; height: 100%;\" src=\"https:\/\/view.genial.ly\/60d5bb84533a900de690d2f2\" type=\"text\/html\" allowscriptaccess=\"always\" allowfullscreen=\"true\" scrolling=\"yes\" allownetworking=\"all\"><\/iframe>  <\/p>\n<h2>Punto General de Entrada de Facturas Electr\u00f3nicas (PUEF)<\/h2>\n<p>\t\t\t\t\t\t\t\t\t\t\t\t<a href=\"\">Presentaci\u00f3n<\/a><br \/>\n\t\t\t\t\t<iframe loading=\"lazy\" style=\"position: absolute; top: 0; left: 0; width: 100%; height: 100%;\" src=\"https:\/\/view.genial.ly\/60e592402ce04a0dafbf1eec\" width=\"1200px\" height=\"675px\" frameborder=\"0\" scrolling=\"yes\" allowfullscreen=\"allowfullscreen\"><\/iframe><br \/>\n\t\t\t\t\t\t\t\t\t\t\t\t<a href=\"\">V\u00eddeo (consulta en Giro)<\/a><\/p>\n<p><iframe loading=\"lazy\" src=\"https:\/\/player.vimeo.com\/video\/661171913?h=a82242eab1\" width=\"640\" height=\"600\" frameborder=\"0\" allowfullscreen=\"allowfullscreen\"><\/iframe><\/p>\n<p><a href=\"https:\/\/vimeo.com\/661171913\">08 CONSULTA EMPLEADOS GIRO_3<\/a> from <a href=\"https:\/\/vimeo.com\/user152871491\">IAAP<\/a> on <a href=\"https:\/\/vimeo.com\">Vimeo<\/a>.<\/p>\n<h3>\n\t\t\t\t\tTambi\u00e9n te puede interesar<br \/>\n\t\t\t\t<\/h3>\n<p>\t\t\t\t<a href=\"https:\/\/www.youtube.com\/c\/IAAPJunta\/featured\"><br \/>\n\t\t\t\t\t\t\t\t<\/a><\/p>\n<h3>\n\t\t\t\t\t<a href=\"https:\/\/www.youtube.com\/c\/IAAPJunta\/featured\">Canal de YouTube del IAAP<\/a><br \/>\n\t\t\t\t<\/h3>\n<p>\t\t\t\t<a href=\"https:\/\/ws168.juntadeandalucia.es\/iaap\/enlasdistanciascortas\/\"><br \/>\n\t\t\t\t\t\t\t\t<\/a><\/p>\n<h3>\n\t\t\t\t\t<a href=\"https:\/\/ws168.juntadeandalucia.es\/iaap\/enlasdistanciascortas\/\">Canal de Podcast del IAAP<\/a><br \/>\n\t\t\t\t<\/h3>\n<p>\t\t\t\t<a href=\"https:\/\/ws168.juntadeandalucia.es\/iaap\/codigo-conducta-tic\/\"><br \/>\n\t\t\t\t\t\t\t\t<\/a><\/p>\n<h3>\n\t\t\t\t\t<a href=\"https:\/\/ws168.juntadeandalucia.es\/iaap\/codigo-conducta-tic\/\">C\u00f3digo de Conducta TIC<\/a><br \/>\n\t\t\t\t<\/h3>\n<p>\t\t\t\t<a href=\"https:\/\/www.juntadeandalucia.es\/institutodeadministracionpublica\/moodle\/\"><br \/>\n\t\t\t\t\t\t\t\t<\/a><\/p>\n<h3>\n\t\t\t\t\t<a href=\"https:\/\/www.juntadeandalucia.es\/institutodeadministracionpublica\/moodle\/\">Plataforma de Formaci\u00f3n Abierta del IAAP<\/a><br \/>\n\t\t\t\t<\/h3>\n<p>\t\t\t\t\t\t\t\t\t\t\t<a href=\"https:\/\/www.juntadeandalucia.es\/institutodeadministracionpublica\/publico\/home.filter\"><br \/>\n\t\t\t\t\t\t\t<img decoding=\"async\" src=\"https:\/\/ws168.juntadeandalucia.es\/iaap\/congresorrhh2020\/wp-content\/uploads\/sites\/24\/2021\/09\/cropped-iaap-logo-1024x116-1.png\" title=\"\" alt=\"\" \/>\t\t\t\t\t\t\t\t<\/a><br \/>\n\t\t\t<a href=\"https:\/\/www.facebook.com\/IAAPJunta\/\"><br \/>\n\t\t\t\t\t\t<\/a><br \/>\n\t\t\t<a href=\"https:\/\/twitter.com\/IAAPJunta\"><br \/>\n\t\t\t\t\t\t<\/a><br \/>\n\t\t\t<a href=\"https:\/\/www.instagram.com\/iaap_junta\/\"><br \/>\n\t\t\t\t\t\t<\/a><br \/>\n\t\t\t<a href=\"https:\/\/www.youtube.com\/channel\/UCFfysrE02EEpryGAdS7BUYg\"><br \/>\n\t\t\t\t\t\t<\/a><br \/>\n\t\t\t<a href=\"https:\/\/es.linkedin.com\/company\/instituto-andaluz-de-administracion-publica-iaap-junta-andalucia\"><br \/>\n\t\t\t\t\t\t<\/a><\/p>\n","protected":false},"excerpt":{"rendered":"<p>Microaprendizajes Concentrando el conocimiento \u00bfQu\u00e9 voy a encontrar aqu\u00ed? Nuevos tipos de recursos formativos como videos, podcasts, presentaciones interactivas, p\u00edldoras formativas, webinarios, etc. de breve duraci\u00f3n pero de gran valor did\u00e1ctico. Estos nuevos formatos son m\u00e1s vers\u00e1tiles y flexibles adapt\u00e1ndose mejor a los cambios y fomentando la capacidad del autoaprendizaje permanente como estrategia para nuestro&hellip; <a class=\"more-link\" href=\"https:\/\/ws168.juntadeandalucia.es\/iaap\/microaprendizajes\/\">Seguir leyendo <span class=\"screen-reader-text\">Inicio<\/span><\/a><\/p>\n","protected":false},"author":48,"featured_media":0,"parent":0,"menu_order":0,"comment_status":"closed","ping_status":"closed","template":"elementor_canvas","meta":{"footnotes":""},"class_list":["post-9","page","type-page","status-publish","hentry","entry"],"_links":{"self":[{"href":"https:\/\/ws168.juntadeandalucia.es\/iaap\/microaprendizajes\/wp-json\/wp\/v2\/pages\/9","targetHints":{"allow":["GET"]}}],"collection":[{"href":"https:\/\/ws168.juntadeandalucia.es\/iaap\/microaprendizajes\/wp-json\/wp\/v2\/pages"}],"about":[{"href":"https:\/\/ws168.juntadeandalucia.es\/iaap\/microaprendizajes\/wp-json\/wp\/v2\/types\/page"}],"author":[{"embeddable":true,"href":"https:\/\/ws168.juntadeandalucia.es\/iaap\/microaprendizajes\/wp-json\/wp\/v2\/users\/48"}],"replies":[{"embeddable":true,"href":"https:\/\/ws168.juntadeandalucia.es\/iaap\/microaprendizajes\/wp-json\/wp\/v2\/comments?post=9"}],"version-history":[{"count":197,"href":"https:\/\/ws168.juntadeandalucia.es\/iaap\/microaprendizajes\/wp-json\/wp\/v2\/pages\/9\/revisions"}],"predecessor-version":[{"id":223,"href":"https:\/\/ws168.juntadeandalucia.es\/iaap\/microaprendizajes\/wp-json\/wp\/v2\/pages\/9\/revisions\/223"}],"wp:attachment":[{"href":"https:\/\/ws168.juntadeandalucia.es\/iaap\/microaprendizajes\/wp-json\/wp\/v2\/media?parent=9"}],"curies":[{"name":"wp","href":"https:\/\/api.w.org\/{rel}","templated":true}]}}