{"id":262,"date":"2022-02-15T13:04:48","date_gmt":"2022-02-15T13:04:48","guid":{"rendered":"https:\/\/ws168.juntadeandalucia.es\/iaap\/moocepp\/?page_id=262"},"modified":"2022-02-15T13:04:48","modified_gmt":"2022-02-15T13:04:48","slug":"declaracion-de-accesibilidad","status":"publish","type":"page","link":"https:\/\/ws168.juntadeandalucia.es\/iaap\/moocepp\/declaracion-de-accesibilidad\/","title":{"rendered":"Declaraci\u00f3n de Accesibilidad"},"content":{"rendered":"<h2>Declaraci\u00f3n de Accesibilidad del sitio web IAAP &#8211; Evaluaci\u00f3n de Politicas Publicas<\/h2>\n<p>La Consejer\u00eda de la Presidencia, Administraci\u00f3n P\u00fablica e Interior de la Junta de Andaluc\u00eda se ha<br \/>\ncomprometido a hacer accesibles sus sitios web y sus aplicaciones para dispositivos m\u00f3viles, de<br \/>\nconformidad con el Real Decreto 1112\/2018 sobre Accesibilidad de los Sitios Web y Aplicaciones M\u00f3viles<br \/>\ndel Sector P\u00fablico, que traspone la Directiva (UE) 2016\/2102 del Parlamento Europeo y del Consejo (en<br \/>\nadelante RD 1112\/2018).<\/p>\n<p>La presente declaraci\u00f3n de accesibilidad se aplica al sitio web <strong>IAAP &#8211; Planificaci\u00f3n y Gesti\u00f3n de<br \/>\nProyectos<\/strong> que est\u00e1 publicado en<br \/>\n<a href=\"\/iaap\/moocepp\/\">https:\/\/ws168.juntadeandalucia.es\/iaap\/moocepp\/<\/a>.<\/p>\n<h3>Situaci\u00f3n de cumplimiento<\/h3>\n<p>Este sitio web es parcialmente conforme con el RD 1112\/2018 debido a las excepciones y a la falta de<br \/>\nconformidad de los aspectos que se indican a continuaci\u00f3n.<\/p>\n<h3>Contenido no accesible<\/h3>\n<p>El contenido que se recoge a continuaci\u00f3n no es accesible por lo siguiente:<\/p>\n<ol type=\"a\">\n<li>Falta de conformidad con el Real Decreto 1112\/2018\n<ul>\n<li>Se detecta que existe contenido no textual que no dispone de una alternativa textual breve con la misma informaci\u00f3n.<\/li>\n<li>Se detecta que se hace un uso incorrecto de encabezados para marcar texto que no lo es, as\u00ed como a la hora de marcar un orden y estructura l\u00f3gica.<\/li>\n<li>Se detecta que existen enlaces que son alcanzan el contraste m\u00ednimo con el texto que les rodea.<\/li>\n<li>Se detecta que existen enlaces que no describen de ning\u00fan modo su prop\u00f3sito.<\/li>\n<li>Se detecta objetos que dependen exclusivamente de su forma y color para ser entendidos.<\/li>\n<li>Se ha detectado que el nombre accesible de algunos elementos no contienen las mismas letras y en el mismo orden que la etiqueta visible.<\/li>\n<li>Se han detectado errores de sintaxis en el c\u00f3digo de la aplicaci\u00f3n.<\/li>\n<\/ul>\n<\/li>\n<li>Carga desproporcionada\n<ul>\n<li>No aplica.<\/li>\n<\/ul>\n<\/li>\n<li>El contenido no entra dentro del \u00e1mbito de la legislaci\u00f3n aplicable\n<ul>\n<li>No aplica.<\/li>\n<\/ul>\n<\/li>\n<\/ol>\n<h3>Preparaci\u00f3n de la presente declaraci\u00f3n de accesibilidad<\/h3>\n<p>La presente declaraci\u00f3n fue preparada el 16\/12\/2021.<\/p>\n<p>La presente declaraci\u00f3n ha sido elaborada en base a una revisi\u00f3n del nivel de accesibilidad de este sitio<br \/>\nweb, llevada a cabo por el Servicio de Inform\u00e1tica a trav\u00e9s de su Oficina de Calidad.<\/p>\n<p>Se ha realizado la certificaci\u00f3n aplicando el siguiente procedimiento:<\/p>\n<ul>\n<li>Se han analizado p\u00e1ginas significativas del sitio web haciendo uso del servicio online b\u00e1sico<br \/>\nde diagn\u00f3stico de la accesibilidad web del Observatorio de Accesibilidad del Ministerio de<br \/>\nAsuntos Econ\u00f3micos y Transformaci\u00f3n Digital y se han analizado sus resultados. Debe<br \/>\ntenerse en cuenta que este servicio online, a fecha de la ejecuci\u00f3n de la revisi\u00f3n, analiza el<br \/>\ncumplimiento de la norma UNE-EN 301 549 V1.1.2:2015<\/li>\n<li>Se han analizado las mismas p\u00e1ginas con herramientas que verifican la WCAG2.1<\/li>\n<li>Se han unificado los resultados obtenidos, indicando en el contenido NO accesible de este documento los incumplimientos a la Norma.<\/li>\n<\/ul>\n<p>\u00daltima revisi\u00f3n de la declaraci\u00f3n: 16\/12\/2021<\/p>\n<h3>Observaciones y datos de contacto<\/h3>\n<p>Puede realizar comunicaciones sobre requisitos de accesibilidad (art\u00edculo 10.2.a) del RD 1112\/2018, como por ejemplo:<\/p>\n<ul>\n<li>Informar sobre cualquier posible incumplimiento por parte de este sitio web.<\/li>\n<li>Transmitir otras dificultades de acceso al contenido.<\/li>\n<li>Formular cualquier otra consulta o sugerencia de mejora relativa a la accesibilidad de la aplicaci\u00f3n m\u00f3vil a trav\u00e9s de los siguientes medios:<\/li>\n<li>Enviar un correo electr\u00f3nico a la direcci\u00f3n <a href=\"mailto:accesibilidad.iaap@juntadeandalucia.es\">accesibilidad.iaap@juntadeandalucia.es<\/a>.<\/li>\n<li>Presentar un escrito por cualquiera de los medios establecidos en el art\u00edculo 16.4 de la<br \/>\nLey 39\/2015, de 1 de octubre, del Procedimiento Administrativo Com\u00fan de las<br \/>\nAdministraciones P\u00fablicas. En particular, las personas f\u00edsicas podr\u00e1n presentarlo en<br \/>\ncualquier oficina de asistencia en materia de registro. Este escrito deber\u00e1 ir dirigido al<br \/>\nIAAP Servicio de Documentaci\u00f3n y Publicaciones, Consejer\u00eda de la Presidencia,<br \/>\nAdministraci\u00f3n P\u00fablica e Interior, Junta de Andaluc\u00eda.<\/li>\n<li>Direcci\u00f3n f\u00edsica: Calle Torneo, n\u00ba 26. 41002 Sevilla.<\/li>\n<\/ul>\n<p>Las comunicaciones ser\u00e1n recibidas y tratadas por el IAAP Servicio de Documentaci\u00f3n y Publicaciones.<\/p>\n<p>Tambi\u00e9n puede presentar solicitudes de informaci\u00f3n accesible y quejas, como por ejemplo:<\/p>\n<ul>\n<li>Formular quejas relativas al cumplimiento de los requisitos del RD 1112\/2018<\/li>\n<li>Solicitar informaci\u00f3n relativa a contenidos que est\u00e1n excluidos del \u00e1mbito de aplicaci\u00f3n del RD<br \/>\n1112\/2018 seg\u00fan lo establecido por el art\u00edculo 3, apartado 4, o exentos del cumplimiento de los<br \/>\nrequisitos de accesibilidad por imponer una carga desproporcionada. En este caso deber\u00e1<br \/>\nconcretar, con toda claridad, los hechos, razones y petici\u00f3n que permitan constatar que se<br \/>\ntrata de una solicitud razonable y leg\u00edtima.<\/li>\n<\/ul>\n<p>Para ello puede utilizar los siguientes medios:<\/p>\n<ul>\n<li>Presentar un escrito por cualquiera de los medios establecidos en el art\u00edculo 16.4 de la Ley 39\/2015, de 1 de octubre, del Procedimiento Administrativo Com\u00fan de las Administraciones<br \/>\nP\u00fablicas. En particular, podr\u00e1 presentarse utilizando certificado electr\u00f3nico a trav\u00e9s del formulario web de Presentaci\u00f3n Electr\u00f3nica General disponible en<br \/>\n<a href=\"https:\/\/ws094.juntadeandalucia.es\/V_virtual\/SolicitarTicket?v=PEG\">https:\/\/ws094.juntadeandalucia.es\/V_virtual\/SolicitarTicket?v=PEG<\/a>.<br \/>\nLas personas f\u00edsicas tambi\u00e9n podr\u00e1n presentarlo en cualquier oficina de asistencia en materia de registro. Este escrito deber\u00e1 ir dirigido al IAAP Servicio de Documentaci\u00f3n y Publicaciones,<br \/>\nConsejer\u00eda de la Presidencia, Administraci\u00f3n P\u00fablica e Interior, Junta de Andaluc\u00eda.<\/li>\n<\/ul>\n<h3>Procedimiento de aplicaci\u00f3n<\/h3>\n<p>Puede realizar reclamaciones sobre sus solicitudes de informaci\u00f3n accesible o quejas (art\u00edculo 13 del RD 1112\/2018) a trav\u00e9s del<br \/>\n<a href=\"https:\/\/www.juntadeandalucia.es\/servicios\/procedimientos\/detalle\/14637\/datos-basicos.html\">Libro de sugerencias y reclamaciones<\/a><br \/>\n, mediante la <a href=\"https:\/\/www.juntadeandalucia.es\/lsr\/lsr\/inicio.jsp\">solicitud en l\u00ednea<\/a> o bien rellenando los<br \/>\n<a href=\"https:\/\/www.juntadeandalucia.es\/haciendayadministracionpublica\/rpa-icms-doc\/icmsDescargaDoc.do?tipo=4b40ba71bf0bae77c7a9e6765035191a&amp;id=6c408e43867f920423fa717a2e096d99\">formularios<\/a><br \/>\ny present\u00e1ndolos en los Registros de Documentos, indicando la materia \u00abAccesibilidad de sitio web o aplicaci\u00f3n m\u00f3vil\u00bb.<\/p>\n","protected":false},"excerpt":{"rendered":"<p>Declaraci\u00f3n de Accesibilidad del sitio web IAAP &#8211; Evaluaci\u00f3n de Politicas Publicas La Consejer\u00eda de la Presidencia, Administraci\u00f3n P\u00fablica e Interior de la Junta de Andaluc\u00eda se ha comprometido a hacer accesibles sus sitios web y sus aplicaciones para dispositivos m\u00f3viles, de conformidad con el Real Decreto 1112\/2018 sobre Accesibilidad de los Sitios Web y &hellip; <a href=\"https:\/\/ws168.juntadeandalucia.es\/iaap\/moocepp\/declaracion-de-accesibilidad\/\" class=\"more-link\">Sigue leyendo <span class=\"screen-reader-text\">Declaraci\u00f3n de Accesibilidad<\/span><\/a><\/p>\n","protected":false},"author":1,"featured_media":0,"parent":0,"menu_order":0,"comment_status":"closed","ping_status":"closed","template":"","meta":{"footnotes":""},"class_list":["post-262","page","type-page","status-publish","hentry"],"_links":{"self":[{"href":"https:\/\/ws168.juntadeandalucia.es\/iaap\/moocepp\/wp-json\/wp\/v2\/pages\/262","targetHints":{"allow":["GET"]}}],"collection":[{"href":"https:\/\/ws168.juntadeandalucia.es\/iaap\/moocepp\/wp-json\/wp\/v2\/pages"}],"about":[{"href":"https:\/\/ws168.juntadeandalucia.es\/iaap\/moocepp\/wp-json\/wp\/v2\/types\/page"}],"author":[{"embeddable":true,"href":"https:\/\/ws168.juntadeandalucia.es\/iaap\/moocepp\/wp-json\/wp\/v2\/users\/1"}],"replies":[{"embeddable":true,"href":"https:\/\/ws168.juntadeandalucia.es\/iaap\/moocepp\/wp-json\/wp\/v2\/comments?post=262"}],"version-history":[{"count":2,"href":"https:\/\/ws168.juntadeandalucia.es\/iaap\/moocepp\/wp-json\/wp\/v2\/pages\/262\/revisions"}],"predecessor-version":[{"id":264,"href":"https:\/\/ws168.juntadeandalucia.es\/iaap\/moocepp\/wp-json\/wp\/v2\/pages\/262\/revisions\/264"}],"wp:attachment":[{"href":"https:\/\/ws168.juntadeandalucia.es\/iaap\/moocepp\/wp-json\/wp\/v2\/media?parent=262"}],"curies":[{"name":"wp","href":"https:\/\/api.w.org\/{rel}","templated":true}]}}