{"id":514,"date":"2021-02-06T21:06:03","date_gmt":"2021-02-06T20:06:03","guid":{"rendered":"https:\/\/ws168.juntadeandalucia.es\/iaappre\/?page_id=514"},"modified":"2026-02-27T00:17:28","modified_gmt":"2026-02-26T23:17:28","slug":"514-2","status":"publish","type":"page","link":"https:\/\/ws168.juntadeandalucia.es\/iaap\/","title":{"rendered":""},"content":{"rendered":"\n<div class=\"wp-block-siteorigin-panels-layout-block\"><div id=\"pl-514\" class=\"panel-layout\"><div id=\"pg-514-0\" class=\"panel-grid panel-no-style\"><div id=\"pgc-514-0-0\" class=\"panel-grid-cell\"><div id=\"panel-514-0-0-0\" class=\"so-panel widget widget_sow-editor panel-first-child panel-last-child\" data-index=\"0\"><div class=\"so-widget-sow-editor so-widget-sow-editor-base\">\n<div class=\"siteorigin-widget-tinymce textwidget\">\n\t<blockquote>\n<h5>Desde el Instituto Andaluz de Administraci\u00f3n P\u00fablica queremos apostar por la innovaci\u00f3n y las nuevas tecnolog\u00edas para el fomento del aprendizaje y la colaboraci\u00f3n con herramientas online.<\/h5>\n<\/blockquote>\n<\/div>\n<\/div><\/div><\/div><\/div><div id=\"pg-514-1\" class=\"panel-grid panel-no-style\"><div id=\"pgc-514-1-0\" class=\"panel-grid-cell panel-grid-cell-empty\"><\/div><\/div><\/div><\/div>\n\n\n\n<p><a href=\"https:\/\/ws168.juntadeandalucia.es\/iaap\/enlasdistanciascortas\/\"><img fetchpriority=\"high\" decoding=\"async\" class=\"aligncenter wp-image-489 \" src=\"https:\/\/ws168.juntadeandalucia.es\/iaap\/wordpress\/wp-content\/uploads\/2021\/02\/15-1.jpg\" alt=\"PODCAST, En las distancias cortas.\" width=\"393\" height=\"221\" srcset=\"https:\/\/ws168.juntadeandalucia.es\/iaap\/wordpress\/wp-content\/uploads\/2021\/02\/15-1.jpg 1280w, https:\/\/ws168.juntadeandalucia.es\/iaap\/wordpress\/wp-content\/uploads\/2021\/02\/15-1-300x169.jpg 300w, https:\/\/ws168.juntadeandalucia.es\/iaap\/wordpress\/wp-content\/uploads\/2021\/02\/15-1-1024x576.jpg 1024w, https:\/\/ws168.juntadeandalucia.es\/iaap\/wordpress\/wp-content\/uploads\/2021\/02\/15-1-768x432.jpg 768w, https:\/\/ws168.juntadeandalucia.es\/iaap\/wordpress\/wp-content\/uploads\/2021\/02\/15-1-600x338.jpg 600w\" sizes=\"(max-width: 393px) 100vw, 393px\" \/><\/a><\/p>\n<h5 style=\"text-align: center;\">Haz click en las im\u00e1genes para acceder.<\/h5>\n\n\n\n<table style=\"border-collapse: collapse; width: 100%;\">\n<tbody>\n<tr>\n<td style=\"width: 33.333333333333336%;\"><a href=\"https:\/\/ws168.juntadeandalucia.es\/iaap\/moocinfancia2019\/\"><img decoding=\"async\" class=\"aligncenter wp-image-475 size-full\" src=\"https:\/\/ws168.juntadeandalucia.es\/iaap\/wordpress\/wp-content\/uploads\/2021\/02\/1-1.jpg\" alt=\"Infancia y Adolescencia \" width=\"1280\" height=\"720\" srcset=\"https:\/\/ws168.juntadeandalucia.es\/iaap\/wordpress\/wp-content\/uploads\/2021\/02\/1-1.jpg 1280w, https:\/\/ws168.juntadeandalucia.es\/iaap\/wordpress\/wp-content\/uploads\/2021\/02\/1-1-300x169.jpg 300w, https:\/\/ws168.juntadeandalucia.es\/iaap\/wordpress\/wp-content\/uploads\/2021\/02\/1-1-1024x576.jpg 1024w, https:\/\/ws168.juntadeandalucia.es\/iaap\/wordpress\/wp-content\/uploads\/2021\/02\/1-1-768x432.jpg 768w, https:\/\/ws168.juntadeandalucia.es\/iaap\/wordpress\/wp-content\/uploads\/2021\/02\/1-1-600x338.jpg 600w\" sizes=\"(max-width: 1280px) 100vw, 1280px\" \/><\/a><\/td>\n<td style=\"width: 33.333333333333336%;\"><a href=\"https:\/\/ws168.juntadeandalucia.es\/iaap\/iaapinnova\/\"><img decoding=\"async\" class=\"aligncenter wp-image-476 size-full\" src=\"https:\/\/ws168.juntadeandalucia.es\/iaap\/wordpress\/wp-content\/uploads\/2021\/02\/2-1.jpg\" alt=\"Innovaci\u00f3n en el Sector P\u00fablico\" width=\"1280\" height=\"720\" srcset=\"https:\/\/ws168.juntadeandalucia.es\/iaap\/wordpress\/wp-content\/uploads\/2021\/02\/2-1.jpg 1280w, https:\/\/ws168.juntadeandalucia.es\/iaap\/wordpress\/wp-content\/uploads\/2021\/02\/2-1-300x169.jpg 300w, https:\/\/ws168.juntadeandalucia.es\/iaap\/wordpress\/wp-content\/uploads\/2021\/02\/2-1-1024x576.jpg 1024w, https:\/\/ws168.juntadeandalucia.es\/iaap\/wordpress\/wp-content\/uploads\/2021\/02\/2-1-768x432.jpg 768w, https:\/\/ws168.juntadeandalucia.es\/iaap\/wordpress\/wp-content\/uploads\/2021\/02\/2-1-600x338.jpg 600w\" sizes=\"(max-width: 1280px) 100vw, 1280px\" \/><\/a><\/td>\n<td style=\"width: 33.333333333333336%;\"><a href=\"https:\/\/ws168.juntadeandalucia.es\/iaap\/hackcamp\/\"><img loading=\"lazy\" decoding=\"async\" class=\"aligncenter wp-image-477 size-full\" src=\"https:\/\/ws168.juntadeandalucia.es\/iaap\/wordpress\/wp-content\/uploads\/2021\/02\/3-1.jpg\" alt=\"Jornadas #HackCamp\" width=\"1280\" height=\"720\" srcset=\"https:\/\/ws168.juntadeandalucia.es\/iaap\/wordpress\/wp-content\/uploads\/2021\/02\/3-1.jpg 1280w, https:\/\/ws168.juntadeandalucia.es\/iaap\/wordpress\/wp-content\/uploads\/2021\/02\/3-1-300x169.jpg 300w, https:\/\/ws168.juntadeandalucia.es\/iaap\/wordpress\/wp-content\/uploads\/2021\/02\/3-1-1024x576.jpg 1024w, https:\/\/ws168.juntadeandalucia.es\/iaap\/wordpress\/wp-content\/uploads\/2021\/02\/3-1-768x432.jpg 768w, https:\/\/ws168.juntadeandalucia.es\/iaap\/wordpress\/wp-content\/uploads\/2021\/02\/3-1-600x338.jpg 600w\" sizes=\"(max-width: 1280px) 100vw, 1280px\" \/><\/a><\/td>\n<\/tr>\n<tr>\n<td style=\"width: 33.333333333333336%;\"><a href=\"https:\/\/ws168.juntadeandalucia.es\/iaap\/aldia\/\"><img loading=\"lazy\" decoding=\"async\" class=\"aligncenter wp-image-478 size-full\" src=\"https:\/\/ws168.juntadeandalucia.es\/iaap\/wordpress\/wp-content\/uploads\/2021\/02\/4-1.jpg\" alt=\"IAAP al d\u00eda\" width=\"1280\" height=\"720\" srcset=\"https:\/\/ws168.juntadeandalucia.es\/iaap\/wordpress\/wp-content\/uploads\/2021\/02\/4-1.jpg 1280w, https:\/\/ws168.juntadeandalucia.es\/iaap\/wordpress\/wp-content\/uploads\/2021\/02\/4-1-300x169.jpg 300w, https:\/\/ws168.juntadeandalucia.es\/iaap\/wordpress\/wp-content\/uploads\/2021\/02\/4-1-1024x576.jpg 1024w, https:\/\/ws168.juntadeandalucia.es\/iaap\/wordpress\/wp-content\/uploads\/2021\/02\/4-1-768x432.jpg 768w, https:\/\/ws168.juntadeandalucia.es\/iaap\/wordpress\/wp-content\/uploads\/2021\/02\/4-1-600x338.jpg 600w\" sizes=\"(max-width: 1280px) 100vw, 1280px\" \/><\/a><\/td>\n<td style=\"width: 33.333333333333336%;\"><a href=\"https:\/\/ws168.juntadeandalucia.es\/iaap\/revista\/\"><img loading=\"lazy\" decoding=\"async\" class=\"aligncenter wp-image-479 size-full\" src=\"https:\/\/ws168.juntadeandalucia.es\/iaap\/wordpress\/wp-content\/uploads\/2021\/02\/5-1.jpg\" alt=\"Revista Enred@2.0\" width=\"1280\" height=\"720\" srcset=\"https:\/\/ws168.juntadeandalucia.es\/iaap\/wordpress\/wp-content\/uploads\/2021\/02\/5-1.jpg 1280w, https:\/\/ws168.juntadeandalucia.es\/iaap\/wordpress\/wp-content\/uploads\/2021\/02\/5-1-300x169.jpg 300w, https:\/\/ws168.juntadeandalucia.es\/iaap\/wordpress\/wp-content\/uploads\/2021\/02\/5-1-1024x576.jpg 1024w, https:\/\/ws168.juntadeandalucia.es\/iaap\/wordpress\/wp-content\/uploads\/2021\/02\/5-1-768x432.jpg 768w, https:\/\/ws168.juntadeandalucia.es\/iaap\/wordpress\/wp-content\/uploads\/2021\/02\/5-1-600x338.jpg 600w\" sizes=\"(max-width: 1280px) 100vw, 1280px\" \/><\/a><\/td>\n<td style=\"width: 33.333333333333336%;\"><a href=\"https:\/\/ws168.juntadeandalucia.es\/iaap\/guiainnovacion\/\"><img loading=\"lazy\" decoding=\"async\" class=\"aligncenter wp-image-480 size-full\" src=\"https:\/\/ws168.juntadeandalucia.es\/iaap\/wordpress\/wp-content\/uploads\/2021\/02\/6-1.png\" alt=\"Innogu\u00eda\" width=\"1280\" height=\"720\" srcset=\"https:\/\/ws168.juntadeandalucia.es\/iaap\/wordpress\/wp-content\/uploads\/2021\/02\/6-1.png 1280w, https:\/\/ws168.juntadeandalucia.es\/iaap\/wordpress\/wp-content\/uploads\/2021\/02\/6-1-300x169.png 300w, https:\/\/ws168.juntadeandalucia.es\/iaap\/wordpress\/wp-content\/uploads\/2021\/02\/6-1-1024x576.png 1024w, https:\/\/ws168.juntadeandalucia.es\/iaap\/wordpress\/wp-content\/uploads\/2021\/02\/6-1-768x432.png 768w, https:\/\/ws168.juntadeandalucia.es\/iaap\/wordpress\/wp-content\/uploads\/2021\/02\/6-1-600x338.png 600w\" sizes=\"(max-width: 1280px) 100vw, 1280px\" \/><\/a><\/td>\n<\/tr>\n<tr>\n<td style=\"width: 33.333333333333336%;\"><a href=\"https:\/\/ws168.juntadeandalucia.es\/iaap\/gestiondelconocimiento\/\"><img loading=\"lazy\" decoding=\"async\" class=\"aligncenter wp-image-481 size-full\" src=\"https:\/\/ws168.juntadeandalucia.es\/iaap\/wordpress\/wp-content\/uploads\/2021\/02\/7-1.png\" alt=\"Gesti\u00f3n del Conocimiento\" width=\"1280\" height=\"720\" srcset=\"https:\/\/ws168.juntadeandalucia.es\/iaap\/wordpress\/wp-content\/uploads\/2021\/02\/7-1.png 1280w, https:\/\/ws168.juntadeandalucia.es\/iaap\/wordpress\/wp-content\/uploads\/2021\/02\/7-1-300x169.png 300w, https:\/\/ws168.juntadeandalucia.es\/iaap\/wordpress\/wp-content\/uploads\/2021\/02\/7-1-1024x576.png 1024w, https:\/\/ws168.juntadeandalucia.es\/iaap\/wordpress\/wp-content\/uploads\/2021\/02\/7-1-768x432.png 768w, https:\/\/ws168.juntadeandalucia.es\/iaap\/wordpress\/wp-content\/uploads\/2021\/02\/7-1-600x338.png 600w\" sizes=\"(max-width: 1280px) 100vw, 1280px\" \/><\/a><\/td>\n<td style=\"width: 33.333333333333336%;\"><a href=\"https:\/\/ws168.juntadeandalucia.es\/iaap\/innovacionparticipativa\/\"><img loading=\"lazy\" decoding=\"async\" class=\"aligncenter wp-image-482 size-full\" src=\"https:\/\/ws168.juntadeandalucia.es\/iaap\/wordpress\/wp-content\/uploads\/2021\/02\/8-1.jpg\" alt=\"Innovaci\u00f3n Participativa \" width=\"1280\" height=\"720\" srcset=\"https:\/\/ws168.juntadeandalucia.es\/iaap\/wordpress\/wp-content\/uploads\/2021\/02\/8-1.jpg 1280w, https:\/\/ws168.juntadeandalucia.es\/iaap\/wordpress\/wp-content\/uploads\/2021\/02\/8-1-300x169.jpg 300w, https:\/\/ws168.juntadeandalucia.es\/iaap\/wordpress\/wp-content\/uploads\/2021\/02\/8-1-1024x576.jpg 1024w, https:\/\/ws168.juntadeandalucia.es\/iaap\/wordpress\/wp-content\/uploads\/2021\/02\/8-1-768x432.jpg 768w, https:\/\/ws168.juntadeandalucia.es\/iaap\/wordpress\/wp-content\/uploads\/2021\/02\/8-1-600x338.jpg 600w\" sizes=\"(max-width: 1280px) 100vw, 1280px\" \/><\/a><\/td>\n<td style=\"width: 33.333333333333336%;\"><a href=\"https:\/\/ws168.juntadeandalucia.es\/iaap\/moocepp\/\"><img loading=\"lazy\" decoding=\"async\" class=\"aligncenter wp-image-483 size-full\" src=\"https:\/\/ws168.juntadeandalucia.es\/iaap\/wordpress\/wp-content\/uploads\/2021\/02\/9-1.jpg\" alt=\"Blogg EPP\" width=\"1280\" height=\"720\" srcset=\"https:\/\/ws168.juntadeandalucia.es\/iaap\/wordpress\/wp-content\/uploads\/2021\/02\/9-1.jpg 1280w, https:\/\/ws168.juntadeandalucia.es\/iaap\/wordpress\/wp-content\/uploads\/2021\/02\/9-1-300x169.jpg 300w, https:\/\/ws168.juntadeandalucia.es\/iaap\/wordpress\/wp-content\/uploads\/2021\/02\/9-1-1024x576.jpg 1024w, https:\/\/ws168.juntadeandalucia.es\/iaap\/wordpress\/wp-content\/uploads\/2021\/02\/9-1-768x432.jpg 768w, https:\/\/ws168.juntadeandalucia.es\/iaap\/wordpress\/wp-content\/uploads\/2021\/02\/9-1-600x338.jpg 600w\" sizes=\"(max-width: 1280px) 100vw, 1280px\" \/><\/a><\/td>\n<\/tr>\n<\/tbody>\n<\/table>\n<table style=\"border-collapse: collapse; width: 100%;\">\n<tbody>\n<tr>\n<td style=\"width: 33.333333333333336%;\"><a href=\"https:\/\/ws168.juntadeandalucia.es\/iaap\/moocplanificacion\/\"><img loading=\"lazy\" decoding=\"async\" class=\"aligncenter wp-image-484 size-full\" src=\"https:\/\/ws168.juntadeandalucia.es\/iaap\/wordpress\/wp-content\/uploads\/2021\/02\/10-1.png\" alt=\"Planificaci\u00f3n y Gesti\u00f3n\" width=\"1280\" height=\"720\" srcset=\"https:\/\/ws168.juntadeandalucia.es\/iaap\/wordpress\/wp-content\/uploads\/2021\/02\/10-1.png 1280w, https:\/\/ws168.juntadeandalucia.es\/iaap\/wordpress\/wp-content\/uploads\/2021\/02\/10-1-300x169.png 300w, https:\/\/ws168.juntadeandalucia.es\/iaap\/wordpress\/wp-content\/uploads\/2021\/02\/10-1-1024x576.png 1024w, https:\/\/ws168.juntadeandalucia.es\/iaap\/wordpress\/wp-content\/uploads\/2021\/02\/10-1-768x432.png 768w, https:\/\/ws168.juntadeandalucia.es\/iaap\/wordpress\/wp-content\/uploads\/2021\/02\/10-1-600x338.png 600w\" sizes=\"(max-width: 1280px) 100vw, 1280px\" \/><\/a><\/td>\n<td style=\"width: 33.333333333333336%;\"><a href=\"https:\/\/ws168.juntadeandalucia.es\/iaap\/direccionpublica2019\/\"><img loading=\"lazy\" decoding=\"async\" class=\"aligncenter wp-image-485 size-full\" src=\"https:\/\/ws168.juntadeandalucia.es\/iaap\/wordpress\/wp-content\/uploads\/2021\/02\/11-1.jpg\" alt=\"Direcci\u00f3n P\u00fablica\" width=\"1280\" height=\"720\" srcset=\"https:\/\/ws168.juntadeandalucia.es\/iaap\/wordpress\/wp-content\/uploads\/2021\/02\/11-1.jpg 1280w, https:\/\/ws168.juntadeandalucia.es\/iaap\/wordpress\/wp-content\/uploads\/2021\/02\/11-1-300x169.jpg 300w, https:\/\/ws168.juntadeandalucia.es\/iaap\/wordpress\/wp-content\/uploads\/2021\/02\/11-1-1024x576.jpg 1024w, https:\/\/ws168.juntadeandalucia.es\/iaap\/wordpress\/wp-content\/uploads\/2021\/02\/11-1-768x432.jpg 768w, https:\/\/ws168.juntadeandalucia.es\/iaap\/wordpress\/wp-content\/uploads\/2021\/02\/11-1-600x338.jpg 600w\" sizes=\"(max-width: 1280px) 100vw, 1280px\" \/><\/a><\/td>\n<td style=\"width: 33.333333333333336%;\"><a href=\"https:\/\/ws168.juntadeandalucia.es\/iaap\/congresorrhh2021\/\"><img loading=\"lazy\" decoding=\"async\" class=\"aligncenter wp-image-595 size-full\" src=\"https:\/\/ws168.juntadeandalucia.es\/iaap\/wordpress\/wp-content\/uploads\/2021\/09\/IIICongresoIAAP_imagen_DEF.jpg\" alt=\"\" width=\"1920\" height=\"1080\" srcset=\"https:\/\/ws168.juntadeandalucia.es\/iaap\/wordpress\/wp-content\/uploads\/2021\/09\/IIICongresoIAAP_imagen_DEF.jpg 1920w, https:\/\/ws168.juntadeandalucia.es\/iaap\/wordpress\/wp-content\/uploads\/2021\/09\/IIICongresoIAAP_imagen_DEF-300x169.jpg 300w, https:\/\/ws168.juntadeandalucia.es\/iaap\/wordpress\/wp-content\/uploads\/2021\/09\/IIICongresoIAAP_imagen_DEF-1024x576.jpg 1024w, https:\/\/ws168.juntadeandalucia.es\/iaap\/wordpress\/wp-content\/uploads\/2021\/09\/IIICongresoIAAP_imagen_DEF-768x432.jpg 768w, https:\/\/ws168.juntadeandalucia.es\/iaap\/wordpress\/wp-content\/uploads\/2021\/09\/IIICongresoIAAP_imagen_DEF-600x338.jpg 600w, https:\/\/ws168.juntadeandalucia.es\/iaap\/wordpress\/wp-content\/uploads\/2021\/09\/IIICongresoIAAP_imagen_DEF-1536x864.jpg 1536w\" sizes=\"(max-width: 1920px) 100vw, 1920px\" \/><\/a><\/td>\n<\/tr>\n<tr>\n<td style=\"width: 33.333333333333336%;\"><a href=\"https:\/\/ws168.juntadeandalucia.es\/iaap\/empiezaeldiaconiaap\/\"><img loading=\"lazy\" decoding=\"async\" class=\"aligncenter wp-image-487 size-full\" src=\"https:\/\/ws168.juntadeandalucia.es\/iaap\/wordpress\/wp-content\/uploads\/2021\/02\/13-1.jpg\" alt=\"Empieza el d\u00eda\" width=\"1280\" height=\"720\" srcset=\"https:\/\/ws168.juntadeandalucia.es\/iaap\/wordpress\/wp-content\/uploads\/2021\/02\/13-1.jpg 1280w, https:\/\/ws168.juntadeandalucia.es\/iaap\/wordpress\/wp-content\/uploads\/2021\/02\/13-1-300x169.jpg 300w, https:\/\/ws168.juntadeandalucia.es\/iaap\/wordpress\/wp-content\/uploads\/2021\/02\/13-1-1024x576.jpg 1024w, https:\/\/ws168.juntadeandalucia.es\/iaap\/wordpress\/wp-content\/uploads\/2021\/02\/13-1-768x432.jpg 768w, https:\/\/ws168.juntadeandalucia.es\/iaap\/wordpress\/wp-content\/uploads\/2021\/02\/13-1-600x338.jpg 600w\" sizes=\"(max-width: 1280px) 100vw, 1280px\" \/><\/a><\/td>\n<td style=\"width: 33.333333333333336%;\"><a href=\"https:\/\/ws168.juntadeandalucia.es\/iaap\/empiezalasemanaconiaap\/\"><img loading=\"lazy\" decoding=\"async\" class=\"aligncenter wp-image-488 size-full\" src=\"https:\/\/ws168.juntadeandalucia.es\/iaap\/wordpress\/wp-content\/uploads\/2021\/02\/14-1.jpg\" alt=\"Empieza la Semana\" width=\"1280\" height=\"720\" srcset=\"https:\/\/ws168.juntadeandalucia.es\/iaap\/wordpress\/wp-content\/uploads\/2021\/02\/14-1.jpg 1280w, https:\/\/ws168.juntadeandalucia.es\/iaap\/wordpress\/wp-content\/uploads\/2021\/02\/14-1-300x169.jpg 300w, https:\/\/ws168.juntadeandalucia.es\/iaap\/wordpress\/wp-content\/uploads\/2021\/02\/14-1-1024x576.jpg 1024w, https:\/\/ws168.juntadeandalucia.es\/iaap\/wordpress\/wp-content\/uploads\/2021\/02\/14-1-768x432.jpg 768w, https:\/\/ws168.juntadeandalucia.es\/iaap\/wordpress\/wp-content\/uploads\/2021\/02\/14-1-600x338.jpg 600w\" sizes=\"(max-width: 1280px) 100vw, 1280px\" \/><\/a><\/td>\n<td style=\"width: 33.333333333333336%;\">\n<p><a href=\"https:\/\/ws168.juntadeandalucia.es\/iaap\/blogcolaboracionexpandida\/\"><img loading=\"lazy\" decoding=\"async\" class=\"aligncenter wp-image-545 size-full\" src=\"https:\/\/ws168.juntadeandalucia.es\/iaap\/wordpress\/wp-content\/uploads\/2021\/02\/17-1.png\" alt=\"Colaboraci\u00f3n Expandida \" width=\"1280\" height=\"720\" srcset=\"https:\/\/ws168.juntadeandalucia.es\/iaap\/wordpress\/wp-content\/uploads\/2021\/02\/17-1.png 1280w, https:\/\/ws168.juntadeandalucia.es\/iaap\/wordpress\/wp-content\/uploads\/2021\/02\/17-1-300x169.png 300w, https:\/\/ws168.juntadeandalucia.es\/iaap\/wordpress\/wp-content\/uploads\/2021\/02\/17-1-1024x576.png 1024w, https:\/\/ws168.juntadeandalucia.es\/iaap\/wordpress\/wp-content\/uploads\/2021\/02\/17-1-768x432.png 768w, https:\/\/ws168.juntadeandalucia.es\/iaap\/wordpress\/wp-content\/uploads\/2021\/02\/17-1-600x338.png 600w\" sizes=\"(max-width: 1280px) 100vw, 1280px\" \/><\/a><\/p>\n<\/td>\n<\/tr>\n<\/tbody>\n<\/table>\n<table style=\"border-collapse: collapse; width: 100%;\">\n<tbody>\n<tr>\n<td style=\"width: 33.333333333333336%;\">\u00a0<\/td>\n<td style=\"width: 33.333333333333336%;\">\u00a0<\/td>\n<td style=\"width: 33.333333333333336%;\">\u00a0<\/td>\n<\/tr>\n<\/tbody>\n<\/table>\n","protected":false},"excerpt":{"rendered":"<p>Haz click en las im\u00e1genes para acceder. \u00a0 \u00a0 \u00a0<\/p>\n","protected":false},"author":1,"featured_media":489,"parent":0,"menu_order":0,"comment_status":"closed","ping_status":"closed","template":"","meta":{"footnotes":""},"class_list":["post-514","page","type-page","status-publish","has-post-thumbnail","hentry"],"_links":{"self":[{"href":"https:\/\/ws168.juntadeandalucia.es\/iaap\/wp-json\/wp\/v2\/pages\/514","targetHints":{"allow":["GET"]}}],"collection":[{"href":"https:\/\/ws168.juntadeandalucia.es\/iaap\/wp-json\/wp\/v2\/pages"}],"about":[{"href":"https:\/\/ws168.juntadeandalucia.es\/iaap\/wp-json\/wp\/v2\/types\/page"}],"author":[{"embeddable":true,"href":"https:\/\/ws168.juntadeandalucia.es\/iaap\/wp-json\/wp\/v2\/users\/1"}],"replies":[{"embeddable":true,"href":"https:\/\/ws168.juntadeandalucia.es\/iaap\/wp-json\/wp\/v2\/comments?post=514"}],"version-history":[{"count":10,"href":"https:\/\/ws168.juntadeandalucia.es\/iaap\/wp-json\/wp\/v2\/pages\/514\/revisions"}],"predecessor-version":[{"id":601,"href":"https:\/\/ws168.juntadeandalucia.es\/iaap\/wp-json\/wp\/v2\/pages\/514\/revisions\/601"}],"wp:featuredmedia":[{"embeddable":true,"href":"https:\/\/ws168.juntadeandalucia.es\/iaap\/wp-json\/wp\/v2\/media\/489"}],"wp:attachment":[{"href":"https:\/\/ws168.juntadeandalucia.es\/iaap\/wp-json\/wp\/v2\/media?parent=514"}],"curies":[{"name":"wp","href":"https:\/\/api.w.org\/{rel}","templated":true}]}}